{"id":5543,"date":"2022-04-29T10:20:38","date_gmt":"2022-04-29T14:20:38","guid":{"rendered":"https:\/\/www.seochc.on.ca\/?page_id=5543"},"modified":"2025-06-30T08:43:32","modified_gmt":"2025-06-30T12:43:32","slug":"who-we-are","status":"publish","type":"page","link":"https:\/\/www.seochc.on.ca\/ar\/about-us\/who-we-are\/","title":{"rendered":"\u0645\u0646 \u0646\u062d\u0646"},"content":{"rendered":"<div data-elementor-type=\"wp-page\" data-elementor-id=\"5543\" class=\"elementor elementor-5543\">\n\t\t\t\t\t\t<section class=\"elementor-section elementor-top-section elementor-element elementor-element-658f2191 elementor-section-boxed elementor-section-height-default elementor-section-height-default\" data-id=\"658f2191\" data-element_type=\"section\" data-e-type=\"section\">\n\t\t\t\t\t\t<div class=\"elementor-container elementor-column-gap-default\">\n\t\t\t\t\t<div class=\"elementor-column elementor-col-100 elementor-top-column elementor-element elementor-element-280b585e\" data-id=\"280b585e\" data-element_type=\"column\" data-e-type=\"column\">\n\t\t\t<div class=\"elementor-widget-wrap\">\n\t\t\t\t\t\t\t<\/div>\n\t\t<\/div>\n\t\t\t\t\t<\/div>\n\t\t<\/section>\n\t\t\t\t<section class=\"elementor-section elementor-top-section elementor-element elementor-element-be12648 elementor-section-boxed elementor-section-height-default elementor-section-height-default\" data-id=\"be12648\" data-element_type=\"section\" data-e-type=\"section\">\n\t\t\t\t\t\t<div class=\"elementor-container elementor-column-gap-default\">\n\t\t\t\t\t<div class=\"elementor-column elementor-col-100 elementor-top-column elementor-element elementor-element-7bd4ffd\" data-id=\"7bd4ffd\" data-element_type=\"column\" data-e-type=\"column\">\n\t\t\t<div class=\"elementor-widget-wrap elementor-element-populated\">\n\t\t\t\t\t\t<div class=\"elementor-element elementor-element-0f0c54b elementor-widget elementor-widget-image\" data-id=\"0f0c54b\" data-element_type=\"widget\" data-e-type=\"widget\" data-widget_type=\"image.default\">\n\t\t\t\t<div class=\"elementor-widget-container\">\n\t\t\t\t\t\t\t\t\t\t\t\t\t\t\t<img fetchpriority=\"high\" decoding=\"async\" width=\"240\" height=\"300\" src=\"https:\/\/www.seochc.on.ca\/wp-content\/uploads\/2023\/10\/YHS-badge-png-240x300.png\" class=\"attachment-medium size-medium wp-image-7960\" alt=\"\" srcset=\"https:\/\/www.seochc.on.ca\/wp-content\/uploads\/2023\/10\/YHS-badge-png-240x300.png 240w, https:\/\/www.seochc.on.ca\/wp-content\/uploads\/2023\/10\/YHS-badge-png-819x1024.png 819w, https:\/\/www.seochc.on.ca\/wp-content\/uploads\/2023\/10\/YHS-badge-png-768x960.png 768w, https:\/\/www.seochc.on.ca\/wp-content\/uploads\/2023\/10\/YHS-badge-png-10x12.png 10w, https:\/\/www.seochc.on.ca\/wp-content\/uploads\/2023\/10\/YHS-badge-png.png 1200w\" sizes=\"(max-width: 240px) 100vw, 240px\" \/>\t\t\t\t\t\t\t\t\t\t\t\t\t\t\t<\/div>\n\t\t\t\t<\/div>\n\t\t\t\t<div class=\"elementor-element elementor-element-6764a9b3 elementor-widget elementor-widget-text-editor\" data-id=\"6764a9b3\" data-element_type=\"widget\" data-e-type=\"widget\" data-widget_type=\"text-editor.default\">\n\t\t\t\t<div class=\"elementor-widget-container\">\n\t\t\t\t\t\t\t\t\t<p><strong>\u0645\u0646\u0637\u0642\u0629 \u062a\u062c\u0645\u064a\u0639 \u0645\u064a\u0627\u0647 \u0627\u0644\u0634\u0631\u0628 \u0648\u0627\u0644\u0635\u0631\u0641 \u0627\u0644\u0635\u062d\u064a \u0641\u064a \u062c\u0646\u0648\u0628 \u0634\u0631\u0642 \u0622\u0633\u064a\u0627 - \u0641\u064a \u0627\u0644\u0635\u0648\u0631\u0629 \u0641\u064a \u0623\u0633\u0641\u0644 \u0627\u0644\u0635\u0641\u062d\u0629<\/strong><\/p><p><strong><br><\/strong><\/p>\n<p><strong>\u0641\u064a\u062f\u064a\u0648: <a href=\"https:\/\/www.youtube.com\/watch?v=CdSr-uLv694\">\u0646\u0645\u0648\u0630\u062c\u0646\u0627 \u0644\u0644\u0635\u062d\u0629 \u0648\u0627\u0644\u0631\u0641\u0627\u0647\u064a\u0629<\/a> \/ <a href=\"https:\/\/www.youtube.com\/watch?v=991WXOmSq_M\">\u0646\u0645\u0648\u0630\u062c\u0646\u0627 \u0644\u0644\u0635\u062d\u0629 \u0648\u0627\u0644\u0631\u0641\u0627\u0647\u064a\u0629<\/a><\/strong><\/p>\n<p>\u0627\u0644\u0645\u0631\u0643\u0632 \u0627\u0644\u0635\u062d\u064a \u0627\u0644\u0645\u062c\u062a\u0645\u0639\u064a \u0644\u062c\u0646\u0648\u0628 \u0634\u0631\u0642 \u0623\u0648\u062a\u0627\u0648\u0627 (SEOCHC) \u0647\u0648 \u0645\u0646\u0638\u0645\u0629 \u063a\u064a\u0631 \u0631\u0628\u062d\u064a\u0629 \u064a\u062f\u064a\u0631\u0647\u0627 \u0627\u0644\u0645\u062c\u062a\u0645\u0639 \u0627\u0644\u0645\u062d\u0644\u064a \u062a\u0642\u062f\u0645 \u062e\u062f\u0645\u0627\u062a \u0631\u0639\u0627\u064a\u0629 \u0635\u062d\u064a\u0629 \u0634\u0627\u0645\u0644\u0629\u060c \u0648\u062a\u0639\u0645\u0644 \u0643\u0645\u0631\u0643\u0632 \u0645\u062c\u062a\u0645\u0639\u064a \u062d\u064a\u0648\u064a. \u062a\u0634\u0645\u0644 \u0627\u0644\u062e\u062f\u0645\u0627\u062a \u0645\u0627 \u064a\u0644\u064a: \u0627\u0644\u0631\u0639\u0627\u064a\u0629 \u0627\u0644\u0623\u0648\u0644\u064a\u0629\u060c \u0648\u062a\u0639\u0632\u064a\u0632 \u0627\u0644\u0635\u062d\u0629\u060c \u0648\u0627\u0644\u062e\u062f\u0645\u0627\u062a \u0627\u0644\u0627\u062c\u062a\u0645\u0627\u0639\u064a\u0629\u060c \u0648\u062a\u0646\u0645\u064a\u0629 \u0627\u0644\u0645\u062c\u062a\u0645\u0639 \u0648\u0627\u0644\u0645\u0648\u0627\u0631\u062f\u060c \u0648\u0627\u0644\u062f\u0639\u0645 \u0627\u0644\u0645\u0646\u0632\u0644\u064a \u0648\u0627\u0644\u0645\u0646\u0627\u0635\u0631\u0629. \u0645\u0639 \u0623\u0643\u062b\u0631 \u0645\u0646 40 \u0639\u0627\u0645\u064b\u0627 \u0645\u0646 \u0627\u0644\u062e\u0628\u0631\u0629 \u0641\u064a \u062e\u062f\u0645\u0629 \u0645\u062c\u062a\u0645\u0639\u0646\u0627\u060c \u0646\u0642\u0648\u062f \u0627\u0644\u062a\u063a\u064a\u064a\u0631 \u0627\u0644\u062a\u062d\u0648\u064a\u0644\u064a\u060c \u0648\u0646\u0639\u0637\u064a \u0627\u0644\u0623\u0648\u0644\u0648\u064a\u0629 \u0644\u0644\u0648\u0635\u0648\u0644 \u0627\u0644\u0639\u0627\u062f\u0644 \u0648\u0627\u0644\u062d\u0644\u0648\u0644 \u0627\u0644\u0645\u062c\u062a\u0645\u0639\u064a\u0629. \u0646\u0631\u0643\u0632 \u0639\u0644\u0649 \u062f\u0639\u0645 \u0623\u0648\u0644\u0626\u0643 \u0627\u0644\u0630\u064a\u0646 \u064a\u0648\u0627\u062c\u0647\u0648\u0646 \u0639\u0648\u0627\u0626\u0642 \u062a\u062a\u0639\u0644\u0642 \u0628\u0627\u0644\u0645\u062d\u062f\u062f\u0627\u062a \u0627\u0644\u0627\u062c\u062a\u0645\u0627\u0639\u064a\u0629 \u0644\u0644\u0635\u062d\u0629\u060c \u0648\/\u0623\u0648 \u0623\u0648\u0644\u0626\u0643 \u0627\u0644\u0630\u064a\u0646 \u064a\u0648\u0627\u062c\u0647\u0648\u0646 \u0639\u0648\u0627\u0626\u0642 \u0641\u064a \u0627\u0644\u0648\u0635\u0648\u0644 \u0625\u0644\u0649 \u0627\u0644\u062e\u062f\u0645\u0627\u062a \u0627\u0644\u0635\u062d\u064a\u0629 \u0648\u0627\u0644\u0627\u062c\u062a\u0645\u0627\u0639\u064a\u0629. \u0642\u062f \u062a\u0643\u0648\u0646 \u0627\u0644\u0639\u0648\u0627\u0626\u0642 \u0645\u0631\u062a\u0628\u0637\u0629 \u0628: \u0627\u0644\u062f\u062e\u0644 \u0648\u0627\u0644\u0639\u0631\u0642 \u0648\u0627\u0644\u0625\u0639\u0627\u0642\u0629 \u0648\u0627\u0644\u0644\u063a\u0629 \u0648\u0631\u0623\u0633 \u0627\u0644\u0645\u0627\u0644 \u0627\u0644\u0627\u062c\u062a\u0645\u0627\u0639\u064a \u0648\u0627\u0644\u0639\u0631\u0642 \u0648\u0627\u0644\u062c\u0646\u0633 \u0648\u0627\u0644\u062c\u0646\u0633.<\/p>\n<p>\u062c\u0646\u0648\u0628 \u0634\u0631\u0642 \u0623\u0648\u062a\u0627\u0648\u0627 \u0639\u0636\u0648 \u0641\u064a \u062a\u062d\u0627\u0644\u0641 \u0627\u0644\u0645\u0642\u0627\u0637\u0639\u0629 \u0645\u0646 \u0623\u062c\u0644 \u0645\u062c\u062a\u0645\u0639\u0627\u062a \u0623\u0643\u062b\u0631 \u0635\u062d\u0629. \u0648\u062a\u0634\u0643\u0644 \u0645\u0646\u0638\u0645\u0627\u062a \u0627\u0644\u0631\u0639\u0627\u064a\u0629 \u0627\u0644\u0635\u062d\u064a\u0629 \u0627\u0644\u0623\u0648\u0644\u064a\u0629 \u0627\u0644\u062a\u064a \u064a\u062f\u064a\u0631\u0647\u0627 \u0627\u0644\u0645\u062c\u062a\u0645\u0639 \u0627\u0644\u0645\u062d\u0644\u064a \u0648\u0627\u0644\u0645\u0634\u062a\u0631\u0643\u0629 \u0628\u064a\u0646 \u0627\u0644\u0645\u0647\u0646\u064a\u064a\u0646 \u0627\u0644\u0639\u0627\u0645\u0644\u064a\u0646 \u0641\u064a \u0623\u0648\u0646\u062a\u0627\u0631\u064a\u0648 \u0639\u0636\u0648\u064a\u0629 \u0647\u0630\u0627 \u0627\u0644\u062a\u062d\u0627\u0644\u0641\u060c \u0648\u062a\u0634\u062a\u0631\u0643 \u0641\u064a \u0647\u062f\u0641 \u0627\u0644\u0639\u0645\u0644 \u0639\u0644\u0649 \u062a\u062d\u0642\u064a\u0642 \u0623\u0641\u0636\u0644 \u0635\u062d\u0629 \u0648\u0631\u0641\u0627\u0647\u064a\u0629 \u0645\u0645\u0643\u0646\u0629 \u0644\u0644\u0646\u0627\u0633 \u0641\u064a \u0623\u0648\u0646\u062a\u0627\u0631\u064a\u0648. <a href=\"https:\/\/www.allianceon.org\">\u0627\u0639\u0631\u0641 \u0627\u0644\u0645\u0632\u064a\u062f: <strong>www.allianceon.org<\/strong><\/a><\/p>\t\t\t\t\t\t\t\t<\/div>\n\t\t\t\t<\/div>\n\t\t\t\t<div class=\"elementor-element elementor-element-fe478b6 elementor-widget elementor-widget-ova_button\" data-id=\"fe478b6\" data-element_type=\"widget\" data-e-type=\"widget\" data-widget_type=\"ova_button.default\">\n\t\t\t\t<div class=\"elementor-widget-container\">\n\t\t\t\t\t\t\t<div class=\"ova-btn\">\n\t\t\t\t\t<a href=\"https:\/\/give-can.keela.co\/seochc-general-fund-donation-form\" class=\"btn\">\n\t\t\t\t\t\t\t\t\t\t\t<i class=\"fas fa-heart\" ><\/i>\n\t\t\t\t\n\t\t\t\t\u062a\u0628\u0631\u0639 \u0627\u0644\u0622\u0646\n\t\t\t\t\t\t\t<\/a>\n\t\t<\/div>\n\t\t\t\t\t\t<\/div>\n\t\t\t\t<\/div>\n\t\t\t\t<div class=\"elementor-element elementor-element-8528e25 elementor-widget elementor-widget-image\" data-id=\"8528e25\" data-element_type=\"widget\" data-e-type=\"widget\" data-widget_type=\"image.default\">\n\t\t\t\t<div class=\"elementor-widget-container\">\n\t\t\t\t\t\t\t\t\t\t\t\t\t\t\t<img decoding=\"async\" width=\"703\" height=\"600\" src=\"https:\/\/www.seochc.on.ca\/wp-content\/uploads\/2021\/02\/SEO-catchment.jpg\" class=\"attachment-large size-large wp-image-8317\" alt=\"\" srcset=\"https:\/\/www.seochc.on.ca\/wp-content\/uploads\/2021\/02\/SEO-catchment.jpg 703w, https:\/\/www.seochc.on.ca\/wp-content\/uploads\/2021\/02\/SEO-catchment-300x256.jpg 300w, https:\/\/www.seochc.on.ca\/wp-content\/uploads\/2021\/02\/SEO-catchment-14x12.jpg 14w\" sizes=\"(max-width: 703px) 100vw, 703px\" \/>\t\t\t\t\t\t\t\t\t\t\t\t\t\t\t<\/div>\n\t\t\t\t<\/div>\n\t\t\t\t\t<\/div>\n\t\t<\/div>\n\t\t\t\t\t<\/div>\n\t\t<\/section>\n\t\t\t\t<section class=\"elementor-section elementor-top-section elementor-element elementor-element-c8b94bb elementor-section-boxed elementor-section-height-default elementor-section-height-default\" data-id=\"c8b94bb\" data-element_type=\"section\" data-e-type=\"section\">\n\t\t\t\t\t\t<div class=\"elementor-container elementor-column-gap-default\">\n\t\t\t\t\t<div class=\"elementor-column elementor-col-100 elementor-top-column elementor-element elementor-element-afeb46a\" data-id=\"afeb46a\" data-element_type=\"column\" data-e-type=\"column\">\n\t\t\t<div class=\"elementor-widget-wrap\">\n\t\t\t\t\t\t\t<\/div>\n\t\t<\/div>\n\t\t\t\t\t<\/div>\n\t\t<\/section>\n\t\t\t\t<\/div>","protected":false},"excerpt":{"rendered":"<p>SEOCHC Catchment Area &#8211; Pictured At the Bottom of the Page VIDEO: Our Model of Health and Wellbeing \/ Notre mod\u00e8le de sant\u00e9 et de bien-\u00eatre South-East Ottawa Community Health Centre (SEOCHC) is a non-profit, community-governed organization that provides comprehensive healthcare services, and acts as a vital community hub. Services include: primary care, health promotion, [&hellip;]<\/p>\n","protected":false},"author":1,"featured_media":5546,"parent":4607,"menu_order":0,"comment_status":"closed","ping_status":"closed","template":"","meta":{"_monsterinsights_skip_tracking":false,"_monsterinsights_sitenote_active":false,"_monsterinsights_sitenote_note":"","_monsterinsights_sitenote_category":0,"footnotes":"","_links_to":"","_links_to_target":""},"class_list":["post-5543","page","type-page","status-publish","has-post-thumbnail","hentry"],"aioseo_notices":[],"publishpress_future_workflow_manual_trigger":{"enabledWorkflows":[]},"rttpg_featured_image_url":{"full":["https:\/\/www.seochc.on.ca\/wp-content\/uploads\/2022\/04\/who-we-are_featured-image.jpg",1200,630,false],"landscape":["https:\/\/www.seochc.on.ca\/wp-content\/uploads\/2022\/04\/who-we-are_featured-image.jpg",1200,630,false],"portraits":["https:\/\/www.seochc.on.ca\/wp-content\/uploads\/2022\/04\/who-we-are_featured-image.jpg",1200,630,false],"thumbnail":["https:\/\/www.seochc.on.ca\/wp-content\/uploads\/2022\/04\/who-we-are_featured-image-150x150.jpg",150,150,true],"medium":["https:\/\/www.seochc.on.ca\/wp-content\/uploads\/2022\/04\/who-we-are_featured-image-300x158.jpg",300,158,true],"large":["https:\/\/www.seochc.on.ca\/wp-content\/uploads\/2022\/04\/who-we-are_featured-image-1024x538.jpg",1024,538,true],"1536x1536":["https:\/\/www.seochc.on.ca\/wp-content\/uploads\/2022\/04\/who-we-are_featured-image.jpg",1200,630,false],"2048x2048":["https:\/\/www.seochc.on.ca\/wp-content\/uploads\/2022\/04\/who-we-are_featured-image.jpg",1200,630,false],"trp-custom-language-flag":["https:\/\/www.seochc.on.ca\/wp-content\/uploads\/2022\/04\/who-we-are_featured-image.jpg",18,9,false],"rt_custom":["https:\/\/www.seochc.on.ca\/wp-content\/uploads\/2022\/04\/who-we-are_featured-image.jpg",1200,630,false]},"rttpg_author":{"display_name":"mastercontroller","author_link":"https:\/\/www.seochc.on.ca\/ar\/author\/mastercontroller\/"},"rttpg_comment":0,"rttpg_category":null,"rttpg_excerpt":"SEOCHC Catchment Area &#8211; Pictured At the Bottom of the Page VIDEO: Our Model of Health and Wellbeing \/ Notre mod\u00e8le de sant\u00e9 et de bien-\u00eatre South-East Ottawa Community Health Centre (SEOCHC) is a non-profit, community-governed organization that provides comprehensive healthcare services, and acts as a vital community hub. Services include: primary care, health promotion,&hellip;","_links":{"self":[{"href":"https:\/\/www.seochc.on.ca\/ar\/wp-json\/wp\/v2\/pages\/5543","targetHints":{"allow":["GET"]}}],"collection":[{"href":"https:\/\/www.seochc.on.ca\/ar\/wp-json\/wp\/v2\/pages"}],"about":[{"href":"https:\/\/www.seochc.on.ca\/ar\/wp-json\/wp\/v2\/types\/page"}],"author":[{"embeddable":true,"href":"https:\/\/www.seochc.on.ca\/ar\/wp-json\/wp\/v2\/users\/1"}],"replies":[{"embeddable":true,"href":"https:\/\/www.seochc.on.ca\/ar\/wp-json\/wp\/v2\/comments?post=5543"}],"version-history":[{"count":38,"href":"https:\/\/www.seochc.on.ca\/ar\/wp-json\/wp\/v2\/pages\/5543\/revisions"}],"predecessor-version":[{"id":9206,"href":"https:\/\/www.seochc.on.ca\/ar\/wp-json\/wp\/v2\/pages\/5543\/revisions\/9206"}],"up":[{"embeddable":true,"href":"https:\/\/www.seochc.on.ca\/ar\/wp-json\/wp\/v2\/pages\/4607"}],"wp:featuredmedia":[{"embeddable":true,"href":"https:\/\/www.seochc.on.ca\/ar\/wp-json\/wp\/v2\/media\/5546"}],"wp:attachment":[{"href":"https:\/\/www.seochc.on.ca\/ar\/wp-json\/wp\/v2\/media?parent=5543"}],"curies":[{"name":"\u062f\u0628\u0644\u064a\u0648 \u0628\u064a","href":"https:\/\/api.w.org\/{rel}","templated":true}]}}