{"id":4510,"date":"2022-02-11T18:36:02","date_gmt":"2022-02-11T18:36:02","guid":{"rendered":"https:\/\/www.seochc.on.ca\/?page_id=4510"},"modified":"2025-09-16T17:54:05","modified_gmt":"2025-09-16T21:54:05","slug":"about-early-years-and-earlyon-services","status":"publish","type":"page","link":"https:\/\/www.seochc.on.ca\/es\/programs-and-services\/children-and-family\/about-early-years-and-earlyon-services\/","title":{"rendered":"Acerca de los servicios para la primera infancia y EarlyON"},"content":{"rendered":"<div data-elementor-type=\"wp-page\" data-elementor-id=\"4510\" class=\"elementor elementor-4510\">\n\t\t\t\t\t\t<section class=\"elementor-section elementor-top-section elementor-element elementor-element-5eff96c4 elementor-section-boxed elementor-section-height-default elementor-section-height-default\" data-id=\"5eff96c4\" data-element_type=\"section\" data-e-type=\"section\">\n\t\t\t\t\t\t<div class=\"elementor-container elementor-column-gap-default\">\n\t\t\t\t\t<div class=\"elementor-column elementor-col-100 elementor-top-column elementor-element elementor-element-1610bd53\" data-id=\"1610bd53\" data-element_type=\"column\" data-e-type=\"column\">\n\t\t\t<div class=\"elementor-widget-wrap elementor-element-populated\">\n\t\t\t\t\t\t<div class=\"elementor-element elementor-element-30fc78a4 elementor-widget elementor-widget-text-editor\" data-id=\"30fc78a4\" data-element_type=\"widget\" data-e-type=\"widget\" data-widget_type=\"text-editor.default\">\n\t\t\t\t<div class=\"elementor-widget-container\">\n\t\t\t\t\t\t\t\t\t<p><img fetchpriority=\"high\" decoding=\"async\" width=\"300\" height=\"200\" class=\"wp-image-5492\" src=\"https:\/\/www.seochc.on.ca\/wp-content\/uploads\/2022\/04\/early-years_inset-image-1-300x200.jpg\" alt=\"Early years education facilitator with three young pupils.\" srcset=\"https:\/\/www.seochc.on.ca\/wp-content\/uploads\/2022\/04\/early-years_inset-image-1-300x200.jpg 300w, https:\/\/www.seochc.on.ca\/wp-content\/uploads\/2022\/04\/early-years_inset-image-1-768x512.jpg 768w, https:\/\/www.seochc.on.ca\/wp-content\/uploads\/2022\/04\/early-years_inset-image-1.jpg 800w\" sizes=\"(max-width: 300px) 100vw, 300px\" \/><\/p>\n<p><!-- \/wp:image --><!-- wp:paragraph --><\/p>\n<p>Nuestros servicios Early Years y Early ON est\u00e1n disponibles para personas embarazadas y familias con ni\u00f1os de hasta 6 a\u00f1os de edad en la zona de influencia del sureste de Ottawa. Llame al 613-737-5115, extensi\u00f3n 2003.<\/p>\n<p><!-- \/wp:paragraph --><!-- wp:paragraph --><\/p>\n<p><!-- \/wp:paragraph --><!-- wp:heading {\"style\":{\"color\":{\"background\":\"#10a1ea\"}},\"textColor\":\"white\",\"fontSize\":\"medium\"} --><\/p>\n<h2 class=\"wp-block-heading has-white-color has-text-color has-background has-medium-font-size\" style=\"background-color: #10a1ea;\">Educadores de primera infancia registrados, extensi\u00f3n 3112.<\/h2>\n<p><!-- \/wp:heading --><!-- wp:spacer {\"height\":\"20px\"} --><\/p>\n<ul>\n<li style=\"list-style-type: none;\">\n<ul>\n<li class=\"wp-block-spacer\" style=\"height: 20px;\" aria-hidden=\"true\">\u00a0<span style=\"text-align: -webkit-match-parent; letter-spacing: 0px;\">Proporcionar informaci\u00f3n sobre el desarrollo de la primera infancia.<\/span><\/li>\n<\/ul>\n<\/li>\n<\/ul>\n<p><!-- \/wp:list-item --><!-- wp:list-item --><\/p>\n<ul class=\"wp-block-list\">\n<li style=\"list-style-type: none;\">\n<ul class=\"wp-block-list\">\n<li>Proporcionar informaci\u00f3n y recursos sobre la crianza de los hijos.<\/li>\n<\/ul>\n<\/li>\n<\/ul>\n<p><!-- \/wp:list-item --><!-- wp:list-item --><\/p>\n<ul class=\"wp-block-list\">\n<li style=\"list-style-type: none;\">\n<ul class=\"wp-block-list\">\n<li>Proporcionar informaci\u00f3n sobre servicios y programas que apoyan las necesidades familiares.<\/li>\n<\/ul>\n<\/li>\n<\/ul>\n<p><!-- \/wp:list-item --><!-- wp:list-item --><\/p>\n<ul class=\"wp-block-list\">\n<li style=\"list-style-type: none;\">\n<ul class=\"wp-block-list\">\n<li>Brindar apoyo personalizado.<\/li>\n<\/ul>\n<\/li>\n<\/ul>\n<p><!-- \/wp:list-item --><\/p>\n<p><!-- \/wp:list --><!-- wp:columns --><\/p>\n<div class=\"wp-block-columns\">\n<p><!-- wp:column {\"width\":\"25%\"} --><\/p>\n<div class=\"wp-block-column\" style=\"flex-basis: 75%;\">\n<p><strong>Programas:<\/strong><br \/>Programaci\u00f3n grupal presencial. Consulte los calendarios.<br \/>Programaci\u00f3n virtual: boletines informativos, ideas para actividades, recursos, videos del c\u00edrculo y m\u00e1s.<br \/>Evaluaci\u00f3n del desarrollo infantil<\/p>\n<p><!-- \/wp:paragraph --><\/p>\n<\/div>\n<p><!-- \/wp:column --><\/p>\n<\/div>\n<p><!-- \/wp:columns --><!-- wp:heading {\"style\":{\"color\":{\"background\":\"#10a1ea\"}},\"textColor\":\"white\",\"fontSize\":\"medium\"} --><\/p>\n<h2 class=\"wp-block-heading has-white-color has-text-color has-background has-medium-font-size\" style=\"background-color: #10a1ea;\">Trabajador de recursos familiares, extensi\u00f3n 3133<\/h2>\n<p><!-- \/wp:heading --><!-- wp:image {\"id\":5493,\"sizeSlug\":\"medium\",\"linkDestination\":\"none\",\"align\":\"right\"} --><\/p>\n<figure class=\"wp-block-image alignright size-medium\"><img decoding=\"async\" width=\"200\" height=\"300\" class=\"wp-image-5493\" src=\"https:\/\/www.seochc.on.ca\/wp-content\/uploads\/2022\/04\/early-years_inset-image-2-200x300.jpg\" alt=\"Man in white shirt with baby riding on shoulders.\" srcset=\"https:\/\/www.seochc.on.ca\/wp-content\/uploads\/2022\/04\/early-years_inset-image-2-200x300.jpg 200w, https:\/\/www.seochc.on.ca\/wp-content\/uploads\/2022\/04\/early-years_inset-image-2-683x1024.jpg 683w, https:\/\/www.seochc.on.ca\/wp-content\/uploads\/2022\/04\/early-years_inset-image-2-768x1152.jpg 768w, https:\/\/www.seochc.on.ca\/wp-content\/uploads\/2022\/04\/early-years_inset-image-2.jpg 800w\" sizes=\"(max-width: 200px) 100vw, 200px\" \/><\/figure>\n<p><!-- \/wp:image --><!-- wp:list --><\/p>\n<ul class=\"wp-block-list\">\n<li style=\"list-style-type: none;\">\n<ul class=\"wp-block-list\"><!-- wp:list-item --><\/ul>\n<\/li>\n<\/ul>\n<ul class=\"wp-block-list\">\n<li style=\"list-style-type: none;\">\n<ul class=\"wp-block-list\">\n<li>Ayuda para navegar por los sistemas y servicios para familias y ni\u00f1os, incluyendo: registros de nacimiento, registros de cuidado infantil, solicitudes de subsidios, registros escolares y m\u00e1s.<\/li>\n<\/ul>\n<\/li>\n<\/ul>\n<p><!-- \/wp:list-item --><!-- wp:list-item --><\/p>\n<ul class=\"wp-block-list\">\n<li style=\"list-style-type: none;\">\n<ul class=\"wp-block-list\">\n<li>Derivaciones a programas y servicios, internos y externos.\u00a0<\/li>\n<\/ul>\n<\/li>\n<\/ul>\n<p><!-- \/wp:list-item --><\/p>\n<p><!-- \/wp:list --><!-- wp:paragraph --><\/p>\n<p><strong>Programas:<\/strong><br \/>Programas de apoyo a la crianza de los hijos<br \/>Referencias para programas de temporada<\/p>\n<p><!-- \/wp:paragraph --><!-- wp:paragraph --><\/p>\n<p>Armario de emergencia para beb\u00e9s de Heatherington<br \/>Inscripci\u00f3n para el Programa de Nutrici\u00f3n Prenatal: Leche y Huevos.<br \/>\u2013 Criterios de elegibilidad: estar embarazada o amamantando a un beb\u00e9 de hasta 6 meses en el momento de la inscripci\u00f3n.<\/p>\n<p><!-- \/wp:paragraph --><!-- wp:heading {\"style\":{\"color\":{\"background\":\"#10a1ea\"}},\"textColor\":\"white\",\"fontSize\":\"medium\"} --><\/p>\n<h2 class=\"wp-block-heading has-white-color has-text-color has-background has-medium-font-size\" style=\"background-color: #10a1ea;\">Enfermeras comunitarias de primera infancia, ext. 2379<\/h2>\n<p><!-- \/wp:heading --><!-- wp:image {\"id\":5494,\"sizeSlug\":\"medium\",\"linkDestination\":\"none\",\"align\":\"right\"} --><\/p>\n<figure class=\"wp-block-image alignright size-medium\"><img decoding=\"async\" width=\"300\" height=\"200\" class=\"wp-image-5494\" src=\"https:\/\/www.seochc.on.ca\/wp-content\/uploads\/2022\/04\/early-years_inset-image-3-300x200.jpg\" alt=\"Smiling infant with yellow hair band laying on adult bed.\" srcset=\"https:\/\/www.seochc.on.ca\/wp-content\/uploads\/2022\/04\/early-years_inset-image-3-300x200.jpg 300w, https:\/\/www.seochc.on.ca\/wp-content\/uploads\/2022\/04\/early-years_inset-image-3-768x512.jpg 768w, https:\/\/www.seochc.on.ca\/wp-content\/uploads\/2022\/04\/early-years_inset-image-3.jpg 800w\" sizes=\"(max-width: 300px) 100vw, 300px\" \/><\/figure>\n<p><!-- \/wp:image --><!-- wp:list --><\/p>\n<ul class=\"wp-block-list\">\n<li style=\"list-style-type: none;\">\n<ul class=\"wp-block-list\"><!-- wp:list-item --><\/ul>\n<\/li>\n<\/ul>\n<ul class=\"wp-block-list\">\n<li style=\"list-style-type: none;\">\n<ul class=\"wp-block-list\">\n<li>Apoyo prenatal y posnatal<\/li>\n<\/ul>\n<\/li>\n<\/ul>\n<p><!-- \/wp:list-item --><!-- wp:list-item --><\/p>\n<ul class=\"wp-block-list\">\n<li style=\"list-style-type: none;\">\n<ul class=\"wp-block-list\">\n<li>Revisi\u00f3n m\u00e9dica del beb\u00e9<\/li>\n<\/ul>\n<\/li>\n<\/ul>\n<p><!-- \/wp:list-item --><!-- wp:list-item --><\/p>\n<ul class=\"wp-block-list\">\n<li style=\"list-style-type: none;\">\n<ul class=\"wp-block-list\">\n<li>Acceso a apoyo pr\u00e1ctico prenatal<\/li>\n<\/ul>\n<\/li>\n<\/ul>\n<p><!-- \/wp:list-item --><!-- wp:list-item --><\/p>\n<ul class=\"wp-block-list\">\n<li style=\"list-style-type: none;\">\n<ul class=\"wp-block-list\">\n<li>Derivaciones a consultoras en lactancia y dietistas<\/li>\n<\/ul>\n<\/li>\n<\/ul>\n<p><!-- \/wp:list-item --><!-- wp:list-item --><\/p>\n<ul class=\"wp-block-list\">\n<li style=\"list-style-type: none;\">\n<ul class=\"wp-block-list\">\n<li>Derivaciones a programas y servicios, internos y externos.<\/li>\n<\/ul>\n<\/li>\n<\/ul>\n<p><!-- \/wp:list-item --><\/p>\n<p><!-- \/wp:list --><!-- wp:paragraph --><\/p>\n<p><strong>Programas:<\/strong><br \/>Grupo de conexi\u00f3n para padres<br \/>Grupo \u00abEl beb\u00e9 y yo\u00bb - Programa Canadiense de Nutrici\u00f3n Prenatal (CPNP)<br \/>\u2013 Requisitos: Estar embarazada en el momento de la inscripci\u00f3n.<\/p>\n<h2 class=\"wp-block-heading has-white-color has-text-color has-background has-medium-font-size\" style=\"background-color: #10a1ea;\">Dietista comunitario, extensi\u00f3n 2339.<\/h2>\n<p><!-- \/wp:heading --><!-- wp:image {\"id\":5494,\"sizeSlug\":\"medium\",\"linkDestination\":\"none\",\"align\":\"right\"} --><\/p>\n<ul class=\"wp-block-list\">\n<li>Proporcionar informaci\u00f3n y recursos sobre alimentaci\u00f3n saludable a las familias.<\/li>\n<li>Conecte a los clientes con los recursos comunitarios para que tengan acceso a alimentos saludables.<\/li>\n<\/ul>\n<p><strong>Programas:<\/strong><\/p>\n<p>Alimentaci\u00f3n de su beb\u00e9<br \/>Ni\u00f1os quisquillosos con la comida<br \/>Grupo \u00abEl beb\u00e9 y yo\u00bb - Programa Canadiense de Nutrici\u00f3n Prenatal (CPNP)<br \/>\u2013 Requisitos: Estar embarazada en el momento de la inscripci\u00f3n.<\/p>\n<p><span style=\"text-align: -webkit-match-parent; letter-spacing: 0px;\">Consulte el calendario actual de eventos para conocer los horarios y las ubicaciones de los programas grupales.<\/span><\/p>\n<p><!-- \/wp:paragraph --><!-- wp:paragraph --><\/p>\n<p>SEOCHC puede cancelar o reprogramar los programas si es necesario. Las cancelaciones de programas se publican en el <a title=\"SEOCHC-Grupo de juego EarlyON Facebook\" href=\"https:\/\/www.facebook.com\/groups\/169746887645012\">SEOCHC-Grupo de juego EarlyON Facebook<\/a> p\u00e1gina.<\/p>\n<p><!-- \/wp:paragraph --><\/p>\t\t\t\t\t\t\t\t<\/div>\n\t\t\t\t<\/div>\n\t\t\t\t\t<\/div>\n\t\t<\/div>\n\t\t\t\t\t<\/div>\n\t\t<\/section>\n\t\t\t\t<\/div>","protected":false},"excerpt":{"rendered":"<p>Our Early Years and Early ON services are available to pregnant people and families with children birth to 6 years of age within the South-East Ottawa Catchment area. Please call 613-737-5115 ext 2003. Registered Early Childhood Educators Ext. 3112 \u00a0Provide information about early childhood development Provide parenting information and resources Provide information on services and [&hellip;]<\/p>\n","protected":false},"author":1,"featured_media":5496,"parent":4506,"menu_order":0,"comment_status":"closed","ping_status":"closed","template":"","meta":{"_monsterinsights_skip_tracking":false,"_monsterinsights_sitenote_active":false,"_monsterinsights_sitenote_note":"","_monsterinsights_sitenote_category":0,"footnotes":"","_links_to":"","_links_to_target":""},"class_list":["post-4510","page","type-page","status-publish","has-post-thumbnail","hentry"],"aioseo_notices":[],"publishpress_future_workflow_manual_trigger":{"enabledWorkflows":[]},"rttpg_featured_image_url":{"full":["https:\/\/www.seochc.on.ca\/wp-content\/uploads\/2022\/04\/early-years-and-earlyon_featured-image.jpg",1200,630,false],"landscape":["https:\/\/www.seochc.on.ca\/wp-content\/uploads\/2022\/04\/early-years-and-earlyon_featured-image.jpg",1200,630,false],"portraits":["https:\/\/www.seochc.on.ca\/wp-content\/uploads\/2022\/04\/early-years-and-earlyon_featured-image.jpg",1200,630,false],"thumbnail":["https:\/\/www.seochc.on.ca\/wp-content\/uploads\/2022\/04\/early-years-and-earlyon_featured-image-150x150.jpg",150,150,true],"medium":["https:\/\/www.seochc.on.ca\/wp-content\/uploads\/2022\/04\/early-years-and-earlyon_featured-image-300x158.jpg",300,158,true],"large":["https:\/\/www.seochc.on.ca\/wp-content\/uploads\/2022\/04\/early-years-and-earlyon_featured-image-1024x538.jpg",1024,538,true],"1536x1536":["https:\/\/www.seochc.on.ca\/wp-content\/uploads\/2022\/04\/early-years-and-earlyon_featured-image.jpg",1200,630,false],"2048x2048":["https:\/\/www.seochc.on.ca\/wp-content\/uploads\/2022\/04\/early-years-and-earlyon_featured-image.jpg",1200,630,false],"trp-custom-language-flag":["https:\/\/www.seochc.on.ca\/wp-content\/uploads\/2022\/04\/early-years-and-earlyon_featured-image.jpg",18,9,false],"rt_custom":["https:\/\/www.seochc.on.ca\/wp-content\/uploads\/2022\/04\/early-years-and-earlyon_featured-image.jpg",1200,630,false]},"rttpg_author":{"display_name":"mastercontroller","author_link":"https:\/\/www.seochc.on.ca\/es\/author\/mastercontroller\/"},"rttpg_comment":0,"rttpg_category":null,"rttpg_excerpt":"Our Early Years and Early ON services are available to pregnant people and families with children birth to 6 years of age within the South-East Ottawa Catchment area. Please call 613-737-5115 ext 2003. Registered Early Childhood Educators Ext. 3112 \u00a0Provide information about early childhood development Provide parenting information and resources Provide information on services and&hellip;","_links":{"self":[{"href":"https:\/\/www.seochc.on.ca\/es\/wp-json\/wp\/v2\/pages\/4510","targetHints":{"allow":["GET"]}}],"collection":[{"href":"https:\/\/www.seochc.on.ca\/es\/wp-json\/wp\/v2\/pages"}],"about":[{"href":"https:\/\/www.seochc.on.ca\/es\/wp-json\/wp\/v2\/types\/page"}],"author":[{"embeddable":true,"href":"https:\/\/www.seochc.on.ca\/es\/wp-json\/wp\/v2\/users\/1"}],"replies":[{"embeddable":true,"href":"https:\/\/www.seochc.on.ca\/es\/wp-json\/wp\/v2\/comments?post=4510"}],"version-history":[{"count":27,"href":"https:\/\/www.seochc.on.ca\/es\/wp-json\/wp\/v2\/pages\/4510\/revisions"}],"predecessor-version":[{"id":9512,"href":"https:\/\/www.seochc.on.ca\/es\/wp-json\/wp\/v2\/pages\/4510\/revisions\/9512"}],"up":[{"embeddable":true,"href":"https:\/\/www.seochc.on.ca\/es\/wp-json\/wp\/v2\/pages\/4506"}],"wp:featuredmedia":[{"embeddable":true,"href":"https:\/\/www.seochc.on.ca\/es\/wp-json\/wp\/v2\/media\/5496"}],"wp:attachment":[{"href":"https:\/\/www.seochc.on.ca\/es\/wp-json\/wp\/v2\/media?parent=4510"}],"curies":[{"name":"wp","href":"https:\/\/api.w.org\/{rel}","templated":true}]}}