{"id":4512,"date":"2022-02-11T18:36:38","date_gmt":"2022-02-11T18:36:38","guid":{"rendered":"https:\/\/www.seochc.on.ca\/?page_id=4512"},"modified":"2025-09-16T19:46:26","modified_gmt":"2025-09-16T23:46:26","slug":"baby-and-me","status":"publish","type":"page","link":"https:\/\/www.seochc.on.ca\/es\/programs-and-services\/children-and-family\/baby-and-me\/","title":{"rendered":"Grupo prenatal \u00abEl beb\u00e9 y yo\u00bb"},"content":{"rendered":"<div class=\"wp-block-image\">\n<figure class=\"alignright size-full\"><img decoding=\"async\" width=\"250\" height=\"163\" src=\"https:\/\/www.seochc.on.ca\/wp-content\/uploads\/2023\/05\/Baby-and-me.jpg\" alt=\"Pregnant Mom on a computer\" class=\"wp-image-7476\" srcset=\"https:\/\/www.seochc.on.ca\/wp-content\/uploads\/2023\/05\/Baby-and-me.jpg 250w, https:\/\/www.seochc.on.ca\/wp-content\/uploads\/2023\/05\/Baby-and-me-18x12.jpg 18w\" sizes=\"(max-width: 250px) 100vw, 250px\" \/><\/figure>\n<\/div>\n\n\n<p>Nuestro programa Baby and Me es un programa canadiense de nutrici\u00f3n prenatal que apoya la salud de las mujeres embarazadas, las madres y los beb\u00e9s en Ottawa. En este programa, los padres aprender\u00e1n sobre el cuidado del beb\u00e9, la alimentaci\u00f3n saludable, el embarazo saludable y conocer\u00e1n a otras personas que est\u00e1n amamantando. Este programa est\u00e1 facilitado por un dietista registrado, una enfermera registrada y una consultora en lactancia certificada por la Junta Internacional.<\/p>\n\n\n\n<h2 class=\"wp-block-heading has-white-color has-text-color has-background has-medium-font-size\" style=\"background-color:#10a1ea\">Criterios de elegibilidad<\/h2>\n\n\n\n<p>Debe vivir en nuestra zona de influencia y estar embarazada en el momento de la inscripci\u00f3n.<\/p>\n\n\n\n<p>Se da prioridad a los nuevos clientes.<\/p>\n\n\n\n<p>Para inscribirse, llame a nuestra enfermera titulada especializada en primera infancia al (613) 737-7195, ext. 2379.<\/p>\n\n\n\n<h2 class=\"wp-block-heading has-white-color has-text-color has-background has-medium-font-size\" style=\"background-color:#10a1ea\">Horario de atenci\u00f3n<\/h2>\n\n\n\n<p>Mi\u00e9rcoles de 10:00 a. m. a 12:00 p. m.<\/p>\n\n\n\n<h2 class=\"wp-block-heading has-white-color has-text-color has-background has-medium-font-size\" style=\"background-color:#10a1ea\">Ubicaci\u00f3n<\/h2>\n\n\n\n<p>1560 Heatherington Rd, Ottawa, ON K1V 9P5<\/p>\n\n\n\n<p><\/p>","protected":false},"excerpt":{"rendered":"<p>Our Baby and Me program is a Canada Prenatal Nutrition Program that supports the health of pregnant women, mothers and babies in Ottawa. In this program, parents will learn about baby care, healthy eating, healthy pregnancy and meet other people who are breast-feeding. This program is facilitated by a Registered Dietician, Registered Nurse and International [&hellip;]<\/p>\n","protected":false},"author":1,"featured_media":7476,"parent":4506,"menu_order":0,"comment_status":"closed","ping_status":"closed","template":"template_program-page_caf.php","meta":{"_monsterinsights_skip_tracking":false,"_monsterinsights_sitenote_active":false,"_monsterinsights_sitenote_note":"","_monsterinsights_sitenote_category":0,"footnotes":"","_links_to":"","_links_to_target":""},"class_list":["post-4512","page","type-page","status-publish","has-post-thumbnail","hentry"],"aioseo_notices":[],"publishpress_future_workflow_manual_trigger":{"enabledWorkflows":[]},"rttpg_featured_image_url":{"full":["https:\/\/www.seochc.on.ca\/wp-content\/uploads\/2023\/05\/Baby-and-me.jpg",250,163,false],"landscape":["https:\/\/www.seochc.on.ca\/wp-content\/uploads\/2023\/05\/Baby-and-me.jpg",250,163,false],"portraits":["https:\/\/www.seochc.on.ca\/wp-content\/uploads\/2023\/05\/Baby-and-me.jpg",250,163,false],"thumbnail":["https:\/\/www.seochc.on.ca\/wp-content\/uploads\/2023\/05\/Baby-and-me-150x150.jpg",150,150,true],"medium":["https:\/\/www.seochc.on.ca\/wp-content\/uploads\/2023\/05\/Baby-and-me.jpg",250,163,false],"large":["https:\/\/www.seochc.on.ca\/wp-content\/uploads\/2023\/05\/Baby-and-me.jpg",250,163,false],"1536x1536":["https:\/\/www.seochc.on.ca\/wp-content\/uploads\/2023\/05\/Baby-and-me.jpg",250,163,false],"2048x2048":["https:\/\/www.seochc.on.ca\/wp-content\/uploads\/2023\/05\/Baby-and-me.jpg",250,163,false],"trp-custom-language-flag":["https:\/\/www.seochc.on.ca\/wp-content\/uploads\/2023\/05\/Baby-and-me-18x12.jpg",18,12,true],"rt_custom":["https:\/\/www.seochc.on.ca\/wp-content\/uploads\/2023\/05\/Baby-and-me.jpg",250,163,false]},"rttpg_author":{"display_name":"mastercontroller","author_link":"https:\/\/www.seochc.on.ca\/es\/author\/mastercontroller\/"},"rttpg_comment":0,"rttpg_category":null,"rttpg_excerpt":"Our Baby and Me program is a Canada Prenatal Nutrition Program that supports the health of pregnant women, mothers and babies in Ottawa. In this program, parents will learn about baby care, healthy eating, healthy pregnancy and meet other people who are breast-feeding. This program is facilitated by a Registered Dietician, Registered Nurse and International&hellip;","_links":{"self":[{"href":"https:\/\/www.seochc.on.ca\/es\/wp-json\/wp\/v2\/pages\/4512","targetHints":{"allow":["GET"]}}],"collection":[{"href":"https:\/\/www.seochc.on.ca\/es\/wp-json\/wp\/v2\/pages"}],"about":[{"href":"https:\/\/www.seochc.on.ca\/es\/wp-json\/wp\/v2\/types\/page"}],"author":[{"embeddable":true,"href":"https:\/\/www.seochc.on.ca\/es\/wp-json\/wp\/v2\/users\/1"}],"replies":[{"embeddable":true,"href":"https:\/\/www.seochc.on.ca\/es\/wp-json\/wp\/v2\/comments?post=4512"}],"version-history":[{"count":13,"href":"https:\/\/www.seochc.on.ca\/es\/wp-json\/wp\/v2\/pages\/4512\/revisions"}],"predecessor-version":[{"id":9515,"href":"https:\/\/www.seochc.on.ca\/es\/wp-json\/wp\/v2\/pages\/4512\/revisions\/9515"}],"up":[{"embeddable":true,"href":"https:\/\/www.seochc.on.ca\/es\/wp-json\/wp\/v2\/pages\/4506"}],"wp:featuredmedia":[{"embeddable":true,"href":"https:\/\/www.seochc.on.ca\/es\/wp-json\/wp\/v2\/media\/7476"}],"wp:attachment":[{"href":"https:\/\/www.seochc.on.ca\/es\/wp-json\/wp\/v2\/media?parent=4512"}],"curies":[{"name":"wp","href":"https:\/\/api.w.org\/{rel}","templated":true}]}}