{"id":4518,"date":"2022-02-11T18:37:45","date_gmt":"2022-02-11T18:37:45","guid":{"rendered":"https:\/\/www.seochc.on.ca\/?page_id=4518"},"modified":"2025-09-16T19:47:40","modified_gmt":"2025-09-16T23:47:40","slug":"milk-eggs","status":"publish","type":"page","link":"https:\/\/www.seochc.on.ca\/es\/programs-and-services\/children-and-family\/milk-eggs\/","title":{"rendered":"Leche y huevos"},"content":{"rendered":"<div class=\"wp-block-image\">\n<figure class=\"alignright size-medium\"><img fetchpriority=\"high\" decoding=\"async\" width=\"300\" height=\"200\" src=\"https:\/\/www.seochc.on.ca\/wp-content\/uploads\/2022\/03\/milk-and-eggs-1-300x200.jpg\" alt=\"a pitcher of milk surrounded by brown eggs and a whisk\" class=\"wp-image-4891\" srcset=\"https:\/\/www.seochc.on.ca\/wp-content\/uploads\/2022\/03\/milk-and-eggs-1-300x200.jpg 300w, https:\/\/www.seochc.on.ca\/wp-content\/uploads\/2022\/03\/milk-and-eggs-1.jpg 420w\" sizes=\"(max-width: 300px) 100vw, 300px\" \/><\/figure>\n<\/div>\n\n\n<p>Nuestro programa de leche y huevos es un programa de nutrici\u00f3n prenatal y lactancia materna. Este programa ayuda a facilitar el acceso a alimentos saludables para el crecimiento y desarrollo \u00f3ptimos del beb\u00e9. Los clientes que re\u00fanan los requisitos podr\u00e1n recibir una bolsa de 4 litros de leche y una docena de huevos cada semana.<\/p>\n\n\n\n<h2 class=\"wp-block-heading has-white-color has-text-color has-background has-medium-font-size\" style=\"background-color:#10a1ea\">Criterios de elegibilidad<\/h2>\n\n\n\n<p>Se utilizan los siguientes criterios para determinar la elegibilidad: <\/p>\n\n\n\n<ul class=\"wp-block-list\">\n<li>Debe vivir en nuestra zona de influencia y estar embarazada o amamantando a un beb\u00e9 menor de 6 meses en el momento de la inscripci\u00f3n. <\/li>\n\n\n\n<li>Debido a las limitaciones de capacidad, se est\u00e1 dando prioridad a los nuevos clientes de la comunidad.<\/li>\n<\/ul>\n\n\n\n<p>Para registrarse, llame a nuestro asistente social familiar al: <a href=\"tel:613-737-5115\" title=\"(613) 737-5115, extensi\u00f3n 3133\">(613) 737-5115, extensi\u00f3n 3133<\/a><\/p>\n\n\n\n<h2 class=\"wp-block-heading has-white-color has-text-color has-background has-medium-font-size\" style=\"background-color:#10a1ea\">Horario de atenci\u00f3n<\/h2>\n\n\n\n<p>Martes: de 1:30 p. m. a 4:30 p. m.<\/p>\n\n\n\n<h2 class=\"wp-block-heading has-white-color has-text-color has-background has-medium-font-size\" style=\"background-color:#10a1ea\">Ubicaci\u00f3n<\/h2>\n\n\n\n<p>1485 Heatherington Rd., Unidad 22<\/p>\n\n\n\n<p><\/p>","protected":false},"excerpt":{"rendered":"<p>Our Milk and Eggs program is a prenatal and breastfeeding nutrition program. This program helps support access to healthy food for baby\u2019s optimal growth and development. Clients who are eligible may receive one 4L bag of milk and a dozen eggs each week. Eligibility Criteria The following criteria is used to determine eligibility: To register, [&hellip;]<\/p>\n","protected":false},"author":1,"featured_media":0,"parent":4506,"menu_order":0,"comment_status":"closed","ping_status":"closed","template":"template_program-page_caf.php","meta":{"_monsterinsights_skip_tracking":false,"_monsterinsights_sitenote_active":false,"_monsterinsights_sitenote_note":"","_monsterinsights_sitenote_category":0,"footnotes":"","_links_to":"","_links_to_target":""},"class_list":["post-4518","page","type-page","status-publish","hentry"],"aioseo_notices":[],"publishpress_future_workflow_manual_trigger":{"enabledWorkflows":[]},"rttpg_featured_image_url":null,"rttpg_author":{"display_name":"mastercontroller","author_link":"https:\/\/www.seochc.on.ca\/es\/author\/mastercontroller\/"},"rttpg_comment":0,"rttpg_category":null,"rttpg_excerpt":"Our Milk and Eggs program is a prenatal and breastfeeding nutrition program. This program helps support access to healthy food for baby\u2019s optimal growth and development. Clients who are eligible may receive one 4L bag of milk and a dozen eggs each week. Eligibility Criteria The following criteria is used to determine eligibility: To register,&hellip;","_links":{"self":[{"href":"https:\/\/www.seochc.on.ca\/es\/wp-json\/wp\/v2\/pages\/4518","targetHints":{"allow":["GET"]}}],"collection":[{"href":"https:\/\/www.seochc.on.ca\/es\/wp-json\/wp\/v2\/pages"}],"about":[{"href":"https:\/\/www.seochc.on.ca\/es\/wp-json\/wp\/v2\/types\/page"}],"author":[{"embeddable":true,"href":"https:\/\/www.seochc.on.ca\/es\/wp-json\/wp\/v2\/users\/1"}],"replies":[{"embeddable":true,"href":"https:\/\/www.seochc.on.ca\/es\/wp-json\/wp\/v2\/comments?post=4518"}],"version-history":[{"count":20,"href":"https:\/\/www.seochc.on.ca\/es\/wp-json\/wp\/v2\/pages\/4518\/revisions"}],"predecessor-version":[{"id":9516,"href":"https:\/\/www.seochc.on.ca\/es\/wp-json\/wp\/v2\/pages\/4518\/revisions\/9516"}],"up":[{"embeddable":true,"href":"https:\/\/www.seochc.on.ca\/es\/wp-json\/wp\/v2\/pages\/4506"}],"wp:attachment":[{"href":"https:\/\/www.seochc.on.ca\/es\/wp-json\/wp\/v2\/media?parent=4518"}],"curies":[{"name":"wp","href":"https:\/\/api.w.org\/{rel}","templated":true}]}}