{"id":4520,"date":"2022-02-11T18:38:04","date_gmt":"2022-02-11T18:38:04","guid":{"rendered":"https:\/\/www.seochc.on.ca\/?page_id=4520"},"modified":"2025-10-16T10:08:44","modified_gmt":"2025-10-16T14:08:44","slug":"indoor-outdoor-playgroups","status":"publish","type":"page","link":"https:\/\/www.seochc.on.ca\/es\/programs-and-services\/children-and-family\/indoor-outdoor-playgroups\/","title":{"rendered":"Grupos de juego en interiores y exteriores"},"content":{"rendered":"<div data-elementor-type=\"wp-page\" data-elementor-id=\"4520\" class=\"elementor elementor-4520\">\n\t\t\t\t\t\t<section class=\"elementor-section elementor-top-section elementor-element elementor-element-1f3c5f28 elementor-section-boxed elementor-section-height-default elementor-section-height-default\" data-id=\"1f3c5f28\" data-element_type=\"section\" data-e-type=\"section\">\n\t\t\t\t\t\t<div class=\"elementor-container elementor-column-gap-default\">\n\t\t\t\t\t<div class=\"elementor-column elementor-col-100 elementor-top-column elementor-element elementor-element-3b3f6c76\" data-id=\"3b3f6c76\" data-element_type=\"column\" data-e-type=\"column\">\n\t\t\t<div class=\"elementor-widget-wrap elementor-element-populated\">\n\t\t\t\t\t\t<div class=\"elementor-element elementor-element-22c3434 elementor-widget__width-initial elementor-widget elementor-widget-image\" data-id=\"22c3434\" data-element_type=\"widget\" data-e-type=\"widget\" data-widget_type=\"image.default\">\n\t\t\t\t<div class=\"elementor-widget-container\">\n\t\t\t\t\t\t\t\t\t\t\t\t\t\t\t<img fetchpriority=\"high\" decoding=\"async\" width=\"1024\" height=\"1024\" src=\"https:\/\/www.seochc.on.ca\/wp-content\/uploads\/2024\/03\/EarlyON_Bilingual-1024x1024.jpg\" class=\"attachment-large size-large wp-image-8202\" alt=\"\" srcset=\"https:\/\/www.seochc.on.ca\/wp-content\/uploads\/2024\/03\/EarlyON_Bilingual-1024x1024.jpg 1024w, https:\/\/www.seochc.on.ca\/wp-content\/uploads\/2024\/03\/EarlyON_Bilingual-300x300.jpg 300w, https:\/\/www.seochc.on.ca\/wp-content\/uploads\/2024\/03\/EarlyON_Bilingual-150x150.jpg 150w, https:\/\/www.seochc.on.ca\/wp-content\/uploads\/2024\/03\/EarlyON_Bilingual-768x768.jpg 768w, https:\/\/www.seochc.on.ca\/wp-content\/uploads\/2024\/03\/EarlyON_Bilingual-12x12.jpg 12w, https:\/\/www.seochc.on.ca\/wp-content\/uploads\/2024\/03\/EarlyON_Bilingual.jpg 1080w\" sizes=\"(max-width: 1024px) 100vw, 1024px\" \/>\t\t\t\t\t\t\t\t\t\t\t\t\t\t\t<\/div>\n\t\t\t\t<\/div>\n\t\t\t\t<div class=\"elementor-element elementor-element-2f561b88 elementor-widget elementor-widget-text-editor\" data-id=\"2f561b88\" data-element_type=\"widget\" data-e-type=\"widget\" data-widget_type=\"text-editor.default\">\n\t\t\t\t<div class=\"elementor-widget-container\">\n\t\t\t\t\t\t\t\t\t<figure class=\"wp-block-image alignright size-medium\"><img decoding=\"async\" width=\"300\" height=\"200\" class=\"wp-image-5338\" src=\"https:\/\/www.seochc.on.ca\/wp-content\/uploads\/2022\/03\/indoor-outdoor-playgroups_inset-image-300x200.jpg\" alt=\"Group of children sitting on floor as adult reads from storybook.\" srcset=\"https:\/\/www.seochc.on.ca\/wp-content\/uploads\/2022\/03\/indoor-outdoor-playgroups_inset-image-300x200.jpg 300w, https:\/\/www.seochc.on.ca\/wp-content\/uploads\/2022\/03\/indoor-outdoor-playgroups_inset-image-768x512.jpg 768w, https:\/\/www.seochc.on.ca\/wp-content\/uploads\/2022\/03\/indoor-outdoor-playgroups_inset-image.jpg 800w\" sizes=\"(max-width: 300px) 100vw, 300px\" \/><\/figure>\n<p><!-- \/wp:image --><\/p>\n<p><!-- wp:paragraph --><\/p>\n<p>Nuestros grupos de juego son un programa EarlyON. Los grupos de juego EarlyON son programas gratuitos y de alta calidad para familias y ni\u00f1os desde el nacimiento hasta los 6 a\u00f1os. Podr\u00e1 aprender y jugar con su hijo, conocer gente nueva y obtener valiosos consejos de profesionales de la primera infancia. Como parte del programa, usted:<\/p>\n<p><!-- \/wp:paragraph --><\/p>\n<p><!-- wp:list --><\/p>\n<ul>\n<li style=\"list-style-type: none;\">\n<ul><!-- wp:list-item --><\/ul>\n<\/li>\n<\/ul>\n<ul>\n<li style=\"list-style-type: none;\">\n<ul>\n<li>Participa en actividades divertidas como leer, contar cuentos, cantar y jugar.<\/li>\n<\/ul>\n<\/li>\n<\/ul>\n<p><!-- \/wp:list-item --><\/p>\n<p><!-- wp:list-item --><\/p>\n<ul>\n<li style=\"list-style-type: none;\">\n<ul>\n<li>Obtenga asesoramiento de profesionales capacitados en desarrollo infantil temprano.<\/li>\n<\/ul>\n<\/li>\n<\/ul>\n<p><!-- \/wp:list-item --><\/p>\n<p><!-- wp:list-item --><\/p>\n<ul>\n<li style=\"list-style-type: none;\">\n<ul>\n<li>Inf\u00f3rmese sobre otros servicios familiares en su comunidad.<\/li>\n<\/ul>\n<\/li>\n<\/ul>\n<p><!-- \/wp:list-item --><\/p>\n<p><!-- wp:list-item --><\/p>\n<ul>\n<li style=\"list-style-type: none;\">\n<ul>\n<li>Con\u00e9ctate con otras familias con ni\u00f1os peque\u00f1os.<\/li>\n<\/ul>\n<\/li>\n<\/ul>\n<p><!-- \/wp:list-item --><\/p>\n<p><!-- \/wp:list --><\/p>\n<p><!-- wp:paragraph --><\/p>\n<p>Por favor, tenga en cuenta que las plazas son limitadas por motivos de seguridad. Las actualizaciones del programa se publican en Whatsapp y en nuestra p\u00e1gina web. <a href=\"https:\/\/www.facebook.com\/groups\/169746887645012\/?mibextid=oMANbw\">grupo de Facebook<\/a>.&nbsp;<\/p>\n<p><!-- \/wp:paragraph --><\/p>\n<p><!-- wp:paragraph --><\/p>\n<p>\u00bfPreguntas?: Llame al 613-737-7195, extensi\u00f3n 3112, o env\u00ede un correo electr\u00f3nico a <a href=\"mailto:EarlyONRECE@seochc.on.ca\">EarlyONRECE@seochc.on.ca<\/a><\/p>\n<p><!-- \/wp:paragraph --><\/p>\n<p><!-- wp:heading {\"style\":{\"color\":{\"background\":\"#10a1ea\"}},\"textColor\":\"white\",\"fontSize\":\"medium\"} --><\/p>\n<h2 class=\"wp-block-heading has-white-color has-text-color has-background has-medium-font-size\" style=\"background-color: #10a1ea;\">Horario de atenci\u00f3n<\/h2>\n<p><!-- \/wp:heading --><\/p>\n<p><!-- wp:paragraph --><\/p>\n<p><!-- \/wp:paragraph --><\/p>\n<p><!-- wp:paragraph --><\/p>\n<p><strong>Centro Familiar Heatherington: 1495 Heatherington Rd.&nbsp;<\/strong><br>Horario de atenci\u00f3n: de lunes a s\u00e1bado, de 9:30 a. m. a 12 p. m.<\/p>\n<p><!-- \/wp:paragraph --><\/p>\n<p><!-- wp:paragraph --><\/p>\n<p><strong>Bank Street Play and Learn (Jugar y aprender en Bank Street): 1355 Bank Street, 6.<sup>th<\/sup> piso<\/strong><br>Horario de atenci\u00f3n: lunes a mi\u00e9rcoles, de 9:30 a. m. a 12:00 p. m.; viernes, de 9:30 a. m. a 11:30 a. m.<\/p>\n<p><!-- \/wp:paragraph --><\/p>\n<p><!-- wp:paragraph --><\/p>\n<p><strong>Centro comunitario Cedarwood: 2850 Cedarwood Drive.<\/strong><br>Horario de atenci\u00f3n: mi\u00e9rcoles y viernes de 9:30 a. m. a 11:30 a. m.<\/p>\n<p><strong>A<\/strong><b>Centro comunitario Shgrove: 3325 Uplands Drive<\/b>&nbsp; &nbsp; &nbsp; &nbsp; &nbsp; &nbsp; &nbsp; &nbsp; &nbsp; &nbsp; &nbsp; &nbsp; &nbsp; &nbsp; &nbsp; &nbsp; &nbsp; &nbsp; &nbsp; &nbsp; &nbsp; &nbsp; &nbsp; &nbsp; &nbsp; &nbsp; &nbsp; &nbsp; &nbsp; &nbsp; &nbsp; Horario de atenci\u00f3n: martes de 9:30 a. m. a 11 a. m.<\/p>\n<p><span style=\"color: inherit; font-family: var( --e-global-typography-text-font-family ), Sans-serif; font-weight: var( --e-global-typography-text-font-weight ); letter-spacing: 0px;\">Consulte el calendario para conocer los cierres programados.&nbsp;<\/span><\/p>\n<p><!-- \/wp:paragraph --><\/p>\n<p><!-- wp:heading {\"style\":{\"color\":{\"background\":\"#10a1ea\"}},\"textColor\":\"white\",\"fontSize\":\"medium\"} --><\/p>\n<h2 class=\"wp-block-heading has-white-color has-text-color has-background has-medium-font-size\" style=\"background-color: #10a1ea;\">Ubicaci\u00f3n<\/h2>\n<p><!-- \/wp:heading --><\/p>\n<p><!-- wp:paragraph --><\/p>\n<p><strong>Centro Familiar Heatherington: 1495 Heatherington Rd.&nbsp;<\/strong><\/p>\n<p><!-- \/wp:paragraph --><\/p>\n<p><!-- wp:paragraph --><\/p>\n<p><strong>Bank Street Play and Learn - 1355 Banks Street - 6<sup>th<\/sup> piso<\/strong><\/p>\n<p><!-- \/wp:paragraph --><\/p>\n<p><!-- wp:paragraph --><\/p>\n<p><strong>Centro comunitario Cedarwood-2850 Cedarwood<\/strong><\/p>\n<p><strong>A<b>Centro comunitario Shgrove: 3325 Uplands Drive<\/b>&nbsp; &nbsp; &nbsp;<\/strong><\/p>\n<p><!-- \/wp:paragraph --><\/p>\t\t\t\t\t\t\t\t<\/div>\n\t\t\t\t<\/div>\n\t\t\t\t\t<\/div>\n\t\t<\/div>\n\t\t\t\t\t<\/div>\n\t\t<\/section>\n\t\t\t\t<\/div>","protected":false},"excerpt":{"rendered":"<p>Our Playgroups are an EarlyON program. EarlyON playgroups are free, high-quality programs for families and children from birth to 6&nbsp;years old. You can learn and play with your child, meet new people and get valuable advice from early childhood&nbsp;professionals. As part of the program, you will: Partake in fun activities such as reading, storytelling, sing-alongs [&hellip;]<\/p>\n","protected":false},"author":1,"featured_media":5339,"parent":4506,"menu_order":0,"comment_status":"closed","ping_status":"closed","template":"template_program-page_caf.php","meta":{"_monsterinsights_skip_tracking":false,"_monsterinsights_sitenote_active":false,"_monsterinsights_sitenote_note":"","_monsterinsights_sitenote_category":0,"footnotes":"","_links_to":"","_links_to_target":""},"class_list":["post-4520","page","type-page","status-publish","has-post-thumbnail","hentry"],"aioseo_notices":[],"publishpress_future_workflow_manual_trigger":{"enabledWorkflows":[]},"rttpg_featured_image_url":{"full":["https:\/\/www.seochc.on.ca\/wp-content\/uploads\/2022\/03\/indoor-outdoor-playgroups_featured-image.jpg",1200,630,false],"landscape":["https:\/\/www.seochc.on.ca\/wp-content\/uploads\/2022\/03\/indoor-outdoor-playgroups_featured-image.jpg",1200,630,false],"portraits":["https:\/\/www.seochc.on.ca\/wp-content\/uploads\/2022\/03\/indoor-outdoor-playgroups_featured-image.jpg",1200,630,false],"thumbnail":["https:\/\/www.seochc.on.ca\/wp-content\/uploads\/2022\/03\/indoor-outdoor-playgroups_featured-image-150x150.jpg",150,150,true],"medium":["https:\/\/www.seochc.on.ca\/wp-content\/uploads\/2022\/03\/indoor-outdoor-playgroups_featured-image-300x158.jpg",300,158,true],"large":["https:\/\/www.seochc.on.ca\/wp-content\/uploads\/2022\/03\/indoor-outdoor-playgroups_featured-image-1024x538.jpg",1024,538,true],"1536x1536":["https:\/\/www.seochc.on.ca\/wp-content\/uploads\/2022\/03\/indoor-outdoor-playgroups_featured-image.jpg",1200,630,false],"2048x2048":["https:\/\/www.seochc.on.ca\/wp-content\/uploads\/2022\/03\/indoor-outdoor-playgroups_featured-image.jpg",1200,630,false],"trp-custom-language-flag":["https:\/\/www.seochc.on.ca\/wp-content\/uploads\/2022\/03\/indoor-outdoor-playgroups_featured-image.jpg",18,9,false],"rt_custom":["https:\/\/www.seochc.on.ca\/wp-content\/uploads\/2022\/03\/indoor-outdoor-playgroups_featured-image.jpg",1200,630,false]},"rttpg_author":{"display_name":"mastercontroller","author_link":"https:\/\/www.seochc.on.ca\/es\/author\/mastercontroller\/"},"rttpg_comment":0,"rttpg_category":null,"rttpg_excerpt":"Our Playgroups are an EarlyON program. EarlyON playgroups are free, high-quality programs for families and children from birth to 6&nbsp;years old. You can learn and play with your child, meet new people and get valuable advice from early childhood&nbsp;professionals. As part of the program, you will: Partake in fun activities such as reading, storytelling, sing-alongs&hellip;","_links":{"self":[{"href":"https:\/\/www.seochc.on.ca\/es\/wp-json\/wp\/v2\/pages\/4520","targetHints":{"allow":["GET"]}}],"collection":[{"href":"https:\/\/www.seochc.on.ca\/es\/wp-json\/wp\/v2\/pages"}],"about":[{"href":"https:\/\/www.seochc.on.ca\/es\/wp-json\/wp\/v2\/types\/page"}],"author":[{"embeddable":true,"href":"https:\/\/www.seochc.on.ca\/es\/wp-json\/wp\/v2\/users\/1"}],"replies":[{"embeddable":true,"href":"https:\/\/www.seochc.on.ca\/es\/wp-json\/wp\/v2\/comments?post=4520"}],"version-history":[{"count":56,"href":"https:\/\/www.seochc.on.ca\/es\/wp-json\/wp\/v2\/pages\/4520\/revisions"}],"predecessor-version":[{"id":9624,"href":"https:\/\/www.seochc.on.ca\/es\/wp-json\/wp\/v2\/pages\/4520\/revisions\/9624"}],"up":[{"embeddable":true,"href":"https:\/\/www.seochc.on.ca\/es\/wp-json\/wp\/v2\/pages\/4506"}],"wp:featuredmedia":[{"embeddable":true,"href":"https:\/\/www.seochc.on.ca\/es\/wp-json\/wp\/v2\/media\/5339"}],"wp:attachment":[{"href":"https:\/\/www.seochc.on.ca\/es\/wp-json\/wp\/v2\/media?parent=4520"}],"curies":[{"name":"wp","href":"https:\/\/api.w.org\/{rel}","templated":true}]}}