{"id":4544,"date":"2022-02-11T18:43:03","date_gmt":"2022-02-11T18:43:03","guid":{"rendered":"https:\/\/www.seochc.on.ca\/?page_id=4544"},"modified":"2025-10-22T15:39:12","modified_gmt":"2025-10-22T19:39:12","slug":"intake-and-counselling-services","status":"publish","type":"page","link":"https:\/\/www.seochc.on.ca\/es\/programs-and-services\/practical-support-and-counselling\/intake-and-counselling-services\/","title":{"rendered":"Servicios de admisi\u00f3n y asesoramiento"},"content":{"rendered":"<div class=\"wp-block-image\">\n<figure class=\"alignright size-medium\"><img fetchpriority=\"high\" decoding=\"async\" width=\"300\" height=\"212\" src=\"https:\/\/www.seochc.on.ca\/wp-content\/uploads\/2022\/03\/intake-and-counselling-services_inset-image-300x212.jpg\" alt=\"Closeup of outstretched hand ready to catch falling paper cutout people.\" class=\"wp-image-5238\" srcset=\"https:\/\/www.seochc.on.ca\/wp-content\/uploads\/2022\/03\/intake-and-counselling-services_inset-image-300x212.jpg 300w, https:\/\/www.seochc.on.ca\/wp-content\/uploads\/2022\/03\/intake-and-counselling-services_inset-image-768x543.jpg 768w, https:\/\/www.seochc.on.ca\/wp-content\/uploads\/2022\/03\/intake-and-counselling-services_inset-image.jpg 800w\" sizes=\"(max-width: 300px) 100vw, 300px\" \/><\/figure>\n<\/div>\n\n\n<p>Los servicios de admisi\u00f3n y asesoramiento brindan apoyo basado en las fortalezas y en el conocimiento del trauma a las personas y familias que buscan realizar cambios positivos en sus vidas.<\/p>\n\n\n\n<p>Nuestro asesoramiento est\u00e1 disponible de forma individual, en persona, virtualmente o por tel\u00e9fono. Juntos, explorar\u00e1n lo que mejor se adapta a sus necesidades. Nuestro equipo utiliza diferentes enfoques, como la terapia cognitivo-conductual, la terapia narrativa, la atenci\u00f3n plena, las entrevistas motivacionales y la terapia centrada en soluciones, para ayudarle a encontrar el camino adecuado a seguir.<\/p>\n\n\n\n<p>M\u00e1s all\u00e1 del apoyo individual, tambi\u00e9n trabajamos para abordar los factores sociales y estructurales m\u00e1s amplios que contribuyen a las desigualdades en nuestra comunidad, a trav\u00e9s de la educaci\u00f3n, el empoderamiento y la defensa.<\/p>\n\n\n\n<p>Para solicitar asesoramiento, p\u00f3ngase en contacto con nuestro Servicio de Admisi\u00f3n.<\/p>\n\n\n\n<p><strong>Servicios sin cita previa<\/strong> (Cita de 20 minutos; puede requerir una cita de seguimiento).<\/p>\n\n\n\n<ul class=\"wp-block-list\">\n<li>Programas de reducci\u00f3n de da\u00f1os: pruebas de VIH, suministros para inhalaci\u00f3n e inyecci\u00f3n m\u00e1s seguros y derivaciones. <\/li>\n\n\n\n<li>Derivaciones de salud mental<\/li>\n\n\n\n<li>Ayuda para nuevos usuarios y navegaci\u00f3n por el sistema <\/li>\n\n\n\n<li>Promoci\u00f3n de la CRA y derivaciones a la cl\u00ednica comunitaria anual de voluntarios para la declaraci\u00f3n de impuestos. <\/li>\n\n\n\n<li>Informaci\u00f3n sobre prestaciones gubernamentales y recursos de servicios sociales, por ejemplo, LEAP, ODSB, Canada Dental Benefit, Trillium y m\u00e1s.<\/li>\n<\/ul>\n\n\n\n<p><strong>Solo con cita previa<\/strong><\/p>\n\n\n\n<ul class=\"wp-block-list\">\n<li>Ayuda con los formularios: LEAP, ODSB, Trillium y m\u00e1s.<\/li>\n\n\n\n<li>Apoyo a la salud mental<\/li>\n\n\n\n<li>Soporte para la navegaci\u00f3n del sistema<\/li>\n<\/ul>\n\n\n\n<h2 class=\"wp-block-heading has-white-color has-text-color has-background has-medium-font-size\" style=\"background-color:#10a1ea\">Criterios de elegibilidad<\/h2>\n\n\n\n<p>Este programa est\u00e1 disponible para cualquier persona que se encuentre dentro de nuestra zona de influencia.<\/p>\n\n\n\n<h2 class=\"wp-block-heading has-white-color has-text-color has-background has-medium-font-size\" style=\"background-color:#10a1ea\">Horario de atenci\u00f3n<\/h2>\n\n\n\n<p><strong>Servicios sin cita previa<\/strong>\u2013 Martes, mi\u00e9rcoles y viernes de 1:00 p. m. a 4:00 p. m.<\/p>\n\n\n\n<p><strong>Solo con cita previa. <\/strong>De lunes a viernes, de 8:30 a. m. a 4:30 p. m., llame al: 613-737-5115, ext. 2386.<\/p>\n\n\n\n<h2 class=\"wp-block-heading has-white-color has-text-color has-background has-medium-font-size\" style=\"background-color:#10a1ea\">Ubicaci\u00f3n<\/h2>\n\n\n\n<p>1355 Bank St, Suite 600, y por tel\u00e9fono: 613-737-5115 ext. 2386<\/p>","protected":false},"excerpt":{"rendered":"<p>Intake and Counselling Services provide strength-based, trauma informed support to individuals and families seeking to make positive changes in their lives. Our counselling is available one-on-one in person, virtually or by phone. Together, you\u2019ll explore what works best for you. Our team uses different approaches \u2013 like cognitive behavioural therapy, narrative therapy, mindfulness, motivational interviewing [&hellip;]<\/p>\n","protected":false},"author":1,"featured_media":5239,"parent":4542,"menu_order":0,"comment_status":"closed","ping_status":"closed","template":"template_program-page_psac.php","meta":{"_monsterinsights_skip_tracking":false,"_monsterinsights_sitenote_active":false,"_monsterinsights_sitenote_note":"","_monsterinsights_sitenote_category":0,"footnotes":"","_links_to":"","_links_to_target":""},"class_list":["post-4544","page","type-page","status-publish","has-post-thumbnail","hentry"],"aioseo_notices":[],"publishpress_future_workflow_manual_trigger":{"enabledWorkflows":[]},"rttpg_featured_image_url":{"full":["https:\/\/www.seochc.on.ca\/wp-content\/uploads\/2022\/03\/intake-and-counselling-services_featured-image.jpg",1200,630,false],"landscape":["https:\/\/www.seochc.on.ca\/wp-content\/uploads\/2022\/03\/intake-and-counselling-services_featured-image.jpg",1200,630,false],"portraits":["https:\/\/www.seochc.on.ca\/wp-content\/uploads\/2022\/03\/intake-and-counselling-services_featured-image.jpg",1200,630,false],"thumbnail":["https:\/\/www.seochc.on.ca\/wp-content\/uploads\/2022\/03\/intake-and-counselling-services_featured-image-150x150.jpg",150,150,true],"medium":["https:\/\/www.seochc.on.ca\/wp-content\/uploads\/2022\/03\/intake-and-counselling-services_featured-image-300x158.jpg",300,158,true],"large":["https:\/\/www.seochc.on.ca\/wp-content\/uploads\/2022\/03\/intake-and-counselling-services_featured-image-1024x538.jpg",1024,538,true],"1536x1536":["https:\/\/www.seochc.on.ca\/wp-content\/uploads\/2022\/03\/intake-and-counselling-services_featured-image.jpg",1200,630,false],"2048x2048":["https:\/\/www.seochc.on.ca\/wp-content\/uploads\/2022\/03\/intake-and-counselling-services_featured-image.jpg",1200,630,false],"trp-custom-language-flag":["https:\/\/www.seochc.on.ca\/wp-content\/uploads\/2022\/03\/intake-and-counselling-services_featured-image.jpg",18,9,false],"rt_custom":["https:\/\/www.seochc.on.ca\/wp-content\/uploads\/2022\/03\/intake-and-counselling-services_featured-image.jpg",1200,630,false]},"rttpg_author":{"display_name":"mastercontroller","author_link":"https:\/\/www.seochc.on.ca\/es\/author\/mastercontroller\/"},"rttpg_comment":0,"rttpg_category":null,"rttpg_excerpt":"Intake and Counselling Services provide strength-based, trauma informed support to individuals and families seeking to make positive changes in their lives. Our counselling is available one-on-one in person, virtually or by phone. Together, you\u2019ll explore what works best for you. Our team uses different approaches \u2013 like cognitive behavioural therapy, narrative therapy, mindfulness, motivational interviewing&hellip;","_links":{"self":[{"href":"https:\/\/www.seochc.on.ca\/es\/wp-json\/wp\/v2\/pages\/4544","targetHints":{"allow":["GET"]}}],"collection":[{"href":"https:\/\/www.seochc.on.ca\/es\/wp-json\/wp\/v2\/pages"}],"about":[{"href":"https:\/\/www.seochc.on.ca\/es\/wp-json\/wp\/v2\/types\/page"}],"author":[{"embeddable":true,"href":"https:\/\/www.seochc.on.ca\/es\/wp-json\/wp\/v2\/users\/1"}],"replies":[{"embeddable":true,"href":"https:\/\/www.seochc.on.ca\/es\/wp-json\/wp\/v2\/comments?post=4544"}],"version-history":[{"count":10,"href":"https:\/\/www.seochc.on.ca\/es\/wp-json\/wp\/v2\/pages\/4544\/revisions"}],"predecessor-version":[{"id":10026,"href":"https:\/\/www.seochc.on.ca\/es\/wp-json\/wp\/v2\/pages\/4544\/revisions\/10026"}],"up":[{"embeddable":true,"href":"https:\/\/www.seochc.on.ca\/es\/wp-json\/wp\/v2\/pages\/4542"}],"wp:featuredmedia":[{"embeddable":true,"href":"https:\/\/www.seochc.on.ca\/es\/wp-json\/wp\/v2\/media\/5239"}],"wp:attachment":[{"href":"https:\/\/www.seochc.on.ca\/es\/wp-json\/wp\/v2\/media?parent=4544"}],"curies":[{"name":"wp","href":"https:\/\/api.w.org\/{rel}","templated":true}]}}