{"id":4546,"date":"2022-02-11T18:43:19","date_gmt":"2022-02-11T18:43:19","guid":{"rendered":"https:\/\/www.seochc.on.ca\/?page_id=4546"},"modified":"2025-10-22T11:40:18","modified_gmt":"2025-10-22T15:40:18","slug":"food-navigation-and-supports","status":"publish","type":"page","link":"https:\/\/www.seochc.on.ca\/es\/programs-and-services\/practical-support-and-counselling\/food-navigation-and-supports\/","title":{"rendered":"Navegaci\u00f3n y apoyos alimentarios"},"content":{"rendered":"<div class=\"wp-block-image\">\n<figure class=\"alignright size-medium\"><img fetchpriority=\"high\" decoding=\"async\" width=\"300\" height=\"200\" src=\"https:\/\/www.seochc.on.ca\/wp-content\/uploads\/2022\/03\/food-support_inset-image-300x200.jpg\" alt=\"Assortment of perishable and non-perishable food items.\" class=\"wp-image-5226\" srcset=\"https:\/\/www.seochc.on.ca\/wp-content\/uploads\/2022\/03\/food-support_inset-image-300x200.jpg 300w, https:\/\/www.seochc.on.ca\/wp-content\/uploads\/2022\/03\/food-support_inset-image-768x512.jpg 768w, https:\/\/www.seochc.on.ca\/wp-content\/uploads\/2022\/03\/food-support_inset-image.jpg 800w\" sizes=\"(max-width: 300px) 100vw, 300px\" \/><\/figure>\n<\/div>\n\n\n<p>El Armario de Alimentos de Emergencia proporciona productos no perecederos a los hogares una vez al mes. <\/p>\n\n\n\n<p>Derivaciones a bancos de alimentos locales y otros apoyos alimentarios, as\u00ed como informaci\u00f3n sobre otros recursos comunitarios, incluidos programas estacionales (programas de regreso a clases, intercambio navide\u00f1o, cl\u00ednica comunitaria de voluntarios para la declaraci\u00f3n de impuestos) y ayuda con los formularios y beneficios gubernamentales.<\/p>\n\n\n\n<h2 class=\"wp-block-heading has-white-color has-text-color has-background has-medium-font-size\" style=\"background-color:#10a1ea\">Criterios de elegibilidad<\/h2>\n\n\n\n<p>Todos los que se encuentran en la zona de influencia<\/p>\n\n\n\n<h2 class=\"wp-block-heading has-white-color has-text-color has-background has-medium-font-size\" style=\"background-color:#10a1ea\">Horario de atenci\u00f3n<\/h2>\n\n\n\n<p>Lunes, sin cita previa, de 10:00 a 15:00.<\/p>\n\n\n\n<p>Jueves, solo con cita previa<\/p>\n\n\n\n<p>Llame al 613-737-5115, ext. 2386, para ponerse en contacto con un trabajador de admisi\u00f3n.<\/p>\n\n\n\n<h2 class=\"wp-block-heading has-white-color has-text-color has-background has-medium-font-size\" style=\"background-color:#10a1ea\">Ubicaci\u00f3n<\/h2>\n\n\n\n<p>1355 Bank St, Suite 600, Ottawa, ON<\/p>\n\n\n\n<p>3320 Paul Anka Dr., Ottawa, ON<\/p>\n\n\n\n<p><\/p>","protected":false},"excerpt":{"rendered":"<p>Emergency Food Cupboard provides non-perishable goods to households once a month. Referrals to local food banks and other food supports as well as information on other community resources including seasonal programs (back to school programs, Christmas Exchange, Community Volunteer Income Tax Clinic) and help with government forms and benefits. Eligibility Criteria Everyone in catchment Hours [&hellip;]<\/p>\n","protected":false},"author":1,"featured_media":5227,"parent":4542,"menu_order":0,"comment_status":"closed","ping_status":"closed","template":"template_program-page_psac.php","meta":{"_monsterinsights_skip_tracking":false,"_monsterinsights_sitenote_active":false,"_monsterinsights_sitenote_note":"","_monsterinsights_sitenote_category":0,"footnotes":"","_links_to":"","_links_to_target":""},"class_list":["post-4546","page","type-page","status-publish","has-post-thumbnail","hentry"],"aioseo_notices":[],"publishpress_future_workflow_manual_trigger":{"enabledWorkflows":[]},"rttpg_featured_image_url":{"full":["https:\/\/www.seochc.on.ca\/wp-content\/uploads\/2022\/03\/food-support_featured-image.jpg",1200,630,false],"landscape":["https:\/\/www.seochc.on.ca\/wp-content\/uploads\/2022\/03\/food-support_featured-image.jpg",1200,630,false],"portraits":["https:\/\/www.seochc.on.ca\/wp-content\/uploads\/2022\/03\/food-support_featured-image.jpg",1200,630,false],"thumbnail":["https:\/\/www.seochc.on.ca\/wp-content\/uploads\/2022\/03\/food-support_featured-image-150x150.jpg",150,150,true],"medium":["https:\/\/www.seochc.on.ca\/wp-content\/uploads\/2022\/03\/food-support_featured-image-300x158.jpg",300,158,true],"large":["https:\/\/www.seochc.on.ca\/wp-content\/uploads\/2022\/03\/food-support_featured-image-1024x538.jpg",1024,538,true],"1536x1536":["https:\/\/www.seochc.on.ca\/wp-content\/uploads\/2022\/03\/food-support_featured-image.jpg",1200,630,false],"2048x2048":["https:\/\/www.seochc.on.ca\/wp-content\/uploads\/2022\/03\/food-support_featured-image.jpg",1200,630,false],"trp-custom-language-flag":["https:\/\/www.seochc.on.ca\/wp-content\/uploads\/2022\/03\/food-support_featured-image.jpg",18,9,false],"rt_custom":["https:\/\/www.seochc.on.ca\/wp-content\/uploads\/2022\/03\/food-support_featured-image.jpg",1200,630,false]},"rttpg_author":{"display_name":"mastercontroller","author_link":"https:\/\/www.seochc.on.ca\/es\/author\/mastercontroller\/"},"rttpg_comment":0,"rttpg_category":null,"rttpg_excerpt":"Emergency Food Cupboard provides non-perishable goods to households once a month. Referrals to local food banks and other food supports as well as information on other community resources including seasonal programs (back to school programs, Christmas Exchange, Community Volunteer Income Tax Clinic) and help with government forms and benefits. Eligibility Criteria Everyone in catchment Hours&hellip;","_links":{"self":[{"href":"https:\/\/www.seochc.on.ca\/es\/wp-json\/wp\/v2\/pages\/4546","targetHints":{"allow":["GET"]}}],"collection":[{"href":"https:\/\/www.seochc.on.ca\/es\/wp-json\/wp\/v2\/pages"}],"about":[{"href":"https:\/\/www.seochc.on.ca\/es\/wp-json\/wp\/v2\/types\/page"}],"author":[{"embeddable":true,"href":"https:\/\/www.seochc.on.ca\/es\/wp-json\/wp\/v2\/users\/1"}],"replies":[{"embeddable":true,"href":"https:\/\/www.seochc.on.ca\/es\/wp-json\/wp\/v2\/comments?post=4546"}],"version-history":[{"count":6,"href":"https:\/\/www.seochc.on.ca\/es\/wp-json\/wp\/v2\/pages\/4546\/revisions"}],"predecessor-version":[{"id":9669,"href":"https:\/\/www.seochc.on.ca\/es\/wp-json\/wp\/v2\/pages\/4546\/revisions\/9669"}],"up":[{"embeddable":true,"href":"https:\/\/www.seochc.on.ca\/es\/wp-json\/wp\/v2\/pages\/4542"}],"wp:featuredmedia":[{"embeddable":true,"href":"https:\/\/www.seochc.on.ca\/es\/wp-json\/wp\/v2\/media\/5227"}],"wp:attachment":[{"href":"https:\/\/www.seochc.on.ca\/es\/wp-json\/wp\/v2\/media?parent=4546"}],"curies":[{"name":"wp","href":"https:\/\/api.w.org\/{rel}","templated":true}]}}