{"id":4548,"date":"2022-02-11T18:43:33","date_gmt":"2022-02-11T18:43:33","guid":{"rendered":"https:\/\/www.seochc.on.ca\/?page_id=4548"},"modified":"2025-10-15T11:14:52","modified_gmt":"2025-10-15T15:14:52","slug":"baby-cupboard","status":"publish","type":"page","link":"https:\/\/www.seochc.on.ca\/es\/programs-and-services\/children-and-family\/baby-cupboard\/","title":{"rendered":"Armario para beb\u00e9s"},"content":{"rendered":"<div class=\"wp-block-image\">\n<figure class=\"alignright size-medium\"><img fetchpriority=\"high\" decoding=\"async\" width=\"300\" height=\"248\" src=\"https:\/\/www.seochc.on.ca\/wp-content\/uploads\/2022\/03\/baby-cupboard_inset-image-300x248.jpg\" alt=\"A neatly arranged stack of diapers.\" class=\"wp-image-5214\" srcset=\"https:\/\/www.seochc.on.ca\/wp-content\/uploads\/2022\/03\/baby-cupboard_inset-image-300x248.jpg 300w, https:\/\/www.seochc.on.ca\/wp-content\/uploads\/2022\/03\/baby-cupboard_inset-image-768x636.jpg 768w, https:\/\/www.seochc.on.ca\/wp-content\/uploads\/2022\/03\/baby-cupboard_inset-image.jpg 800w\" sizes=\"(max-width: 300px) 100vw, 300px\" \/><\/figure>\n<\/div>\n\n\n<p>Nuestro Baby Cupboard proporciona pa\u00f1ales complementarios, sin costo alguno, a las familias de nuestra zona de influencia en Ottawa que tienen dificultades para adquirir los pa\u00f1ales necesarios para sus hijos. Se proporciona un suministro mensual de pa\u00f1ales a las familias elegibles con ni\u00f1os menores de 3 a\u00f1os. *Tallas disponibles: 1-6.<\/p>\n\n\n\n<h2 class=\"wp-block-heading has-white-color has-text-color has-background has-medium-font-size\" style=\"background-color:#10a1ea\">Criterios de elegibilidad<\/h2>\n\n\n\n<p>Familias que viven en la zona de influencia, con hijos menores de 3 a\u00f1os. <\/p>\n\n\n\n<p>Se requiere identificaci\u00f3n para confirmar la fecha de nacimiento.<\/p>\n\n\n\n<p><\/p>\n\n\n\n<h2 class=\"wp-block-heading has-white-color has-text-color has-background has-medium-font-size\" style=\"background-color:#10a1ea\">Horario de atenci\u00f3n<\/h2>\n\n\n\n<p>Bank Street Play and Learn (Jugar y aprender en Bank Street) Lunes de 1 a 4 p. m. \u2013 Solo con cita previa <br>Llame al 613-737-5115, ext. 3155.<\/p>\n\n\n\n<p>Casa comunitaria Early ON<br>Martes, de 1:30 a 4:30 p. m. \u2013 Sin cita previa.<\/p>\n\n\n\n<p>La recogida se realiza en un solo lugar.<\/p>\n\n\n\n<h2 class=\"wp-block-heading has-white-color has-text-color has-background has-medium-font-size\" style=\"background-color:#10a1ea\">Ubicaci\u00f3n<\/h2>\n\n\n\n<p>Jugar y aprender 1355 Bank St., Suite 600, Ottawa, ON<\/p>\n\n\n\n<p>Early ON Community House 1485 Heatherington Rd, Unidad 22, Ottawa, Ontario.<\/p>","protected":false},"excerpt":{"rendered":"<p>Our Baby Cupboard provides supplemental diapers, free of charge, to families in our Ottawa catchment who struggle to acquire the necessary baby diapers for their child or children. A monthly supply of diapers is provided to eligible families with children under 3 years of age. *Sizes 1-6 available Eligibility Criteria Families living in catchment, with [&hellip;]<\/p>\n","protected":false},"author":1,"featured_media":5215,"parent":4506,"menu_order":0,"comment_status":"closed","ping_status":"closed","template":"template_program-page_psac.php","meta":{"_monsterinsights_skip_tracking":false,"_monsterinsights_sitenote_active":false,"_monsterinsights_sitenote_note":"","_monsterinsights_sitenote_category":0,"footnotes":"","_links_to":"","_links_to_target":""},"class_list":["post-4548","page","type-page","status-publish","has-post-thumbnail","hentry"],"aioseo_notices":[],"publishpress_future_workflow_manual_trigger":{"enabledWorkflows":[]},"rttpg_featured_image_url":{"full":["https:\/\/www.seochc.on.ca\/wp-content\/uploads\/2022\/03\/baby-cupboard_featured-image.jpg",1200,630,false],"landscape":["https:\/\/www.seochc.on.ca\/wp-content\/uploads\/2022\/03\/baby-cupboard_featured-image.jpg",1200,630,false],"portraits":["https:\/\/www.seochc.on.ca\/wp-content\/uploads\/2022\/03\/baby-cupboard_featured-image.jpg",1200,630,false],"thumbnail":["https:\/\/www.seochc.on.ca\/wp-content\/uploads\/2022\/03\/baby-cupboard_featured-image-150x150.jpg",150,150,true],"medium":["https:\/\/www.seochc.on.ca\/wp-content\/uploads\/2022\/03\/baby-cupboard_featured-image-300x158.jpg",300,158,true],"large":["https:\/\/www.seochc.on.ca\/wp-content\/uploads\/2022\/03\/baby-cupboard_featured-image-1024x538.jpg",1024,538,true],"1536x1536":["https:\/\/www.seochc.on.ca\/wp-content\/uploads\/2022\/03\/baby-cupboard_featured-image.jpg",1200,630,false],"2048x2048":["https:\/\/www.seochc.on.ca\/wp-content\/uploads\/2022\/03\/baby-cupboard_featured-image.jpg",1200,630,false],"trp-custom-language-flag":["https:\/\/www.seochc.on.ca\/wp-content\/uploads\/2022\/03\/baby-cupboard_featured-image.jpg",18,9,false],"rt_custom":["https:\/\/www.seochc.on.ca\/wp-content\/uploads\/2022\/03\/baby-cupboard_featured-image.jpg",1200,630,false]},"rttpg_author":{"display_name":"mastercontroller","author_link":"https:\/\/www.seochc.on.ca\/es\/author\/mastercontroller\/"},"rttpg_comment":0,"rttpg_category":null,"rttpg_excerpt":"Our Baby Cupboard provides supplemental diapers, free of charge, to families in our Ottawa catchment who struggle to acquire the necessary baby diapers for their child or children. A monthly supply of diapers is provided to eligible families with children under 3 years of age. *Sizes 1-6 available Eligibility Criteria Families living in catchment, with&hellip;","_links":{"self":[{"href":"https:\/\/www.seochc.on.ca\/es\/wp-json\/wp\/v2\/pages\/4548","targetHints":{"allow":["GET"]}}],"collection":[{"href":"https:\/\/www.seochc.on.ca\/es\/wp-json\/wp\/v2\/pages"}],"about":[{"href":"https:\/\/www.seochc.on.ca\/es\/wp-json\/wp\/v2\/types\/page"}],"author":[{"embeddable":true,"href":"https:\/\/www.seochc.on.ca\/es\/wp-json\/wp\/v2\/users\/1"}],"replies":[{"embeddable":true,"href":"https:\/\/www.seochc.on.ca\/es\/wp-json\/wp\/v2\/comments?post=4548"}],"version-history":[{"count":9,"href":"https:\/\/www.seochc.on.ca\/es\/wp-json\/wp\/v2\/pages\/4548\/revisions"}],"predecessor-version":[{"id":9306,"href":"https:\/\/www.seochc.on.ca\/es\/wp-json\/wp\/v2\/pages\/4548\/revisions\/9306"}],"up":[{"embeddable":true,"href":"https:\/\/www.seochc.on.ca\/es\/wp-json\/wp\/v2\/pages\/4506"}],"wp:featuredmedia":[{"embeddable":true,"href":"https:\/\/www.seochc.on.ca\/es\/wp-json\/wp\/v2\/media\/5215"}],"wp:attachment":[{"href":"https:\/\/www.seochc.on.ca\/es\/wp-json\/wp\/v2\/media?parent=4548"}],"curies":[{"name":"wp","href":"https:\/\/api.w.org\/{rel}","templated":true}]}}