{"id":4550,"date":"2022-02-11T18:43:53","date_gmt":"2022-02-11T18:43:53","guid":{"rendered":"https:\/\/www.seochc.on.ca\/?page_id=4550"},"modified":"2025-10-21T10:23:41","modified_gmt":"2025-10-21T14:23:41","slug":"income-support-and-advocacy","status":"publish","type":"page","link":"https:\/\/www.seochc.on.ca\/es\/programs-and-services\/practical-support-and-counselling\/income-support-and-advocacy\/","title":{"rendered":"Apoyo econ\u00f3mico y defensa"},"content":{"rendered":"<div class=\"wp-block-image\">\n<figure class=\"alignright size-medium\"><img fetchpriority=\"high\" decoding=\"async\" width=\"300\" height=\"200\" src=\"https:\/\/www.seochc.on.ca\/wp-content\/uploads\/2022\/03\/income-support-and-advocacy_inset-image-300x200.jpg\" alt=\"A lightbulb and a tiny house sitting on a table next to a calculator.\" class=\"wp-image-5234\" srcset=\"https:\/\/www.seochc.on.ca\/wp-content\/uploads\/2022\/03\/income-support-and-advocacy_inset-image-300x200.jpg 300w, https:\/\/www.seochc.on.ca\/wp-content\/uploads\/2022\/03\/income-support-and-advocacy_inset-image-768x512.jpg 768w, https:\/\/www.seochc.on.ca\/wp-content\/uploads\/2022\/03\/income-support-and-advocacy_inset-image.jpg 800w\" sizes=\"(max-width: 300px) 100vw, 300px\" \/><\/figure>\n<\/div>\n\n\n<p>Los trabajadores de admisi\u00f3n proporcionan informaci\u00f3n sobre los recursos comunitarios y los programas gubernamentales.<\/p>\n\n\n\n<p>Se invita a los miembros de la comunidad a buscar apoyo y referencias en un entorno centrado en el cliente y sensible al trauma.<\/p>\n\n\n\n<p>Los servicios incluyen defensa, orientaci\u00f3n sobre el sistema, ayuda con los formularios y la solicitud de subsidios y prestaciones gubernamentales, y derivaciones a servicios de salud mental. El servicio de admisi\u00f3n ofrece dos descuentos en la factura de energ\u00eda (OESP y LEAP), programas estacionales, despensa de alimentos de emergencia y Gift of Sight.<\/p>\n\n\n\n<p>Ayudamos a las familias a completar su revisi\u00f3n anual de ingresos con Ottawa Community Housing (NOTA: no hay trabajadores sociales. Todas las dem\u00e1s consultas sobre vivienda se remitir\u00e1n a organismos asociados como Housing Help, Action Lodgment, la ciudad de Ottawa y el Registro de Vivienda).<\/p>\n\n\n\n<p>Servicios disponibles en ingl\u00e9s, franc\u00e9s, \u00e1rabe y espa\u00f1ol.<\/p>\n\n\n\n<h2 class=\"wp-block-heading has-white-color has-text-color has-background has-medium-font-size\" style=\"background-color:#10a1ea\">Criterios de elegibilidad<\/h2>\n\n\n\n<p>Todos en la zona de influencia.<\/p>\n\n\n\n<p>Algunos programas tienen requisitos adicionales y criterios de elegibilidad, por ejemplo, documentaci\u00f3n acreditativa para demostrar la identidad, los ingresos y la residencia. No se aplican cuotas en ning\u00fan caso.<\/p>\n\n\n\n<h2 class=\"wp-block-heading has-white-color has-text-color has-background has-medium-font-size\" style=\"background-color:#10a1ea\">Horario de atenci\u00f3n<\/h2>\n\n\n\n<p>Horario de atenci\u00f3n: martes, mi\u00e9rcoles y viernes de 1:00 p. m. a 4:00 p. m.<\/p>\n\n\n\n<p>Con cita previa: de lunes a viernes, de 8:30 a 16:30.<\/p>\n\n\n\n<p>Citas presenciales, virtuales y telef\u00f3nicas disponibles. Llame al: (613) 737-5115, ext. 2386, en horario de oficina, de lunes a viernes.<\/p>\n\n\n\n<h2 class=\"wp-block-heading has-white-color has-text-color has-background has-medium-font-size\" style=\"background-color:#10a1ea\">Ubicaci\u00f3n<\/h2>\n\n\n\n<p>Servicio ofrecido de manera virtual o presencial.<\/p>\n\n\n\n<p>Llame al (613) 737-5115, extensi\u00f3n 2386, para programar una cita.<\/p>\n\n\n\n<p>Horario de atenci\u00f3n al p\u00fablico en 1355 Bank St, suite 600.<\/p>","protected":false},"excerpt":{"rendered":"<p>Intake workers provide information on community resources and government programs. Community members invited to seek support and referrals in trauma-informed, client-centric Services include advocacy, system navigation, help with forms and applying for government subsidies and benefits, and mental health referrals. Intake offers two energy rebates (OESP and LEAP), seasonal programs, Emergency Food Cupboard and Gift [&hellip;]<\/p>\n","protected":false},"author":1,"featured_media":5235,"parent":4542,"menu_order":0,"comment_status":"closed","ping_status":"closed","template":"template_program-page_psac.php","meta":{"_monsterinsights_skip_tracking":false,"_monsterinsights_sitenote_active":false,"_monsterinsights_sitenote_note":"","_monsterinsights_sitenote_category":0,"footnotes":"","_links_to":"","_links_to_target":""},"class_list":["post-4550","page","type-page","status-publish","has-post-thumbnail","hentry"],"aioseo_notices":[],"publishpress_future_workflow_manual_trigger":{"enabledWorkflows":[]},"rttpg_featured_image_url":{"full":["https:\/\/www.seochc.on.ca\/wp-content\/uploads\/2022\/03\/income-support-and-advocacy_featured-image.jpg",1200,630,false],"landscape":["https:\/\/www.seochc.on.ca\/wp-content\/uploads\/2022\/03\/income-support-and-advocacy_featured-image.jpg",1200,630,false],"portraits":["https:\/\/www.seochc.on.ca\/wp-content\/uploads\/2022\/03\/income-support-and-advocacy_featured-image.jpg",1200,630,false],"thumbnail":["https:\/\/www.seochc.on.ca\/wp-content\/uploads\/2022\/03\/income-support-and-advocacy_featured-image-150x150.jpg",150,150,true],"medium":["https:\/\/www.seochc.on.ca\/wp-content\/uploads\/2022\/03\/income-support-and-advocacy_featured-image-300x158.jpg",300,158,true],"large":["https:\/\/www.seochc.on.ca\/wp-content\/uploads\/2022\/03\/income-support-and-advocacy_featured-image-1024x538.jpg",1024,538,true],"1536x1536":["https:\/\/www.seochc.on.ca\/wp-content\/uploads\/2022\/03\/income-support-and-advocacy_featured-image.jpg",1200,630,false],"2048x2048":["https:\/\/www.seochc.on.ca\/wp-content\/uploads\/2022\/03\/income-support-and-advocacy_featured-image.jpg",1200,630,false],"trp-custom-language-flag":["https:\/\/www.seochc.on.ca\/wp-content\/uploads\/2022\/03\/income-support-and-advocacy_featured-image.jpg",18,9,false],"rt_custom":["https:\/\/www.seochc.on.ca\/wp-content\/uploads\/2022\/03\/income-support-and-advocacy_featured-image.jpg",1200,630,false]},"rttpg_author":{"display_name":"mastercontroller","author_link":"https:\/\/www.seochc.on.ca\/es\/author\/mastercontroller\/"},"rttpg_comment":0,"rttpg_category":null,"rttpg_excerpt":"Intake workers provide information on community resources and government programs. Community members invited to seek support and referrals in trauma-informed, client-centric Services include advocacy, system navigation, help with forms and applying for government subsidies and benefits, and mental health referrals. Intake offers two energy rebates (OESP and LEAP), seasonal programs, Emergency Food Cupboard and Gift&hellip;","_links":{"self":[{"href":"https:\/\/www.seochc.on.ca\/es\/wp-json\/wp\/v2\/pages\/4550","targetHints":{"allow":["GET"]}}],"collection":[{"href":"https:\/\/www.seochc.on.ca\/es\/wp-json\/wp\/v2\/pages"}],"about":[{"href":"https:\/\/www.seochc.on.ca\/es\/wp-json\/wp\/v2\/types\/page"}],"author":[{"embeddable":true,"href":"https:\/\/www.seochc.on.ca\/es\/wp-json\/wp\/v2\/users\/1"}],"replies":[{"embeddable":true,"href":"https:\/\/www.seochc.on.ca\/es\/wp-json\/wp\/v2\/comments?post=4550"}],"version-history":[{"count":5,"href":"https:\/\/www.seochc.on.ca\/es\/wp-json\/wp\/v2\/pages\/4550\/revisions"}],"predecessor-version":[{"id":9657,"href":"https:\/\/www.seochc.on.ca\/es\/wp-json\/wp\/v2\/pages\/4550\/revisions\/9657"}],"up":[{"embeddable":true,"href":"https:\/\/www.seochc.on.ca\/es\/wp-json\/wp\/v2\/pages\/4542"}],"wp:featuredmedia":[{"embeddable":true,"href":"https:\/\/www.seochc.on.ca\/es\/wp-json\/wp\/v2\/media\/5235"}],"wp:attachment":[{"href":"https:\/\/www.seochc.on.ca\/es\/wp-json\/wp\/v2\/media?parent=4550"}],"curies":[{"name":"wp","href":"https:\/\/api.w.org\/{rel}","templated":true}]}}