{"id":4560,"date":"2022-02-11T18:47:03","date_gmt":"2022-02-11T18:47:03","guid":{"rendered":"https:\/\/www.seochc.on.ca\/?page_id=4560"},"modified":"2025-10-22T13:44:29","modified_gmt":"2025-10-22T17:44:29","slug":"harm-reduction-supplies","status":"publish","type":"page","link":"https:\/\/www.seochc.on.ca\/es\/programs-and-services\/practical-support-and-counselling\/harm-reduction-supplies\/","title":{"rendered":"Suministros para la reducci\u00f3n de da\u00f1os"},"content":{"rendered":"<div class=\"wp-block-image\">\n<figure class=\"alignright size-medium\"><img fetchpriority=\"high\" decoding=\"async\" width=\"300\" height=\"200\" src=\"https:\/\/www.seochc.on.ca\/wp-content\/uploads\/2022\/03\/harm-reduction-supplies_inset-image-300x200.jpg\" alt=\"Closeup of a hand passing a loaded syringe to another hand.\" class=\"wp-image-5230\" srcset=\"https:\/\/www.seochc.on.ca\/wp-content\/uploads\/2022\/03\/harm-reduction-supplies_inset-image-300x200.jpg 300w, https:\/\/www.seochc.on.ca\/wp-content\/uploads\/2022\/03\/harm-reduction-supplies_inset-image-768x513.jpg 768w, https:\/\/www.seochc.on.ca\/wp-content\/uploads\/2022\/03\/harm-reduction-supplies_inset-image.jpg 800w\" sizes=\"(max-width: 300px) 100vw, 300px\" \/><\/figure>\n<\/div>\n\n\n<p>El Programa de intercambio an\u00f3nimo de agujas y inhalaci\u00f3n m\u00e1s segura (NESI) ofrece servicios de reducci\u00f3n de da\u00f1os para personas que consumen drogas. El apoyo incluye suministros para una inhalaci\u00f3n e inyecci\u00f3n m\u00e1s seguras, as\u00ed como la recolecci\u00f3n y eliminaci\u00f3n de equipos usados en un entorno comprensivo y sin prejuicios.<\/p>\n\n\n\n<p>Kits de naloxona disponibles.<\/p>\n\n\n\n<p>Este programa proporciona informaci\u00f3n sobre los recursos comunitarios y ofrece referencias a servicios comunitarios, sanitarios y sociales.<\/p>\n\n\n\n<h2 class=\"wp-block-heading has-white-color has-text-color has-background has-medium-font-size\" style=\"background-color:#10a1ea\">Criterios de elegibilidad<\/h2>\n\n\n\n<p>Cualquier persona que consuma drogas y viva en la zona de Ottawa.<\/p>\n\n\n\n<h2 class=\"wp-block-heading has-white-color has-text-color has-background has-medium-font-size\" style=\"background-color:#10a1ea\">Horario de atenci\u00f3n<\/h2>\n\n\n\n<p>De lunes a viernes, de 1:00 a 4:00 p. m.<\/p>\n\n\n\n<h2 class=\"wp-block-heading has-white-color has-text-color has-background has-medium-font-size\" style=\"background-color:#10a1ea\">Ubicaci\u00f3n<\/h2>\n\n\n\n<p>1355 Bank St., Suite 600, Ottawa, ON<\/p>","protected":false},"excerpt":{"rendered":"<p>The anonymous needle exchange &amp; safer inhalation (NESI) Program offers harm reduction services for people who use drugs. Supports include safer inhalation &amp; injection supplies, collection and disposal of used equipment in a non-judgmental and supportive environment. Naloxone kits available. This program provides information on community resources and offers referrals to community, health and social [&hellip;]<\/p>\n","protected":false},"author":1,"featured_media":5231,"parent":4542,"menu_order":0,"comment_status":"closed","ping_status":"closed","template":"template_program-page_psac.php","meta":{"_monsterinsights_skip_tracking":false,"_monsterinsights_sitenote_active":false,"_monsterinsights_sitenote_note":"","_monsterinsights_sitenote_category":0,"footnotes":"","_links_to":"","_links_to_target":""},"class_list":["post-4560","page","type-page","status-publish","has-post-thumbnail","hentry"],"aioseo_notices":[],"publishpress_future_workflow_manual_trigger":{"enabledWorkflows":[]},"rttpg_featured_image_url":{"full":["https:\/\/www.seochc.on.ca\/wp-content\/uploads\/2022\/03\/harm-reduction-supplies_featured-image.jpg",1200,630,false],"landscape":["https:\/\/www.seochc.on.ca\/wp-content\/uploads\/2022\/03\/harm-reduction-supplies_featured-image.jpg",1200,630,false],"portraits":["https:\/\/www.seochc.on.ca\/wp-content\/uploads\/2022\/03\/harm-reduction-supplies_featured-image.jpg",1200,630,false],"thumbnail":["https:\/\/www.seochc.on.ca\/wp-content\/uploads\/2022\/03\/harm-reduction-supplies_featured-image-150x150.jpg",150,150,true],"medium":["https:\/\/www.seochc.on.ca\/wp-content\/uploads\/2022\/03\/harm-reduction-supplies_featured-image-300x158.jpg",300,158,true],"large":["https:\/\/www.seochc.on.ca\/wp-content\/uploads\/2022\/03\/harm-reduction-supplies_featured-image-1024x538.jpg",1024,538,true],"1536x1536":["https:\/\/www.seochc.on.ca\/wp-content\/uploads\/2022\/03\/harm-reduction-supplies_featured-image.jpg",1200,630,false],"2048x2048":["https:\/\/www.seochc.on.ca\/wp-content\/uploads\/2022\/03\/harm-reduction-supplies_featured-image.jpg",1200,630,false],"trp-custom-language-flag":["https:\/\/www.seochc.on.ca\/wp-content\/uploads\/2022\/03\/harm-reduction-supplies_featured-image.jpg",18,9,false],"rt_custom":["https:\/\/www.seochc.on.ca\/wp-content\/uploads\/2022\/03\/harm-reduction-supplies_featured-image.jpg",1200,630,false]},"rttpg_author":{"display_name":"mastercontroller","author_link":"https:\/\/www.seochc.on.ca\/es\/author\/mastercontroller\/"},"rttpg_comment":0,"rttpg_category":null,"rttpg_excerpt":"The anonymous needle exchange &amp; safer inhalation (NESI) Program offers harm reduction services for people who use drugs. Supports include safer inhalation &amp; injection supplies, collection and disposal of used equipment in a non-judgmental and supportive environment. Naloxone kits available. This program provides information on community resources and offers referrals to community, health and social&hellip;","_links":{"self":[{"href":"https:\/\/www.seochc.on.ca\/es\/wp-json\/wp\/v2\/pages\/4560","targetHints":{"allow":["GET"]}}],"collection":[{"href":"https:\/\/www.seochc.on.ca\/es\/wp-json\/wp\/v2\/pages"}],"about":[{"href":"https:\/\/www.seochc.on.ca\/es\/wp-json\/wp\/v2\/types\/page"}],"author":[{"embeddable":true,"href":"https:\/\/www.seochc.on.ca\/es\/wp-json\/wp\/v2\/users\/1"}],"replies":[{"embeddable":true,"href":"https:\/\/www.seochc.on.ca\/es\/wp-json\/wp\/v2\/comments?post=4560"}],"version-history":[{"count":5,"href":"https:\/\/www.seochc.on.ca\/es\/wp-json\/wp\/v2\/pages\/4560\/revisions"}],"predecessor-version":[{"id":9684,"href":"https:\/\/www.seochc.on.ca\/es\/wp-json\/wp\/v2\/pages\/4560\/revisions\/9684"}],"up":[{"embeddable":true,"href":"https:\/\/www.seochc.on.ca\/es\/wp-json\/wp\/v2\/pages\/4542"}],"wp:featuredmedia":[{"embeddable":true,"href":"https:\/\/www.seochc.on.ca\/es\/wp-json\/wp\/v2\/media\/5231"}],"wp:attachment":[{"href":"https:\/\/www.seochc.on.ca\/es\/wp-json\/wp\/v2\/media?parent=4560"}],"curies":[{"name":"wp","href":"https:\/\/api.w.org\/{rel}","templated":true}]}}