{"id":4564,"date":"2022-02-11T18:47:46","date_gmt":"2022-02-11T18:47:46","guid":{"rendered":"https:\/\/www.seochc.on.ca\/?page_id=4564"},"modified":"2025-10-16T11:26:17","modified_gmt":"2025-10-16T15:26:17","slug":"youth-services","status":"publish","type":"page","link":"https:\/\/www.seochc.on.ca\/es\/programs-and-services\/community-services\/youth-services\/","title":{"rendered":"Servicios para j\u00f3venes"},"content":{"rendered":"<div class=\"wp-block-image\">\n<figure class=\"alignright size-medium\"><img fetchpriority=\"high\" decoding=\"async\" width=\"268\" height=\"300\" src=\"https:\/\/www.seochc.on.ca\/wp-content\/uploads\/2022\/03\/youth-services_inset-image-1-268x300.jpg\" alt=\"three youths from seochc posing for portraits\" class=\"wp-image-4983\" srcset=\"https:\/\/www.seochc.on.ca\/wp-content\/uploads\/2022\/03\/youth-services_inset-image-1-268x300.jpg 268w, https:\/\/www.seochc.on.ca\/wp-content\/uploads\/2022\/03\/youth-services_inset-image-1-768x858.jpg 768w, https:\/\/www.seochc.on.ca\/wp-content\/uploads\/2022\/03\/youth-services_inset-image-1.jpg 800w\" sizes=\"(max-width: 268px) 100vw, 268px\" \/><\/figure>\n<\/div>\n\n\n<p>Ofrecemos una variedad de servicios para j\u00f3venes y programas de promoci\u00f3n de la salud para ni\u00f1os en Ottawa que abordan los determinantes sociales de la salud. Estos servicios y programas incluyen centros de acogida para j\u00f3venes, clubes de tareas, programas recreativos, programas de verano en parques, apoyo para el empleo, tutor\u00edas y mucho m\u00e1s. Nuestros programas para j\u00f3venes est\u00e1n dise\u00f1ados para ser accesibles y atraer a los ni\u00f1os y j\u00f3venes m\u00e1s vulnerables que viven en nuestra zona de influencia de Ottawa.<\/p>\n\n\n\n<h2 class=\"wp-block-heading has-white-color has-text-color has-background has-medium-font-size\" style=\"background-color:#10a1ea\">Criterios de elegibilidad<\/h2>\n\n\n\n<p>Nuestros servicios para j\u00f3venes est\u00e1n dirigidos a ni\u00f1os y j\u00f3venes de entre 12 y 18 a\u00f1os que viven en la zona sureste de Ottawa.<\/p>\n\n\n\n<p>Para obtener m\u00e1s informaci\u00f3n sobre los pr\u00f3ximos talleres, oportunidades de capacitaci\u00f3n o proyectos, llame a nuestro promotor de salud para j\u00f3venes al: (613) 737-7195, ext. 3240.<\/p>\n\n\n\n<h2 class=\"wp-block-heading has-white-color has-text-color has-background has-medium-font-size\" style=\"background-color:#10a1ea\">Horario de atenci\u00f3n<\/h2>\n\n\n\n<div class=\"wp-block-group is-vertical is-layout-flex wp-container-core-group-is-layout-8cf370e7 wp-block-group-is-layout-flex\">\n<div class=\"wp-block-group is-vertical is-layout-flex wp-container-core-group-is-layout-8cf370e7 wp-block-group-is-layout-flex\">\n<p><\/p>\n\n\n\n<p>Hunt Club Riverside:<\/p>\n\n\n\n<p><strong>Zona Juvenil<\/strong> : Viernes de 5 a 9 p. m.<\/p>\n<\/div>\n\n\n\n<p><strong>Chicas en movimiento<\/strong> : Mi\u00e9rcoles de 6 a 8 de la tarde.<\/p>\n<\/div>\n\n\n\n<div class=\"wp-block-group is-vertical is-layout-flex wp-container-core-group-is-layout-8cf370e7 wp-block-group-is-layout-flex\">\n<p><\/p>\n\n\n\n<p><\/p>\n\n\n\n<p>Club familiar BGC Taggart Park<\/p>\n\n\n\n<p><strong>Punto caliente<\/strong>: Jueves de 6 a 8 de la tarde.<\/p>\n<\/div>\n\n\n\n<p><\/p>\n\n\n\n<h2 class=\"wp-block-heading has-white-color has-text-color has-background has-medium-font-size\" style=\"background-color:#10a1ea\">Ubicaci\u00f3n<\/h2>\n\n\n\n<p>Club de caza Zona juvenil:<br>3320 Paul Anka Drive (Centro Comunitario Hunt Club Riverside)<\/p>\n\n\n\n<p>Club familiar BGC Taggart Park:<br>1770 Heatherington Rd<\/p>\n\n\n\n<div class=\"wp-block-columns is-layout-flex wp-container-core-columns-is-layout-9d6595d7 wp-block-columns-is-layout-flex\">\n<div class=\"wp-block-column is-layout-flow wp-block-column-is-layout-flow\">\n<figure class=\"wp-block-image size-large\"><img decoding=\"async\" width=\"725\" height=\"1024\" src=\"https:\/\/www.seochc.on.ca\/wp-content\/uploads\/2022\/03\/youth-services_inset-image-2-725x1024.jpg\" alt=\"Boy with pink hoodie leaning back with arms folded.\" class=\"wp-image-4990\" srcset=\"https:\/\/www.seochc.on.ca\/wp-content\/uploads\/2022\/03\/youth-services_inset-image-2-725x1024.jpg 725w, https:\/\/www.seochc.on.ca\/wp-content\/uploads\/2022\/03\/youth-services_inset-image-2-212x300.jpg 212w, https:\/\/www.seochc.on.ca\/wp-content\/uploads\/2022\/03\/youth-services_inset-image-2-768x1085.jpg 768w, https:\/\/www.seochc.on.ca\/wp-content\/uploads\/2022\/03\/youth-services_inset-image-2.jpg 800w\" sizes=\"(max-width: 725px) 100vw, 725px\" \/><\/figure>\n<\/div>\n\n\n\n<div class=\"wp-block-column is-layout-flow wp-block-column-is-layout-flow\">\n<figure class=\"wp-block-image size-large\"><img decoding=\"async\" width=\"725\" height=\"1024\" src=\"https:\/\/www.seochc.on.ca\/wp-content\/uploads\/2022\/03\/youth-services_inset-image-3-725x1024.jpg\" alt=\"Girl wearing hijab resting her head on her hands.\" class=\"wp-image-4991\" srcset=\"https:\/\/www.seochc.on.ca\/wp-content\/uploads\/2022\/03\/youth-services_inset-image-3-725x1024.jpg 725w, https:\/\/www.seochc.on.ca\/wp-content\/uploads\/2022\/03\/youth-services_inset-image-3-212x300.jpg 212w, https:\/\/www.seochc.on.ca\/wp-content\/uploads\/2022\/03\/youth-services_inset-image-3-768x1085.jpg 768w, https:\/\/www.seochc.on.ca\/wp-content\/uploads\/2022\/03\/youth-services_inset-image-3.jpg 800w\" sizes=\"(max-width: 725px) 100vw, 725px\" \/><\/figure>\n<\/div>\n\n\n\n<div class=\"wp-block-column is-layout-flow wp-block-column-is-layout-flow\">\n<figure class=\"wp-block-image size-large\"><img loading=\"lazy\" decoding=\"async\" width=\"725\" height=\"1024\" src=\"https:\/\/www.seochc.on.ca\/wp-content\/uploads\/2022\/03\/youth-services_inset-image-4-725x1024.jpg\" alt=\"Boy staring up into the distant right.\" class=\"wp-image-4988\" srcset=\"https:\/\/www.seochc.on.ca\/wp-content\/uploads\/2022\/03\/youth-services_inset-image-4-725x1024.jpg 725w, https:\/\/www.seochc.on.ca\/wp-content\/uploads\/2022\/03\/youth-services_inset-image-4-212x300.jpg 212w, https:\/\/www.seochc.on.ca\/wp-content\/uploads\/2022\/03\/youth-services_inset-image-4-768x1085.jpg 768w, https:\/\/www.seochc.on.ca\/wp-content\/uploads\/2022\/03\/youth-services_inset-image-4.jpg 800w\" sizes=\"(max-width: 725px) 100vw, 725px\" \/><\/figure>\n<\/div>\n\n\n\n<div class=\"wp-block-column is-layout-flow wp-block-column-is-layout-flow\">\n<figure class=\"wp-block-image size-large\"><img loading=\"lazy\" decoding=\"async\" width=\"725\" height=\"1024\" src=\"https:\/\/www.seochc.on.ca\/wp-content\/uploads\/2022\/03\/youth-services_inset-image-5-725x1024.jpg\" alt=\"Girl wearing hijab resting her chin on clasped hands. \" class=\"wp-image-4987\" srcset=\"https:\/\/www.seochc.on.ca\/wp-content\/uploads\/2022\/03\/youth-services_inset-image-5-725x1024.jpg 725w, https:\/\/www.seochc.on.ca\/wp-content\/uploads\/2022\/03\/youth-services_inset-image-5-212x300.jpg 212w, https:\/\/www.seochc.on.ca\/wp-content\/uploads\/2022\/03\/youth-services_inset-image-5-768x1085.jpg 768w, https:\/\/www.seochc.on.ca\/wp-content\/uploads\/2022\/03\/youth-services_inset-image-5.jpg 800w\" sizes=\"(max-width: 725px) 100vw, 725px\" \/><\/figure>\n<\/div>\n<\/div>\n\n\n\n<p><\/p>","protected":false},"excerpt":{"rendered":"<p>We offer a range of Youth Services and Health Promotion programs for children in Ottawa that address the social determinants of health. These services and programs include youth drop-ins, homework clubs, recreation programs, summer park programs, employment support, mentoring and much more. Our Youth programs are designed to be barrier free and engage more vulnerable [&hellip;]<\/p>\n","protected":false},"author":1,"featured_media":4993,"parent":4562,"menu_order":0,"comment_status":"closed","ping_status":"closed","template":"template_program-page_cs.php","meta":{"_monsterinsights_skip_tracking":false,"_monsterinsights_sitenote_active":false,"_monsterinsights_sitenote_note":"","_monsterinsights_sitenote_category":0,"footnotes":"","_links_to":"","_links_to_target":""},"class_list":["post-4564","page","type-page","status-publish","has-post-thumbnail","hentry"],"aioseo_notices":[],"publishpress_future_workflow_manual_trigger":{"enabledWorkflows":[]},"rttpg_featured_image_url":{"full":["https:\/\/www.seochc.on.ca\/wp-content\/uploads\/2022\/03\/youth-services_featured-image.jpg",1200,630,false],"landscape":["https:\/\/www.seochc.on.ca\/wp-content\/uploads\/2022\/03\/youth-services_featured-image.jpg",1200,630,false],"portraits":["https:\/\/www.seochc.on.ca\/wp-content\/uploads\/2022\/03\/youth-services_featured-image.jpg",1200,630,false],"thumbnail":["https:\/\/www.seochc.on.ca\/wp-content\/uploads\/2022\/03\/youth-services_featured-image-150x150.jpg",150,150,true],"medium":["https:\/\/www.seochc.on.ca\/wp-content\/uploads\/2022\/03\/youth-services_featured-image-300x158.jpg",300,158,true],"large":["https:\/\/www.seochc.on.ca\/wp-content\/uploads\/2022\/03\/youth-services_featured-image-1024x538.jpg",1024,538,true],"1536x1536":["https:\/\/www.seochc.on.ca\/wp-content\/uploads\/2022\/03\/youth-services_featured-image.jpg",1200,630,false],"2048x2048":["https:\/\/www.seochc.on.ca\/wp-content\/uploads\/2022\/03\/youth-services_featured-image.jpg",1200,630,false],"trp-custom-language-flag":["https:\/\/www.seochc.on.ca\/wp-content\/uploads\/2022\/03\/youth-services_featured-image.jpg",18,9,false],"rt_custom":["https:\/\/www.seochc.on.ca\/wp-content\/uploads\/2022\/03\/youth-services_featured-image.jpg",1200,630,false]},"rttpg_author":{"display_name":"mastercontroller","author_link":"https:\/\/www.seochc.on.ca\/es\/author\/mastercontroller\/"},"rttpg_comment":0,"rttpg_category":null,"rttpg_excerpt":"We offer a range of Youth Services and Health Promotion programs for children in Ottawa that address the social determinants of health. These services and programs include youth drop-ins, homework clubs, recreation programs, summer park programs, employment support, mentoring and much more. Our Youth programs are designed to be barrier free and engage more vulnerable&hellip;","_links":{"self":[{"href":"https:\/\/www.seochc.on.ca\/es\/wp-json\/wp\/v2\/pages\/4564","targetHints":{"allow":["GET"]}}],"collection":[{"href":"https:\/\/www.seochc.on.ca\/es\/wp-json\/wp\/v2\/pages"}],"about":[{"href":"https:\/\/www.seochc.on.ca\/es\/wp-json\/wp\/v2\/types\/page"}],"author":[{"embeddable":true,"href":"https:\/\/www.seochc.on.ca\/es\/wp-json\/wp\/v2\/users\/1"}],"replies":[{"embeddable":true,"href":"https:\/\/www.seochc.on.ca\/es\/wp-json\/wp\/v2\/comments?post=4564"}],"version-history":[{"count":10,"href":"https:\/\/www.seochc.on.ca\/es\/wp-json\/wp\/v2\/pages\/4564\/revisions"}],"predecessor-version":[{"id":9631,"href":"https:\/\/www.seochc.on.ca\/es\/wp-json\/wp\/v2\/pages\/4564\/revisions\/9631"}],"up":[{"embeddable":true,"href":"https:\/\/www.seochc.on.ca\/es\/wp-json\/wp\/v2\/pages\/4562"}],"wp:featuredmedia":[{"embeddable":true,"href":"https:\/\/www.seochc.on.ca\/es\/wp-json\/wp\/v2\/media\/4993"}],"wp:attachment":[{"href":"https:\/\/www.seochc.on.ca\/es\/wp-json\/wp\/v2\/media?parent=4564"}],"curies":[{"name":"wp","href":"https:\/\/api.w.org\/{rel}","templated":true}]}}