{"id":4572,"date":"2022-02-11T18:49:09","date_gmt":"2022-02-11T18:49:09","guid":{"rendered":"https:\/\/www.seochc.on.ca\/?page_id=4572"},"modified":"2022-05-16T11:41:30","modified_gmt":"2022-05-16T15:41:30","slug":"multicultural-health-promotion","status":"publish","type":"page","link":"https:\/\/www.seochc.on.ca\/es\/programs-and-services\/community-services\/multicultural-health-promotion\/","title":{"rendered":"Promoci\u00f3n de la salud multicultural"},"content":{"rendered":"<div class=\"wp-block-image\"><figure class=\"alignright size-medium\"><img fetchpriority=\"high\" decoding=\"async\" width=\"300\" height=\"207\" src=\"https:\/\/www.seochc.on.ca\/wp-content\/uploads\/2022\/03\/multicultural-health-promotion_inset-image-300x207.jpg\" alt=\"Multicultural group of people in huddle looking down at camera.\" class=\"wp-image-4968\" srcset=\"https:\/\/www.seochc.on.ca\/wp-content\/uploads\/2022\/03\/multicultural-health-promotion_inset-image-300x207.jpg 300w, https:\/\/www.seochc.on.ca\/wp-content\/uploads\/2022\/03\/multicultural-health-promotion_inset-image-768x530.jpg 768w, https:\/\/www.seochc.on.ca\/wp-content\/uploads\/2022\/03\/multicultural-health-promotion_inset-image.jpg 800w\" sizes=\"(max-width: 300px) 100vw, 300px\" \/><\/figure><\/div>\n\n\n\n<p>Nuestros programas de promoci\u00f3n de la salud multicultural utilizan un enfoque de promoci\u00f3n de la salud para crear, ofrecer y promover programas y servicios que respondan a las necesidades culturales. Nos centramos en apoyar y mejorar el bienestar, la salud f\u00edsica y mental y los programas de prevenci\u00f3n de enfermedades para nuestras diversas comunidades. Ofrecemos diversos programas y servicios educativos.<\/p>\n\n\n\n<h2 class=\"has-white-color has-text-color has-background has-medium-font-size wp-block-heading\" style=\"background-color:#10a1ea\">Criterios de elegibilidad<\/h2>\n\n\n\n<p>Cualquier persona que viva en Ottawa y forme parte de nuestra comunidad diversa puede participar en este programa.<\/p>\n\n\n\n<h2 class=\"has-white-color has-text-color has-background has-medium-font-size wp-block-heading\" style=\"background-color:#10a1ea\">Horario de atenci\u00f3n<\/h2>\n\n\n\n<p>Martes de 9:00 a. m. a 4:30 p. m.<br>Mi\u00e9rcoles de 9:00 a. m. a 4:30 p. m.<br>Jueves de 12:30 p. m. a 4:30 p. m.<\/p>\n\n\n\n<p>Para obtener m\u00e1s informaci\u00f3n, llame al <strong>613-737-7195, extensi\u00f3n 2331<\/strong><\/p>\n\n\n\n<h2 class=\"has-white-color has-text-color has-background has-medium-font-size wp-block-heading\" style=\"background-color:#10a1ea\">Ubicaci\u00f3n<\/h2>\n\n\n\n<p>1355 Bank St., Ottawa, ON<\/p>","protected":false},"excerpt":{"rendered":"<p>Our Multicultural Health Promotion programs use a health promotion approach to create, deliver and advocate for culturally responsive programs and services. We focus on supporting and improving the wellbeing, physical and mental health, and disease prevention programs for our diverse communities. We offer various education programs and services. Eligibility Criteria Anyone who lives in Ottawa [&hellip;]<\/p>\n","protected":false},"author":1,"featured_media":4969,"parent":4562,"menu_order":0,"comment_status":"closed","ping_status":"closed","template":"template_program-page_cs.php","meta":{"_monsterinsights_skip_tracking":false,"_monsterinsights_sitenote_active":false,"_monsterinsights_sitenote_note":"","_monsterinsights_sitenote_category":0,"footnotes":"","_links_to":"","_links_to_target":""},"class_list":["post-4572","page","type-page","status-publish","has-post-thumbnail","hentry"],"aioseo_notices":[],"publishpress_future_workflow_manual_trigger":{"enabledWorkflows":[]},"rttpg_featured_image_url":{"full":["https:\/\/www.seochc.on.ca\/wp-content\/uploads\/2022\/03\/multicultural-health-promotion_featured-image.jpg",1200,630,false],"landscape":["https:\/\/www.seochc.on.ca\/wp-content\/uploads\/2022\/03\/multicultural-health-promotion_featured-image.jpg",1200,630,false],"portraits":["https:\/\/www.seochc.on.ca\/wp-content\/uploads\/2022\/03\/multicultural-health-promotion_featured-image.jpg",1200,630,false],"thumbnail":["https:\/\/www.seochc.on.ca\/wp-content\/uploads\/2022\/03\/multicultural-health-promotion_featured-image-150x150.jpg",150,150,true],"medium":["https:\/\/www.seochc.on.ca\/wp-content\/uploads\/2022\/03\/multicultural-health-promotion_featured-image-300x158.jpg",300,158,true],"large":["https:\/\/www.seochc.on.ca\/wp-content\/uploads\/2022\/03\/multicultural-health-promotion_featured-image-1024x538.jpg",1024,538,true],"1536x1536":["https:\/\/www.seochc.on.ca\/wp-content\/uploads\/2022\/03\/multicultural-health-promotion_featured-image.jpg",1200,630,false],"2048x2048":["https:\/\/www.seochc.on.ca\/wp-content\/uploads\/2022\/03\/multicultural-health-promotion_featured-image.jpg",1200,630,false],"trp-custom-language-flag":["https:\/\/www.seochc.on.ca\/wp-content\/uploads\/2022\/03\/multicultural-health-promotion_featured-image.jpg",18,9,false],"rt_custom":["https:\/\/www.seochc.on.ca\/wp-content\/uploads\/2022\/03\/multicultural-health-promotion_featured-image.jpg",1200,630,false]},"rttpg_author":{"display_name":"mastercontroller","author_link":"https:\/\/www.seochc.on.ca\/es\/author\/mastercontroller\/"},"rttpg_comment":0,"rttpg_category":null,"rttpg_excerpt":"Our Multicultural Health Promotion programs use a health promotion approach to create, deliver and advocate for culturally responsive programs and services. We focus on supporting and improving the wellbeing, physical and mental health, and disease prevention programs for our diverse communities. We offer various education programs and services. Eligibility Criteria Anyone who lives in Ottawa&hellip;","_links":{"self":[{"href":"https:\/\/www.seochc.on.ca\/es\/wp-json\/wp\/v2\/pages\/4572","targetHints":{"allow":["GET"]}}],"collection":[{"href":"https:\/\/www.seochc.on.ca\/es\/wp-json\/wp\/v2\/pages"}],"about":[{"href":"https:\/\/www.seochc.on.ca\/es\/wp-json\/wp\/v2\/types\/page"}],"author":[{"embeddable":true,"href":"https:\/\/www.seochc.on.ca\/es\/wp-json\/wp\/v2\/users\/1"}],"replies":[{"embeddable":true,"href":"https:\/\/www.seochc.on.ca\/es\/wp-json\/wp\/v2\/comments?post=4572"}],"version-history":[{"count":6,"href":"https:\/\/www.seochc.on.ca\/es\/wp-json\/wp\/v2\/pages\/4572\/revisions"}],"predecessor-version":[{"id":5649,"href":"https:\/\/www.seochc.on.ca\/es\/wp-json\/wp\/v2\/pages\/4572\/revisions\/5649"}],"up":[{"embeddable":true,"href":"https:\/\/www.seochc.on.ca\/es\/wp-json\/wp\/v2\/pages\/4562"}],"wp:featuredmedia":[{"embeddable":true,"href":"https:\/\/www.seochc.on.ca\/es\/wp-json\/wp\/v2\/media\/4969"}],"wp:attachment":[{"href":"https:\/\/www.seochc.on.ca\/es\/wp-json\/wp\/v2\/media?parent=4572"}],"curies":[{"name":"wp","href":"https:\/\/api.w.org\/{rel}","templated":true}]}}