{"id":4574,"date":"2022-02-11T18:49:27","date_gmt":"2022-02-11T18:49:27","guid":{"rendered":"https:\/\/www.seochc.on.ca\/?page_id=4574"},"modified":"2025-12-15T10:08:57","modified_gmt":"2025-12-15T15:08:57","slug":"community-support-services","status":"publish","type":"page","link":"https:\/\/www.seochc.on.ca\/es\/programs-and-services\/community-services\/community-support-services\/","title":{"rendered":"Servicios de apoyo comunitario"},"content":{"rendered":"<div data-elementor-type=\"wp-page\" data-elementor-id=\"4574\" class=\"elementor elementor-4574\">\n\t\t\t\t\t\t<section class=\"elementor-section elementor-top-section elementor-element elementor-element-119a9303 elementor-section-boxed elementor-section-height-default elementor-section-height-default\" data-id=\"119a9303\" data-element_type=\"section\" data-e-type=\"section\">\n\t\t\t\t\t\t<div class=\"elementor-container elementor-column-gap-default\">\n\t\t\t\t\t<div class=\"elementor-column elementor-col-100 elementor-top-column elementor-element elementor-element-59a00de9\" data-id=\"59a00de9\" data-element_type=\"column\" data-e-type=\"column\">\n\t\t\t<div class=\"elementor-widget-wrap elementor-element-populated\">\n\t\t\t\t\t\t<div class=\"elementor-element elementor-element-4252d7a3 elementor-widget elementor-widget-text-editor\" data-id=\"4252d7a3\" data-element_type=\"widget\" data-e-type=\"widget\" data-widget_type=\"text-editor.default\">\n\t\t\t\t<div class=\"elementor-widget-container\">\n\t\t\t\t\t\t\t\t\t\n<div class=\"wp-block-image\">\n<figure class=\"alignright size-medium\"><img fetchpriority=\"high\" decoding=\"async\" width=\"300\" height=\"200\" class=\"wp-image-4953\" src=\"https:\/\/www.seochc.on.ca\/wp-content\/uploads\/2022\/03\/community-support-services_inset-image-300x200.jpg\" alt=\"Young man carrying groceries assists older man with cane.\" srcset=\"https:\/\/www.seochc.on.ca\/wp-content\/uploads\/2022\/03\/community-support-services_inset-image-300x200.jpg 300w, https:\/\/www.seochc.on.ca\/wp-content\/uploads\/2022\/03\/community-support-services_inset-image-768x512.jpg 768w, https:\/\/www.seochc.on.ca\/wp-content\/uploads\/2022\/03\/community-support-services_inset-image.jpg 800w\" sizes=\"(max-width: 300px) 100vw, 300px\" \/><\/figure>\n<\/div>\n\n<p>Nuestros Servicios de Apoyo Comunitario ofrecen apoyo social y pr\u00e1ctico a personas mayores de 60 a\u00f1os o a personas menores de 60 a\u00f1os con una discapacidad f\u00edsica.<\/p>\n\n<p>Los servicios incluyen:<\/p>\n\n<ul class=\"wp-block-list\">\n<li>Servicio de limpieza<\/li>\n<li>Mantenimiento del hogar<\/li>\n<li>Cuidado de relevo<\/li>\n<li>Apoyo a los cuidadores<\/li>\n<li>LunchAbility<\/li>\n<li>Transporte m\u00e9dico<\/li>\n<li>Ayuda para la compra de alimentos<\/li>\n<li>Visitas amistosas y ayudantes pr\u00e1cticos<\/li>\n<\/ul>\n\n<h2 class=\"has-white-color has-text-color has-background has-medium-font-size wp-block-heading\" style=\"background-color: #10a1ea;\">Criterios de elegibilidad<\/h2>\n\n<p>Personas mayores de 60 a\u00f1os o adultos mayores de 18 a\u00f1os con una discapacidad f\u00edsica que viven en su domicilio.\u00a0<\/p>\n\n<p>Los clientes que vivan en la zona sureste de Ottawa, por favor visiten <a href=\"https:\/\/www.accesscss.ca\/find-services\" target=\"_blank\" rel=\"noopener\">Acceder a CSS<\/a>\u00a0para determinar qu\u00e9 servicios est\u00e1n disponibles en su zona.<\/p>\n\n<h2 class=\"has-white-color has-text-color has-background has-medium-font-size wp-block-heading\" style=\"background-color: #10a1ea;\">Horario de atenci\u00f3n<\/h2>\n\n<p><strong>Informaci\u00f3n de contacto<\/strong>:<br \/>Por favor, visite <a href=\"https:\/\/www.accesscss.ca\/find-services\" target=\"_blank\" rel=\"noopener\">Acceder a CSS<\/a>\u00a0 o llame al <span data-olk-copy-source=\"MessageBody\">1-844-726-5115<\/span> para solicitar informaci\u00f3n o asistencia.<\/p>\n\n<p>De lunes a viernes, de 8:30 a 16:30.<br \/>*El horario de atenci\u00f3n y los eventos pueden tener lugar fuera de este horario.<\/p>\n\n<h2 class=\"has-white-color has-text-color has-background has-medium-font-size wp-block-heading\" style=\"background-color: #10a1ea;\">Ubicaci\u00f3n<\/h2>\n\n<p>Domicilio del cliente, ubicaciones comunitarias y\/o 1355 Bank Street, Ottawa, ON.<\/p>\n\t\t\t\t\t\t\t\t<\/div>\n\t\t\t\t<\/div>\n\t\t\t\t\t<\/div>\n\t\t<\/div>\n\t\t\t\t\t<\/div>\n\t\t<\/section>\n\t\t\t\t<section class=\"elementor-section elementor-top-section elementor-element elementor-element-922bc05 elementor-section-boxed elementor-section-height-default elementor-section-height-default\" data-id=\"922bc05\" data-element_type=\"section\" data-e-type=\"section\">\n\t\t\t\t\t\t<div class=\"elementor-container elementor-column-gap-default\">\n\t\t\t\t\t<div class=\"elementor-column elementor-col-100 elementor-top-column elementor-element elementor-element-5f970ac\" data-id=\"5f970ac\" data-element_type=\"column\" data-e-type=\"column\">\n\t\t\t<div class=\"elementor-widget-wrap elementor-element-populated\">\n\t\t\t\t\t\t\t<\/div>\n\t\t<\/div>\n\t\t\t\t\t<\/div>\n\t\t<\/section>\n\t\t\t\t<\/div>","protected":false},"excerpt":{"rendered":"<p>Our Community Support Services offer social and practical support to seniors aged 60 years or older or persons younger than 60 with a physical disability. Services include: Housekeeping Home maintenance Respite care Caregiver support LunchAbility Medical transportation Grocery support Friendly Visiting &amp; Handy Helpers Eligibility Criteria Seniors aged 60+ or adults aged 18+ with a [&hellip;]<\/p>\n","protected":false},"author":1,"featured_media":4955,"parent":4562,"menu_order":0,"comment_status":"closed","ping_status":"closed","template":"template_program-page_cs.php","meta":{"_monsterinsights_skip_tracking":false,"_monsterinsights_sitenote_active":false,"_monsterinsights_sitenote_note":"","_monsterinsights_sitenote_category":0,"footnotes":"","_links_to":"","_links_to_target":""},"class_list":["post-4574","page","type-page","status-publish","has-post-thumbnail","hentry"],"aioseo_notices":[],"publishpress_future_workflow_manual_trigger":{"enabledWorkflows":[]},"rttpg_featured_image_url":{"full":["https:\/\/www.seochc.on.ca\/wp-content\/uploads\/2022\/03\/featured-image_community-support-services.jpg",1200,630,false],"landscape":["https:\/\/www.seochc.on.ca\/wp-content\/uploads\/2022\/03\/featured-image_community-support-services.jpg",1200,630,false],"portraits":["https:\/\/www.seochc.on.ca\/wp-content\/uploads\/2022\/03\/featured-image_community-support-services.jpg",1200,630,false],"thumbnail":["https:\/\/www.seochc.on.ca\/wp-content\/uploads\/2022\/03\/featured-image_community-support-services-150x150.jpg",150,150,true],"medium":["https:\/\/www.seochc.on.ca\/wp-content\/uploads\/2022\/03\/featured-image_community-support-services-300x158.jpg",300,158,true],"large":["https:\/\/www.seochc.on.ca\/wp-content\/uploads\/2022\/03\/featured-image_community-support-services-1024x538.jpg",1024,538,true],"1536x1536":["https:\/\/www.seochc.on.ca\/wp-content\/uploads\/2022\/03\/featured-image_community-support-services.jpg",1200,630,false],"2048x2048":["https:\/\/www.seochc.on.ca\/wp-content\/uploads\/2022\/03\/featured-image_community-support-services.jpg",1200,630,false],"trp-custom-language-flag":["https:\/\/www.seochc.on.ca\/wp-content\/uploads\/2022\/03\/featured-image_community-support-services.jpg",18,9,false],"rt_custom":["https:\/\/www.seochc.on.ca\/wp-content\/uploads\/2022\/03\/featured-image_community-support-services.jpg",1200,630,false]},"rttpg_author":{"display_name":"mastercontroller","author_link":"https:\/\/www.seochc.on.ca\/es\/author\/mastercontroller\/"},"rttpg_comment":0,"rttpg_category":null,"rttpg_excerpt":"Our Community Support Services offer social and practical support to seniors aged 60 years or older or persons younger than 60 with a physical disability. Services include: Housekeeping Home maintenance Respite care Caregiver support LunchAbility Medical transportation Grocery support Friendly Visiting &amp; Handy Helpers Eligibility Criteria Seniors aged 60+ or adults aged 18+ with a&hellip;","_links":{"self":[{"href":"https:\/\/www.seochc.on.ca\/es\/wp-json\/wp\/v2\/pages\/4574","targetHints":{"allow":["GET"]}}],"collection":[{"href":"https:\/\/www.seochc.on.ca\/es\/wp-json\/wp\/v2\/pages"}],"about":[{"href":"https:\/\/www.seochc.on.ca\/es\/wp-json\/wp\/v2\/types\/page"}],"author":[{"embeddable":true,"href":"https:\/\/www.seochc.on.ca\/es\/wp-json\/wp\/v2\/users\/1"}],"replies":[{"embeddable":true,"href":"https:\/\/www.seochc.on.ca\/es\/wp-json\/wp\/v2\/comments?post=4574"}],"version-history":[{"count":29,"href":"https:\/\/www.seochc.on.ca\/es\/wp-json\/wp\/v2\/pages\/4574\/revisions"}],"predecessor-version":[{"id":8986,"href":"https:\/\/www.seochc.on.ca\/es\/wp-json\/wp\/v2\/pages\/4574\/revisions\/8986"}],"up":[{"embeddable":true,"href":"https:\/\/www.seochc.on.ca\/es\/wp-json\/wp\/v2\/pages\/4562"}],"wp:featuredmedia":[{"embeddable":true,"href":"https:\/\/www.seochc.on.ca\/es\/wp-json\/wp\/v2\/media\/4955"}],"wp:attachment":[{"href":"https:\/\/www.seochc.on.ca\/es\/wp-json\/wp\/v2\/media?parent=4574"}],"curies":[{"name":"wp","href":"https:\/\/api.w.org\/{rel}","templated":true}]}}