{"id":4578,"date":"2022-02-11T18:50:56","date_gmt":"2022-02-11T18:50:56","guid":{"rendered":"https:\/\/www.seochc.on.ca\/?page_id=4578"},"modified":"2025-10-17T13:12:11","modified_gmt":"2025-10-17T17:12:11","slug":"primary-care-outreach","status":"publish","type":"page","link":"https:\/\/www.seochc.on.ca\/es\/programs-and-services\/community-services\/primary-care-outreach\/","title":{"rendered":"Asistencia primaria comunitaria"},"content":{"rendered":"<div class=\"wp-block-image\">\n<figure class=\"alignright size-medium\"><img fetchpriority=\"high\" decoding=\"async\" width=\"300\" height=\"200\" src=\"https:\/\/www.seochc.on.ca\/wp-content\/uploads\/2022\/03\/primary-care-outreach_inset-image-1-300x200.jpg\" alt=\"Medical professional tests blood pressure of elderly man.\" class=\"wp-image-4978\" srcset=\"https:\/\/www.seochc.on.ca\/wp-content\/uploads\/2022\/03\/primary-care-outreach_inset-image-1-300x200.jpg 300w, https:\/\/www.seochc.on.ca\/wp-content\/uploads\/2022\/03\/primary-care-outreach_inset-image-1-768x512.jpg 768w, https:\/\/www.seochc.on.ca\/wp-content\/uploads\/2022\/03\/primary-care-outreach_inset-image-1.jpg 800w\" sizes=\"(max-width: 300px) 100vw, 300px\" \/><\/figure>\n<\/div>\n\n\n<p>Las enfermeras tituladas y los trabajadores sanitarios comunitarios ofrecen servicios gratuitos a domicilio para personas mayores de 65 a\u00f1os. El objetivo es ayudar a las personas mayores aisladas y vulnerables que viven en sus hogares a acceder a la atenci\u00f3n y los recursos necesarios para garantizar su bienestar y vivir con seguridad.<\/p>\n\n\n\n<p><\/p>\n\n\n\n<h2 class=\"wp-block-heading has-white-color has-text-color has-background has-medium-font-size\" style=\"background-color:#10a1ea\">Criterios de elegibilidad<\/h2>\n\n\n\n<p>Personas mayores de 65 a\u00f1os que cumplan uno o m\u00e1s de los siguientes criterios:<\/p>\n\n\n<div class=\"wp-block-image\">\n<figure class=\"alignright size-medium\"><img decoding=\"async\" width=\"300\" height=\"200\" src=\"https:\/\/www.seochc.on.ca\/wp-content\/uploads\/2022\/03\/primary-care-outreach_inset-image-2-300x200.jpg\" alt=\"Medical professional writing on paper document while elderly woman looks on.\" class=\"wp-image-4979\" srcset=\"https:\/\/www.seochc.on.ca\/wp-content\/uploads\/2022\/03\/primary-care-outreach_inset-image-2-300x200.jpg 300w, https:\/\/www.seochc.on.ca\/wp-content\/uploads\/2022\/03\/primary-care-outreach_inset-image-2-768x512.jpg 768w, https:\/\/www.seochc.on.ca\/wp-content\/uploads\/2022\/03\/primary-care-outreach_inset-image-2.jpg 800w\" sizes=\"(max-width: 300px) 100vw, 300px\" \/><\/figure>\n<\/div>\n\n\n<ul class=\"wp-block-list\">\n<li>Vive solo o est\u00e1 aislado.<\/li>\n\n\n\n<li>Poca red de apoyo (amigos\/familia)<\/li>\n\n\n\n<li>En riesgo de desalojo\/barreras financieras<\/li>\n\n\n\n<li>Enfermedad cr\u00f3nica\/dolor cr\u00f3nico<\/li>\n\n\n\n<li>Visitas recientes al servicio de urgencias<\/li>\n\n\n\n<li>Readmisi\u00f3n al hospital en los 30 d\u00edas posteriores al alta.<\/li>\n\n\n\n<li>Cambios recientes en la memoria\/cognici\u00f3n<\/li>\n\n\n\n<li>Ca\u00eddas en los \u00faltimos 3 meses<\/li>\n\n\n\n<li>Cambios recientes en el estado de \u00e1nimo\/comportamiento<\/li>\n\n\n\n<li>Nuevo diagn\u00f3stico m\u00e9dico en los \u00faltimos 3 meses.<\/li>\n\n\n\n<li>P\u00e9rdida de peso: +10 libras en menos de 2 meses.<\/li>\n\n\n\n<li>\u201cAusencias a citas m\u00e9dicas<\/li>\n\n\n\n<li>Preocupaciones sobre la seguridad general y\/o el abuso<\/li>\n<\/ul>\n\n\n\n<h2 class=\"wp-block-heading has-white-color has-text-color has-background has-medium-font-size\" style=\"background-color:#10a1ea\">Horario de atenci\u00f3n<\/h2>\n\n\n\n<p><strong>Informaci\u00f3n de contacto:<br><\/strong>Llame al 1 (844) 726-5115 para obtener m\u00e1s informaci\u00f3n sobre Primary Care Outreach o solicitar asistencia.&nbsp;<\/p>\n\n\n\n<p>De lunes a viernes, de 8:30 a. m. a 4:30 p. m.<\/p>\n\n\n\n<p><a href=\"https:\/\/launch.caredove.com\/service\/referralform\/27171\" target=\"_blank\" rel=\"noopener\" title=\"Consulte aqu\u00ed\">Consulte aqu\u00ed<\/a><\/p>\n\n\n\n<h2 class=\"wp-block-heading has-white-color has-text-color has-background has-medium-font-size\" style=\"background-color:#10a1ea\">Ubicaci\u00f3n<\/h2>\n\n\n\n<p>El domicilio del cliente, diversos lugares de la comunidad y\/o 1355 Bank Street, Ottawa, ON.<\/p>","protected":false},"excerpt":{"rendered":"<p>Registered Nurses and Community Health Workers offer free in-home services for seniors, aged 65 and above. The goal is to help link isolated and vulnerable seniors, who are living at home to access the care and resources required to support wellbeing and to live safely. Eligibility Criteria Seniors over 65 years of age with one [&hellip;]<\/p>\n","protected":false},"author":1,"featured_media":4980,"parent":4562,"menu_order":0,"comment_status":"closed","ping_status":"closed","template":"template_program-page_pc.php","meta":{"_monsterinsights_skip_tracking":false,"_monsterinsights_sitenote_active":false,"_monsterinsights_sitenote_note":"","_monsterinsights_sitenote_category":0,"footnotes":"","_links_to":"","_links_to_target":""},"class_list":["post-4578","page","type-page","status-publish","has-post-thumbnail","hentry"],"aioseo_notices":[],"publishpress_future_workflow_manual_trigger":{"enabledWorkflows":[]},"rttpg_featured_image_url":{"full":["https:\/\/www.seochc.on.ca\/wp-content\/uploads\/2022\/03\/primary-care-outreach_featured-image.jpg",1200,630,false],"landscape":["https:\/\/www.seochc.on.ca\/wp-content\/uploads\/2022\/03\/primary-care-outreach_featured-image.jpg",1200,630,false],"portraits":["https:\/\/www.seochc.on.ca\/wp-content\/uploads\/2022\/03\/primary-care-outreach_featured-image.jpg",1200,630,false],"thumbnail":["https:\/\/www.seochc.on.ca\/wp-content\/uploads\/2022\/03\/primary-care-outreach_featured-image-150x150.jpg",150,150,true],"medium":["https:\/\/www.seochc.on.ca\/wp-content\/uploads\/2022\/03\/primary-care-outreach_featured-image-300x158.jpg",300,158,true],"large":["https:\/\/www.seochc.on.ca\/wp-content\/uploads\/2022\/03\/primary-care-outreach_featured-image-1024x538.jpg",1024,538,true],"1536x1536":["https:\/\/www.seochc.on.ca\/wp-content\/uploads\/2022\/03\/primary-care-outreach_featured-image.jpg",1200,630,false],"2048x2048":["https:\/\/www.seochc.on.ca\/wp-content\/uploads\/2022\/03\/primary-care-outreach_featured-image.jpg",1200,630,false],"trp-custom-language-flag":["https:\/\/www.seochc.on.ca\/wp-content\/uploads\/2022\/03\/primary-care-outreach_featured-image.jpg",18,9,false],"rt_custom":["https:\/\/www.seochc.on.ca\/wp-content\/uploads\/2022\/03\/primary-care-outreach_featured-image.jpg",1200,630,false]},"rttpg_author":{"display_name":"mastercontroller","author_link":"https:\/\/www.seochc.on.ca\/es\/author\/mastercontroller\/"},"rttpg_comment":0,"rttpg_category":null,"rttpg_excerpt":"Registered Nurses and Community Health Workers offer free in-home services for seniors, aged 65 and above. The goal is to help link isolated and vulnerable seniors, who are living at home to access the care and resources required to support wellbeing and to live safely. Eligibility Criteria Seniors over 65 years of age with one&hellip;","_links":{"self":[{"href":"https:\/\/www.seochc.on.ca\/es\/wp-json\/wp\/v2\/pages\/4578","targetHints":{"allow":["GET"]}}],"collection":[{"href":"https:\/\/www.seochc.on.ca\/es\/wp-json\/wp\/v2\/pages"}],"about":[{"href":"https:\/\/www.seochc.on.ca\/es\/wp-json\/wp\/v2\/types\/page"}],"author":[{"embeddable":true,"href":"https:\/\/www.seochc.on.ca\/es\/wp-json\/wp\/v2\/users\/1"}],"replies":[{"embeddable":true,"href":"https:\/\/www.seochc.on.ca\/es\/wp-json\/wp\/v2\/comments?post=4578"}],"version-history":[{"count":12,"href":"https:\/\/www.seochc.on.ca\/es\/wp-json\/wp\/v2\/pages\/4578\/revisions"}],"predecessor-version":[{"id":9644,"href":"https:\/\/www.seochc.on.ca\/es\/wp-json\/wp\/v2\/pages\/4578\/revisions\/9644"}],"up":[{"embeddable":true,"href":"https:\/\/www.seochc.on.ca\/es\/wp-json\/wp\/v2\/pages\/4562"}],"wp:featuredmedia":[{"embeddable":true,"href":"https:\/\/www.seochc.on.ca\/es\/wp-json\/wp\/v2\/media\/4980"}],"wp:attachment":[{"href":"https:\/\/www.seochc.on.ca\/es\/wp-json\/wp\/v2\/media?parent=4578"}],"curies":[{"name":"wp","href":"https:\/\/api.w.org\/{rel}","templated":true}]}}