{"id":4596,"date":"2022-02-11T18:54:20","date_gmt":"2022-02-11T18:54:20","guid":{"rendered":"https:\/\/www.seochc.on.ca\/?page_id=4596"},"modified":"2022-05-16T11:40:36","modified_gmt":"2022-05-16T15:40:36","slug":"healthy-living-initiative","status":"publish","type":"page","link":"https:\/\/www.seochc.on.ca\/es\/programs-and-services\/multicultural-programming\/healthy-living-initiative\/","title":{"rendered":"Iniciativa para una vida saludable"},"content":{"rendered":"<div class=\"wp-block-image\"><figure class=\"alignright size-medium\"><img fetchpriority=\"high\" decoding=\"async\" width=\"300\" height=\"200\" src=\"https:\/\/www.seochc.on.ca\/wp-content\/uploads\/2022\/03\/healthy-living-initiative_inset-image-300x200.jpg\" alt=\"Two girls interacting with Zoom call on computer display.\" class=\"wp-image-4961\" srcset=\"https:\/\/www.seochc.on.ca\/wp-content\/uploads\/2022\/03\/healthy-living-initiative_inset-image-300x200.jpg 300w, https:\/\/www.seochc.on.ca\/wp-content\/uploads\/2022\/03\/healthy-living-initiative_inset-image-768x513.jpg 768w, https:\/\/www.seochc.on.ca\/wp-content\/uploads\/2022\/03\/healthy-living-initiative_inset-image.jpg 800w\" sizes=\"(max-width: 300px) 100vw, 300px\" \/><\/figure><\/div>\n\n\n\n<p>Nuestra Iniciativa para una Vida Saludable es una serie de talleres comunitarios dirigidos a diversos grupos multiculturales con el fin de promover una mejor salud, crear conciencia sobre las enfermedades cr\u00f3nicas y c\u00f3mo prevenirlas. Estos talleres se ofrecen en colaboraci\u00f3n con la Coalici\u00f3n Canadiense \u00c1rabe para la Salud (CAHC), el Centro Somal\u00ed de Servicios Familiares y otros socios.<\/p>\n\n\n\n<p>Otros temas tratados incluyen:<\/p>\n\n\n\n<ul class=\"wp-block-list\"><li>La diabetes y el Ramad\u00e1n<\/li><li>Prevenci\u00f3n de la diabetes<\/li><li>Directrices para la detecci\u00f3n del c\u00e1ncer en Ontario, y mucho m\u00e1s.<\/li><\/ul>\n\n\n\n<h2 class=\"has-white-color has-text-color has-background has-medium-font-size wp-block-heading\" style=\"background-color:#10a1ea\">Criterios de elegibilidad<\/h2>\n\n\n\n<p>Cualquier persona u organizaci\u00f3n comunitaria que represente los intereses multiculturales de la comunidad. Cont\u00e1ctenos para solicitar un taller sobre c\u00f3mo promover una mejor salud y prevenir enfermedades cr\u00f3nicas.<\/p>\n\n\n\n<h2 class=\"has-white-color has-text-color has-background has-medium-font-size wp-block-heading\" style=\"background-color:#10a1ea\">Horario de atenci\u00f3n<\/h2>\n\n\n\n<p>D\u00edas laborables, por las tardes y fines de semana<\/p>\n\n\n\n<p>Llamar <strong>613-737-7195, extensi\u00f3n 2331<\/strong><\/p>\n\n\n\n<h2 class=\"has-white-color has-text-color has-background has-medium-font-size wp-block-heading\" style=\"background-color:#10a1ea\">Ubicaci\u00f3n<\/h2>\n\n\n\n<p>El servicio se puede prestar en entornos comunitarios, como mezquitas, iglesias o centros comunitarios.<\/p>","protected":false},"excerpt":{"rendered":"<p>Our Healthy Living Initiative is a series of community-based workshops for various multicultural groups to promote better health, raise awareness about chronic diseases and how to prevent them. These workshops are brought to you in collaboration with the Canadian Arab Health Coalition (CAHC), Somali Centre for Family Services and other partners. Other topics addressed include: [&hellip;]<\/p>\n","protected":false},"author":1,"featured_media":4960,"parent":4594,"menu_order":0,"comment_status":"closed","ping_status":"closed","template":"template_program-page_mp.php","meta":{"_monsterinsights_skip_tracking":false,"_monsterinsights_sitenote_active":false,"_monsterinsights_sitenote_note":"","_monsterinsights_sitenote_category":0,"footnotes":"","_links_to":"","_links_to_target":""},"class_list":["post-4596","page","type-page","status-publish","has-post-thumbnail","hentry"],"aioseo_notices":[],"publishpress_future_workflow_manual_trigger":{"enabledWorkflows":[]},"rttpg_featured_image_url":{"full":["https:\/\/www.seochc.on.ca\/wp-content\/uploads\/2022\/03\/healthy-living-initiative_featured-image.jpg",1200,630,false],"landscape":["https:\/\/www.seochc.on.ca\/wp-content\/uploads\/2022\/03\/healthy-living-initiative_featured-image.jpg",1200,630,false],"portraits":["https:\/\/www.seochc.on.ca\/wp-content\/uploads\/2022\/03\/healthy-living-initiative_featured-image.jpg",1200,630,false],"thumbnail":["https:\/\/www.seochc.on.ca\/wp-content\/uploads\/2022\/03\/healthy-living-initiative_featured-image-150x150.jpg",150,150,true],"medium":["https:\/\/www.seochc.on.ca\/wp-content\/uploads\/2022\/03\/healthy-living-initiative_featured-image-300x158.jpg",300,158,true],"large":["https:\/\/www.seochc.on.ca\/wp-content\/uploads\/2022\/03\/healthy-living-initiative_featured-image-1024x538.jpg",1024,538,true],"1536x1536":["https:\/\/www.seochc.on.ca\/wp-content\/uploads\/2022\/03\/healthy-living-initiative_featured-image.jpg",1200,630,false],"2048x2048":["https:\/\/www.seochc.on.ca\/wp-content\/uploads\/2022\/03\/healthy-living-initiative_featured-image.jpg",1200,630,false],"trp-custom-language-flag":["https:\/\/www.seochc.on.ca\/wp-content\/uploads\/2022\/03\/healthy-living-initiative_featured-image.jpg",18,9,false],"rt_custom":["https:\/\/www.seochc.on.ca\/wp-content\/uploads\/2022\/03\/healthy-living-initiative_featured-image.jpg",1200,630,false]},"rttpg_author":{"display_name":"mastercontroller","author_link":"https:\/\/www.seochc.on.ca\/es\/author\/mastercontroller\/"},"rttpg_comment":0,"rttpg_category":null,"rttpg_excerpt":"Our Healthy Living Initiative is a series of community-based workshops for various multicultural groups to promote better health, raise awareness about chronic diseases and how to prevent them. These workshops are brought to you in collaboration with the Canadian Arab Health Coalition (CAHC), Somali Centre for Family Services and other partners. Other topics addressed include:&hellip;","_links":{"self":[{"href":"https:\/\/www.seochc.on.ca\/es\/wp-json\/wp\/v2\/pages\/4596","targetHints":{"allow":["GET"]}}],"collection":[{"href":"https:\/\/www.seochc.on.ca\/es\/wp-json\/wp\/v2\/pages"}],"about":[{"href":"https:\/\/www.seochc.on.ca\/es\/wp-json\/wp\/v2\/types\/page"}],"author":[{"embeddable":true,"href":"https:\/\/www.seochc.on.ca\/es\/wp-json\/wp\/v2\/users\/1"}],"replies":[{"embeddable":true,"href":"https:\/\/www.seochc.on.ca\/es\/wp-json\/wp\/v2\/comments?post=4596"}],"version-history":[{"count":5,"href":"https:\/\/www.seochc.on.ca\/es\/wp-json\/wp\/v2\/pages\/4596\/revisions"}],"predecessor-version":[{"id":5648,"href":"https:\/\/www.seochc.on.ca\/es\/wp-json\/wp\/v2\/pages\/4596\/revisions\/5648"}],"up":[{"embeddable":true,"href":"https:\/\/www.seochc.on.ca\/es\/wp-json\/wp\/v2\/pages\/4594"}],"wp:featuredmedia":[{"embeddable":true,"href":"https:\/\/www.seochc.on.ca\/es\/wp-json\/wp\/v2\/media\/4960"}],"wp:attachment":[{"href":"https:\/\/www.seochc.on.ca\/es\/wp-json\/wp\/v2\/media?parent=4596"}],"curies":[{"name":"wp","href":"https:\/\/api.w.org\/{rel}","templated":true}]}}