{"id":4601,"date":"2022-02-11T18:56:26","date_gmt":"2022-02-11T18:56:26","guid":{"rendered":"https:\/\/www.seochc.on.ca\/?page_id=4601"},"modified":"2022-05-16T11:39:31","modified_gmt":"2022-05-16T15:39:31","slug":"community-connections","status":"publish","type":"page","link":"https:\/\/www.seochc.on.ca\/es\/programs-and-services\/multicultural-programming\/community-connections\/","title":{"rendered":"Conexiones con la comunidad"},"content":{"rendered":"<div class=\"wp-block-image\"><figure class=\"alignright size-medium\"><img fetchpriority=\"high\" decoding=\"async\" width=\"300\" height=\"200\" src=\"https:\/\/www.seochc.on.ca\/wp-content\/uploads\/2022\/03\/community-connections_inset-image-300x200.jpg\" alt=\"A crocheted heart nestled between tiny wooden houses.\" class=\"wp-image-5252\" srcset=\"https:\/\/www.seochc.on.ca\/wp-content\/uploads\/2022\/03\/community-connections_inset-image-300x200.jpg 300w, https:\/\/www.seochc.on.ca\/wp-content\/uploads\/2022\/03\/community-connections_inset-image-768x512.jpg 768w, https:\/\/www.seochc.on.ca\/wp-content\/uploads\/2022\/03\/community-connections_inset-image.jpg 800w\" sizes=\"(max-width: 300px) 100vw, 300px\" \/><\/figure><\/div>\n\n\n\n<p>El programa Community Connections ofrece una variedad de servicios relacionados con la inmigraci\u00f3n y el asentamiento para poblaciones vulnerables y marginadas. Estos incluyen apoyo en servicios sociales, inmigraci\u00f3n y ciudadan\u00eda, documentaci\u00f3n, asesoramiento de apoyo, apoyo legal, ODSP, Seguridad para la Tercera Edad, intervenci\u00f3n limitada en materia de vivienda, interpretaci\u00f3n, traducci\u00f3n y m\u00e1s.<\/p>\n\n\n\n<p>Este programa ofrece evaluaci\u00f3n, informaci\u00f3n y derivaci\u00f3n para el apoyo a los reci\u00e9n llegados en las siguientes \u00e1reas:<\/p>\n\n\n\n<ul class=\"wp-block-list\"><li>Intervenci\u00f3n en situaciones de crisis y asesoramiento de apoyo<\/li><li>Promoci\u00f3n y divulgaci\u00f3n<\/li><li>Alianzas y apoyo al empleo<\/li><li>Apoyo a la familia y a los j\u00f3venes<\/li><li>Navegaci\u00f3n por el sistema<\/li><li>Acceso<\/li><li>Promoci\u00f3n de la salud para reci\u00e9n llegados y familias de bajos ingresos.<\/li><\/ul>\n\n\n\n<h2 class=\"has-white-color has-text-color has-background has-medium-font-size wp-block-heading\" style=\"background-color:#10a1ea\">Criterios de elegibilidad<\/h2>\n\n\n\n<ul class=\"wp-block-list\"><li>Residentes en nuestra zona de influencia con flexibilidad para aceptar familias de toda la ciudad.<\/li><li>Todo tipo de estatus migratorio, sin estatus y ciudadanos.<\/li><li>Sin restricciones de ingresos ni limitaciones de tiempo.<\/li><\/ul>\n\n\n\n<h2 class=\"has-white-color has-text-color has-background has-medium-font-size wp-block-heading\" style=\"background-color:#10a1ea\">Horario de atenci\u00f3n<\/h2>\n\n\n\n<p>Llame para programar una cita.<br>(613) 737-7195, extensi\u00f3n 2217<\/p>\n\n\n\n<h2 class=\"has-white-color has-text-color has-background has-medium-font-size wp-block-heading\" style=\"background-color:#10a1ea\">Ubicaci\u00f3n<\/h2>\n\n\n\n<p>En persona o por tel\u00e9fono (613) 737-7195 ext. 2217<\/p>\n\n\n\n<p>1355 Bank Street, Suite 600, Ottawa, ON<br>1485 Heatherington Road, Unidad 22, Ottawa, ON<br>3320 Paul Anka Drive, Ottawa, ON<\/p>","protected":false},"excerpt":{"rendered":"<p>The Community Connections program offers a variety of services related to immigration and settlement for vulnerable and marginalized populations. These include social services support, immigration &amp; citizenship, documentation, supportive counseling, legal support, ODSP, Old Age Security, limited housing intervention, interpretation, translation and more. This program provides assessment, information and referral for newcomer support in the [&hellip;]<\/p>\n","protected":false},"author":1,"featured_media":5253,"parent":4594,"menu_order":0,"comment_status":"closed","ping_status":"closed","template":"template_program-page_mp.php","meta":{"_monsterinsights_skip_tracking":false,"_monsterinsights_sitenote_active":false,"_monsterinsights_sitenote_note":"","_monsterinsights_sitenote_category":0,"footnotes":"","_links_to":"","_links_to_target":""},"class_list":["post-4601","page","type-page","status-publish","has-post-thumbnail","hentry"],"aioseo_notices":[],"publishpress_future_workflow_manual_trigger":{"enabledWorkflows":[]},"rttpg_featured_image_url":{"full":["https:\/\/www.seochc.on.ca\/wp-content\/uploads\/2022\/03\/community-connections_featured-image.jpg",1200,630,false],"landscape":["https:\/\/www.seochc.on.ca\/wp-content\/uploads\/2022\/03\/community-connections_featured-image.jpg",1200,630,false],"portraits":["https:\/\/www.seochc.on.ca\/wp-content\/uploads\/2022\/03\/community-connections_featured-image.jpg",1200,630,false],"thumbnail":["https:\/\/www.seochc.on.ca\/wp-content\/uploads\/2022\/03\/community-connections_featured-image-150x150.jpg",150,150,true],"medium":["https:\/\/www.seochc.on.ca\/wp-content\/uploads\/2022\/03\/community-connections_featured-image-300x158.jpg",300,158,true],"large":["https:\/\/www.seochc.on.ca\/wp-content\/uploads\/2022\/03\/community-connections_featured-image-1024x538.jpg",1024,538,true],"1536x1536":["https:\/\/www.seochc.on.ca\/wp-content\/uploads\/2022\/03\/community-connections_featured-image.jpg",1200,630,false],"2048x2048":["https:\/\/www.seochc.on.ca\/wp-content\/uploads\/2022\/03\/community-connections_featured-image.jpg",1200,630,false],"trp-custom-language-flag":["https:\/\/www.seochc.on.ca\/wp-content\/uploads\/2022\/03\/community-connections_featured-image.jpg",18,9,false],"rt_custom":["https:\/\/www.seochc.on.ca\/wp-content\/uploads\/2022\/03\/community-connections_featured-image.jpg",1200,630,false]},"rttpg_author":{"display_name":"mastercontroller","author_link":"https:\/\/www.seochc.on.ca\/es\/author\/mastercontroller\/"},"rttpg_comment":0,"rttpg_category":null,"rttpg_excerpt":"The Community Connections program offers a variety of services related to immigration and settlement for vulnerable and marginalized populations. These include social services support, immigration &amp; citizenship, documentation, supportive counseling, legal support, ODSP, Old Age Security, limited housing intervention, interpretation, translation and more. This program provides assessment, information and referral for newcomer support in the&hellip;","_links":{"self":[{"href":"https:\/\/www.seochc.on.ca\/es\/wp-json\/wp\/v2\/pages\/4601","targetHints":{"allow":["GET"]}}],"collection":[{"href":"https:\/\/www.seochc.on.ca\/es\/wp-json\/wp\/v2\/pages"}],"about":[{"href":"https:\/\/www.seochc.on.ca\/es\/wp-json\/wp\/v2\/types\/page"}],"author":[{"embeddable":true,"href":"https:\/\/www.seochc.on.ca\/es\/wp-json\/wp\/v2\/users\/1"}],"replies":[{"embeddable":true,"href":"https:\/\/www.seochc.on.ca\/es\/wp-json\/wp\/v2\/comments?post=4601"}],"version-history":[{"count":3,"href":"https:\/\/www.seochc.on.ca\/es\/wp-json\/wp\/v2\/pages\/4601\/revisions"}],"predecessor-version":[{"id":5647,"href":"https:\/\/www.seochc.on.ca\/es\/wp-json\/wp\/v2\/pages\/4601\/revisions\/5647"}],"up":[{"embeddable":true,"href":"https:\/\/www.seochc.on.ca\/es\/wp-json\/wp\/v2\/pages\/4594"}],"wp:featuredmedia":[{"embeddable":true,"href":"https:\/\/www.seochc.on.ca\/es\/wp-json\/wp\/v2\/media\/5253"}],"wp:attachment":[{"href":"https:\/\/www.seochc.on.ca\/es\/wp-json\/wp\/v2\/media?parent=4601"}],"curies":[{"name":"wp","href":"https:\/\/api.w.org\/{rel}","templated":true}]}}