{"id":4607,"date":"2022-02-11T18:57:07","date_gmt":"2022-02-11T18:57:07","guid":{"rendered":"https:\/\/www.seochc.on.ca\/?page_id=4607"},"modified":"2025-05-02T09:55:48","modified_gmt":"2025-05-02T13:55:48","slug":"about-us","status":"publish","type":"page","link":"https:\/\/www.seochc.on.ca\/es\/about-us\/","title":{"rendered":"Acerca de nosotros"},"content":{"rendered":"<div data-elementor-type=\"wp-page\" data-elementor-id=\"4607\" class=\"elementor elementor-4607\">\n\t\t\t\t\t\t<section class=\"elementor-section elementor-top-section elementor-element elementor-element-3a0d425 elementor-section-boxed elementor-section-height-default elementor-section-height-default\" data-id=\"3a0d425\" data-element_type=\"section\" data-e-type=\"section\">\n\t\t\t\t\t\t<div class=\"elementor-container elementor-column-gap-default\">\n\t\t\t\t\t<div class=\"elementor-column elementor-col-100 elementor-top-column elementor-element elementor-element-8102b65\" data-id=\"8102b65\" data-element_type=\"column\" data-e-type=\"column\">\n\t\t\t<div class=\"elementor-widget-wrap elementor-element-populated\">\n\t\t\t\t\t\t<div class=\"elementor-element elementor-element-cf38363 elementor-widget elementor-widget-text-editor\" data-id=\"cf38363\" data-element_type=\"widget\" data-e-type=\"widget\" data-widget_type=\"text-editor.default\">\n\t\t\t\t<div class=\"elementor-widget-container\">\n\t\t\t\t\t\t\t\t\t<p>En SEOCHC, salvamos vidas. Ayudamos a las personas a superar las barreras de un sistema de salud complejo y abogamos por la mejora de este sistema. Ofrecemos muchos programas diferentes para marcar una diferencia positiva y aumentar el acceso a los servicios sociales y de salud para las personas de nuestra comunidad.\u00a0<\/p><p><span style=\"color: inherit; letter-spacing: 0px;\">SEOCHC no solo trata enfermedades, sino que aborda las causas fundamentales de las desigualdades en materia de salud. A diferencia de los sistemas tradicionales, que a menudo tratan los s\u00edntomas de forma aislada, entendemos que factores como la pobreza, la inseguridad alimentaria y la inestabilidad en la vivienda tienen un impacto significativo en los resultados de salud. Nuestro modelo integrado, que re\u00fane a m\u00e9dicos, enfermeras, trabajadores sociales, <span class=\"OYPEnA font-feature-liga-off font-feature-clig-off font-feature-calt-off text-decoration-none text-strikethrough-none\">promotores de salud <\/span>y otros miembros del personal comunitario aliados \u2014 aborda estos problemas subyacentes, promoviendo el bienestar a largo plazo y previniendo costosas crisis sanitarias.\u00a0<\/span><\/p><p><span style=\"color: inherit; letter-spacing: 0px;\">Nuestro enfoque proactivo se traduce en beneficios tangibles para toda la comunidad:\u00a0<\/span><\/p><ul><li><span style=\"color: inherit; letter-spacing: 0px;\">Menos visitas de emergencia: reducci\u00f3n de 36% en las visitas a urgencias cuando se conectan con la atenci\u00f3n primaria, lo que alivia la carga sobre nuestro sistema sanitario.\u00a0<\/span><\/li><li><span style=\"color: inherit; letter-spacing: 0px;\">Mejores resultados en materia de salud: mayor aceptaci\u00f3n de los programas de detecci\u00f3n, los programas de gesti\u00f3n de enfermedades y la salud mental.\u00a0<\/span><\/li><li><span style=\"color: inherit; letter-spacing: 0px;\">Costos manejables: menores costos relacionados con la atenci\u00f3n y mayores ahorros en comparaci\u00f3n con otros entornos de atenci\u00f3n.<\/span><\/li><\/ul>\t\t\t\t\t\t\t\t<\/div>\n\t\t\t\t<\/div>\n\t\t\t\t\t<\/div>\n\t\t<\/div>\n\t\t\t\t\t<\/div>\n\t\t<\/section>\n\t\t\t\t<\/div>","protected":false},"excerpt":{"rendered":"<p>At SEOCHC, we save lives. We help people navigate barriers in a challenging healthcare system and advocate to help improve this system. We offer many different programs to make a positive difference and increase access to health and social services for people in our community\u00a0 SEOCHC doesn&#8217;t just treat illnesses; we address the root causes [&hellip;]<\/p>\n","protected":false},"author":1,"featured_media":0,"parent":0,"menu_order":0,"comment_status":"closed","ping_status":"closed","template":"","meta":{"_monsterinsights_skip_tracking":false,"_monsterinsights_sitenote_active":false,"_monsterinsights_sitenote_note":"","_monsterinsights_sitenote_category":0,"footnotes":"","_links_to":"","_links_to_target":""},"class_list":["post-4607","page","type-page","status-publish","hentry"],"aioseo_notices":[],"publishpress_future_workflow_manual_trigger":{"enabledWorkflows":[]},"rttpg_featured_image_url":null,"rttpg_author":{"display_name":"mastercontroller","author_link":"https:\/\/www.seochc.on.ca\/es\/author\/mastercontroller\/"},"rttpg_comment":0,"rttpg_category":null,"rttpg_excerpt":"At SEOCHC, we save lives. We help people navigate barriers in a challenging healthcare system and advocate to help improve this system. We offer many different programs to make a positive difference and increase access to health and social services for people in our community\u00a0 SEOCHC doesn&#8217;t just treat illnesses; we address the root causes&hellip;","_links":{"self":[{"href":"https:\/\/www.seochc.on.ca\/es\/wp-json\/wp\/v2\/pages\/4607","targetHints":{"allow":["GET"]}}],"collection":[{"href":"https:\/\/www.seochc.on.ca\/es\/wp-json\/wp\/v2\/pages"}],"about":[{"href":"https:\/\/www.seochc.on.ca\/es\/wp-json\/wp\/v2\/types\/page"}],"author":[{"embeddable":true,"href":"https:\/\/www.seochc.on.ca\/es\/wp-json\/wp\/v2\/users\/1"}],"replies":[{"embeddable":true,"href":"https:\/\/www.seochc.on.ca\/es\/wp-json\/wp\/v2\/comments?post=4607"}],"version-history":[{"count":3,"href":"https:\/\/www.seochc.on.ca\/es\/wp-json\/wp\/v2\/pages\/4607\/revisions"}],"predecessor-version":[{"id":8915,"href":"https:\/\/www.seochc.on.ca\/es\/wp-json\/wp\/v2\/pages\/4607\/revisions\/8915"}],"wp:attachment":[{"href":"https:\/\/www.seochc.on.ca\/es\/wp-json\/wp\/v2\/media?parent=4607"}],"curies":[{"name":"wp","href":"https:\/\/api.w.org\/{rel}","templated":true}]}}