{"id":4611,"date":"2022-02-11T18:57:32","date_gmt":"2022-02-11T18:57:32","guid":{"rendered":"https:\/\/www.seochc.on.ca\/?page_id=4611"},"modified":"2022-07-18T13:23:14","modified_gmt":"2022-07-18T17:23:14","slug":"covid-19-information","status":"publish","type":"page","link":"https:\/\/www.seochc.on.ca\/es\/about-us\/covid-19-information\/","title":{"rendered":"Informaci\u00f3n sobre la COVID-19"},"content":{"rendered":"<div style=\"height:40px\" aria-hidden=\"true\" class=\"wp-block-spacer\"><\/div>\n\n\n\n<h2 class=\"wp-block-heading\">Tratamientos antivirales<\/h2>\n\n\n\n<p>Los tratamientos antivirales para la COVID-19 est\u00e1n disponibles en la comunidad para las personas con s\u00edntomas (aunque sean leves) que puedan correr el riesgo de desarrollar una enfermedad grave que requiera hospitalizaci\u00f3n. Estos tratamientos deben tomarse en los primeros 5 d\u00edas desde la aparici\u00f3n de los s\u00edntomas. El primer d\u00eda de s\u00edntomas es el d\u00eda 0.<\/p>\n\n\n\n<p>Para saber si los antivirales pueden ser adecuados para usted, visite <a href=\"https:\/\/covid-19.ontario.ca\/covid-19-treatments\" target=\"_blank\" rel=\"noreferrer noopener\">Tratamientos contra la COVID-19<\/a>.<\/p>\n\n\n\n<p>D\u00f3nde acceder al tratamiento antiviral en Ottawa: <\/p>\n\n\n\n<ul class=\"wp-block-list\"><li><a href=\"https:\/\/www.ottawapublichealth.ca\/en\/shared-content\/assessment-centres.aspx?cmp=theottawan#Book-an-appointment-for-an-in-person-assessment-OR-to-speak-to-a-clinician-about-access-to-treatment\" target=\"_blank\" rel=\"noreferrer noopener\">Centro de Evaluaci\u00f3n Cl\u00ednica del Hospital de Ottawa \u2013 1081 Carling Ave, Ottawa, Ontario.<\/a><\/li><li><a href=\"https:\/\/www.ottawapublichealth.ca\/en\/shared-content\/assessment-centres.aspx?cmp=theottawan#Book-an-appointment-for-an-in-person-assessment-OR-to-speak-to-a-clinician-about-access-to-treatment\" target=\"_blank\" rel=\"noreferrer noopener\">Centro de atenci\u00f3n y pruebas Moodie: 595 Moodie Dr, Ottawa, Ontario.<\/a><\/li><li><a href=\"https:\/\/www.ottawapublichealth.ca\/en\/shared-content\/assessment-centres.aspx?cmp=theottawan#Book-an-appointment-for-an-in-person-assessment-OR-to-speak-to-a-clinician-about-access-to-treatment\" target=\"_blank\" rel=\"noreferrer noopener\">Equipo de Salud Familiar Inuit Akausivik \u2013 24 Selkirk St, Ottawa, Ontario<\/a><\/li><li><a href=\"https:\/\/www.ottawapublichealth.ca\/en\/shared-content\/assessment-centres.aspx?cmp=theottawan#Book-an-appointment-for-an-in-person-assessment-OR-to-speak-to-a-clinician-about-access-to-treatment\" target=\"_blank\" rel=\"noreferrer noopener\">Centro de Evaluaci\u00f3n de North Grenville \u2013 15 Campus Dr, Kemptville, Ontario<\/a><\/li><\/ul>\n\n\n\n<div style=\"height:40px\" aria-hidden=\"true\" class=\"wp-block-spacer\"><\/div>\n\n\n\n<h2 class=\"wp-block-heading\">Instant\u00e1nea del COVID<\/h2>\n\n\n\n<p>Para obtener informaci\u00f3n sobre pruebas, instrucciones de aislamiento, vacunas y m\u00e1s, visite <a href=\"https:\/\/www.ottawapublichealth.ca\/en\/public-health-topics\/novel-coronavirus.aspx\" target=\"_blank\" rel=\"noreferrer noopener\">Informaci\u00f3n sobre la COVID-19 de la Secretar\u00eda de Salud P\u00fablica de Ottawa<\/a> p\u00e1gina.<\/p>","protected":false},"excerpt":{"rendered":"<p>Antiviral Treatments Antiviral treatments for COVID-19 are available in the community for people with symptoms (even if mild) who may be at risk of progressing to severe disease, requiring hospitalization. These treatments must be taken within the first 5 days of symptoms. The first day of symptoms is day 0. To find out if Antivirals [&hellip;]<\/p>\n","protected":false},"author":1,"featured_media":6373,"parent":4607,"menu_order":0,"comment_status":"closed","ping_status":"closed","template":"","meta":{"_monsterinsights_skip_tracking":false,"_monsterinsights_sitenote_active":false,"_monsterinsights_sitenote_note":"","_monsterinsights_sitenote_category":0,"footnotes":"","_links_to":"","_links_to_target":""},"class_list":["post-4611","page","type-page","status-publish","has-post-thumbnail","hentry"],"aioseo_notices":[],"publishpress_future_workflow_manual_trigger":{"enabledWorkflows":[]},"rttpg_featured_image_url":{"full":["https:\/\/www.seochc.on.ca\/wp-content\/uploads\/2022\/07\/covid-19-information_featured-image.jpg",1200,630,false],"landscape":["https:\/\/www.seochc.on.ca\/wp-content\/uploads\/2022\/07\/covid-19-information_featured-image.jpg",1200,630,false],"portraits":["https:\/\/www.seochc.on.ca\/wp-content\/uploads\/2022\/07\/covid-19-information_featured-image.jpg",1200,630,false],"thumbnail":["https:\/\/www.seochc.on.ca\/wp-content\/uploads\/2022\/07\/covid-19-information_featured-image-150x150.jpg",150,150,true],"medium":["https:\/\/www.seochc.on.ca\/wp-content\/uploads\/2022\/07\/covid-19-information_featured-image-300x158.jpg",300,158,true],"large":["https:\/\/www.seochc.on.ca\/wp-content\/uploads\/2022\/07\/covid-19-information_featured-image-1024x538.jpg",1024,538,true],"1536x1536":["https:\/\/www.seochc.on.ca\/wp-content\/uploads\/2022\/07\/covid-19-information_featured-image.jpg",1200,630,false],"2048x2048":["https:\/\/www.seochc.on.ca\/wp-content\/uploads\/2022\/07\/covid-19-information_featured-image.jpg",1200,630,false],"trp-custom-language-flag":["https:\/\/www.seochc.on.ca\/wp-content\/uploads\/2022\/07\/covid-19-information_featured-image.jpg",18,9,false],"rt_custom":["https:\/\/www.seochc.on.ca\/wp-content\/uploads\/2022\/07\/covid-19-information_featured-image.jpg",1200,630,false]},"rttpg_author":{"display_name":"mastercontroller","author_link":"https:\/\/www.seochc.on.ca\/es\/author\/mastercontroller\/"},"rttpg_comment":0,"rttpg_category":null,"rttpg_excerpt":"Antiviral Treatments Antiviral treatments for COVID-19 are available in the community for people with symptoms (even if mild) who may be at risk of progressing to severe disease, requiring hospitalization. These treatments must be taken within the first 5 days of symptoms. The first day of symptoms is day 0. To find out if Antivirals&hellip;","_links":{"self":[{"href":"https:\/\/www.seochc.on.ca\/es\/wp-json\/wp\/v2\/pages\/4611","targetHints":{"allow":["GET"]}}],"collection":[{"href":"https:\/\/www.seochc.on.ca\/es\/wp-json\/wp\/v2\/pages"}],"about":[{"href":"https:\/\/www.seochc.on.ca\/es\/wp-json\/wp\/v2\/types\/page"}],"author":[{"embeddable":true,"href":"https:\/\/www.seochc.on.ca\/es\/wp-json\/wp\/v2\/users\/1"}],"replies":[{"embeddable":true,"href":"https:\/\/www.seochc.on.ca\/es\/wp-json\/wp\/v2\/comments?post=4611"}],"version-history":[{"count":2,"href":"https:\/\/www.seochc.on.ca\/es\/wp-json\/wp\/v2\/pages\/4611\/revisions"}],"predecessor-version":[{"id":6567,"href":"https:\/\/www.seochc.on.ca\/es\/wp-json\/wp\/v2\/pages\/4611\/revisions\/6567"}],"up":[{"embeddable":true,"href":"https:\/\/www.seochc.on.ca\/es\/wp-json\/wp\/v2\/pages\/4607"}],"wp:featuredmedia":[{"embeddable":true,"href":"https:\/\/www.seochc.on.ca\/es\/wp-json\/wp\/v2\/media\/6373"}],"wp:attachment":[{"href":"https:\/\/www.seochc.on.ca\/es\/wp-json\/wp\/v2\/media?parent=4611"}],"curies":[{"name":"wp","href":"https:\/\/api.w.org\/{rel}","templated":true}]}}