{"id":4999,"date":"2022-03-23T16:36:01","date_gmt":"2022-03-23T16:36:01","guid":{"rendered":"https:\/\/www.seochc.on.ca\/?page_id=4999"},"modified":"2022-10-03T16:21:14","modified_gmt":"2022-10-03T20:21:14","slug":"craving-change","status":"publish","type":"page","link":"https:\/\/www.seochc.on.ca\/es\/programs-and-services\/nutrition\/craving-change\/","title":{"rendered":"Anhelo de cambio"},"content":{"rendered":"<div class=\"wp-block-image\">\n<figure class=\"alignright size-medium\"><img fetchpriority=\"high\" decoding=\"async\" width=\"300\" height=\"243\" src=\"https:\/\/www.seochc.on.ca\/wp-content\/uploads\/2022\/03\/craving-change_inset-image-300x243.jpg\" alt=\"Assorted fruits and vegetables arranged in the shape of a brain placed inside a plate shaped like a head.\" class=\"wp-image-5033\" srcset=\"https:\/\/www.seochc.on.ca\/wp-content\/uploads\/2022\/03\/craving-change_inset-image-300x243.jpg 300w, https:\/\/www.seochc.on.ca\/wp-content\/uploads\/2022\/03\/craving-change_inset-image-768x622.jpg 768w, https:\/\/www.seochc.on.ca\/wp-content\/uploads\/2022\/03\/craving-change_inset-image.jpg 800w\" sizes=\"(max-width: 300px) 100vw, 300px\" \/><\/figure>\n<\/div>\n\n\n<p>Nuestro programa Craving Change es una serie de talleres para personas de Ottawa que tienen problemas con sus h\u00e1bitos alimenticios. Estos talleres abarcan contenidos informativos y pr\u00e1cticos, entre los que se incluyen:<\/p>\n\n\n\n<ul class=\"wp-block-list\"><li>Aumentar la conciencia de los factores que desencadenan la alimentaci\u00f3n personal.<\/li><li>Estrategias de pr\u00e1ctica <\/li><li>Desarrollar habilidades para lidiar con problemas alimenticios<\/li><li>Establecimiento de objetivos<\/li><\/ul>\n\n\n\n<h2 class=\"has-white-color has-text-color has-background has-medium-font-size wp-block-heading\" style=\"background-color:#10a1ea\">Criterios de elegibilidad<\/h2>\n\n\n\n<p>Este programa est\u00e1 abierto a todos los miembros de la comunidad del sureste de Ottawa.<\/p>\n\n\n\n<p>Para registrarse, comun\u00edquese con nuestro dietista registrado.<br>Tel\u00e9fono: (613) 737-7195, ext. 2339<br>Correo electr\u00f3nico: <a href=\"mailto:annettec@seochc.on.ca\">annettec@seochc.on.ca<\/a>.<\/p>\n\n\n\n<h2 class=\"has-white-color has-text-color has-background has-medium-font-size wp-block-heading\" style=\"background-color:#10a1ea\">Horario de atenci\u00f3n<\/h2>\n\n\n\n<p>Esta serie de talleres se ofrece dos veces al a\u00f1o y se lleva a cabo una vez por semana durante cuatro semanas.<\/p>\n\n\n\n<h2 class=\"has-white-color has-text-color has-background has-medium-font-size wp-block-heading\" style=\"background-color:#10a1ea\">Ubicaci\u00f3n<\/h2>\n\n\n\n<p>1355 Bank Street o en l\u00ednea.<\/p>","protected":false},"excerpt":{"rendered":"<p>Our Craving Change program is a workshop series for people in Ottawa who struggle with their eating habits. These workshops cover informational and practical content, including: Increasing self-awareness of personal eating triggers Practicing strategies Developing skills for dealing with problematic eating Goal setting Eligibility Criteria This program is open to all members of the South-East [&hellip;]<\/p>\n","protected":false},"author":1,"featured_media":5035,"parent":4945,"menu_order":0,"comment_status":"closed","ping_status":"closed","template":"template_program-page_n.php","meta":{"_monsterinsights_skip_tracking":false,"_monsterinsights_sitenote_active":false,"_monsterinsights_sitenote_note":"","_monsterinsights_sitenote_category":0,"footnotes":"","_links_to":"","_links_to_target":""},"class_list":["post-4999","page","type-page","status-publish","has-post-thumbnail","hentry"],"aioseo_notices":[],"publishpress_future_workflow_manual_trigger":{"enabledWorkflows":[]},"rttpg_featured_image_url":{"full":["https:\/\/www.seochc.on.ca\/wp-content\/uploads\/2022\/03\/craving-change_featured-image.jpg",1200,630,false],"landscape":["https:\/\/www.seochc.on.ca\/wp-content\/uploads\/2022\/03\/craving-change_featured-image.jpg",1200,630,false],"portraits":["https:\/\/www.seochc.on.ca\/wp-content\/uploads\/2022\/03\/craving-change_featured-image.jpg",1200,630,false],"thumbnail":["https:\/\/www.seochc.on.ca\/wp-content\/uploads\/2022\/03\/craving-change_featured-image-150x150.jpg",150,150,true],"medium":["https:\/\/www.seochc.on.ca\/wp-content\/uploads\/2022\/03\/craving-change_featured-image-300x158.jpg",300,158,true],"large":["https:\/\/www.seochc.on.ca\/wp-content\/uploads\/2022\/03\/craving-change_featured-image-1024x538.jpg",1024,538,true],"1536x1536":["https:\/\/www.seochc.on.ca\/wp-content\/uploads\/2022\/03\/craving-change_featured-image.jpg",1200,630,false],"2048x2048":["https:\/\/www.seochc.on.ca\/wp-content\/uploads\/2022\/03\/craving-change_featured-image.jpg",1200,630,false],"trp-custom-language-flag":["https:\/\/www.seochc.on.ca\/wp-content\/uploads\/2022\/03\/craving-change_featured-image.jpg",18,9,false],"rt_custom":["https:\/\/www.seochc.on.ca\/wp-content\/uploads\/2022\/03\/craving-change_featured-image.jpg",1200,630,false]},"rttpg_author":{"display_name":"mastercontroller","author_link":"https:\/\/www.seochc.on.ca\/es\/author\/mastercontroller\/"},"rttpg_comment":0,"rttpg_category":null,"rttpg_excerpt":"Our Craving Change program is a workshop series for people in Ottawa who struggle with their eating habits. These workshops cover informational and practical content, including: Increasing self-awareness of personal eating triggers Practicing strategies Developing skills for dealing with problematic eating Goal setting Eligibility Criteria This program is open to all members of the South-East&hellip;","_links":{"self":[{"href":"https:\/\/www.seochc.on.ca\/es\/wp-json\/wp\/v2\/pages\/4999","targetHints":{"allow":["GET"]}}],"collection":[{"href":"https:\/\/www.seochc.on.ca\/es\/wp-json\/wp\/v2\/pages"}],"about":[{"href":"https:\/\/www.seochc.on.ca\/es\/wp-json\/wp\/v2\/types\/page"}],"author":[{"embeddable":true,"href":"https:\/\/www.seochc.on.ca\/es\/wp-json\/wp\/v2\/users\/1"}],"replies":[{"embeddable":true,"href":"https:\/\/www.seochc.on.ca\/es\/wp-json\/wp\/v2\/comments?post=4999"}],"version-history":[{"count":5,"href":"https:\/\/www.seochc.on.ca\/es\/wp-json\/wp\/v2\/pages\/4999\/revisions"}],"predecessor-version":[{"id":7076,"href":"https:\/\/www.seochc.on.ca\/es\/wp-json\/wp\/v2\/pages\/4999\/revisions\/7076"}],"up":[{"embeddable":true,"href":"https:\/\/www.seochc.on.ca\/es\/wp-json\/wp\/v2\/pages\/4945"}],"wp:featuredmedia":[{"embeddable":true,"href":"https:\/\/www.seochc.on.ca\/es\/wp-json\/wp\/v2\/media\/5035"}],"wp:attachment":[{"href":"https:\/\/www.seochc.on.ca\/es\/wp-json\/wp\/v2\/media?parent=4999"}],"curies":[{"name":"wp","href":"https:\/\/api.w.org\/{rel}","templated":true}]}}