{"id":5001,"date":"2022-03-23T16:46:07","date_gmt":"2022-03-23T16:46:07","guid":{"rendered":"https:\/\/www.seochc.on.ca\/?page_id=5001"},"modified":"2025-10-21T08:01:14","modified_gmt":"2025-10-21T12:01:14","slug":"healthy-you","status":"publish","type":"page","link":"https:\/\/www.seochc.on.ca\/es\/programs-and-services\/nutrition\/healthy-you\/","title":{"rendered":"T\u00fa saludable"},"content":{"rendered":"<div class=\"wp-block-image\">\n<figure class=\"alignright size-medium\"><img fetchpriority=\"high\" decoding=\"async\" width=\"261\" height=\"300\" src=\"https:\/\/www.seochc.on.ca\/wp-content\/uploads\/2022\/03\/healthy-you_inset-image-261x300.jpg\" alt=\"Assorted fruits and vegetables arranged in the shape of an apple.\" class=\"wp-image-5003\" srcset=\"https:\/\/www.seochc.on.ca\/wp-content\/uploads\/2022\/03\/healthy-you_inset-image-261x300.jpg 261w, https:\/\/www.seochc.on.ca\/wp-content\/uploads\/2022\/03\/healthy-you_inset-image-768x884.jpg 768w, https:\/\/www.seochc.on.ca\/wp-content\/uploads\/2022\/03\/healthy-you_inset-image.jpg 800w\" sizes=\"(max-width: 261px) 100vw, 261px\" \/><\/figure>\n<\/div>\n\n\n<p>El bienestar es una parte importante de la vida, pero alcanzarlo puede resultar dif\u00edcil y muchas personas no saben por d\u00f3nde empezar. Nuestro programa de estilo de vida Healthy You ayuda a las personas de nuestra zona de influencia en Ottawa a mejorar su salud y bienestar a trav\u00e9s de una serie de sesiones informativas y debates sobre temas como la elecci\u00f3n de alimentos saludables, el aumento de la actividad f\u00edsica y el bienestar general. Algunos de los temas tratados son:<\/p>\n\n\n\n<ul class=\"wp-block-list\">\n<li>Los fundamentos de una alimentaci\u00f3n saludable<\/li>\n\n\n\n<li>Planificaci\u00f3n y preparaci\u00f3n de comidas<\/li>\n\n\n\n<li>C\u00f3mo leer las etiquetas de los alimentos<\/li>\n<\/ul>\n\n\n\n<h2 class=\"wp-block-heading has-white-color has-text-color has-background has-medium-font-size\" style=\"background-color:#10a1ea\">Criterios de elegibilidad<\/h2>\n\n\n\n<p>Abierto a todos los residentes que vivan en la zona sureste de Ottawa.<\/p>\n\n\n\n<p>Para inscribirse, comun\u00edquese con nuestro dietista registrado al (613) 737-7195, extensi\u00f3n 2339, o <a href=\"mailto:annettec@seochc.on.ca\">annettec@seochc.on.ca<\/a>.<\/p>\n\n\n\n<h2 class=\"wp-block-heading has-white-color has-text-color has-background has-medium-font-size\" style=\"background-color:#10a1ea\">Horario de atenci\u00f3n<\/h2>\n\n\n\n<p>Una vez por semana durante 6 semanas. Cont\u00e1ctenos para obtener m\u00e1s informaci\u00f3n. <a href=\"mailto:annettec@seochc.on.ca\">annettec@seochc.on.ca<\/a> o al 613-737-7195, extensi\u00f3n 2339.<\/p>\n\n\n\n<h2 class=\"wp-block-heading has-white-color has-text-color has-background has-medium-font-size\" style=\"background-color:#10a1ea\">Ubicaci\u00f3n<\/h2>\n\n\n\n<p>1355 Bank Street o en l\u00ednea<\/p>","protected":false},"excerpt":{"rendered":"<p>Wellness is an important part of life, but achieving it can be difficult and a lot of people don\u2019t know where to start. Our Healthy You lifestyle program helps people in our Ottawa catchment area to achieve better health and wellness through a variety of information sessions and discussions about things like good food choices, [&hellip;]<\/p>\n","protected":false},"author":1,"featured_media":5002,"parent":4945,"menu_order":0,"comment_status":"closed","ping_status":"closed","template":"template_program-page_n.php","meta":{"_monsterinsights_skip_tracking":false,"_monsterinsights_sitenote_active":false,"_monsterinsights_sitenote_note":"","_monsterinsights_sitenote_category":0,"footnotes":"","_links_to":"","_links_to_target":""},"class_list":["post-5001","page","type-page","status-publish","has-post-thumbnail","hentry"],"aioseo_notices":[],"publishpress_future_workflow_manual_trigger":{"enabledWorkflows":[]},"rttpg_featured_image_url":{"full":["https:\/\/www.seochc.on.ca\/wp-content\/uploads\/2022\/03\/healthy-you_featured-image.jpg",1200,630,false],"landscape":["https:\/\/www.seochc.on.ca\/wp-content\/uploads\/2022\/03\/healthy-you_featured-image.jpg",1200,630,false],"portraits":["https:\/\/www.seochc.on.ca\/wp-content\/uploads\/2022\/03\/healthy-you_featured-image.jpg",1200,630,false],"thumbnail":["https:\/\/www.seochc.on.ca\/wp-content\/uploads\/2022\/03\/healthy-you_featured-image-150x150.jpg",150,150,true],"medium":["https:\/\/www.seochc.on.ca\/wp-content\/uploads\/2022\/03\/healthy-you_featured-image-300x158.jpg",300,158,true],"large":["https:\/\/www.seochc.on.ca\/wp-content\/uploads\/2022\/03\/healthy-you_featured-image-1024x538.jpg",1024,538,true],"1536x1536":["https:\/\/www.seochc.on.ca\/wp-content\/uploads\/2022\/03\/healthy-you_featured-image.jpg",1200,630,false],"2048x2048":["https:\/\/www.seochc.on.ca\/wp-content\/uploads\/2022\/03\/healthy-you_featured-image.jpg",1200,630,false],"trp-custom-language-flag":["https:\/\/www.seochc.on.ca\/wp-content\/uploads\/2022\/03\/healthy-you_featured-image.jpg",18,9,false],"rt_custom":["https:\/\/www.seochc.on.ca\/wp-content\/uploads\/2022\/03\/healthy-you_featured-image.jpg",1200,630,false]},"rttpg_author":{"display_name":"mastercontroller","author_link":"https:\/\/www.seochc.on.ca\/es\/author\/mastercontroller\/"},"rttpg_comment":0,"rttpg_category":null,"rttpg_excerpt":"Wellness is an important part of life, but achieving it can be difficult and a lot of people don\u2019t know where to start. Our Healthy You lifestyle program helps people in our Ottawa catchment area to achieve better health and wellness through a variety of information sessions and discussions about things like good food choices,&hellip;","_links":{"self":[{"href":"https:\/\/www.seochc.on.ca\/es\/wp-json\/wp\/v2\/pages\/5001","targetHints":{"allow":["GET"]}}],"collection":[{"href":"https:\/\/www.seochc.on.ca\/es\/wp-json\/wp\/v2\/pages"}],"about":[{"href":"https:\/\/www.seochc.on.ca\/es\/wp-json\/wp\/v2\/types\/page"}],"author":[{"embeddable":true,"href":"https:\/\/www.seochc.on.ca\/es\/wp-json\/wp\/v2\/users\/1"}],"replies":[{"embeddable":true,"href":"https:\/\/www.seochc.on.ca\/es\/wp-json\/wp\/v2\/comments?post=5001"}],"version-history":[{"count":4,"href":"https:\/\/www.seochc.on.ca\/es\/wp-json\/wp\/v2\/pages\/5001\/revisions"}],"predecessor-version":[{"id":9654,"href":"https:\/\/www.seochc.on.ca\/es\/wp-json\/wp\/v2\/pages\/5001\/revisions\/9654"}],"up":[{"embeddable":true,"href":"https:\/\/www.seochc.on.ca\/es\/wp-json\/wp\/v2\/pages\/4945"}],"wp:featuredmedia":[{"embeddable":true,"href":"https:\/\/www.seochc.on.ca\/es\/wp-json\/wp\/v2\/media\/5002"}],"wp:attachment":[{"href":"https:\/\/www.seochc.on.ca\/es\/wp-json\/wp\/v2\/media?parent=5001"}],"curies":[{"name":"wp","href":"https:\/\/api.w.org\/{rel}","templated":true}]}}