{"id":5010,"date":"2022-03-23T17:05:34","date_gmt":"2022-03-23T17:05:34","guid":{"rendered":"https:\/\/www.seochc.on.ca\/?page_id=5010"},"modified":"2025-10-21T07:55:37","modified_gmt":"2025-10-21T11:55:37","slug":"nutrition-counselling","status":"publish","type":"page","link":"https:\/\/www.seochc.on.ca\/es\/programs-and-services\/nutrition\/nutrition-counselling\/","title":{"rendered":"Asesoramiento nutricional"},"content":{"rendered":"<div class=\"wp-block-image\">\n<figure class=\"alignright size-medium\"><img fetchpriority=\"high\" decoding=\"async\" width=\"300\" height=\"200\" src=\"https:\/\/www.seochc.on.ca\/wp-content\/uploads\/2022\/03\/nutrition-counselling_inset-image-300x200.jpg\" alt=\"Two people sitting at table with fruit and vegetables.\" class=\"wp-image-5011\" srcset=\"https:\/\/www.seochc.on.ca\/wp-content\/uploads\/2022\/03\/nutrition-counselling_inset-image-300x200.jpg 300w, https:\/\/www.seochc.on.ca\/wp-content\/uploads\/2022\/03\/nutrition-counselling_inset-image-768x512.jpg 768w, https:\/\/www.seochc.on.ca\/wp-content\/uploads\/2022\/03\/nutrition-counselling_inset-image.jpg 800w\" sizes=\"(max-width: 300px) 100vw, 300px\" \/><\/figure>\n<\/div>\n\n\n<p>Nuestros dietistas registrados ofrecen asesoramiento nutricional individual y familiar para una variedad de necesidades, entre las que se incluyen: alimentaci\u00f3n nutritiva para diversas afecciones de salud y apoyo nutricional para la alimentaci\u00f3n infantil.<\/p>\n\n\n\n<p>Para obtener m\u00e1s informaci\u00f3n general sobre alimentaci\u00f3n saludable y control del peso, consulte nuestro programa grupal Healthy You.<\/p>\n\n\n\n<h2 class=\"wp-block-heading has-white-color has-text-color has-background has-medium-font-size\" style=\"background-color:#10a1ea\">Criterios de elegibilidad<\/h2>\n\n\n\n<p><strong>El asesoramiento nutricional se ofrece \u00fanicamente a clientes registrados derivados internamente.<\/strong><\/p>\n\n\n\n<h2 class=\"wp-block-heading has-white-color has-text-color has-background has-medium-font-size\" style=\"background-color:#10a1ea\">Horario de atenci\u00f3n<\/h2>\n\n\n\n<p>Con cita previa.<\/p>\n\n\n\n<h2 class=\"wp-block-heading has-white-color has-text-color has-background has-medium-font-size\" style=\"background-color:#10a1ea\">Ubicaci\u00f3n<\/h2>\n\n\n\n<p>Por tel\u00e9fono, virtualmente o en persona en 1355 Bank Street, Ottawa, ON.<\/p>","protected":false},"excerpt":{"rendered":"<p>Our Registered Dietitians offer individual and family Nutrition Counseling for a variety of needs, including: nutritious eating for various health conditions and child feeding nutritional support. For more general healthy eating and weight management discussion and service, please see our Healthy You group program. Eligibility Criteria Nutritional counselling is provided for internal referrals of registered [&hellip;]<\/p>\n","protected":false},"author":1,"featured_media":5012,"parent":4945,"menu_order":0,"comment_status":"closed","ping_status":"closed","template":"template_program-page_n.php","meta":{"_monsterinsights_skip_tracking":false,"_monsterinsights_sitenote_active":false,"_monsterinsights_sitenote_note":"","_monsterinsights_sitenote_category":0,"footnotes":"","_links_to":"","_links_to_target":""},"class_list":["post-5010","page","type-page","status-publish","has-post-thumbnail","hentry"],"aioseo_notices":[],"publishpress_future_workflow_manual_trigger":{"enabledWorkflows":[]},"rttpg_featured_image_url":{"full":["https:\/\/www.seochc.on.ca\/wp-content\/uploads\/2022\/03\/nutrition-counselling_featured-image.jpg",1200,630,false],"landscape":["https:\/\/www.seochc.on.ca\/wp-content\/uploads\/2022\/03\/nutrition-counselling_featured-image.jpg",1200,630,false],"portraits":["https:\/\/www.seochc.on.ca\/wp-content\/uploads\/2022\/03\/nutrition-counselling_featured-image.jpg",1200,630,false],"thumbnail":["https:\/\/www.seochc.on.ca\/wp-content\/uploads\/2022\/03\/nutrition-counselling_featured-image-150x150.jpg",150,150,true],"medium":["https:\/\/www.seochc.on.ca\/wp-content\/uploads\/2022\/03\/nutrition-counselling_featured-image-300x158.jpg",300,158,true],"large":["https:\/\/www.seochc.on.ca\/wp-content\/uploads\/2022\/03\/nutrition-counselling_featured-image-1024x538.jpg",1024,538,true],"1536x1536":["https:\/\/www.seochc.on.ca\/wp-content\/uploads\/2022\/03\/nutrition-counselling_featured-image.jpg",1200,630,false],"2048x2048":["https:\/\/www.seochc.on.ca\/wp-content\/uploads\/2022\/03\/nutrition-counselling_featured-image.jpg",1200,630,false],"trp-custom-language-flag":["https:\/\/www.seochc.on.ca\/wp-content\/uploads\/2022\/03\/nutrition-counselling_featured-image.jpg",18,9,false],"rt_custom":["https:\/\/www.seochc.on.ca\/wp-content\/uploads\/2022\/03\/nutrition-counselling_featured-image.jpg",1200,630,false]},"rttpg_author":{"display_name":"mastercontroller","author_link":"https:\/\/www.seochc.on.ca\/es\/author\/mastercontroller\/"},"rttpg_comment":0,"rttpg_category":null,"rttpg_excerpt":"Our Registered Dietitians offer individual and family Nutrition Counseling for a variety of needs, including: nutritious eating for various health conditions and child feeding nutritional support. For more general healthy eating and weight management discussion and service, please see our Healthy You group program. Eligibility Criteria Nutritional counselling is provided for internal referrals of registered&hellip;","_links":{"self":[{"href":"https:\/\/www.seochc.on.ca\/es\/wp-json\/wp\/v2\/pages\/5010","targetHints":{"allow":["GET"]}}],"collection":[{"href":"https:\/\/www.seochc.on.ca\/es\/wp-json\/wp\/v2\/pages"}],"about":[{"href":"https:\/\/www.seochc.on.ca\/es\/wp-json\/wp\/v2\/types\/page"}],"author":[{"embeddable":true,"href":"https:\/\/www.seochc.on.ca\/es\/wp-json\/wp\/v2\/users\/1"}],"replies":[{"embeddable":true,"href":"https:\/\/www.seochc.on.ca\/es\/wp-json\/wp\/v2\/comments?post=5010"}],"version-history":[{"count":4,"href":"https:\/\/www.seochc.on.ca\/es\/wp-json\/wp\/v2\/pages\/5010\/revisions"}],"predecessor-version":[{"id":9653,"href":"https:\/\/www.seochc.on.ca\/es\/wp-json\/wp\/v2\/pages\/5010\/revisions\/9653"}],"up":[{"embeddable":true,"href":"https:\/\/www.seochc.on.ca\/es\/wp-json\/wp\/v2\/pages\/4945"}],"wp:featuredmedia":[{"embeddable":true,"href":"https:\/\/www.seochc.on.ca\/es\/wp-json\/wp\/v2\/media\/5012"}],"wp:attachment":[{"href":"https:\/\/www.seochc.on.ca\/es\/wp-json\/wp\/v2\/media?parent=5010"}],"curies":[{"name":"wp","href":"https:\/\/api.w.org\/{rel}","templated":true}]}}