{"id":5401,"date":"2022-04-12T17:58:11","date_gmt":"2022-04-12T17:58:11","guid":{"rendered":"https:\/\/www.seochc.on.ca\/?page_id=5401"},"modified":"2025-10-16T08:58:20","modified_gmt":"2025-10-16T12:58:20","slug":"primary-care-clinic","status":"publish","type":"page","link":"https:\/\/www.seochc.on.ca\/es\/programs-and-services\/primary-care\/primary-care-clinic\/","title":{"rendered":"Cl\u00ednica de atenci\u00f3n primaria"},"content":{"rendered":"<div data-elementor-type=\"wp-page\" data-elementor-id=\"5401\" class=\"elementor elementor-5401\">\n\t\t\t\t\t\t<section class=\"elementor-section elementor-top-section elementor-element elementor-element-1aa5113f elementor-section-boxed elementor-section-height-default elementor-section-height-default\" data-id=\"1aa5113f\" data-element_type=\"section\" data-e-type=\"section\">\n\t\t\t\t\t\t<div class=\"elementor-container elementor-column-gap-default\">\n\t\t\t\t\t<div class=\"elementor-column elementor-col-100 elementor-top-column elementor-element elementor-element-30281237\" data-id=\"30281237\" data-element_type=\"column\" data-e-type=\"column\">\n\t\t\t<div class=\"elementor-widget-wrap elementor-element-populated\">\n\t\t\t\t\t\t<div class=\"elementor-element elementor-element-74a216b4 elementor-widget elementor-widget-text-editor\" data-id=\"74a216b4\" data-element_type=\"widget\" data-e-type=\"widget\" data-widget_type=\"text-editor.default\">\n\t\t\t\t<div class=\"elementor-widget-container\">\n\t\t\t\t\t\t\t\t\t<div class=\"wp-block-buttons\">\n<p><!-- \/wp:button --><\/p>\n<\/div>\n<p><!-- \/wp:buttons --><\/p>\n<p><!-- wp:image {\"align\":\"right\",\"id\":5402,\"sizeSlug\":\"medium\",\"linkDestination\":\"none\"} --><\/p>\n<figure class=\"wp-block-image alignright size-medium\"><img fetchpriority=\"high\" decoding=\"async\" width=\"300\" height=\"200\" class=\"wp-image-5402\" src=\"https:\/\/www.seochc.on.ca\/wp-content\/uploads\/2022\/04\/primary-care-clinic_inset-image-300x200.jpg\" alt=\"Unidentified medical professionals standing in line.\" srcset=\"https:\/\/www.seochc.on.ca\/wp-content\/uploads\/2022\/04\/primary-care-clinic_inset-image-300x200.jpg 300w, https:\/\/www.seochc.on.ca\/wp-content\/uploads\/2022\/04\/primary-care-clinic_inset-image-768x512.jpg 768w, https:\/\/www.seochc.on.ca\/wp-content\/uploads\/2022\/04\/primary-care-clinic_inset-image.jpg 800w\" sizes=\"(max-width: 300px) 100vw, 300px\" \/><\/figure>\n<p><!-- \/wp:image --><\/p>\n<p><!-- wp:paragraph --><\/p>\n<p><span class=\"TextRun Highlight SCXW192526656 BCX8\" lang=\"EN-CA\" xml:lang=\"EN-CA\" data-contrast=\"none\"><span class=\"NormalTextRun SCXW192526656 BCX8\">Nuestra cl\u00ednica m\u00e9dica <\/span><span class=\"NormalTextRun SCXW192526656 BCX8\">ofrece servicios de atenci\u00f3n primaria compuestos por un<\/span><span class=\"NormalTextRun SCXW192526656 BCX8\"> interdisciplinario<\/span> <span class=\"NormalTextRun SCXW192526656 BCX8\">equipo <\/span><span class=\"NormalTextRun SCXW192526656 BCX8\">de <\/span><span class=\"NormalTextRun SCXW192526656 BCX8\">m\u00e9dicos de familia, enfermeras practicantes, enfermeras, trabajadores sociales, dietistas, <\/span><span class=\"NormalTextRun SCXW192526656 BCX8\">terapeutas respiratorios, enfermeras especializadas en el cuidado de los pies, asistencia social <\/span><span class=\"NormalTextRun SCXW192526656 BCX8\">trabajadores<\/span> <span class=\"NormalTextRun SCXW192526656 BCX8\">y otros<\/span><span class=\"NormalTextRun SCXW192526656 BCX8\"> profesionales de la salud aliados<\/span><span class=\"NormalTextRun SCXW192526656 BCX8\">.<\/span><\/span><span class=\"EOP SCXW192526656 BCX8\" data-ccp-props=\"{}\">\u00a0<\/span><\/p>\n<p><!-- \/wp:paragraph --><\/p>\n<p><!-- wp:paragraph --><\/p>\n<p><span class=\"TextRun Highlight SCXW36137616 BCX8\" lang=\"EN-CA\" xml:lang=\"EN-CA\" data-contrast=\"none\"><span class=\"NormalTextRun SCXW36137616 BCX8\">Nosotros<\/span><span class=\"NormalTextRun SCXW36137616 BCX8\"> colaboran para proporcionar servicios m\u00e9dicos a los clientes registrados. Trabajando juntos, este equipo responde a factores que <\/span><span class=\"NormalTextRun SCXW36137616 BCX8\">impacto<\/span><span class=\"NormalTextRun SCXW36137616 BCX8\"> la salud y el bienestar de los clientes<\/span><span class=\"NormalTextRun SCXW36137616 BCX8\"> y proporcionar un<\/span> <span class=\"NormalTextRun SCXW36137616 BCX8\">envolver<\/span><span class=\"NormalTextRun SCXW36137616 BCX8\">\u2013<\/span><span class=\"NormalTextRun SCXW36137616 BCX8\">alrededor<\/span><span class=\"NormalTextRun SCXW36137616 BCX8\"> Enfoque de la atenci\u00f3n.\u00a0<\/span><\/span><\/p>\n<p><!-- \/wp:paragraph --><\/p>\n<p><!-- wp:paragraph --><\/p>\n<p><span class=\"TextRun Highlight SCXW267175678 BCX8\" lang=\"EN-CA\" xml:lang=\"EN-CA\" data-contrast=\"none\"><span class=\"NormalTextRun SCXW267175678 BCX8\">Su m\u00e9dico o enfermero har\u00e1 todo lo posible por atender sus problemas m\u00e9dicos, incluyendo renovaciones de recetas, derivaciones, solicitudes de pruebas de laboratorio, ex\u00e1menes m\u00e9dicos peri\u00f3dicos...<\/span><\/span><span class=\"EOP SCXW267175678 BCX8\" data-ccp-props=\"{}\">\u00a0<\/span><\/p>\n<p><!-- \/wp:paragraph --><\/p>\n<p><!-- wp:paragraph --><\/p>\n<p><span class=\"TextRun Highlight SCXW177108844 BCX8\" lang=\"EN-CA\" xml:lang=\"EN-CA\" data-contrast=\"none\"><span class=\"NormalTextRun SCXW177108844 BCX8\"><strong>Su cita m\u00e9dica:<\/strong> Primaria<\/span><\/span><span class=\"TextRun Highlight SCXW177108844 BCX8\" lang=\"EN-CA\" xml:lang=\"EN-CA\" data-contrast=\"none\"><span class=\"NormalTextRun SCXW177108844 BCX8\"> Las citas m\u00e9dicas se pueden reservar en persona o de manera virtual, por tel\u00e9fono o videollamada.<\/span><\/span><\/p>\n<p><!-- \/wp:paragraph --><\/p>\n<p><!-- wp:heading {\"style\":{\"color\":{\"background\":\"#10a1ea\"}},\"textColor\":\"white\",\"fontSize\":\"medium\"} --><\/p>\n<h2 class=\"has-white-color has-text-color has-background has-medium-font-size\" style=\"background-color: #10a1ea;\">Criterios de elegibilidad<\/h2>\n<p><!-- \/wp:heading --><\/p>\n<p><!-- wp:paragraph --><\/p>\n<p>Criterios para ser aceptado como cliente en la Cl\u00ednica M\u00e9dica:<\/p>\n<p><!-- \/wp:paragraph --><\/p>\n<p><!-- wp:list --><\/p>\n<ul>\n<li>Vivir en la cuenca hidrogr\u00e1fica<\/li>\n<li>Cobertura del OHIP o cobertura federal provisional de salud o sin seguro con prueba de estatus migratorio.<\/li>\n<\/ul>\n<p><!-- \/wp:list --><\/p>\n<p><!-- wp:paragraph --><\/p>\n<p>No elegible\/no aceptado:<\/p>\n<p><!-- \/wp:paragraph --><\/p>\n<p><!-- wp:list --><\/p>\n<ul>\n<li>Personas con estatus de visitante<\/li>\n<li>Fuera de la provincia (no residente en Ontario)<\/li>\n<li>Estudiantes internacionales con UHIP<\/li>\n<li>Los diplom\u00e1ticos tienen su propia cobertura de seguro.<\/li>\n<li><span class=\"TextRun SCXW140153185 BCX8\" lang=\"EN-US\" xml:lang=\"EN-US\" data-contrast=\"auto\"><span class=\"NormalTextRun SCXW140153185 BCX8\">Vive fuera del \u00e1rea de influencia de SEOCHC.<\/span><\/span><\/li>\n<\/ul>\n<p><!-- \/wp:list --><\/p>\n<p><!-- wp:paragraph --><\/p>\n<p><!-- \/wp:paragraph --><\/p>\n<p><!-- wp:heading {\"style\":{\"color\":{\"background\":\"#10a1ea\"}},\"textColor\":\"white\",\"fontSize\":\"medium\"} --><\/p>\n<h2 class=\"has-white-color has-text-color has-background has-medium-font-size\" style=\"background-color: #10a1ea;\">Horario de atenci\u00f3n<\/h2>\n<p><!-- \/wp:heading --><\/p>\n<p><!-- wp:paragraph --><\/p>\n<p><span style=\"text-decoration: underline;\"><strong>Horario habitual de la cl\u00ednica<\/strong><\/span><\/p>\n<p><strong><span class=\"TextRun SCXW29062179 BCX8\" lang=\"EN-CA\" xml:lang=\"EN-CA\" data-contrast=\"auto\"><span class=\"NormalTextRun SCXW29062179 BCX8\">Llame al: 613-737-480<\/span><span class=\"NormalTextRun SCXW29062179 BCX8\">9<\/span><span class=\"NormalTextRun SCXW29062179 BCX8\">.<\/span><\/span><\/strong> <span class=\"TextRun SCXW29062179 BCX8\" lang=\"EN-CA\" xml:lang=\"EN-CA\" data-contrast=\"auto\"><span class=\"NormalTextRun SCXW29062179 BCX8\">No se atienden llamadas de 12:00 a 12:30. <\/span><span class=\"NormalTextRun ContextualSpellingAndGrammarErrorV2Themed SCXW29062179 BCX8\">todos los d\u00edas<\/span><span class=\"NormalTextRun SCXW29062179 BCX8\">.<\/span><\/span><span class=\"TextRun SCXW29062179 BCX8\" lang=\"EN-CA\" xml:lang=\"EN-CA\" data-contrast=\"auto\"><span class=\"NormalTextRun SCXW29062179 BCX8\">\u00a0<\/span><\/span><span class=\"EOP SCXW29062179 BCX8\" data-ccp-props=\"{}\">\u00a0<\/span><\/p>\n<p><!-- \/wp:paragraph --><\/p>\n<p><!-- wp:paragraph --><\/p>\n<ul>\n<li>Lunes, jueves y viernes: de 8:30 a. m. a 5:00 p. m. <span class=\"TextRun SCXW8774942 BCX8\" lang=\"EN-CA\" xml:lang=\"EN-CA\" data-contrast=\"auto\"><span class=\"NormalTextRun SCXW8774942 BCX8\">(Se atender\u00e1n las llamadas telef\u00f3nicas). <\/span><span class=\"NormalTextRun SCXW8774942 BCX8\">hasta <\/span><span class=\"NormalTextRun SCXW8774942 BCX8\">4:<\/span><span class=\"NormalTextRun SCXW8774942 BCX8\">30<\/span> <span class=\"NormalTextRun SCXW8774942 BCX8\">pm).<\/span><\/span><span class=\"EOP SCXW8774942 BCX8\" data-ccp-props=\"{}\">\u00a0<\/span><\/li>\n<li><!-- \/wp:paragraph -->Martes y mi\u00e9rcoles: de 8:30 a. m. a 8:00 p. m. <span class=\"NormalTextRun SCXW124161438 BCX8\">(Tel\u00e9fono<\/span><span class=\"NormalTextRun SCXW124161438 BCX8\">Se responder\u00e1n las preguntas. <\/span><span class=\"NormalTextRun SCXW124161438 BCX8\">hasta<\/span><span class=\"NormalTextRun SCXW124161438 BCX8\"> 7:00<\/span><span class=\"NormalTextRun SCXW124161438 BCX8\"> pm).<\/span><!-- wp:paragraph --><\/li>\n<\/ul>\n<p><!-- \/wp:paragraph --><\/p>\n<p><!-- wp:paragraph --><\/p>\n<p><!-- \/wp:paragraph --><\/p>\n<p><!-- wp:paragraph --><\/p>\n<p><span style=\"text-decoration: underline;\"><strong>Fuera del horario laboral<\/strong><\/span><\/p>\n<p><!-- \/wp:paragraph --><\/p>\n<p><!-- wp:paragraph --><\/p>\n<p><span class=\"TextRun SCXW29712460 BCX8\" lang=\"EN-CA\" xml:lang=\"EN-CA\" data-contrast=\"auto\"><span class=\"NormalTextRun SCXW29712460 BCX8\">Hay un servicio de atenci\u00f3n telef\u00f3nica disponible para consultas m\u00e9dicas que no pueden esperar hasta la pr\u00f3xima apertura de la consulta. Debe ser un <\/span><span class=\"NormalTextRun SCXW29712460 BCX8\">paciente de atenci\u00f3n primaria<\/span><span class=\"NormalTextRun SCXW29712460 BCX8\"> asignado<\/span><span class=\"NormalTextRun SCXW29712460 BCX8\"> a <\/span><span class=\"NormalTextRun SCXW29712460 BCX8\">a<\/span><span class=\"NormalTextRun SCXW29712460 BCX8\"> m\u00e9dico o enfermero practicante<\/span><span class=\"NormalTextRun SCXW29712460 BCX8\">.<\/span><\/span><\/p>\n<p><!-- \/wp:paragraph --><\/p>\n<p><!-- wp:paragraph --><\/p>\n<p><strong>Llame al: (613) 239-4070<\/strong><\/p>\n<p><!-- \/wp:paragraph --><\/p>\n<p><!-- wp:paragraph --><\/p>\n<p>De lunes a viernes por la tarde, de 5:00 p. m. a 8:00 p. m.<\/p>\n<p>S\u00e1bados, domingos y festivos, de 9:00 a. m. a 5:00 p. m.<\/p>\n<p><!-- \/wp:paragraph --><\/p>\n<p><!-- wp:paragraph --><\/p>\n<ul>\n<li>Emergencias m\u00e9dicas que ponen en peligro la vida: Llame al 911.<\/li>\n<\/ul>\n<p><!-- \/wp:paragraph --><\/p>\n<p><!-- wp:paragraph --><\/p>\n<ul>\n<li><span class=\"TextRun SCXW35281569 BCX8\" lang=\"EN-CA\" xml:lang=\"EN-CA\" data-contrast=\"auto\"><span class=\"NormalTextRun SCXW35281569 BCX8\">Si necesita asesoramiento m\u00e9dico y el centro de guardia no est\u00e1 disponible, llame a Tele Health Ontario al 1-<\/span><span class=\"NormalTextRun SCXW35281569 BCX8\">(<\/span><span class=\"NormalTextRun SCXW35281569 BCX8\">866<\/span><span class=\"NormalTextRun SCXW35281569 BCX8\">)<\/span><span class=\"NormalTextRun SCXW35281569 BCX8\">797-0000.<\/span><\/span><\/li>\n<\/ul>\n<p><!-- \/wp:paragraph --><\/p>\n<p><!-- wp:paragraph --><\/p>\n<ul>\n<li>Si tiene alguna inquietud relacionada con la salud mental, comun\u00edquese con el Centro de Ayuda al (613) 238-3311.<\/li>\n<\/ul>\n<p><!-- \/wp:paragraph --><\/p>\n<p><!-- wp:heading {\"style\":{\"color\":{\"background\":\"#10a1ea\"}},\"textColor\":\"white\",\"fontSize\":\"medium\"} --><\/p>\n<h2 class=\"has-white-color has-text-color has-background has-medium-font-size\" style=\"background-color: #10a1ea;\">Ubicaci\u00f3n<\/h2>\n<p><!-- \/wp:heading --><\/p>\n<p><!-- wp:paragraph --><\/p>\n<p>1355 Bank Street \u2013 6.\u00ba piso<br \/><span style=\"color: #00ccff;\"><strong>\u00a0 \u00a0 \u00a0 \u00a0 \u00a0 \u00a0 \u00a0 \u00a0 \u00a0 \u00a0 \u00a0 \u00a0\u00a0<\/strong><\/span><\/p>\n<p style=\"text-align: center;\">\u00a0<\/p>\n<p><!-- \/wp:paragraph --><\/p>\t\t\t\t\t\t\t\t<\/div>\n\t\t\t\t<\/div>\n\t\t\t\t\t<\/div>\n\t\t<\/div>\n\t\t\t\t\t<\/div>\n\t\t<\/section>\n\t\t\t\t<\/div>","protected":false},"excerpt":{"rendered":"<p>Our medical clinic offers Primary Care Services made up of an interdisciplinary team of family physicians, nurse practitioners, nurses, social workers, dietitians, respiratory therapists, footcare nurses, outreach workers and other allied health professionals.\u00a0 We collaborate to provide medical services to registered clients. Working together, this team responds to factors that impact the health and wellbeing [&hellip;]<\/p>\n","protected":false},"author":1,"featured_media":5403,"parent":4526,"menu_order":0,"comment_status":"closed","ping_status":"closed","template":"template_program-page_pc.php","meta":{"_monsterinsights_skip_tracking":false,"_monsterinsights_sitenote_active":false,"_monsterinsights_sitenote_note":"","_monsterinsights_sitenote_category":0,"footnotes":"","_links_to":"","_links_to_target":""},"class_list":["post-5401","page","type-page","status-publish","has-post-thumbnail","hentry"],"aioseo_notices":[],"publishpress_future_workflow_manual_trigger":{"enabledWorkflows":[]},"rttpg_featured_image_url":{"full":["https:\/\/www.seochc.on.ca\/wp-content\/uploads\/2022\/04\/primary-care-clinic_featured-image.jpg",1200,630,false],"landscape":["https:\/\/www.seochc.on.ca\/wp-content\/uploads\/2022\/04\/primary-care-clinic_featured-image.jpg",1200,630,false],"portraits":["https:\/\/www.seochc.on.ca\/wp-content\/uploads\/2022\/04\/primary-care-clinic_featured-image.jpg",1200,630,false],"thumbnail":["https:\/\/www.seochc.on.ca\/wp-content\/uploads\/2022\/04\/primary-care-clinic_featured-image-150x150.jpg",150,150,true],"medium":["https:\/\/www.seochc.on.ca\/wp-content\/uploads\/2022\/04\/primary-care-clinic_featured-image-300x158.jpg",300,158,true],"large":["https:\/\/www.seochc.on.ca\/wp-content\/uploads\/2022\/04\/primary-care-clinic_featured-image-1024x538.jpg",1024,538,true],"1536x1536":["https:\/\/www.seochc.on.ca\/wp-content\/uploads\/2022\/04\/primary-care-clinic_featured-image.jpg",1200,630,false],"2048x2048":["https:\/\/www.seochc.on.ca\/wp-content\/uploads\/2022\/04\/primary-care-clinic_featured-image.jpg",1200,630,false],"trp-custom-language-flag":["https:\/\/www.seochc.on.ca\/wp-content\/uploads\/2022\/04\/primary-care-clinic_featured-image.jpg",18,9,false],"rt_custom":["https:\/\/www.seochc.on.ca\/wp-content\/uploads\/2022\/04\/primary-care-clinic_featured-image.jpg",1200,630,false]},"rttpg_author":{"display_name":"mastercontroller","author_link":"https:\/\/www.seochc.on.ca\/es\/author\/mastercontroller\/"},"rttpg_comment":0,"rttpg_category":null,"rttpg_excerpt":"Our medical clinic offers Primary Care Services made up of an interdisciplinary team of family physicians, nurse practitioners, nurses, social workers, dietitians, respiratory therapists, footcare nurses, outreach workers and other allied health professionals.\u00a0 We collaborate to provide medical services to registered clients. Working together, this team responds to factors that impact the health and wellbeing&hellip;","_links":{"self":[{"href":"https:\/\/www.seochc.on.ca\/es\/wp-json\/wp\/v2\/pages\/5401","targetHints":{"allow":["GET"]}}],"collection":[{"href":"https:\/\/www.seochc.on.ca\/es\/wp-json\/wp\/v2\/pages"}],"about":[{"href":"https:\/\/www.seochc.on.ca\/es\/wp-json\/wp\/v2\/types\/page"}],"author":[{"embeddable":true,"href":"https:\/\/www.seochc.on.ca\/es\/wp-json\/wp\/v2\/users\/1"}],"replies":[{"embeddable":true,"href":"https:\/\/www.seochc.on.ca\/es\/wp-json\/wp\/v2\/comments?post=5401"}],"version-history":[{"count":48,"href":"https:\/\/www.seochc.on.ca\/es\/wp-json\/wp\/v2\/pages\/5401\/revisions"}],"predecessor-version":[{"id":9619,"href":"https:\/\/www.seochc.on.ca\/es\/wp-json\/wp\/v2\/pages\/5401\/revisions\/9619"}],"up":[{"embeddable":true,"href":"https:\/\/www.seochc.on.ca\/es\/wp-json\/wp\/v2\/pages\/4526"}],"wp:featuredmedia":[{"embeddable":true,"href":"https:\/\/www.seochc.on.ca\/es\/wp-json\/wp\/v2\/media\/5403"}],"wp:attachment":[{"href":"https:\/\/www.seochc.on.ca\/es\/wp-json\/wp\/v2\/media?parent=5401"}],"curies":[{"name":"wp","href":"https:\/\/api.w.org\/{rel}","templated":true}]}}