{"id":5438,"date":"2022-04-19T17:25:38","date_gmt":"2022-04-19T17:25:38","guid":{"rendered":"https:\/\/www.seochc.on.ca\/?page_id=5438"},"modified":"2023-12-21T15:21:46","modified_gmt":"2023-12-21T20:21:46","slug":"accessibility","status":"publish","type":"page","link":"https:\/\/www.seochc.on.ca\/es\/accessibility\/","title":{"rendered":"Accesibilidad"},"content":{"rendered":"<p>El Centro de Salud Comunitario del Sureste de Ottawa (SEOCHC) da la bienvenida y anima a las personas con discapacidad a utilizar nuestros programas y servicios. El SEOCHC proporcionar\u00e1 acceso a nuestros servicios a las personas con discapacidad de una manera que respete su derecho a la dignidad, la independencia y la integraci\u00f3n.<\/p>\n\n\n<div class=\"wp-block-image\">\n<figure class=\"alignright size-thumbnail\"><a href=\"https:\/\/www.seochc.on.ca\/wp-content\/uploads\/2021\/02\/Multi-Year-Accessibility-Plan-2021-2024.pdf\" target=\"_blank\" rel=\"noopener\"><img decoding=\"async\" width=\"150\" height=\"150\" src=\"https:\/\/www.seochc.on.ca\/wp-content\/uploads\/2022\/04\/seochc-pdf-icon-150x150.png\" alt=\"\" class=\"wp-image-5439\" srcset=\"https:\/\/www.seochc.on.ca\/wp-content\/uploads\/2022\/04\/seochc-pdf-icon-150x150.png 150w, https:\/\/www.seochc.on.ca\/wp-content\/uploads\/2022\/04\/seochc-pdf-icon-300x298.png 300w, https:\/\/www.seochc.on.ca\/wp-content\/uploads\/2022\/04\/seochc-pdf-icon.png 388w\" sizes=\"(max-width: 150px) 100vw, 150px\" \/><\/a><figcaption class=\"wp-element-caption\"><a href=\"https:\/\/www.seochc.on.ca\/wp-content\/uploads\/2021\/02\/Multi-Year-Accessibility-Plan-2021-2024.pdf\" target=\"_blank\" rel=\"noreferrer noopener\">Haga clic en la imagen para leer nuestro plan de accesibilidad.<\/a><\/figcaption><\/figure>\n<\/div>\n\n\n<p>SEOCHC se esfuerza por brindar servicio a todos en un ambiente acogedor y solidario. Tendremos en cuenta las necesidades individuales de las personas con discapacidades al prestar nuestros servicios mediante:<\/p>\n\n\n\n<ul class=\"wp-block-list\">\n<li>Considerar las necesidades individuales y especiales al aplicar las pol\u00edticas y procedimientos de SEOCHC.<\/li>\n\n\n\n<li>Comunicarse con las personas de una manera que satisfaga sus necesidades.<\/li>\n\n\n\n<li>Cualquier informaci\u00f3n o formulario escrito se pondr\u00e1 a disposici\u00f3n, previa solicitud.<\/li>\n\n\n\n<li>Agradecemos los comentarios y sugerencias sobre los servicios en diversos formatos.<\/li>\n\n\n\n<li>Bienvenida a las personas de apoyo acompa\u00f1antes<\/li>\n\n\n\n<li>Ofrecemos una amplia gama de dispositivos de asistencia.<\/li>\n\n\n\n<li>Animales de servicio bienvenidos<\/li>\n\n\n\n<li>Informar a las personas si los servicios no est\u00e1n disponibles cuando sea posible, por ejemplo, si un programa va a cerrarse o si el sitio web no est\u00e1 disponible.<\/li>\n\n\n\n<li>Garantizar que las respuestas de emergencia aborden la accesibilidad<\/li>\n\n\n\n<li>Capacitar al personal y a los voluntarios para brindar el mejor servicio posible.<\/li>\n\n\n\n<li>Proporcionar un foro para abordar las inquietudes o los retos relacionados con el acceso a nuestros servicios.<\/li>\n\n\n\n<li>Ofrecer oportunidades para la mejora continua y la revisi\u00f3n peri\u00f3dica de las pol\u00edticas y procedimientos de accesibilidad.<\/li>\n<\/ul>\n\n\n\n<p>Si tiene alguna inquietud o sugerencia sobre la accesibilidad en el CHC del sudeste de Ottawa, por favor env\u00edela a\u00a0<a href=\"mailto:office@seochc.on.ca\">office@seochc.on.ca<\/a>. <\/p>","protected":false},"excerpt":{"rendered":"<p>South-East Ottawa Community Health Centre (SEOCHC) welcomes and encourages people living with disabilities to use our programs and services. SEOCHC will provide access to our services for people with disabilities in a way that respects their right to dignity, independence and integration. SEOCHC strives to provide service to everyone in a welcoming and supportive environment. [&hellip;]<\/p>\n","protected":false},"author":1,"featured_media":5442,"parent":0,"menu_order":0,"comment_status":"closed","ping_status":"closed","template":"","meta":{"_monsterinsights_skip_tracking":false,"_monsterinsights_sitenote_active":false,"_monsterinsights_sitenote_note":"","_monsterinsights_sitenote_category":0,"footnotes":"","_links_to":"","_links_to_target":""},"class_list":["post-5438","page","type-page","status-publish","has-post-thumbnail","hentry"],"aioseo_notices":[],"publishpress_future_workflow_manual_trigger":{"enabledWorkflows":[]},"rttpg_featured_image_url":{"full":["https:\/\/www.seochc.on.ca\/wp-content\/uploads\/2022\/04\/accessibility_featured-image.jpg",1200,630,false],"landscape":["https:\/\/www.seochc.on.ca\/wp-content\/uploads\/2022\/04\/accessibility_featured-image.jpg",1200,630,false],"portraits":["https:\/\/www.seochc.on.ca\/wp-content\/uploads\/2022\/04\/accessibility_featured-image.jpg",1200,630,false],"thumbnail":["https:\/\/www.seochc.on.ca\/wp-content\/uploads\/2022\/04\/accessibility_featured-image-150x150.jpg",150,150,true],"medium":["https:\/\/www.seochc.on.ca\/wp-content\/uploads\/2022\/04\/accessibility_featured-image-300x158.jpg",300,158,true],"large":["https:\/\/www.seochc.on.ca\/wp-content\/uploads\/2022\/04\/accessibility_featured-image-1024x538.jpg",1024,538,true],"1536x1536":["https:\/\/www.seochc.on.ca\/wp-content\/uploads\/2022\/04\/accessibility_featured-image.jpg",1200,630,false],"2048x2048":["https:\/\/www.seochc.on.ca\/wp-content\/uploads\/2022\/04\/accessibility_featured-image.jpg",1200,630,false],"trp-custom-language-flag":["https:\/\/www.seochc.on.ca\/wp-content\/uploads\/2022\/04\/accessibility_featured-image.jpg",18,9,false],"rt_custom":["https:\/\/www.seochc.on.ca\/wp-content\/uploads\/2022\/04\/accessibility_featured-image.jpg",1200,630,false]},"rttpg_author":{"display_name":"mastercontroller","author_link":"https:\/\/www.seochc.on.ca\/es\/author\/mastercontroller\/"},"rttpg_comment":0,"rttpg_category":null,"rttpg_excerpt":"South-East Ottawa Community Health Centre (SEOCHC) welcomes and encourages people living with disabilities to use our programs and services. SEOCHC will provide access to our services for people with disabilities in a way that respects their right to dignity, independence and integration. SEOCHC strives to provide service to everyone in a welcoming and supportive environment.&hellip;","_links":{"self":[{"href":"https:\/\/www.seochc.on.ca\/es\/wp-json\/wp\/v2\/pages\/5438","targetHints":{"allow":["GET"]}}],"collection":[{"href":"https:\/\/www.seochc.on.ca\/es\/wp-json\/wp\/v2\/pages"}],"about":[{"href":"https:\/\/www.seochc.on.ca\/es\/wp-json\/wp\/v2\/types\/page"}],"author":[{"embeddable":true,"href":"https:\/\/www.seochc.on.ca\/es\/wp-json\/wp\/v2\/users\/1"}],"replies":[{"embeddable":true,"href":"https:\/\/www.seochc.on.ca\/es\/wp-json\/wp\/v2\/comments?post=5438"}],"version-history":[{"count":3,"href":"https:\/\/www.seochc.on.ca\/es\/wp-json\/wp\/v2\/pages\/5438\/revisions"}],"predecessor-version":[{"id":8073,"href":"https:\/\/www.seochc.on.ca\/es\/wp-json\/wp\/v2\/pages\/5438\/revisions\/8073"}],"wp:featuredmedia":[{"embeddable":true,"href":"https:\/\/www.seochc.on.ca\/es\/wp-json\/wp\/v2\/media\/5442"}],"wp:attachment":[{"href":"https:\/\/www.seochc.on.ca\/es\/wp-json\/wp\/v2\/media?parent=5438"}],"curies":[{"name":"wp","href":"https:\/\/api.w.org\/{rel}","templated":true}]}}