{"id":5507,"date":"2022-04-25T12:50:43","date_gmt":"2022-04-25T16:50:43","guid":{"rendered":"https:\/\/www.seochc.on.ca\/?page_id=5507"},"modified":"2024-12-11T12:06:30","modified_gmt":"2024-12-11T17:06:30","slug":"student-placements","status":"publish","type":"page","link":"https:\/\/www.seochc.on.ca\/es\/join-us\/student-placements\/","title":{"rendered":"Pr\u00e1cticas para estudiantes"},"content":{"rendered":"<div data-elementor-type=\"wp-page\" data-elementor-id=\"5507\" class=\"elementor elementor-5507\">\n\t\t\t\t\t\t<section class=\"elementor-section elementor-top-section elementor-element elementor-element-482af726 elementor-section-boxed elementor-section-height-default elementor-section-height-default\" data-id=\"482af726\" data-element_type=\"section\" data-e-type=\"section\">\n\t\t\t\t\t\t<div class=\"elementor-container elementor-column-gap-default\">\n\t\t\t\t\t<div class=\"elementor-column elementor-col-100 elementor-top-column elementor-element elementor-element-6e759568\" data-id=\"6e759568\" data-element_type=\"column\" data-e-type=\"column\">\n\t\t\t<div class=\"elementor-widget-wrap elementor-element-populated\">\n\t\t\t\t\t\t<div class=\"elementor-element elementor-element-1893c70b elementor-widget elementor-widget-text-editor\" data-id=\"1893c70b\" data-element_type=\"widget\" data-e-type=\"widget\" data-widget_type=\"text-editor.default\">\n\t\t\t\t<div class=\"elementor-widget-container\">\n\t\t\t\t\t\t\t\t\t<div class=\"wp-block-image\">\n<figure class=\"alignright size-medium\"><img fetchpriority=\"high\" decoding=\"async\" width=\"300\" height=\"219\" class=\"wp-image-5510\" src=\"https:\/\/www.seochc.on.ca\/wp-content\/uploads\/2022\/04\/student-placements_inset-image-300x219.jpg\" alt=\"Young woman wearing glasses holding clipboard.\" srcset=\"https:\/\/www.seochc.on.ca\/wp-content\/uploads\/2022\/04\/student-placements_inset-image-300x219.jpg 300w, https:\/\/www.seochc.on.ca\/wp-content\/uploads\/2022\/04\/student-placements_inset-image-768x562.jpg 768w, https:\/\/www.seochc.on.ca\/wp-content\/uploads\/2022\/04\/student-placements_inset-image.jpg 800w\" sizes=\"(max-width: 300px) 100vw, 300px\" \/><\/figure>\n<\/div>\n<p>Las pr\u00e1cticas profesionales brindan una valiosa experiencia laboral en un entorno pr\u00e1ctico para ayudar a los estudiantes a desarrollar responsabilidades en el lugar de trabajo. Las pr\u00e1cticas ofrecen a los estudiantes la oportunidad de aplicar lo que aprenden en el aula, a\u00f1adir valor a su campo de estudio y establecer contactos.<\/p>\n\n<p>El aprendizaje es uno de los valores fundamentales del Centro de Salud Comunitario del Sureste de Ottawa. Apoyamos un entorno propicio para el crecimiento de los estudiantes de diversos niveles y equipos dentro de la organizaci\u00f3n. Ofrecemos oportunidades de pr\u00e1cticas para estudiantes de diversas disciplinas, entre ellas: trabajadores sociales infantiles y juveniles, secretarios m\u00e9dicos, trabajadores sociales, enfermeros, enfermeros practicantes y m\u00e9dicos.<\/p>\n\n<p>Para consultas sobre las pr\u00e1cticas de los estudiantes, env\u00ede un correo electr\u00f3nico a: \u00a0<a href=\"mailto:hr@seochc.on.ca\">hr@seochc.on.ca<\/a><\/p>\n\t\t\t\t\t\t\t\t<\/div>\n\t\t\t\t<\/div>\n\t\t\t\t\t<\/div>\n\t\t<\/div>\n\t\t\t\t\t<\/div>\n\t\t<\/section>\n\t\t\t\t<\/div>","protected":false},"excerpt":{"rendered":"<p>Student placements provide valuable work experience in a practical setting to help students develop workplace responsibilities. Placements provide the opportunity for students to apply what is being learned in the classroom, to add value in their field of study, and to develop connections. Learning is one of South-East Ottawa Community Health Centre\u2019s core values, we [&hellip;]<\/p>\n","protected":false},"author":1,"featured_media":5508,"parent":4605,"menu_order":0,"comment_status":"closed","ping_status":"closed","template":"","meta":{"_monsterinsights_skip_tracking":false,"_monsterinsights_sitenote_active":false,"_monsterinsights_sitenote_note":"","_monsterinsights_sitenote_category":0,"footnotes":"","_links_to":"","_links_to_target":""},"class_list":["post-5507","page","type-page","status-publish","has-post-thumbnail","hentry"],"aioseo_notices":[],"publishpress_future_workflow_manual_trigger":{"enabledWorkflows":[]},"rttpg_featured_image_url":{"full":["https:\/\/www.seochc.on.ca\/wp-content\/uploads\/2022\/04\/student-placements_featured-image.jpg",1200,630,false],"landscape":["https:\/\/www.seochc.on.ca\/wp-content\/uploads\/2022\/04\/student-placements_featured-image.jpg",1200,630,false],"portraits":["https:\/\/www.seochc.on.ca\/wp-content\/uploads\/2022\/04\/student-placements_featured-image.jpg",1200,630,false],"thumbnail":["https:\/\/www.seochc.on.ca\/wp-content\/uploads\/2022\/04\/student-placements_featured-image-150x150.jpg",150,150,true],"medium":["https:\/\/www.seochc.on.ca\/wp-content\/uploads\/2022\/04\/student-placements_featured-image-300x158.jpg",300,158,true],"large":["https:\/\/www.seochc.on.ca\/wp-content\/uploads\/2022\/04\/student-placements_featured-image-1024x538.jpg",1024,538,true],"1536x1536":["https:\/\/www.seochc.on.ca\/wp-content\/uploads\/2022\/04\/student-placements_featured-image.jpg",1200,630,false],"2048x2048":["https:\/\/www.seochc.on.ca\/wp-content\/uploads\/2022\/04\/student-placements_featured-image.jpg",1200,630,false],"trp-custom-language-flag":["https:\/\/www.seochc.on.ca\/wp-content\/uploads\/2022\/04\/student-placements_featured-image.jpg",18,9,false],"rt_custom":["https:\/\/www.seochc.on.ca\/wp-content\/uploads\/2022\/04\/student-placements_featured-image.jpg",1200,630,false]},"rttpg_author":{"display_name":"mastercontroller","author_link":"https:\/\/www.seochc.on.ca\/es\/author\/mastercontroller\/"},"rttpg_comment":0,"rttpg_category":null,"rttpg_excerpt":"Student placements provide valuable work experience in a practical setting to help students develop workplace responsibilities. Placements provide the opportunity for students to apply what is being learned in the classroom, to add value in their field of study, and to develop connections. Learning is one of South-East Ottawa Community Health Centre\u2019s core values, we&hellip;","_links":{"self":[{"href":"https:\/\/www.seochc.on.ca\/es\/wp-json\/wp\/v2\/pages\/5507","targetHints":{"allow":["GET"]}}],"collection":[{"href":"https:\/\/www.seochc.on.ca\/es\/wp-json\/wp\/v2\/pages"}],"about":[{"href":"https:\/\/www.seochc.on.ca\/es\/wp-json\/wp\/v2\/types\/page"}],"author":[{"embeddable":true,"href":"https:\/\/www.seochc.on.ca\/es\/wp-json\/wp\/v2\/users\/1"}],"replies":[{"embeddable":true,"href":"https:\/\/www.seochc.on.ca\/es\/wp-json\/wp\/v2\/comments?post=5507"}],"version-history":[{"count":5,"href":"https:\/\/www.seochc.on.ca\/es\/wp-json\/wp\/v2\/pages\/5507\/revisions"}],"predecessor-version":[{"id":8761,"href":"https:\/\/www.seochc.on.ca\/es\/wp-json\/wp\/v2\/pages\/5507\/revisions\/8761"}],"up":[{"embeddable":true,"href":"https:\/\/www.seochc.on.ca\/es\/wp-json\/wp\/v2\/pages\/4605"}],"wp:featuredmedia":[{"embeddable":true,"href":"https:\/\/www.seochc.on.ca\/es\/wp-json\/wp\/v2\/media\/5508"}],"wp:attachment":[{"href":"https:\/\/www.seochc.on.ca\/es\/wp-json\/wp\/v2\/media?parent=5507"}],"curies":[{"name":"wp","href":"https:\/\/api.w.org\/{rel}","templated":true}]}}