{"id":5515,"date":"2022-04-26T09:34:56","date_gmt":"2022-04-26T13:34:56","guid":{"rendered":"https:\/\/www.seochc.on.ca\/?page_id=5515"},"modified":"2025-10-22T13:51:00","modified_gmt":"2025-10-22T17:51:00","slug":"housing","status":"publish","type":"page","link":"https:\/\/www.seochc.on.ca\/es\/programs-and-services\/practical-support-and-counselling\/housing\/","title":{"rendered":"Vivienda"},"content":{"rendered":"<div class=\"wp-block-image\">\n<figure class=\"alignright size-medium\"><img decoding=\"async\" width=\"300\" height=\"135\" src=\"https:\/\/www.seochc.on.ca\/wp-content\/uploads\/2022\/04\/house_inset-image-300x135.jpg\" alt=\"Hand holding tiny wooden house in foreground with sunrise over tree line in background.\" class=\"wp-image-5516\" srcset=\"https:\/\/www.seochc.on.ca\/wp-content\/uploads\/2022\/04\/house_inset-image-300x135.jpg 300w, https:\/\/www.seochc.on.ca\/wp-content\/uploads\/2022\/04\/house_inset-image-768x346.jpg 768w, https:\/\/www.seochc.on.ca\/wp-content\/uploads\/2022\/04\/house_inset-image.jpg 800w\" sizes=\"(max-width: 300px) 100vw, 300px\" \/><\/figure>\n<\/div>\n\n\n<p>Una vivienda segura y adecuada es fundamental para el bienestar general de las personas. Se ha identificado una crisis de vivienda en Ottawa, que se ve afectada por diversos factores. Entre estos factores se incluyen: la falta de viviendas adecuadas en general, pero a\u00fan m\u00e1s, la falta de viviendas asequibles. El aumento de las tasas de inflaci\u00f3n, el incremento de los precios de los alquileres, el impacto que la pandemia ha tenido en las tasas de empleo y la salud mental, y los largos registros de vivienda agravan la crisis de vivienda. Esto deja a muchos miembros de nuestra comunidad en una situaci\u00f3n precaria en cuanto a vivienda, o sin ella.<\/p>\n\n\n\n<p><strong>SEOCHC ayuda a completar el formulario de revisi\u00f3n de ingresos anuales y composici\u00f3n familiar de OCH para los inquilinos de OCH que viven en la zona de influencia.<\/strong> Por favor, llame para concertar una cita y completar este formulario obligatorio. Nuestros equipos est\u00e1n disponibles para proporcionar informaci\u00f3n y referencias a las agencias y recursos que se indican a continuaci\u00f3n.<\/p>\n\n\n\n<p><strong>El sureste de Ottawa colabora con organismos asociados para atender todas las dem\u00e1s consultas de los clientes relacionadas con la vivienda.<\/strong> Dependiendo de la zona de la ciudad en la que residas actualmente, se te derivar\u00e1 a una de las dos agencias inmobiliarias especializadas de nuestra ciudad: Housing Help o Action Logement. Ambas agencias ofrecen apoyo para prevenir la p\u00e9rdida de la vivienda, buscar alojamiento, proporcionar referencias e informar sobre tus derechos y responsabilidades como inquilino.&nbsp;&nbsp;<\/p>\n\n\n\n<p><strong>Informaci\u00f3n sobre la agencia asociada: <\/strong><\/p>\n\n\n\n<p><strong>Vivienda de acci\u00f3n:<br><\/strong>214 Montreal Road, Unidad 202<\/p>\n\n\n\n<p>613-562-8219<\/p>\n\n\n\n<p><strong>Ayuda para la vivienda:<\/strong><\/p>\n\n\n\n<p>1335 Carling Ave, Unidad 214<\/p>\n\n\n\n<p>613-563-4532<\/p>\n\n\n\n<p>Puede comunicarse con el Registro de Vivienda de Ottawa, que gestiona las solicitudes y las listas de espera para viviendas subsidiadas, llamando al 613-526-2088.<\/p>\n\n\n\n<p>Para obtener refugio de emergencia, llame al 311. El tel\u00e9fono de ayuda para casos de violencia dom\u00e9stica es el 613-745-4818.<\/p>\n\n\n\n<p>Para obtener informaci\u00f3n sobre los derechos de los inquilinos, llame a la Junta de Propietarios e Inquilinos al 1-888-322-3234.<\/p>\n\n\n\n<h2 class=\"wp-block-heading has-white-color has-text-color has-background has-medium-font-size\" style=\"background-color:#10a1ea\">Criterios de elegibilidad<\/h2>\n\n\n\n<p>Formulario de revisi\u00f3n de ingresos anuales y composici\u00f3n del hogar de OCH para inquilinos de OCH que viven en la zona de influencia.<\/p>\n\n\n\n<p>Las agencias asociadas pueden tener diferentes criterios de elegibilidad. Por favor, p\u00f3ngase en contacto directamente con ellas para obtener m\u00e1s informaci\u00f3n.<\/p>\n\n\n\n<h2 class=\"wp-block-heading has-white-color has-text-color has-background has-medium-font-size\" style=\"background-color:#10a1ea\">Horario de atenci\u00f3n<\/h2>\n\n\n\n<p>Con cita previa: de lunes a viernes, de 8:30 a 16:30.<\/p>\n\n\n\n<p>Citas presenciales, virtuales y telef\u00f3nicas disponibles. Llame al: (613) 7375115, ext. 2386, en horario de oficina, de lunes a viernes.<\/p>\n\n\n\n<h2 class=\"wp-block-heading has-white-color has-text-color has-background has-medium-font-size\" style=\"background-color:#10a1ea\">Ubicaci\u00f3n<\/h2>\n\n\n\n<p>1355 Bank Street, 6.\u00ba piso<\/p>\n\n\n\n<p><\/p>","protected":false},"excerpt":{"rendered":"<p>Safe and appropriate housing is fundamental to the overall wellbeing of individuals. A housing crisis has been identified in Ottawa, and this is impacted by various factors. These factors include: the lack of adequate housing in general, but even more, the lack of affordable housing. Rising inflation rates, increasing rent prices, the impact the pandemic [&hellip;]<\/p>\n","protected":false},"author":1,"featured_media":5517,"parent":4542,"menu_order":0,"comment_status":"closed","ping_status":"closed","template":"template_program-page_psac.php","meta":{"_monsterinsights_skip_tracking":false,"_monsterinsights_sitenote_active":false,"_monsterinsights_sitenote_note":"","_monsterinsights_sitenote_category":0,"footnotes":"","_links_to":"","_links_to_target":""},"class_list":["post-5515","page","type-page","status-publish","has-post-thumbnail","hentry"],"aioseo_notices":[],"publishpress_future_workflow_manual_trigger":{"enabledWorkflows":[]},"rttpg_featured_image_url":{"full":["https:\/\/www.seochc.on.ca\/wp-content\/uploads\/2022\/04\/housing_featured-image.jpg",1200,630,false],"landscape":["https:\/\/www.seochc.on.ca\/wp-content\/uploads\/2022\/04\/housing_featured-image.jpg",1200,630,false],"portraits":["https:\/\/www.seochc.on.ca\/wp-content\/uploads\/2022\/04\/housing_featured-image.jpg",1200,630,false],"thumbnail":["https:\/\/www.seochc.on.ca\/wp-content\/uploads\/2022\/04\/housing_featured-image-150x150.jpg",150,150,true],"medium":["https:\/\/www.seochc.on.ca\/wp-content\/uploads\/2022\/04\/housing_featured-image-300x158.jpg",300,158,true],"large":["https:\/\/www.seochc.on.ca\/wp-content\/uploads\/2022\/04\/housing_featured-image-1024x538.jpg",1024,538,true],"1536x1536":["https:\/\/www.seochc.on.ca\/wp-content\/uploads\/2022\/04\/housing_featured-image.jpg",1200,630,false],"2048x2048":["https:\/\/www.seochc.on.ca\/wp-content\/uploads\/2022\/04\/housing_featured-image.jpg",1200,630,false],"trp-custom-language-flag":["https:\/\/www.seochc.on.ca\/wp-content\/uploads\/2022\/04\/housing_featured-image.jpg",18,9,false],"rt_custom":["https:\/\/www.seochc.on.ca\/wp-content\/uploads\/2022\/04\/housing_featured-image.jpg",1200,630,false]},"rttpg_author":{"display_name":"mastercontroller","author_link":"https:\/\/www.seochc.on.ca\/es\/author\/mastercontroller\/"},"rttpg_comment":0,"rttpg_category":null,"rttpg_excerpt":"Safe and appropriate housing is fundamental to the overall wellbeing of individuals. A housing crisis has been identified in Ottawa, and this is impacted by various factors. These factors include: the lack of adequate housing in general, but even more, the lack of affordable housing. Rising inflation rates, increasing rent prices, the impact the pandemic&hellip;","_links":{"self":[{"href":"https:\/\/www.seochc.on.ca\/es\/wp-json\/wp\/v2\/pages\/5515","targetHints":{"allow":["GET"]}}],"collection":[{"href":"https:\/\/www.seochc.on.ca\/es\/wp-json\/wp\/v2\/pages"}],"about":[{"href":"https:\/\/www.seochc.on.ca\/es\/wp-json\/wp\/v2\/types\/page"}],"author":[{"embeddable":true,"href":"https:\/\/www.seochc.on.ca\/es\/wp-json\/wp\/v2\/users\/1"}],"replies":[{"embeddable":true,"href":"https:\/\/www.seochc.on.ca\/es\/wp-json\/wp\/v2\/comments?post=5515"}],"version-history":[{"count":4,"href":"https:\/\/www.seochc.on.ca\/es\/wp-json\/wp\/v2\/pages\/5515\/revisions"}],"predecessor-version":[{"id":9686,"href":"https:\/\/www.seochc.on.ca\/es\/wp-json\/wp\/v2\/pages\/5515\/revisions\/9686"}],"up":[{"embeddable":true,"href":"https:\/\/www.seochc.on.ca\/es\/wp-json\/wp\/v2\/pages\/4542"}],"wp:featuredmedia":[{"embeddable":true,"href":"https:\/\/www.seochc.on.ca\/es\/wp-json\/wp\/v2\/media\/5517"}],"wp:attachment":[{"href":"https:\/\/www.seochc.on.ca\/es\/wp-json\/wp\/v2\/media?parent=5515"}],"curies":[{"name":"wp","href":"https:\/\/api.w.org\/{rel}","templated":true}]}}