{"id":5538,"date":"2022-04-29T09:51:56","date_gmt":"2022-04-29T13:51:56","guid":{"rendered":"https:\/\/www.seochc.on.ca\/?page_id=5538"},"modified":"2025-08-29T08:50:53","modified_gmt":"2025-08-29T12:50:53","slug":"volunteer","status":"publish","type":"page","link":"https:\/\/www.seochc.on.ca\/es\/join-us\/volunteer\/","title":{"rendered":"\u00a1Hazte voluntario!"},"content":{"rendered":"<div data-elementor-type=\"wp-page\" data-elementor-id=\"5538\" class=\"elementor elementor-5538\">\n\t\t\t\t\t\t<section class=\"elementor-section elementor-top-section elementor-element elementor-element-7fdb384c elementor-section-boxed elementor-section-height-default elementor-section-height-default\" data-id=\"7fdb384c\" data-element_type=\"section\" data-e-type=\"section\">\n\t\t\t\t\t\t<div class=\"elementor-container elementor-column-gap-default\">\n\t\t\t\t\t<div class=\"elementor-column elementor-col-100 elementor-top-column elementor-element elementor-element-43933dd9\" data-id=\"43933dd9\" data-element_type=\"column\" data-e-type=\"column\">\n\t\t\t<div class=\"elementor-widget-wrap elementor-element-populated\">\n\t\t\t\t\t\t<div class=\"elementor-element elementor-element-84a63c2 elementor-widget elementor-widget-heading\" data-id=\"84a63c2\" data-element_type=\"widget\" data-e-type=\"widget\" data-widget_type=\"heading.default\">\n\t\t\t\t<div class=\"elementor-widget-container\">\n\t\t\t\t\t<h2 class=\"elementor-heading-title elementor-size-default\">\u00bfQuieres saber m\u00e1s?\n\n\n\n\n\n<\/h2>\t\t\t\t<\/div>\n\t\t\t\t<\/div>\n\t\t\t\t<div class=\"elementor-element elementor-element-5794fef elementor-widget elementor-widget-text-editor\" data-id=\"5794fef\" data-element_type=\"widget\" data-e-type=\"widget\" data-widget_type=\"text-editor.default\">\n\t\t\t\t<div class=\"elementor-widget-container\">\n\t\t\t\t\t\t\t\t\t<p>Siempre estamos buscando voluntarios.<br \/>\u00bfNo tienes tiempo para ser voluntario? <a href=\"https:\/\/give-can.keela.co\/seochc-general-fund-donation-form\" target=\"_blank\" rel=\"noopener\">Considera apoyar a comunidades m\u00e1s saludables mediante una donaci\u00f3n.<\/a> Agradecemos cada donaci\u00f3n.<\/p>\t\t\t\t\t\t\t\t<\/div>\n\t\t\t\t<\/div>\n\t\t\t\t<div class=\"elementor-element elementor-element-34f12dc8 elementor-widget elementor-widget-text-editor\" data-id=\"34f12dc8\" data-element_type=\"widget\" data-e-type=\"widget\" data-widget_type=\"text-editor.default\">\n\t\t\t\t<div class=\"elementor-widget-container\">\n\t\t\t\t\t\t\t\t\t<p><strong>Oportunidades actuales para voluntarios:<\/strong><\/p>\n<ul>\n<li>Conductores para citas m\u00e9dicas\u00a0<\/li>\n<\/ul>\n<div class=\"x_elementToProof\"><b data-olk-copy-source=\"MessageBody\">Realmente necesitamos conductores para citas m\u00e9dicas.\u00a0<\/b><\/div>\n<div class=\"x_elementToProof\">\u00a0<\/div>\n<div class=\"x_elementToProof\">Buscamos conductores voluntarios compasivos que proporcionen transporte esencial a personas mayores y adultos con discapacidades, ayud\u00e1ndoles a mantenerse sanos e independientes.<\/div>\n<div class=\"x_elementToProof\"><b>Necesitar\u00e1s:<\/b><\/div>\n<ul>\n<li>Un veh\u00edculo confiable y en buen estado para circular.<\/li>\n<li>Una licencia de conducir v\u00e1lida y un historial de conducci\u00f3n limpio.<\/li>\n<li>Prueba de seguro de responsabilidad civil de $2 millones y registro vigente del veh\u00edculo.<\/li>\n<li>Paciencia, confiabilidad y excelentes habilidades de comunicaci\u00f3n en ingl\u00e9s (se valorar\u00e1 el dominio de otros idiomas).<\/li>\n<li>No padecer ninguna afecci\u00f3n m\u00e9dica que pueda afectar a la seguridad al conducir.<\/li>\n<\/ul>\n<div class=\"x_elementToProof\"><b>Lo que ofrecemos:<\/b><br \/>Utilice su propio coche y le reembolsaremos el kilometraje, desde el momento en que salga de casa hasta que regrese. Si la cita del cliente es larga, tambi\u00e9n le reembolsaremos el viaje de vuelta para que pueda esperar en casa.<\/div>\n<div class=\"x_elementToProof\"><b>\u00a1Marca la diferencia, env\u00eda tu solicitud hoy mismo!<\/b><\/div>\n<p><!-- \/wp:image --><\/p>\n<p><!-- wp:paragraph --><\/p>\n<p style=\"text-align: left;\"><strong>Voluntariado con <\/strong><strong>\u00a1El Centro de Salud Comunitario del Sureste de Ottawa es una oportunidad para marcar la diferencia en su comunidad!<\/strong><\/p>\n<p style=\"text-align: left;\">Los voluntarios apoyan a nuestros equipos en la prestaci\u00f3n de servicios y programas de calidad. Aportan conocimientos, experiencias y habilidades \u00fanicas que ayudan a SEOCHC a conectar mejor con la comunidad del sureste de Ottawa, reflejar su diversidad y atender sus necesidades espec\u00edficas.<\/p>\n<p>SEOCHC tambi\u00e9n ofrece un entorno de aprendizaje estimulante y propicio para los estudiantes matriculados en instituciones de educaci\u00f3n superior.<\/p>\n<p><!-- \/wp:list --><\/p>\n<p><!-- wp:paragraph --><\/p>\n<p><strong>Para obtener m\u00e1s informaci\u00f3n o si tiene preguntas relacionadas con el voluntariado en el sureste de Ottawa, <\/strong>correo electr\u00f3nico: <a href=\"mailto:volunteer@seochc.on.ca\">volunteer@seochc.on.ca<\/a><\/p>\n<p><!-- \/wp:paragraph --><\/p>\t\t\t\t\t\t\t\t<\/div>\n\t\t\t\t<\/div>\n\t\t\t\t\t<\/div>\n\t\t<\/div>\n\t\t\t\t\t<\/div>\n\t\t<\/section>\n\t\t\t\t<section class=\"elementor-section elementor-top-section elementor-element elementor-element-162851e elementor-section-full_width elementor-section-height-default elementor-section-height-default\" data-id=\"162851e\" data-element_type=\"section\" data-e-type=\"section\">\n\t\t\t\t\t\t<div class=\"elementor-container elementor-column-gap-wide\">\n\t\t\t\t\t<div class=\"elementor-column elementor-col-100 elementor-top-column elementor-element elementor-element-25cf5ee\" data-id=\"25cf5ee\" data-element_type=\"column\" data-e-type=\"column\">\n\t\t\t<div class=\"elementor-widget-wrap elementor-element-populated\">\n\t\t\t\t\t\t<div class=\"elementor-element elementor-element-3e2425e elementor-widget elementor-widget-text-editor\" data-id=\"3e2425e\" data-element_type=\"widget\" data-e-type=\"widget\" data-widget_type=\"text-editor.default\">\n\t\t\t\t<div class=\"elementor-widget-container\">\n\t\t\t\t\t\t\t\t\t<p><span style=\"font-weight: bold;\"><i>Complete el formulario de solicitud a continuaci\u00f3n y uno de los miembros de nuestro equipo se pondr\u00e1 en contacto con usted para informarle sobre las oportunidades actuales.<\/i><\/span><\/p>\n<h3 style=\"text-align: center;\"><a href=\"https:\/\/app.betterimpact.com\/Application?OrganizationGuid=cbb808ce-f3d5-4a02-848c-380793a2b8b5&amp;ApplicationFormNumber=1\"><img fetchpriority=\"high\" decoding=\"async\" class=\"alignnone size-full wp-image-7196\" src=\"https:\/\/www.seochc.on.ca\/wp-content\/uploads\/2021\/02\/sign-up.png\" alt=\"\" width=\"375\" height=\"183\" srcset=\"https:\/\/www.seochc.on.ca\/wp-content\/uploads\/2021\/02\/sign-up.png 375w, https:\/\/www.seochc.on.ca\/wp-content\/uploads\/2021\/02\/sign-up-300x146.png 300w, https:\/\/www.seochc.on.ca\/wp-content\/uploads\/2021\/02\/sign-up-18x9.png 18w\" sizes=\"(max-width: 375px) 100vw, 375px\" \/><\/a><\/h3>\n<h3>\u00a0<\/h3>\t\t\t\t\t\t\t\t<\/div>\n\t\t\t\t<\/div>\n\t\t\t\t\t<\/div>\n\t\t<\/div>\n\t\t\t\t\t<\/div>\n\t\t<\/section>\n\t\t\t\t<section class=\"elementor-section elementor-top-section elementor-element elementor-element-0548d07 elementor-section-boxed elementor-section-height-default elementor-section-height-default\" data-id=\"0548d07\" data-element_type=\"section\" data-e-type=\"section\">\n\t\t\t\t\t\t<div class=\"elementor-container elementor-column-gap-default\">\n\t\t\t\t\t<div class=\"elementor-column elementor-col-100 elementor-top-column elementor-element elementor-element-aa83dce\" data-id=\"aa83dce\" data-element_type=\"column\" data-e-type=\"column\">\n\t\t\t<div class=\"elementor-widget-wrap elementor-element-populated\">\n\t\t\t\t\t\t<div class=\"elementor-element elementor-element-f21b216 elementor-widget elementor-widget-text-editor\" data-id=\"f21b216\" data-element_type=\"widget\" data-e-type=\"widget\" data-widget_type=\"text-editor.default\">\n\t\t\t\t<div class=\"elementor-widget-container\">\n\t\t\t\t\t\t\t\t\t<p><b>Tambi\u00e9n puedes pasar por aqu\u00ed.<\/b><\/p>\n<p>Llame al coordinador de voluntarios al:<br \/>(613) 737-5115, extensi\u00f3n 2294<br \/>o env\u00ede un correo electr\u00f3nico a:<br \/>volunteer@seochc.on.ca<\/p>\n<p style=\"text-align: center;\"><strong>Es obligatorio usar cubrebocas para asistir a estas sesiones.<\/strong><\/p>\t\t\t\t\t\t\t\t<\/div>\n\t\t\t\t<\/div>\n\t\t\t\t\t<\/div>\n\t\t<\/div>\n\t\t\t\t\t<\/div>\n\t\t<\/section>\n\t\t\t\t<\/div>","protected":false},"excerpt":{"rendered":"<p>Want to learn more? We\u2019re always looking for volunteers.Don\u2019t have the time to volunteer? Consider supporting healthier communities through a donation. We\u2019re grateful for every gift. Current Volunteer Opportunities: Medical Appointment Drivers\u00a0 We truly need Medical Appointment Drivers.\u00a0 \u00a0 We&#8217;re looking for compassionate Volunteer Drivers to provide essential transportation for seniors and adults with disabilities, [&hellip;]<\/p>\n","protected":false},"author":1,"featured_media":5540,"parent":4605,"menu_order":0,"comment_status":"closed","ping_status":"closed","template":"","meta":{"_monsterinsights_skip_tracking":false,"_monsterinsights_sitenote_active":false,"_monsterinsights_sitenote_note":"","_monsterinsights_sitenote_category":0,"footnotes":"","_links_to":"","_links_to_target":""},"class_list":["post-5538","page","type-page","status-publish","has-post-thumbnail","hentry"],"aioseo_notices":[],"publishpress_future_workflow_manual_trigger":{"enabledWorkflows":[]},"rttpg_featured_image_url":{"full":["https:\/\/www.seochc.on.ca\/wp-content\/uploads\/2022\/04\/volunteer_featured-image.jpg",1200,630,false],"landscape":["https:\/\/www.seochc.on.ca\/wp-content\/uploads\/2022\/04\/volunteer_featured-image.jpg",1200,630,false],"portraits":["https:\/\/www.seochc.on.ca\/wp-content\/uploads\/2022\/04\/volunteer_featured-image.jpg",1200,630,false],"thumbnail":["https:\/\/www.seochc.on.ca\/wp-content\/uploads\/2022\/04\/volunteer_featured-image-150x150.jpg",150,150,true],"medium":["https:\/\/www.seochc.on.ca\/wp-content\/uploads\/2022\/04\/volunteer_featured-image-300x158.jpg",300,158,true],"large":["https:\/\/www.seochc.on.ca\/wp-content\/uploads\/2022\/04\/volunteer_featured-image-1024x538.jpg",1024,538,true],"1536x1536":["https:\/\/www.seochc.on.ca\/wp-content\/uploads\/2022\/04\/volunteer_featured-image.jpg",1200,630,false],"2048x2048":["https:\/\/www.seochc.on.ca\/wp-content\/uploads\/2022\/04\/volunteer_featured-image.jpg",1200,630,false],"trp-custom-language-flag":["https:\/\/www.seochc.on.ca\/wp-content\/uploads\/2022\/04\/volunteer_featured-image.jpg",18,9,false],"rt_custom":["https:\/\/www.seochc.on.ca\/wp-content\/uploads\/2022\/04\/volunteer_featured-image.jpg",1200,630,false]},"rttpg_author":{"display_name":"mastercontroller","author_link":"https:\/\/www.seochc.on.ca\/es\/author\/mastercontroller\/"},"rttpg_comment":0,"rttpg_category":null,"rttpg_excerpt":"Want to learn more? We\u2019re always looking for volunteers.Don\u2019t have the time to volunteer? Consider supporting healthier communities through a donation. We\u2019re grateful for every gift. Current Volunteer Opportunities: Medical Appointment Drivers\u00a0 We truly need Medical Appointment Drivers.\u00a0 \u00a0 We&#8217;re looking for compassionate Volunteer Drivers to provide essential transportation for seniors and adults with disabilities,&hellip;","_links":{"self":[{"href":"https:\/\/www.seochc.on.ca\/es\/wp-json\/wp\/v2\/pages\/5538","targetHints":{"allow":["GET"]}}],"collection":[{"href":"https:\/\/www.seochc.on.ca\/es\/wp-json\/wp\/v2\/pages"}],"about":[{"href":"https:\/\/www.seochc.on.ca\/es\/wp-json\/wp\/v2\/types\/page"}],"author":[{"embeddable":true,"href":"https:\/\/www.seochc.on.ca\/es\/wp-json\/wp\/v2\/users\/1"}],"replies":[{"embeddable":true,"href":"https:\/\/www.seochc.on.ca\/es\/wp-json\/wp\/v2\/comments?post=5538"}],"version-history":[{"count":127,"href":"https:\/\/www.seochc.on.ca\/es\/wp-json\/wp\/v2\/pages\/5538\/revisions"}],"predecessor-version":[{"id":9354,"href":"https:\/\/www.seochc.on.ca\/es\/wp-json\/wp\/v2\/pages\/5538\/revisions\/9354"}],"up":[{"embeddable":true,"href":"https:\/\/www.seochc.on.ca\/es\/wp-json\/wp\/v2\/pages\/4605"}],"wp:featuredmedia":[{"embeddable":true,"href":"https:\/\/www.seochc.on.ca\/es\/wp-json\/wp\/v2\/media\/5540"}],"wp:attachment":[{"href":"https:\/\/www.seochc.on.ca\/es\/wp-json\/wp\/v2\/media?parent=5538"}],"curies":[{"name":"wp","href":"https:\/\/api.w.org\/{rel}","templated":true}]}}