{"id":5543,"date":"2022-04-29T10:20:38","date_gmt":"2022-04-29T14:20:38","guid":{"rendered":"https:\/\/www.seochc.on.ca\/?page_id=5543"},"modified":"2025-06-30T08:43:32","modified_gmt":"2025-06-30T12:43:32","slug":"who-we-are","status":"publish","type":"page","link":"https:\/\/www.seochc.on.ca\/es\/about-us\/who-we-are\/","title":{"rendered":"Qui\u00e9nes somos"},"content":{"rendered":"<div data-elementor-type=\"wp-page\" data-elementor-id=\"5543\" class=\"elementor elementor-5543\">\n\t\t\t\t\t\t<section class=\"elementor-section elementor-top-section elementor-element elementor-element-658f2191 elementor-section-boxed elementor-section-height-default elementor-section-height-default\" data-id=\"658f2191\" data-element_type=\"section\" data-e-type=\"section\">\n\t\t\t\t\t\t<div class=\"elementor-container elementor-column-gap-default\">\n\t\t\t\t\t<div class=\"elementor-column elementor-col-100 elementor-top-column elementor-element elementor-element-280b585e\" data-id=\"280b585e\" data-element_type=\"column\" data-e-type=\"column\">\n\t\t\t<div class=\"elementor-widget-wrap\">\n\t\t\t\t\t\t\t<\/div>\n\t\t<\/div>\n\t\t\t\t\t<\/div>\n\t\t<\/section>\n\t\t\t\t<section class=\"elementor-section elementor-top-section elementor-element elementor-element-be12648 elementor-section-boxed elementor-section-height-default elementor-section-height-default\" data-id=\"be12648\" data-element_type=\"section\" data-e-type=\"section\">\n\t\t\t\t\t\t<div class=\"elementor-container elementor-column-gap-default\">\n\t\t\t\t\t<div class=\"elementor-column elementor-col-100 elementor-top-column elementor-element elementor-element-7bd4ffd\" data-id=\"7bd4ffd\" data-element_type=\"column\" data-e-type=\"column\">\n\t\t\t<div class=\"elementor-widget-wrap elementor-element-populated\">\n\t\t\t\t\t\t<div class=\"elementor-element elementor-element-0f0c54b elementor-widget elementor-widget-image\" data-id=\"0f0c54b\" data-element_type=\"widget\" data-e-type=\"widget\" data-widget_type=\"image.default\">\n\t\t\t\t<div class=\"elementor-widget-container\">\n\t\t\t\t\t\t\t\t\t\t\t\t\t\t\t<img fetchpriority=\"high\" decoding=\"async\" width=\"240\" height=\"300\" src=\"https:\/\/www.seochc.on.ca\/wp-content\/uploads\/2023\/10\/YHS-badge-png-240x300.png\" class=\"attachment-medium size-medium wp-image-7960\" alt=\"\" srcset=\"https:\/\/www.seochc.on.ca\/wp-content\/uploads\/2023\/10\/YHS-badge-png-240x300.png 240w, https:\/\/www.seochc.on.ca\/wp-content\/uploads\/2023\/10\/YHS-badge-png-819x1024.png 819w, https:\/\/www.seochc.on.ca\/wp-content\/uploads\/2023\/10\/YHS-badge-png-768x960.png 768w, https:\/\/www.seochc.on.ca\/wp-content\/uploads\/2023\/10\/YHS-badge-png-10x12.png 10w, https:\/\/www.seochc.on.ca\/wp-content\/uploads\/2023\/10\/YHS-badge-png.png 1200w\" sizes=\"(max-width: 240px) 100vw, 240px\" \/>\t\t\t\t\t\t\t\t\t\t\t\t\t\t\t<\/div>\n\t\t\t\t<\/div>\n\t\t\t\t<div class=\"elementor-element elementor-element-6764a9b3 elementor-widget elementor-widget-text-editor\" data-id=\"6764a9b3\" data-element_type=\"widget\" data-e-type=\"widget\" data-widget_type=\"text-editor.default\">\n\t\t\t\t<div class=\"elementor-widget-container\">\n\t\t\t\t\t\t\t\t\t<p><strong>\u00c1rea de influencia de SEOCHC: imagen al final de la p\u00e1gina.<\/strong><\/p><p><strong><br><\/strong><\/p>\n<p><strong>VIDEO: <a href=\"https:\/\/www.youtube.com\/watch?v=CdSr-uLv694\">Nuestro modelo de salud y bienestar<\/a> \/ <a href=\"https:\/\/www.youtube.com\/watch?v=991WXOmSq_M\">Nuestro modelo de salud y bienestar<\/a><\/strong><\/p>\n<p>El Centro de Salud Comunitario del Sureste de Ottawa (SEOCHC) es una organizaci\u00f3n sin fines de lucro, gobernada por la comunidad, que brinda servicios integrales de salud y act\u00faa como un centro comunitario vital. Los servicios incluyen: atenci\u00f3n primaria, promoci\u00f3n de la salud, servicios sociales, desarrollo comunitario y de recursos, apoyo domiciliario y defensa. Con m\u00e1s de 40 a\u00f1os de experiencia al servicio de nuestra comunidad, lideramos un cambio transformador, dando prioridad al acceso equitativo y a las soluciones basadas en la comunidad. Nos centramos en apoyar a quienes se enfrentan a barreras relacionadas con los determinantes sociales de la salud y\/o a quienes se enfrentan a barreras para acceder a los servicios sociales y de salud. Las barreras pueden estar relacionadas con los ingresos, la raza, la discapacidad, el idioma, el capital social, el origen \u00e9tnico, la sexualidad y el g\u00e9nero.<\/p>\n<p>El sureste de Ottawa es miembro de la Alianza Provincial para Comunidades m\u00e1s Saludables. Las organizaciones de atenci\u00f3n primaria de salud interprofesionales y gestionadas por la comunidad que operan en Ontario forman parte de esta alianza y comparten el objetivo de trabajar para lograr la mejor salud y bienestar posibles para los habitantes de Ontario. <a href=\"https:\/\/www.allianceon.org\">M\u00e1s informaci\u00f3n: <strong>www.allianceon.org<\/strong><\/a><\/p>\t\t\t\t\t\t\t\t<\/div>\n\t\t\t\t<\/div>\n\t\t\t\t<div class=\"elementor-element elementor-element-fe478b6 elementor-widget elementor-widget-ova_button\" data-id=\"fe478b6\" data-element_type=\"widget\" data-e-type=\"widget\" data-widget_type=\"ova_button.default\">\n\t\t\t\t<div class=\"elementor-widget-container\">\n\t\t\t\t\t\t\t<div class=\"ova-btn\">\n\t\t\t\t\t<a href=\"https:\/\/give-can.keela.co\/seochc-general-fund-donation-form\" class=\"btn\">\n\t\t\t\t\t\t\t\t\t\t\t<i class=\"fas fa-heart\" ><\/i>\n\t\t\t\t\n\t\t\t\tDonar ahora\n\t\t\t\t\t\t\t<\/a>\n\t\t<\/div>\n\t\t\t\t\t\t<\/div>\n\t\t\t\t<\/div>\n\t\t\t\t<div class=\"elementor-element elementor-element-8528e25 elementor-widget elementor-widget-image\" data-id=\"8528e25\" data-element_type=\"widget\" data-e-type=\"widget\" data-widget_type=\"image.default\">\n\t\t\t\t<div class=\"elementor-widget-container\">\n\t\t\t\t\t\t\t\t\t\t\t\t\t\t\t<img decoding=\"async\" width=\"703\" height=\"600\" src=\"https:\/\/www.seochc.on.ca\/wp-content\/uploads\/2021\/02\/SEO-catchment.jpg\" class=\"attachment-large size-large wp-image-8317\" alt=\"\" srcset=\"https:\/\/www.seochc.on.ca\/wp-content\/uploads\/2021\/02\/SEO-catchment.jpg 703w, https:\/\/www.seochc.on.ca\/wp-content\/uploads\/2021\/02\/SEO-catchment-300x256.jpg 300w, https:\/\/www.seochc.on.ca\/wp-content\/uploads\/2021\/02\/SEO-catchment-14x12.jpg 14w\" sizes=\"(max-width: 703px) 100vw, 703px\" \/>\t\t\t\t\t\t\t\t\t\t\t\t\t\t\t<\/div>\n\t\t\t\t<\/div>\n\t\t\t\t\t<\/div>\n\t\t<\/div>\n\t\t\t\t\t<\/div>\n\t\t<\/section>\n\t\t\t\t<section class=\"elementor-section elementor-top-section elementor-element elementor-element-c8b94bb elementor-section-boxed elementor-section-height-default elementor-section-height-default\" data-id=\"c8b94bb\" data-element_type=\"section\" data-e-type=\"section\">\n\t\t\t\t\t\t<div class=\"elementor-container elementor-column-gap-default\">\n\t\t\t\t\t<div class=\"elementor-column elementor-col-100 elementor-top-column elementor-element elementor-element-afeb46a\" data-id=\"afeb46a\" data-element_type=\"column\" data-e-type=\"column\">\n\t\t\t<div class=\"elementor-widget-wrap\">\n\t\t\t\t\t\t\t<\/div>\n\t\t<\/div>\n\t\t\t\t\t<\/div>\n\t\t<\/section>\n\t\t\t\t<\/div>","protected":false},"excerpt":{"rendered":"<p>SEOCHC Catchment Area &#8211; Pictured At the Bottom of the Page VIDEO: Our Model of Health and Wellbeing \/ Notre mod\u00e8le de sant\u00e9 et de bien-\u00eatre South-East Ottawa Community Health Centre (SEOCHC) is a non-profit, community-governed organization that provides comprehensive healthcare services, and acts as a vital community hub. Services include: primary care, health promotion, [&hellip;]<\/p>\n","protected":false},"author":1,"featured_media":5546,"parent":4607,"menu_order":0,"comment_status":"closed","ping_status":"closed","template":"","meta":{"_monsterinsights_skip_tracking":false,"_monsterinsights_sitenote_active":false,"_monsterinsights_sitenote_note":"","_monsterinsights_sitenote_category":0,"footnotes":"","_links_to":"","_links_to_target":""},"class_list":["post-5543","page","type-page","status-publish","has-post-thumbnail","hentry"],"aioseo_notices":[],"publishpress_future_workflow_manual_trigger":{"enabledWorkflows":[]},"rttpg_featured_image_url":{"full":["https:\/\/www.seochc.on.ca\/wp-content\/uploads\/2022\/04\/who-we-are_featured-image.jpg",1200,630,false],"landscape":["https:\/\/www.seochc.on.ca\/wp-content\/uploads\/2022\/04\/who-we-are_featured-image.jpg",1200,630,false],"portraits":["https:\/\/www.seochc.on.ca\/wp-content\/uploads\/2022\/04\/who-we-are_featured-image.jpg",1200,630,false],"thumbnail":["https:\/\/www.seochc.on.ca\/wp-content\/uploads\/2022\/04\/who-we-are_featured-image-150x150.jpg",150,150,true],"medium":["https:\/\/www.seochc.on.ca\/wp-content\/uploads\/2022\/04\/who-we-are_featured-image-300x158.jpg",300,158,true],"large":["https:\/\/www.seochc.on.ca\/wp-content\/uploads\/2022\/04\/who-we-are_featured-image-1024x538.jpg",1024,538,true],"1536x1536":["https:\/\/www.seochc.on.ca\/wp-content\/uploads\/2022\/04\/who-we-are_featured-image.jpg",1200,630,false],"2048x2048":["https:\/\/www.seochc.on.ca\/wp-content\/uploads\/2022\/04\/who-we-are_featured-image.jpg",1200,630,false],"trp-custom-language-flag":["https:\/\/www.seochc.on.ca\/wp-content\/uploads\/2022\/04\/who-we-are_featured-image.jpg",18,9,false],"rt_custom":["https:\/\/www.seochc.on.ca\/wp-content\/uploads\/2022\/04\/who-we-are_featured-image.jpg",1200,630,false]},"rttpg_author":{"display_name":"mastercontroller","author_link":"https:\/\/www.seochc.on.ca\/es\/author\/mastercontroller\/"},"rttpg_comment":0,"rttpg_category":null,"rttpg_excerpt":"SEOCHC Catchment Area &#8211; Pictured At the Bottom of the Page VIDEO: Our Model of Health and Wellbeing \/ Notre mod\u00e8le de sant\u00e9 et de bien-\u00eatre South-East Ottawa Community Health Centre (SEOCHC) is a non-profit, community-governed organization that provides comprehensive healthcare services, and acts as a vital community hub. Services include: primary care, health promotion,&hellip;","_links":{"self":[{"href":"https:\/\/www.seochc.on.ca\/es\/wp-json\/wp\/v2\/pages\/5543","targetHints":{"allow":["GET"]}}],"collection":[{"href":"https:\/\/www.seochc.on.ca\/es\/wp-json\/wp\/v2\/pages"}],"about":[{"href":"https:\/\/www.seochc.on.ca\/es\/wp-json\/wp\/v2\/types\/page"}],"author":[{"embeddable":true,"href":"https:\/\/www.seochc.on.ca\/es\/wp-json\/wp\/v2\/users\/1"}],"replies":[{"embeddable":true,"href":"https:\/\/www.seochc.on.ca\/es\/wp-json\/wp\/v2\/comments?post=5543"}],"version-history":[{"count":38,"href":"https:\/\/www.seochc.on.ca\/es\/wp-json\/wp\/v2\/pages\/5543\/revisions"}],"predecessor-version":[{"id":9206,"href":"https:\/\/www.seochc.on.ca\/es\/wp-json\/wp\/v2\/pages\/5543\/revisions\/9206"}],"up":[{"embeddable":true,"href":"https:\/\/www.seochc.on.ca\/es\/wp-json\/wp\/v2\/pages\/4607"}],"wp:featuredmedia":[{"embeddable":true,"href":"https:\/\/www.seochc.on.ca\/es\/wp-json\/wp\/v2\/media\/5546"}],"wp:attachment":[{"href":"https:\/\/www.seochc.on.ca\/es\/wp-json\/wp\/v2\/media?parent=5543"}],"curies":[{"name":"wp","href":"https:\/\/api.w.org\/{rel}","templated":true}]}}