{"id":5561,"date":"2022-05-06T11:40:36","date_gmt":"2022-05-06T15:40:36","guid":{"rendered":"https:\/\/www.seochc.on.ca\/?page_id=5561"},"modified":"2025-10-15T12:31:06","modified_gmt":"2025-10-15T16:31:06","slug":"high-school-outreach-clinics","status":"publish","type":"page","link":"https:\/\/www.seochc.on.ca\/es\/programs-and-services\/youth\/high-school-outreach-clinics\/","title":{"rendered":"Cl\u00ednicas de divulgaci\u00f3n en institutos"},"content":{"rendered":"<div class=\"wp-block-image\"><figure class=\"alignright size-medium\"><img fetchpriority=\"high\" decoding=\"async\" width=\"300\" height=\"200\" src=\"https:\/\/www.seochc.on.ca\/wp-content\/uploads\/2022\/05\/high-school-outreach-clinics_inset-image-300x200.jpg\" alt=\"Two male students standing in hallway and looking at documents.\" class=\"wp-image-5562\" srcset=\"https:\/\/www.seochc.on.ca\/wp-content\/uploads\/2022\/05\/high-school-outreach-clinics_inset-image-300x200.jpg 300w, https:\/\/www.seochc.on.ca\/wp-content\/uploads\/2022\/05\/high-school-outreach-clinics_inset-image-768x512.jpg 768w, https:\/\/www.seochc.on.ca\/wp-content\/uploads\/2022\/05\/high-school-outreach-clinics_inset-image.jpg 800w\" sizes=\"(max-width: 300px) 100vw, 300px\" \/><\/figure><\/div>\n\n\n\n<p>En colaboraci\u00f3n con la Junta Escolar del Distrito de Ottawa Carleton, ofrecemos servicios de atenci\u00f3n primaria a dos escuelas secundarias de alta prioridad dentro de la zona de influencia. Muchos de los estudiantes atendidos provienen de comunidades marginadas, no tienen seguro m\u00e9dico o cuentan con escaso apoyo social. Este programa reduce las barreras habituales para acceder a la atenci\u00f3n primaria y el personal escolar puede trabajar en colaboraci\u00f3n para mejorar los resultados de los estudiantes, tanto dentro como fuera de la escuela. Durante m\u00e1s de una d\u00e9cada, esta cl\u00ednica ha proporcionado una atenci\u00f3n oportuna, basada en la evidencia y centrada en el cliente para apoyar el bienestar general de los estudiantes.<\/p>\n\n\n\n<p>Una enfermera especializada dirige la cl\u00ednica de salud dos d\u00edas a la semana en cada escuela, ofreciendo servicios de atenci\u00f3n m\u00e9dica a los j\u00f3venes que asisten a la Preparatoria Ridgemont y a la Preparatoria Gloucester. La evaluaci\u00f3n y el manejo de afecciones agudas epis\u00f3dicas, problemas de salud sexual y atenci\u00f3n de salud mental son el enfoque principal de esta cl\u00ednica.<\/p>\n\n\n\n<h2 class=\"has-white-color has-text-color has-background has-medium-font-size wp-block-heading\" style=\"background-color:#10a1ea\">Criterios de elegibilidad<\/h2>\n\n\n\n<p>Estudiantes matriculados en la Preparatoria Gloucester o en la Preparatoria Ridgemont.<\/p>\n\n\n\n<h2 class=\"has-white-color has-text-color has-background has-medium-font-size wp-block-heading\" style=\"background-color:#10a1ea\">Horario de atenci\u00f3n<\/h2>\n\n\n\n<p>De septiembre a junio (a\u00f1o escolar)<\/p>\n\n\n\n<p>Cada escuela recibe servicios dos d\u00edas a la semana.<\/p>\n\n\n\n<h2 class=\"has-white-color has-text-color has-background has-medium-font-size wp-block-heading\" style=\"background-color:#10a1ea\">Ubicaci\u00f3n<\/h2>\n\n\n\n<p><a href=\"https:\/\/ridgemonths.ocdsb.ca\/\" target=\"_blank\" rel=\"noreferrer noopener\">Preparatoria Ridgemont<br><\/a>2597 Alta Vista Drive<\/p>\n\n\n\n<p><a href=\"https:\/\/gloucesterhs.ocdsb.ca\/\" target=\"_blank\" rel=\"noreferrer noopener\">Preparatoria Gloucester<br><\/a>2060, calle Ogilvie<\/p>","protected":false},"excerpt":{"rendered":"<p>In partnership with the Ottawa Carleton District School Board, we offer primary care services to two high priority high schools within the catchment. Many of the students served are from marginalized communities, uninsured, or have poor social supports. This program decreases common barriers for accessing primary care and school staff can work collaboratively to improve [&hellip;]<\/p>\n","protected":false},"author":1,"featured_media":5563,"parent":4580,"menu_order":0,"comment_status":"closed","ping_status":"closed","template":"template_program-page_y.php","meta":{"_monsterinsights_skip_tracking":false,"_monsterinsights_sitenote_active":false,"_monsterinsights_sitenote_note":"","_monsterinsights_sitenote_category":0,"footnotes":"","_links_to":"","_links_to_target":""},"class_list":["post-5561","page","type-page","status-publish","has-post-thumbnail","hentry"],"aioseo_notices":[],"publishpress_future_workflow_manual_trigger":{"enabledWorkflows":[]},"rttpg_featured_image_url":{"full":["https:\/\/www.seochc.on.ca\/wp-content\/uploads\/2022\/05\/high-school-outreach-clinics_featured-image.jpg",1200,630,false],"landscape":["https:\/\/www.seochc.on.ca\/wp-content\/uploads\/2022\/05\/high-school-outreach-clinics_featured-image.jpg",1200,630,false],"portraits":["https:\/\/www.seochc.on.ca\/wp-content\/uploads\/2022\/05\/high-school-outreach-clinics_featured-image.jpg",1200,630,false],"thumbnail":["https:\/\/www.seochc.on.ca\/wp-content\/uploads\/2022\/05\/high-school-outreach-clinics_featured-image-150x150.jpg",150,150,true],"medium":["https:\/\/www.seochc.on.ca\/wp-content\/uploads\/2022\/05\/high-school-outreach-clinics_featured-image-300x158.jpg",300,158,true],"large":["https:\/\/www.seochc.on.ca\/wp-content\/uploads\/2022\/05\/high-school-outreach-clinics_featured-image-1024x538.jpg",1024,538,true],"1536x1536":["https:\/\/www.seochc.on.ca\/wp-content\/uploads\/2022\/05\/high-school-outreach-clinics_featured-image.jpg",1200,630,false],"2048x2048":["https:\/\/www.seochc.on.ca\/wp-content\/uploads\/2022\/05\/high-school-outreach-clinics_featured-image.jpg",1200,630,false],"trp-custom-language-flag":["https:\/\/www.seochc.on.ca\/wp-content\/uploads\/2022\/05\/high-school-outreach-clinics_featured-image.jpg",18,9,false],"rt_custom":["https:\/\/www.seochc.on.ca\/wp-content\/uploads\/2022\/05\/high-school-outreach-clinics_featured-image.jpg",1200,630,false]},"rttpg_author":{"display_name":"mastercontroller","author_link":"https:\/\/www.seochc.on.ca\/es\/author\/mastercontroller\/"},"rttpg_comment":0,"rttpg_category":null,"rttpg_excerpt":"In partnership with the Ottawa Carleton District School Board, we offer primary care services to two high priority high schools within the catchment. Many of the students served are from marginalized communities, uninsured, or have poor social supports. This program decreases common barriers for accessing primary care and school staff can work collaboratively to improve&hellip;","_links":{"self":[{"href":"https:\/\/www.seochc.on.ca\/es\/wp-json\/wp\/v2\/pages\/5561","targetHints":{"allow":["GET"]}}],"collection":[{"href":"https:\/\/www.seochc.on.ca\/es\/wp-json\/wp\/v2\/pages"}],"about":[{"href":"https:\/\/www.seochc.on.ca\/es\/wp-json\/wp\/v2\/types\/page"}],"author":[{"embeddable":true,"href":"https:\/\/www.seochc.on.ca\/es\/wp-json\/wp\/v2\/users\/1"}],"replies":[{"embeddable":true,"href":"https:\/\/www.seochc.on.ca\/es\/wp-json\/wp\/v2\/comments?post=5561"}],"version-history":[{"count":1,"href":"https:\/\/www.seochc.on.ca\/es\/wp-json\/wp\/v2\/pages\/5561\/revisions"}],"predecessor-version":[{"id":5564,"href":"https:\/\/www.seochc.on.ca\/es\/wp-json\/wp\/v2\/pages\/5561\/revisions\/5564"}],"up":[{"embeddable":true,"href":"https:\/\/www.seochc.on.ca\/es\/wp-json\/wp\/v2\/pages\/4580"}],"wp:featuredmedia":[{"embeddable":true,"href":"https:\/\/www.seochc.on.ca\/es\/wp-json\/wp\/v2\/media\/5563"}],"wp:attachment":[{"href":"https:\/\/www.seochc.on.ca\/es\/wp-json\/wp\/v2\/media?parent=5561"}],"curies":[{"name":"wp","href":"https:\/\/api.w.org\/{rel}","templated":true}]}}