{"id":6366,"date":"2022-06-10T10:31:45","date_gmt":"2022-06-10T14:31:45","guid":{"rendered":"https:\/\/www.seochc.on.ca\/?page_id=6366"},"modified":"2022-06-10T10:32:29","modified_gmt":"2022-06-10T14:32:29","slug":"baby-friendly-initiative","status":"publish","type":"page","link":"https:\/\/www.seochc.on.ca\/es\/about-us\/baby-friendly-initiative\/","title":{"rendered":"Iniciativa Amiga de los Beb\u00e9s"},"content":{"rendered":"<div class=\"wp-block-image\">\n<figure class=\"alignright size-medium\"><img decoding=\"async\" width=\"300\" height=\"66\" src=\"https:\/\/www.seochc.on.ca\/wp-content\/uploads\/2022\/06\/bfi-ontario-logo-300x66.jpg\" alt=\"logo for Baby Friendly Initiative of Ontario\" class=\"wp-image-6369\" srcset=\"https:\/\/www.seochc.on.ca\/wp-content\/uploads\/2022\/06\/bfi-ontario-logo-300x66.jpg 300w, https:\/\/www.seochc.on.ca\/wp-content\/uploads\/2022\/06\/bfi-ontario-logo.jpg 478w\" sizes=\"(max-width: 300px) 100vw, 300px\" \/><\/figure>\n<\/div>\n\n\n<p>La Iniciativa Amiga del Ni\u00f1o es una campa\u00f1a mundial de la Organizaci\u00f3n Mundial de la Salud (OMS) y el Fondo de las Naciones Unidas para la Infancia (UNICEF). Se desarroll\u00f3 para ayudar a los hospitales y organismos comunitarios a proteger, promover y apoyar la lactancia materna. La Iniciativa Amiga del Ni\u00f1o describe las mejores pr\u00e1cticas para quienes trabajan con familias embarazadas y\/o con hijos. Las organizaciones Amigas de los Beb\u00e9s apoyan a todas las familias con pr\u00e1cticas importantes de alimentaci\u00f3n y cuidado infantil. Las organizaciones Amigas de los Beb\u00e9s benefician a los beb\u00e9s, las familias, la sociedad y el medio ambiente.<\/p>\n\n\n\n<p>En Canad\u00e1, el&nbsp;<a href=\"https:\/\/breastfeedingcanada.ca\/\" target=\"_blank\" rel=\"noreferrer noopener\">Comit\u00e9 de Lactancia Materna de Canad\u00e1<\/a>&nbsp;&nbsp;es responsable de designar hospitales y agencias de atenci\u00f3n m\u00e9dica comunitaria.<\/p>\n\n\n\n<p>El Centro de Salud Comunitario del Sureste de Ottawa apoya la Iniciativa Amiga de los Beb\u00e9s de la Organizaci\u00f3n Mundial de la Salud. El Centro de Salud Comunitario del Sureste de Ottawa se compromete a obtener la designaci\u00f3n BFI mediante:<\/p>\n\n\n\n<ul class=\"wp-block-list\"><li>Ayudar a los padres a tomar decisiones informadas sobre la alimentaci\u00f3n de su beb\u00e9.<\/li><li>Apoyamos a todas las familias, independientemente del m\u00e9todo de alimentaci\u00f3n que utilicen.<\/li><li>Recomendar la leche materna como \u00fanico alimento para los beb\u00e9s hasta los seis meses de edad.<\/li><li>Recomendar que la leche materna se incluya en la dieta del ni\u00f1o hasta los dos a\u00f1os y m\u00e1s all\u00e1.<\/li><li>Proteger los derechos de las mujeres a amamantar en cualquier momento y en cualquier lugar.<\/li><li>Trabajamos con nuestra comunidad para proteger, promover y apoyar la lactancia materna.<\/li><\/ul>\n\n\n\n<p>Para obtener m\u00e1s informaci\u00f3n sobre la iniciativa o sobre la alimentaci\u00f3n y el cuidado de su beb\u00e9, llame al (613) 737-5115 y solicite que le comuniquen con nuestra asesora en lactancia.<\/p>","protected":false},"excerpt":{"rendered":"<p>The Baby-Friendly Initiative is a global campaign of the World Health Organization (WHO) and the United Nations Children\u2019s Fund (UNICEF). It was developed to help hospitals and community agencies protect, promote and support breastfeeding. The Baby-Friendly Initiative outlines best-practices for those working with pregnant and\/or parenting families. Baby-Friendly organizations support all families with important infant [&hellip;]<\/p>\n","protected":false},"author":1,"featured_media":6367,"parent":4607,"menu_order":0,"comment_status":"closed","ping_status":"closed","template":"template_about-page_bfi.php","meta":{"_monsterinsights_skip_tracking":false,"_monsterinsights_sitenote_active":false,"_monsterinsights_sitenote_note":"","_monsterinsights_sitenote_category":0,"footnotes":"","_links_to":"","_links_to_target":""},"class_list":["post-6366","page","type-page","status-publish","has-post-thumbnail","hentry"],"aioseo_notices":[],"publishpress_future_workflow_manual_trigger":{"enabledWorkflows":[]},"rttpg_featured_image_url":{"full":["https:\/\/www.seochc.on.ca\/wp-content\/uploads\/2022\/06\/baby-friendly-initiative_fimage.jpg",1920,1281,false],"landscape":["https:\/\/www.seochc.on.ca\/wp-content\/uploads\/2022\/06\/baby-friendly-initiative_fimage.jpg",1920,1281,false],"portraits":["https:\/\/www.seochc.on.ca\/wp-content\/uploads\/2022\/06\/baby-friendly-initiative_fimage.jpg",1920,1281,false],"thumbnail":["https:\/\/www.seochc.on.ca\/wp-content\/uploads\/2022\/06\/baby-friendly-initiative_fimage-150x150.jpg",150,150,true],"medium":["https:\/\/www.seochc.on.ca\/wp-content\/uploads\/2022\/06\/baby-friendly-initiative_fimage-300x200.jpg",300,200,true],"large":["https:\/\/www.seochc.on.ca\/wp-content\/uploads\/2022\/06\/baby-friendly-initiative_fimage-1024x683.jpg",1024,683,true],"1536x1536":["https:\/\/www.seochc.on.ca\/wp-content\/uploads\/2022\/06\/baby-friendly-initiative_fimage-1536x1025.jpg",1536,1025,true],"2048x2048":["https:\/\/www.seochc.on.ca\/wp-content\/uploads\/2022\/06\/baby-friendly-initiative_fimage.jpg",1920,1281,false],"trp-custom-language-flag":["https:\/\/www.seochc.on.ca\/wp-content\/uploads\/2022\/06\/baby-friendly-initiative_fimage.jpg",18,12,false],"rt_custom":["https:\/\/www.seochc.on.ca\/wp-content\/uploads\/2022\/06\/baby-friendly-initiative_fimage.jpg",1920,1281,false]},"rttpg_author":{"display_name":"mastercontroller","author_link":"https:\/\/www.seochc.on.ca\/es\/author\/mastercontroller\/"},"rttpg_comment":0,"rttpg_category":null,"rttpg_excerpt":"The Baby-Friendly Initiative is a global campaign of the World Health Organization (WHO) and the United Nations Children\u2019s Fund (UNICEF). It was developed to help hospitals and community agencies protect, promote and support breastfeeding. The Baby-Friendly Initiative outlines best-practices for those working with pregnant and\/or parenting families. Baby-Friendly organizations support all families with important infant&hellip;","_links":{"self":[{"href":"https:\/\/www.seochc.on.ca\/es\/wp-json\/wp\/v2\/pages\/6366","targetHints":{"allow":["GET"]}}],"collection":[{"href":"https:\/\/www.seochc.on.ca\/es\/wp-json\/wp\/v2\/pages"}],"about":[{"href":"https:\/\/www.seochc.on.ca\/es\/wp-json\/wp\/v2\/types\/page"}],"author":[{"embeddable":true,"href":"https:\/\/www.seochc.on.ca\/es\/wp-json\/wp\/v2\/users\/1"}],"replies":[{"embeddable":true,"href":"https:\/\/www.seochc.on.ca\/es\/wp-json\/wp\/v2\/comments?post=6366"}],"version-history":[{"count":2,"href":"https:\/\/www.seochc.on.ca\/es\/wp-json\/wp\/v2\/pages\/6366\/revisions"}],"predecessor-version":[{"id":6370,"href":"https:\/\/www.seochc.on.ca\/es\/wp-json\/wp\/v2\/pages\/6366\/revisions\/6370"}],"up":[{"embeddable":true,"href":"https:\/\/www.seochc.on.ca\/es\/wp-json\/wp\/v2\/pages\/4607"}],"wp:featuredmedia":[{"embeddable":true,"href":"https:\/\/www.seochc.on.ca\/es\/wp-json\/wp\/v2\/media\/6367"}],"wp:attachment":[{"href":"https:\/\/www.seochc.on.ca\/es\/wp-json\/wp\/v2\/media?parent=6366"}],"curies":[{"name":"wp","href":"https:\/\/api.w.org\/{rel}","templated":true}]}}