{"id":6572,"date":"2022-08-16T09:37:57","date_gmt":"2022-08-16T13:37:57","guid":{"rendered":"https:\/\/www.seochc.on.ca\/?page_id=6572"},"modified":"2023-10-12T10:41:28","modified_gmt":"2023-10-12T14:41:28","slug":"seniors-health-promotion","status":"publish","type":"page","link":"https:\/\/www.seochc.on.ca\/es\/programs-and-services\/community-services\/seniors-health-promotion\/","title":{"rendered":"Promoci\u00f3n de la salud para personas mayores"},"content":{"rendered":"<div data-elementor-type=\"wp-page\" data-elementor-id=\"6572\" class=\"elementor elementor-6572\">\n\t\t\t\t\t\t<section class=\"elementor-section elementor-top-section elementor-element elementor-element-2d1194a5 elementor-section-boxed elementor-section-height-default elementor-section-height-default\" data-id=\"2d1194a5\" data-element_type=\"section\" data-e-type=\"section\">\n\t\t\t\t\t\t<div class=\"elementor-container elementor-column-gap-default\">\n\t\t\t\t\t<div class=\"elementor-column elementor-col-100 elementor-top-column elementor-element elementor-element-5666188f\" data-id=\"5666188f\" data-element_type=\"column\" data-e-type=\"column\">\n\t\t\t<div class=\"elementor-widget-wrap elementor-element-populated\">\n\t\t\t\t\t\t<div class=\"elementor-element elementor-element-470669ad elementor-widget elementor-widget-text-editor\" data-id=\"470669ad\" data-element_type=\"widget\" data-e-type=\"widget\" data-widget_type=\"text-editor.default\">\n\t\t\t\t<div class=\"elementor-widget-container\">\n\t\t\t\t\t\t\t\t\t<p><div class=\"wp-block-image\"><\/p>\n<figure class=\"alignright size-medium\"><img fetchpriority=\"high\" decoding=\"async\" class=\"alignnone wp-image-7518\" src=\"https:\/\/www.seochc.on.ca\/wp-content\/uploads\/2021\/02\/MicrosoftTeams-image.jpg\" alt=\"Senior gathering\" width=\"338\" height=\"254\" srcset=\"https:\/\/www.seochc.on.ca\/wp-content\/uploads\/2021\/02\/MicrosoftTeams-image.jpg 1024w, https:\/\/www.seochc.on.ca\/wp-content\/uploads\/2021\/02\/MicrosoftTeams-image-300x225.jpg 300w, https:\/\/www.seochc.on.ca\/wp-content\/uploads\/2021\/02\/MicrosoftTeams-image-768x576.jpg 768w, https:\/\/www.seochc.on.ca\/wp-content\/uploads\/2021\/02\/MicrosoftTeams-image-16x12.jpg 16w\" sizes=\"(max-width: 338px) 100vw, 338px\" \/><\/figure>\n<p><\/div><\/p>\n<p>Programas y servicios que apoyan las conexiones comunitarias, el desarrollo de habilidades y el intercambio de informaci\u00f3n para permitir que las personas mayores adopten comportamientos saludables. Las actividades pueden incluir eventos sociales, talleres y programas de ejercicio que mejoran el bienestar y la salud f\u00edsica y mental, y permiten a las personas mayores adoptar un estilo de vida saludable.<\/p>\n<p><\/p>\n<h2 class=\"has-white-color has-text-color has-background has-medium-font-size wp-block-heading\" style=\"background-color: #10a1ea;\">Criterios de elegibilidad<\/h2>\n<p><\/p>\n<p>Adultos mayores de 55 a\u00f1os que vivan en la zona de influencia.<\/p>\n<p><\/p>\n<h2 class=\"has-white-color has-text-color has-background has-medium-font-size wp-block-heading\" style=\"background-color: #10a1ea;\">Horario de atenci\u00f3n<\/h2>\n<p><\/p>\n<p>Yoga en silla: lunes, de 10:30 a 11:30 a. m.<\/p>\n<p>Coffee Connection: martes, de 10:00 a. m. a 12:00 p. m.<\/p>\n<p>Ejercicio en silla: jueves, de 1:30 a 2:30 p. m.<\/p>\n<p>Para obtener informaci\u00f3n sobre otros eventos, programas de ejercicio o actividades pr\u00f3ximos, comun\u00edquese con nosotros al (613) 737-7195.\u00a0<\/p>\n<p><\/p>\n<h2 class=\"has-white-color has-text-color has-background has-medium-font-size wp-block-heading\" style=\"background-color: #10a1ea;\">Ubicaci\u00f3n<\/h2>\n<p><\/p>\n<p>1355 Bank Street, as\u00ed como en varios lugares de nuestra zona de influencia.<\/p>\n<p>Algunas actividades se ofrecen actualmente tanto en persona como a trav\u00e9s de Zoom. Por favor, cont\u00e1ctenos para obtener un enlace para participar virtualmente.\u00a0<\/p>\n<p><\/p>\t\t\t\t\t\t\t\t<\/div>\n\t\t\t\t<\/div>\n\t\t\t\t\t<\/div>\n\t\t<\/div>\n\t\t\t\t\t<\/div>\n\t\t<\/section>\n\t\t\t\t<\/div>","protected":false},"excerpt":{"rendered":"<p>Programs and services that support community connections, skill building, and information-sharing to enable seniors to adopt healthy behaviors.\u00a0 Activities may include social events, workshops and exercise programs that improve wellbeing, physical and mental health and allow seniors to adopt a healthy lifestyle. Eligibility Criteria Adults 55+ who live in the catchment area. Hours of Operation [&hellip;]<\/p>\n","protected":false},"author":1,"featured_media":6661,"parent":4562,"menu_order":0,"comment_status":"closed","ping_status":"closed","template":"template_program-page_cs.php","meta":{"_monsterinsights_skip_tracking":false,"_monsterinsights_sitenote_active":false,"_monsterinsights_sitenote_note":"","_monsterinsights_sitenote_category":0,"footnotes":"","_links_to":"","_links_to_target":""},"class_list":["post-6572","page","type-page","status-publish","has-post-thumbnail","hentry"],"aioseo_notices":[],"publishpress_future_workflow_manual_trigger":{"enabledWorkflows":[]},"rttpg_featured_image_url":{"full":["https:\/\/www.seochc.on.ca\/wp-content\/uploads\/2022\/08\/seniors-health-promotion_featured-image.jpg",1200,630,false],"landscape":["https:\/\/www.seochc.on.ca\/wp-content\/uploads\/2022\/08\/seniors-health-promotion_featured-image.jpg",1200,630,false],"portraits":["https:\/\/www.seochc.on.ca\/wp-content\/uploads\/2022\/08\/seniors-health-promotion_featured-image.jpg",1200,630,false],"thumbnail":["https:\/\/www.seochc.on.ca\/wp-content\/uploads\/2022\/08\/seniors-health-promotion_featured-image-150x150.jpg",150,150,true],"medium":["https:\/\/www.seochc.on.ca\/wp-content\/uploads\/2022\/08\/seniors-health-promotion_featured-image-300x158.jpg",300,158,true],"large":["https:\/\/www.seochc.on.ca\/wp-content\/uploads\/2022\/08\/seniors-health-promotion_featured-image-1024x538.jpg",1024,538,true],"1536x1536":["https:\/\/www.seochc.on.ca\/wp-content\/uploads\/2022\/08\/seniors-health-promotion_featured-image.jpg",1200,630,false],"2048x2048":["https:\/\/www.seochc.on.ca\/wp-content\/uploads\/2022\/08\/seniors-health-promotion_featured-image.jpg",1200,630,false],"trp-custom-language-flag":["https:\/\/www.seochc.on.ca\/wp-content\/uploads\/2022\/08\/seniors-health-promotion_featured-image-18x9.jpg",18,9,true],"rt_custom":["https:\/\/www.seochc.on.ca\/wp-content\/uploads\/2022\/08\/seniors-health-promotion_featured-image.jpg",1200,630,false]},"rttpg_author":{"display_name":"mastercontroller","author_link":"https:\/\/www.seochc.on.ca\/es\/author\/mastercontroller\/"},"rttpg_comment":0,"rttpg_category":null,"rttpg_excerpt":"Programs and services that support community connections, skill building, and information-sharing to enable seniors to adopt healthy behaviors.\u00a0 Activities may include social events, workshops and exercise programs that improve wellbeing, physical and mental health and allow seniors to adopt a healthy lifestyle. Eligibility Criteria Adults 55+ who live in the catchment area. Hours of Operation&hellip;","_links":{"self":[{"href":"https:\/\/www.seochc.on.ca\/es\/wp-json\/wp\/v2\/pages\/6572","targetHints":{"allow":["GET"]}}],"collection":[{"href":"https:\/\/www.seochc.on.ca\/es\/wp-json\/wp\/v2\/pages"}],"about":[{"href":"https:\/\/www.seochc.on.ca\/es\/wp-json\/wp\/v2\/types\/page"}],"author":[{"embeddable":true,"href":"https:\/\/www.seochc.on.ca\/es\/wp-json\/wp\/v2\/users\/1"}],"replies":[{"embeddable":true,"href":"https:\/\/www.seochc.on.ca\/es\/wp-json\/wp\/v2\/comments?post=6572"}],"version-history":[{"count":11,"href":"https:\/\/www.seochc.on.ca\/es\/wp-json\/wp\/v2\/pages\/6572\/revisions"}],"predecessor-version":[{"id":7941,"href":"https:\/\/www.seochc.on.ca\/es\/wp-json\/wp\/v2\/pages\/6572\/revisions\/7941"}],"up":[{"embeddable":true,"href":"https:\/\/www.seochc.on.ca\/es\/wp-json\/wp\/v2\/pages\/4562"}],"wp:featuredmedia":[{"embeddable":true,"href":"https:\/\/www.seochc.on.ca\/es\/wp-json\/wp\/v2\/media\/6661"}],"wp:attachment":[{"href":"https:\/\/www.seochc.on.ca\/es\/wp-json\/wp\/v2\/media?parent=6572"}],"curies":[{"name":"wp","href":"https:\/\/api.w.org\/{rel}","templated":true}]}}