{"id":6634,"date":"2022-08-23T13:02:03","date_gmt":"2022-08-23T17:02:03","guid":{"rendered":"https:\/\/www.seochc.on.ca\/?page_id=6634"},"modified":"2022-08-23T13:02:03","modified_gmt":"2022-08-23T17:02:03","slug":"staff-wellness","status":"publish","type":"page","link":"https:\/\/www.seochc.on.ca\/es\/staff-wellness\/","title":{"rendered":"Bienestar del personal"},"content":{"rendered":"<div class=\"wp-block-image\">\n<figure class=\"alignright size-medium\"><img decoding=\"async\" width=\"300\" height=\"131\" src=\"https:\/\/www.seochc.on.ca\/wp-content\/uploads\/2022\/08\/homepage-slider_wellness-300x131.jpg\" alt=\"Stones spa treatment scene, zen like concepts\" class=\"wp-image-6635\" srcset=\"https:\/\/www.seochc.on.ca\/wp-content\/uploads\/2022\/08\/homepage-slider_wellness-300x131.jpg 300w, https:\/\/www.seochc.on.ca\/wp-content\/uploads\/2022\/08\/homepage-slider_wellness-1024x448.jpg 1024w, https:\/\/www.seochc.on.ca\/wp-content\/uploads\/2022\/08\/homepage-slider_wellness-768x336.jpg 768w, https:\/\/www.seochc.on.ca\/wp-content\/uploads\/2022\/08\/homepage-slider_wellness-1536x671.jpg 1536w, https:\/\/www.seochc.on.ca\/wp-content\/uploads\/2022\/08\/homepage-slider_wellness-18x8.jpg 18w, https:\/\/www.seochc.on.ca\/wp-content\/uploads\/2022\/08\/homepage-slider_wellness.jpg 1894w\" sizes=\"(max-width: 300px) 100vw, 300px\" \/><\/figure>\n<\/div>\n\n\n<p>El Centro de Salud Comunitario del Sureste de Ottawa reconoce que nuestro personal es nuestro activo m\u00e1s valioso. Somos una organizaci\u00f3n comprometida con el bienestar de nuestros empleados. Tambi\u00e9n reconocemos que la naturaleza continua de la pandemia y sus efectos \u00fanicos en nuestra comunidad afectan a nuestro personal. En un esfuerzo por ofrecer oportunidades y apoyos para el bienestar, hemos realizado una inversi\u00f3n especial en el bienestar del personal. Algunas de nuestras iniciativas incluyen: cafeter\u00edas para el personal, que son oportunidades para que los empleados se relacionen y aprendan sobre diversos temas; c\u00edrculos de bienestar dirigidos por un coach de salud mental; oportunidades de coaching y mentor\u00eda individualizadas; y horarios flexibles.<\/p>\n\n\n\n<h2 class=\"wp-block-heading\">Citas del personal<\/h2>\n\n\n\n<blockquote class=\"wp-block-quote is-layout-flow wp-block-quote-is-layout-flow\"><p>\u201cMe gusta desempe\u00f1ar un papel importante ayudando a nuestros clientes. Me gusta saber que las personas est\u00e1n mejor gracias a que yo estoy aqu\u00ed\u201d.\u201d<\/p><\/blockquote>\n\n\n\n<blockquote class=\"wp-block-quote is-layout-flow wp-block-quote-is-layout-flow\"><p>\u201cYo describir\u00eda la cultura como acogedora, solidaria, amigable y positiva\u201d.\u201d<\/p><\/blockquote>\n\n\n\n<blockquote class=\"wp-block-quote is-layout-flow wp-block-quote-is-layout-flow\"><p>\u201cEs un lugar excelente para trabajar, especialmente si te apasiona ayudar a la comunidad y mejorar la salud de las poblaciones vulnerables\u201d.\u201d<\/p><\/blockquote>","protected":false},"excerpt":{"rendered":"<p>South-East Ottawa Community Health Centre recognizes that our people are our most valuable asset. We are an organization committed to staff wellness. We also recognize that the ongoing nature of the pandemic, and its unique impacts on our community impacts our staff. In an effort to provide wellness opportunities and supports, we made a special [&hellip;]<\/p>\n","protected":false},"author":1,"featured_media":6635,"parent":0,"menu_order":0,"comment_status":"closed","ping_status":"closed","template":"","meta":{"_monsterinsights_skip_tracking":false,"_monsterinsights_sitenote_active":false,"_monsterinsights_sitenote_note":"","_monsterinsights_sitenote_category":0,"footnotes":"","_links_to":"","_links_to_target":""},"class_list":["post-6634","page","type-page","status-publish","has-post-thumbnail","hentry"],"aioseo_notices":[],"publishpress_future_workflow_manual_trigger":{"enabledWorkflows":[]},"rttpg_featured_image_url":{"full":["https:\/\/www.seochc.on.ca\/wp-content\/uploads\/2022\/08\/homepage-slider_wellness.jpg",1894,828,false],"landscape":["https:\/\/www.seochc.on.ca\/wp-content\/uploads\/2022\/08\/homepage-slider_wellness.jpg",1894,828,false],"portraits":["https:\/\/www.seochc.on.ca\/wp-content\/uploads\/2022\/08\/homepage-slider_wellness.jpg",1894,828,false],"thumbnail":["https:\/\/www.seochc.on.ca\/wp-content\/uploads\/2022\/08\/homepage-slider_wellness-150x150.jpg",150,150,true],"medium":["https:\/\/www.seochc.on.ca\/wp-content\/uploads\/2022\/08\/homepage-slider_wellness-300x131.jpg",300,131,true],"large":["https:\/\/www.seochc.on.ca\/wp-content\/uploads\/2022\/08\/homepage-slider_wellness-1024x448.jpg",1024,448,true],"1536x1536":["https:\/\/www.seochc.on.ca\/wp-content\/uploads\/2022\/08\/homepage-slider_wellness-1536x671.jpg",1536,671,true],"2048x2048":["https:\/\/www.seochc.on.ca\/wp-content\/uploads\/2022\/08\/homepage-slider_wellness.jpg",1894,828,false],"trp-custom-language-flag":["https:\/\/www.seochc.on.ca\/wp-content\/uploads\/2022\/08\/homepage-slider_wellness-18x8.jpg",18,8,true],"rt_custom":["https:\/\/www.seochc.on.ca\/wp-content\/uploads\/2022\/08\/homepage-slider_wellness.jpg",1894,828,false]},"rttpg_author":{"display_name":"mastercontroller","author_link":"https:\/\/www.seochc.on.ca\/es\/author\/mastercontroller\/"},"rttpg_comment":0,"rttpg_category":null,"rttpg_excerpt":"South-East Ottawa Community Health Centre recognizes that our people are our most valuable asset. We are an organization committed to staff wellness. We also recognize that the ongoing nature of the pandemic, and its unique impacts on our community impacts our staff. In an effort to provide wellness opportunities and supports, we made a special&hellip;","_links":{"self":[{"href":"https:\/\/www.seochc.on.ca\/es\/wp-json\/wp\/v2\/pages\/6634","targetHints":{"allow":["GET"]}}],"collection":[{"href":"https:\/\/www.seochc.on.ca\/es\/wp-json\/wp\/v2\/pages"}],"about":[{"href":"https:\/\/www.seochc.on.ca\/es\/wp-json\/wp\/v2\/types\/page"}],"author":[{"embeddable":true,"href":"https:\/\/www.seochc.on.ca\/es\/wp-json\/wp\/v2\/users\/1"}],"replies":[{"embeddable":true,"href":"https:\/\/www.seochc.on.ca\/es\/wp-json\/wp\/v2\/comments?post=6634"}],"version-history":[{"count":1,"href":"https:\/\/www.seochc.on.ca\/es\/wp-json\/wp\/v2\/pages\/6634\/revisions"}],"predecessor-version":[{"id":6636,"href":"https:\/\/www.seochc.on.ca\/es\/wp-json\/wp\/v2\/pages\/6634\/revisions\/6636"}],"wp:featuredmedia":[{"embeddable":true,"href":"https:\/\/www.seochc.on.ca\/es\/wp-json\/wp\/v2\/media\/6635"}],"wp:attachment":[{"href":"https:\/\/www.seochc.on.ca\/es\/wp-json\/wp\/v2\/media?parent=6634"}],"curies":[{"name":"wp","href":"https:\/\/api.w.org\/{rel}","templated":true}]}}