{"id":6822,"date":"2022-09-12T12:20:29","date_gmt":"2022-09-12T16:20:29","guid":{"rendered":"https:\/\/www.seochc.on.ca\/?page_id=6822"},"modified":"2026-01-22T13:48:01","modified_gmt":"2026-01-22T18:48:01","slug":"locations-and-hours","status":"publish","type":"page","link":"https:\/\/www.seochc.on.ca\/es\/contact-us\/locations-and-hours\/","title":{"rendered":"Ubicaciones y horarios"},"content":{"rendered":"<div data-elementor-type=\"wp-page\" data-elementor-id=\"6822\" class=\"elementor elementor-6822\">\n\t\t\t\t\t\t<section class=\"elementor-section elementor-top-section elementor-element elementor-element-f32fd8d elementor-section-boxed elementor-section-height-default elementor-section-height-default\" data-id=\"f32fd8d\" data-element_type=\"section\" data-e-type=\"section\">\n\t\t\t\t\t\t<div class=\"elementor-container elementor-column-gap-default\">\n\t\t\t\t\t<div class=\"elementor-column elementor-col-100 elementor-top-column elementor-element elementor-element-77b1ee9\" data-id=\"77b1ee9\" data-element_type=\"column\" data-e-type=\"column\">\n\t\t\t<div class=\"elementor-widget-wrap elementor-element-populated\">\n\t\t\t\t\t\t<div class=\"elementor-element elementor-element-61cc8f1 elementor-widget elementor-widget-heading\" data-id=\"61cc8f1\" data-element_type=\"widget\" data-e-type=\"widget\" data-widget_type=\"heading.default\">\n\t\t\t\t<div class=\"elementor-widget-container\">\n\t\t\t\t\t<h2 class=\"elementor-heading-title elementor-size-default\">Centro de Salud Comunitario del Sureste de Ottawa (sede principal)<\/h2>\t\t\t\t<\/div>\n\t\t\t\t<\/div>\n\t\t\t\t\t<\/div>\n\t\t<\/div>\n\t\t\t\t\t<\/div>\n\t\t<\/section>\n\t\t\t\t<section class=\"elementor-section elementor-top-section elementor-element elementor-element-cb2b8c6 elementor-section-boxed elementor-section-height-default elementor-section-height-default\" data-id=\"cb2b8c6\" data-element_type=\"section\" data-e-type=\"section\">\n\t\t\t\t\t\t<div class=\"elementor-container elementor-column-gap-default\">\n\t\t\t\t\t<div class=\"elementor-column elementor-col-50 elementor-top-column elementor-element elementor-element-8703805\" data-id=\"8703805\" data-element_type=\"column\" data-e-type=\"column\">\n\t\t\t<div class=\"elementor-widget-wrap elementor-element-populated\">\n\t\t\t\t\t\t<section class=\"elementor-section elementor-inner-section elementor-element elementor-element-e256e5d elementor-section-boxed elementor-section-height-default elementor-section-height-default\" data-id=\"e256e5d\" data-element_type=\"section\" data-e-type=\"section\">\n\t\t\t\t\t\t<div class=\"elementor-container elementor-column-gap-default\">\n\t\t\t\t\t<div class=\"elementor-column elementor-col-50 elementor-inner-column elementor-element elementor-element-1b8c563\" data-id=\"1b8c563\" data-element_type=\"column\" data-e-type=\"column\">\n\t\t\t<div class=\"elementor-widget-wrap elementor-element-populated\">\n\t\t\t\t\t\t<div class=\"elementor-element elementor-element-e5ef1b6 elementor-widget elementor-widget-text-editor\" data-id=\"e5ef1b6\" data-element_type=\"widget\" data-e-type=\"widget\" data-widget_type=\"text-editor.default\">\n\t\t\t\t<div class=\"elementor-widget-container\">\n\t\t\t\t\t\t\t\t\t<p><strong>Sitio principal<\/strong><\/p><p>1355 Bank Street, Suite 600<br \/>Ottawa, Ontario<br \/>K1H 8K7<\/p><p class=\"translation-block\"><strong>Tel\u00e9fono:<\/strong> (613) 737-5115<br><strong>Fax:<\/strong> (613) 739-8199<\/p><p><b>Horario: <br \/><\/b>De lunes a viernes\u00a0<span style=\"color: inherit; font-family: var( --e-global-typography-text-font-family ), Sans-serif; font-weight: var( --e-global-typography-text-font-weight ); letter-spacing: 0px;\">8:30 a. m. \u2013 12:00 y\u00a0<\/span><span style=\"color: inherit; font-family: var( --e-global-typography-text-font-family ), Sans-serif; font-weight: var( --e-global-typography-text-font-weight ); letter-spacing: 0px;\">1:00 \u2013 4:30 p. m.<\/span><\/p>\t\t\t\t\t\t\t\t<\/div>\n\t\t\t\t<\/div>\n\t\t\t\t\t<\/div>\n\t\t<\/div>\n\t\t\t\t<div class=\"elementor-column elementor-col-50 elementor-inner-column elementor-element elementor-element-c065199\" data-id=\"c065199\" data-element_type=\"column\" data-e-type=\"column\">\n\t\t\t<div class=\"elementor-widget-wrap elementor-element-populated\">\n\t\t\t\t\t\t<div class=\"elementor-element elementor-element-c20649e elementor-widget elementor-widget-text-editor\" data-id=\"c20649e\" data-element_type=\"widget\" data-e-type=\"widget\" data-widget_type=\"text-editor.default\">\n\t\t\t\t<div class=\"elementor-widget-container\">\n\t\t\t\t\t\t\t\t\t<p><strong>Cl\u00ednica m\u00e9dica en la sede principal<\/strong><\/p><p>Tel\u00e9fono de recepci\u00f3n m\u00e9dica: (613) 737-4809<br \/>Cl\u00ednica m\u00e9dica Fax: (613) 739-3723<\/p><p><span style=\"font-size: 14.0pt; line-height: 107%; font-family: 'Calibri',sans-serif; mso-ascii-theme-font: minor-latin; mso-fareast-font-family: Calibri; mso-fareast-theme-font: minor-latin; mso-hansi-theme-font: minor-latin; mso-bidi-font-family: Arial; mso-bidi-theme-font: minor-bidi; mso-ansi-language: EN-CA; mso-fareast-language: EN-US; mso-bidi-language: AR-SA;\">Correo electr\u00f3nico: <a href=\"mailto:SEOadmin@seochc.on.ca\">SEOadmin@seochc.on.ca<\/a><\/span><\/p><p><b style=\"color: inherit; letter-spacing: 0px;\">Horario de la cl\u00ednica m\u00e9dica:\u00a0<\/b><\/p><p>Lunes: 8:30 a. m. \u2013 5:00 p. m.<br \/>Martes: 8:30 a. m. \u2013 8:00 p. m.<br \/>Mi\u00e9rcoles: 8:30 a. m. \u2013 8:00 p. m.<br \/>Jueves: 8:30 a. m. \u2013 5:00 p. m.<br \/>Viernes: 8:30 a. m. \u2013 5:00 p. m.<span style=\"letter-spacing: 0px; font-size: 10pt; line-height: 107%; color: black; background: white;\">\u00a0<\/span><\/p>\t\t\t\t\t\t\t\t<\/div>\n\t\t\t\t<\/div>\n\t\t\t\t\t<\/div>\n\t\t<\/div>\n\t\t\t\t\t<\/div>\n\t\t<\/section>\n\t\t\t\t\t<\/div>\n\t\t<\/div>\n\t\t\t\t<div class=\"elementor-column elementor-col-50 elementor-top-column elementor-element elementor-element-27bab6f\" data-id=\"27bab6f\" data-element_type=\"column\" data-e-type=\"column\">\n\t\t\t<div class=\"elementor-widget-wrap elementor-element-populated\">\n\t\t\t\t\t\t<section class=\"elementor-section elementor-inner-section elementor-element elementor-element-e4aebb6 elementor-section-boxed elementor-section-height-default elementor-section-height-default\" data-id=\"e4aebb6\" data-element_type=\"section\" data-e-type=\"section\">\n\t\t\t\t\t\t<div class=\"elementor-container elementor-column-gap-default\">\n\t\t\t\t\t<div class=\"elementor-column elementor-col-100 elementor-inner-column elementor-element elementor-element-464c21c\" data-id=\"464c21c\" data-element_type=\"column\" data-e-type=\"column\">\n\t\t\t<div class=\"elementor-widget-wrap elementor-element-populated\">\n\t\t\t\t\t\t<div class=\"elementor-element elementor-element-8f87928 elementor-widget elementor-widget-google_maps\" data-id=\"8f87928\" data-element_type=\"widget\" data-e-type=\"widget\" data-widget_type=\"google_maps.default\">\n\t\t\t\t<div class=\"elementor-widget-container\">\n\t\t\t\t\t\t\t<div class=\"elementor-custom-embed\">\n\t\t\t<iframe loading=\"lazy\"\n\t\t\t\t\tsrc=\"https:\/\/www.google.com\/maps\/embed\/v1\/place?key=AIzaSyC8ifYTIDDf-SPBNAr32GrEiHjgAis6K10&#038;q=South-East%20Ottawa%20Community%20Health%20Centre&#038;zoom=12\"\n\t\t\t\t\ttitle=\"Centro de Salud Comunitario del Sureste de Ottawa\"\n\t\t\t\t\taria-label=\"Centro de Salud Comunitario del Sureste de Ottawa\"\n\t\t\t><\/iframe>\n\t\t<\/div>\n\t\t\t\t\t\t<\/div>\n\t\t\t\t<\/div>\n\t\t\t\t\t<\/div>\n\t\t<\/div>\n\t\t\t\t\t<\/div>\n\t\t<\/section>\n\t\t\t\t\t<\/div>\n\t\t<\/div>\n\t\t\t\t\t<\/div>\n\t\t<\/section>\n\t\t\t\t<section class=\"elementor-section elementor-top-section elementor-element elementor-element-62cf3d4 elementor-section-boxed elementor-section-height-default elementor-section-height-default\" data-id=\"62cf3d4\" data-element_type=\"section\" data-e-type=\"section\">\n\t\t\t\t\t\t<div class=\"elementor-container elementor-column-gap-default\">\n\t\t\t\t\t<div class=\"elementor-column elementor-col-100 elementor-top-column elementor-element elementor-element-cb0e6dc\" data-id=\"cb0e6dc\" data-element_type=\"column\" data-e-type=\"column\">\n\t\t\t<div class=\"elementor-widget-wrap elementor-element-populated\">\n\t\t\t\t\t\t<div class=\"elementor-element elementor-element-c727d6d elementor-widget elementor-widget-heading\" data-id=\"c727d6d\" data-element_type=\"widget\" data-e-type=\"widget\" data-widget_type=\"heading.default\">\n\t\t\t\t<div class=\"elementor-widget-container\">\n\t\t\t\t\t<h2 class=\"elementor-heading-title elementor-size-default\">Club de caza \/ Sitio junto al r\u00edo<\/h2>\t\t\t\t<\/div>\n\t\t\t\t<\/div>\n\t\t\t\t\t<\/div>\n\t\t<\/div>\n\t\t\t\t\t<\/div>\n\t\t<\/section>\n\t\t\t\t<section class=\"elementor-section elementor-top-section elementor-element elementor-element-06d0e3a elementor-section-boxed elementor-section-height-default elementor-section-height-default\" data-id=\"06d0e3a\" data-element_type=\"section\" data-e-type=\"section\">\n\t\t\t\t\t\t<div class=\"elementor-container elementor-column-gap-default\">\n\t\t\t\t\t<div class=\"elementor-column elementor-col-50 elementor-top-column elementor-element elementor-element-e2ee4de\" data-id=\"e2ee4de\" data-element_type=\"column\" data-e-type=\"column\">\n\t\t\t<div class=\"elementor-widget-wrap elementor-element-populated\">\n\t\t\t\t\t\t<div class=\"elementor-element elementor-element-c415420 elementor-widget elementor-widget-text-editor\" data-id=\"c415420\" data-element_type=\"widget\" data-e-type=\"widget\" data-widget_type=\"text-editor.default\">\n\t\t\t\t<div class=\"elementor-widget-container\">\n\t\t\t\t\t\t\t\t\t<p>3320 Paul Anka Drive<br \/>Ottawa, Ontario<br \/>K1V 0J9<\/p><p><strong>Recepci\u00f3n del Hunt Club \/ Riverside Site:<\/strong> (613) 247-1600<\/p><p><strong>Horario:<\/strong><br \/>De lunes a viernes, de 8:30 a. m. a 4:30 p. m.<\/p>\t\t\t\t\t\t\t\t<\/div>\n\t\t\t\t<\/div>\n\t\t\t\t\t<\/div>\n\t\t<\/div>\n\t\t\t\t<div class=\"elementor-column elementor-col-50 elementor-top-column elementor-element elementor-element-b09a0e6\" data-id=\"b09a0e6\" data-element_type=\"column\" data-e-type=\"column\">\n\t\t\t<div class=\"elementor-widget-wrap elementor-element-populated\">\n\t\t\t\t\t\t<div class=\"elementor-element elementor-element-d3a8c36 elementor-widget elementor-widget-google_maps\" data-id=\"d3a8c36\" data-element_type=\"widget\" data-e-type=\"widget\" data-widget_type=\"google_maps.default\">\n\t\t\t\t<div class=\"elementor-widget-container\">\n\t\t\t\t\t\t\t<div class=\"elementor-custom-embed\">\n\t\t\t<iframe loading=\"lazy\"\n\t\t\t\t\tsrc=\"https:\/\/www.google.com\/maps\/embed\/v1\/place?key=AIzaSyC8ifYTIDDf-SPBNAr32GrEiHjgAis6K10&#038;q=3320%20Paul%20Anka%20Drive&#038;zoom=12\"\n\t\t\t\t\ttitle=\"3320 Paul Anka Drive\"\n\t\t\t\t\taria-label=\"3320 Paul Anka Drive\"\n\t\t\t><\/iframe>\n\t\t<\/div>\n\t\t\t\t\t\t<\/div>\n\t\t\t\t<\/div>\n\t\t\t\t\t<\/div>\n\t\t<\/div>\n\t\t\t\t\t<\/div>\n\t\t<\/section>\n\t\t\t\t<section class=\"elementor-section elementor-top-section elementor-element elementor-element-8f5a537 elementor-section-boxed elementor-section-height-default elementor-section-height-default\" data-id=\"8f5a537\" data-element_type=\"section\" data-e-type=\"section\">\n\t\t\t\t\t\t<div class=\"elementor-container elementor-column-gap-default\">\n\t\t\t\t\t<div class=\"elementor-column elementor-col-100 elementor-top-column elementor-element elementor-element-3fa19aa\" data-id=\"3fa19aa\" data-element_type=\"column\" data-e-type=\"column\">\n\t\t\t<div class=\"elementor-widget-wrap elementor-element-populated\">\n\t\t\t\t\t\t<div class=\"elementor-element elementor-element-599ebfd elementor-widget elementor-widget-heading\" data-id=\"599ebfd\" data-element_type=\"widget\" data-e-type=\"widget\" data-widget_type=\"heading.default\">\n\t\t\t\t<div class=\"elementor-widget-container\">\n\t\t\t\t\t<h2 class=\"elementor-heading-title elementor-size-default\">Centro infantil y familiar Heatherington Early ON<\/h2>\t\t\t\t<\/div>\n\t\t\t\t<\/div>\n\t\t\t\t\t<\/div>\n\t\t<\/div>\n\t\t\t\t\t<\/div>\n\t\t<\/section>\n\t\t\t\t<section class=\"elementor-section elementor-top-section elementor-element elementor-element-4728187 elementor-section-boxed elementor-section-height-default elementor-section-height-default\" data-id=\"4728187\" data-element_type=\"section\" data-e-type=\"section\">\n\t\t\t\t\t\t<div class=\"elementor-container elementor-column-gap-default\">\n\t\t\t\t\t<div class=\"elementor-column elementor-col-50 elementor-top-column elementor-element elementor-element-4e7c4a6\" data-id=\"4e7c4a6\" data-element_type=\"column\" data-e-type=\"column\">\n\t\t\t<div class=\"elementor-widget-wrap elementor-element-populated\">\n\t\t\t\t\t\t<div class=\"elementor-element elementor-element-8226e91 elementor-widget elementor-widget-text-editor\" data-id=\"8226e91\" data-element_type=\"widget\" data-e-type=\"widget\" data-widget_type=\"text-editor.default\">\n\t\t\t\t<div class=\"elementor-widget-container\">\n\t\t\t\t\t\t\t\t\t<p><b>22 \u2013 1485 Heatherington Road<\/b><br \/>Ottawa, Ontario<br \/>K1V 8Z4<\/p><p><strong>Tel\u00e9fono:<\/strong> (613) 737-7195, extensi\u00f3n 2003<br \/><strong>Correo electr\u00f3nico:<\/strong>\u00a0earlyonrece@seochc.on.ca<\/p><p><strong>Horario:<\/strong><br \/>Lunes, de 9:00 a. m. a 4:30 p. m.<br \/>Martes, de 9:00 a. m. a 4:30 p. m.<br \/>Mi\u00e9rcoles, de 9:00 a. m. a 6:00 p. m.<br \/>Jueves, de 9:00 a. m. a 4:30 p. m.<br \/>Viernes, de 9:00 a. m. a 2:30 p. m.<\/p><p><b>1495 Heatherington Road: el Centro Familiar Heatherington<\/b><\/p><p><b>\u00a0<\/b><\/p>\t\t\t\t\t\t\t\t<\/div>\n\t\t\t\t<\/div>\n\t\t\t\t\t<\/div>\n\t\t<\/div>\n\t\t\t\t<div class=\"elementor-column elementor-col-50 elementor-top-column elementor-element elementor-element-e7f55e5\" data-id=\"e7f55e5\" data-element_type=\"column\" data-e-type=\"column\">\n\t\t\t<div class=\"elementor-widget-wrap elementor-element-populated\">\n\t\t\t\t\t\t<div class=\"elementor-element elementor-element-3486aea elementor-widget elementor-widget-google_maps\" data-id=\"3486aea\" data-element_type=\"widget\" data-e-type=\"widget\" data-widget_type=\"google_maps.default\">\n\t\t\t\t<div class=\"elementor-widget-container\">\n\t\t\t\t\t\t\t<div class=\"elementor-custom-embed\">\n\t\t\t<iframe loading=\"lazy\"\n\t\t\t\t\tsrc=\"https:\/\/www.google.com\/maps\/embed\/v1\/place?key=AIzaSyC8ifYTIDDf-SPBNAr32GrEiHjgAis6K10&#038;q=EarlyON%20Community%20House-%20Unit%2022&#038;zoom=12\"\n\t\t\t\t\ttitle=\"Casa comunitaria EarlyON - Unidad 22\"\n\t\t\t\t\taria-label=\"Casa comunitaria EarlyON - Unidad 22\"\n\t\t\t><\/iframe>\n\t\t<\/div>\n\t\t\t\t\t\t<\/div>\n\t\t\t\t<\/div>\n\t\t\t\t\t<\/div>\n\t\t<\/div>\n\t\t\t\t\t<\/div>\n\t\t<\/section>\n\t\t\t\t<section class=\"elementor-section elementor-top-section elementor-element elementor-element-00004ec elementor-section-boxed elementor-section-height-default elementor-section-height-default\" data-id=\"00004ec\" data-element_type=\"section\" data-e-type=\"section\">\n\t\t\t\t\t\t<div class=\"elementor-container elementor-column-gap-default\">\n\t\t\t\t\t<div class=\"elementor-column elementor-col-100 elementor-top-column elementor-element elementor-element-b581418\" data-id=\"b581418\" data-element_type=\"column\" data-e-type=\"column\">\n\t\t\t<div class=\"elementor-widget-wrap\">\n\t\t\t\t\t\t\t<\/div>\n\t\t<\/div>\n\t\t\t\t\t<\/div>\n\t\t<\/section>\n\t\t\t\t<\/div>","protected":false},"excerpt":{"rendered":"<p>South-East Ottawa Community Health Centre (Main Site) Main Site 1355 Bank Street, Suite 600Ottawa, OntarioK1H 8K7 Phone: (613) 737-5115Fax: (613) 739-8199 Hours: Monday to Friday\u00a08:30AM \u2013 12:00 and\u00a01:00\u00a0 &#8211;\u00a0 4:30 PM Medical Clinic at Main Site Medical Reception Phone: (613) 737-4809Medical Clinic Fax: (613) 739-3723 Email: SEOadmin@seochc.on.ca Medical Clinic hours:\u00a0 Monday: 8:30am \u2013 5:00pmTuesday: 8:30am [&hellip;]<\/p>\n","protected":false},"author":1,"featured_media":6823,"parent":4609,"menu_order":0,"comment_status":"closed","ping_status":"closed","template":"elementor_header_footer","meta":{"_monsterinsights_skip_tracking":false,"_monsterinsights_sitenote_active":false,"_monsterinsights_sitenote_note":"","_monsterinsights_sitenote_category":0,"footnotes":"","_links_to":"","_links_to_target":""},"class_list":["post-6822","page","type-page","status-publish","has-post-thumbnail","hentry"],"aioseo_notices":[],"publishpress_future_workflow_manual_trigger":{"enabledWorkflows":[]},"rttpg_featured_image_url":{"full":["https:\/\/www.seochc.on.ca\/wp-content\/uploads\/2022\/09\/locations-and-hours_fimage.jpg",1200,630,false],"landscape":["https:\/\/www.seochc.on.ca\/wp-content\/uploads\/2022\/09\/locations-and-hours_fimage.jpg",1200,630,false],"portraits":["https:\/\/www.seochc.on.ca\/wp-content\/uploads\/2022\/09\/locations-and-hours_fimage.jpg",1200,630,false],"thumbnail":["https:\/\/www.seochc.on.ca\/wp-content\/uploads\/2022\/09\/locations-and-hours_fimage-150x150.jpg",150,150,true],"medium":["https:\/\/www.seochc.on.ca\/wp-content\/uploads\/2022\/09\/locations-and-hours_fimage-300x158.jpg",300,158,true],"large":["https:\/\/www.seochc.on.ca\/wp-content\/uploads\/2022\/09\/locations-and-hours_fimage-1024x538.jpg",1024,538,true],"1536x1536":["https:\/\/www.seochc.on.ca\/wp-content\/uploads\/2022\/09\/locations-and-hours_fimage.jpg",1200,630,false],"2048x2048":["https:\/\/www.seochc.on.ca\/wp-content\/uploads\/2022\/09\/locations-and-hours_fimage.jpg",1200,630,false],"trp-custom-language-flag":["https:\/\/www.seochc.on.ca\/wp-content\/uploads\/2022\/09\/locations-and-hours_fimage-18x9.jpg",18,9,true],"rt_custom":["https:\/\/www.seochc.on.ca\/wp-content\/uploads\/2022\/09\/locations-and-hours_fimage.jpg",1200,630,false]},"rttpg_author":{"display_name":"mastercontroller","author_link":"https:\/\/www.seochc.on.ca\/es\/author\/mastercontroller\/"},"rttpg_comment":0,"rttpg_category":null,"rttpg_excerpt":"South-East Ottawa Community Health Centre (Main Site) Main Site 1355 Bank Street, Suite 600Ottawa, OntarioK1H 8K7 Phone: (613) 737-5115Fax: (613) 739-8199 Hours: Monday to Friday\u00a08:30AM \u2013 12:00 and\u00a01:00\u00a0 &#8211;\u00a0 4:30 PM Medical Clinic at Main Site Medical Reception Phone: (613) 737-4809Medical Clinic Fax: (613) 739-3723 Email: SEOadmin@seochc.on.ca Medical Clinic hours:\u00a0 Monday: 8:30am \u2013 5:00pmTuesday: 8:30am&hellip;","_links":{"self":[{"href":"https:\/\/www.seochc.on.ca\/es\/wp-json\/wp\/v2\/pages\/6822","targetHints":{"allow":["GET"]}}],"collection":[{"href":"https:\/\/www.seochc.on.ca\/es\/wp-json\/wp\/v2\/pages"}],"about":[{"href":"https:\/\/www.seochc.on.ca\/es\/wp-json\/wp\/v2\/types\/page"}],"author":[{"embeddable":true,"href":"https:\/\/www.seochc.on.ca\/es\/wp-json\/wp\/v2\/users\/1"}],"replies":[{"embeddable":true,"href":"https:\/\/www.seochc.on.ca\/es\/wp-json\/wp\/v2\/comments?post=6822"}],"version-history":[{"count":58,"href":"https:\/\/www.seochc.on.ca\/es\/wp-json\/wp\/v2\/pages\/6822\/revisions"}],"predecessor-version":[{"id":9770,"href":"https:\/\/www.seochc.on.ca\/es\/wp-json\/wp\/v2\/pages\/6822\/revisions\/9770"}],"up":[{"embeddable":true,"href":"https:\/\/www.seochc.on.ca\/es\/wp-json\/wp\/v2\/pages\/4609"}],"wp:featuredmedia":[{"embeddable":true,"href":"https:\/\/www.seochc.on.ca\/es\/wp-json\/wp\/v2\/media\/6823"}],"wp:attachment":[{"href":"https:\/\/www.seochc.on.ca\/es\/wp-json\/wp\/v2\/media?parent=6822"}],"curies":[{"name":"wp","href":"https:\/\/api.w.org\/{rel}","templated":true}]}}