{"id":8916,"date":"2025-05-02T09:59:30","date_gmt":"2025-05-02T13:59:30","guid":{"rendered":"https:\/\/www.seochc.on.ca\/?page_id=8916"},"modified":"2026-03-31T11:51:38","modified_gmt":"2026-03-31T15:51:38","slug":"preventative-care-wellness-clinic","status":"publish","type":"page","link":"https:\/\/www.seochc.on.ca\/es\/preventative-care-wellness-clinic\/","title":{"rendered":"Cl\u00ednica de atenci\u00f3n preventiva y bienestar"},"content":{"rendered":"<div data-elementor-type=\"wp-page\" data-elementor-id=\"8916\" class=\"elementor elementor-8916\">\n\t\t\t\t\t\t<section class=\"elementor-section elementor-top-section elementor-element elementor-element-756d8fb2 elementor-section-boxed elementor-section-height-default elementor-section-height-default\" data-id=\"756d8fb2\" data-element_type=\"section\" data-e-type=\"section\">\n\t\t\t\t\t\t<div class=\"elementor-container elementor-column-gap-default\">\n\t\t\t\t\t<div class=\"elementor-column elementor-col-100 elementor-top-column elementor-element elementor-element-1fe1be00\" data-id=\"1fe1be00\" data-element_type=\"column\" data-e-type=\"column\">\n\t\t\t<div class=\"elementor-widget-wrap elementor-element-populated\">\n\t\t\t\t\t\t<div class=\"elementor-element elementor-element-6313d0b3 elementor-widget elementor-widget-text-editor\" data-id=\"6313d0b3\" data-element_type=\"widget\" data-e-type=\"widget\" data-widget_type=\"text-editor.default\">\n\t\t\t\t<div class=\"elementor-widget-container\">\n\t\t\t\t\t\t\t\t\t<h2 class=\"wp-block-heading has-white-color has-text-color has-background has-medium-font-size\" style=\"background-color: #10a1ea;\">Cl\u00ednica sin cita previa dirigida por enfermeras practicantes<\/h2>\n<p><!-- \/wp:heading --><!-- wp:paragraph --><\/p>\n<p>SEOCHC se complace en presentar nuestra nueva cl\u00ednica sin cita previa dirigida por enfermeras practicantes, una nueva iniciativa dedicada a proporcionar atenci\u00f3n accesible, culturalmente sensible y compasiva a las poblaciones prioritarias. Tanto si busca atenci\u00f3n para s\u00edntomas agudos, como si se trata de una enfermedad o lesi\u00f3n leve, o necesita apoyo con su salud en general, nuestro personal est\u00e1 aqu\u00ed para proporcionarle atenci\u00f3n especializada cuando m\u00e1s la necesita. \u00a1No es necesario hacer cita previa!<\/p>\n<p><!-- \/wp:paragraph --><!-- wp:heading {\"level\":3} --><\/p>\n<h3 class=\"wp-block-heading\">Servicios ofrecidos<\/h3>\n<p><!-- \/wp:heading --><!-- wp:paragraph --><\/p>\n<p>Diagn\u00f3stico y tratamiento de enfermedades y lesiones leves.<\/p>\n<p><!-- \/wp:paragraph --><!-- wp:list --><\/p>\n<ul class=\"wp-block-list\">\n<li style=\"list-style-type: none;\">\n<ul class=\"wp-block-list\"><!-- wp:list-item --><\/ul>\n<\/li>\n<\/ul>\n<ul class=\"wp-block-list\">\n<li style=\"list-style-type: none;\">\n<ul class=\"wp-block-list\">\n<li>Formularios, notas y renovaciones de recetas<\/li>\n<\/ul>\n<\/li>\n<\/ul>\n<p><!-- \/wp:list-item --><!-- wp:list-item --><\/p>\n<ul class=\"wp-block-list\">\n<li style=\"list-style-type: none;\">\n<ul class=\"wp-block-list\">\n<li>Servicios de salud sexual<\/li>\n<\/ul>\n<\/li>\n<\/ul>\n<p><!-- \/wp:list-item --><!-- wp:list-item --><\/p>\n<ul class=\"wp-block-list\">\n<li style=\"list-style-type: none;\">\n<ul class=\"wp-block-list\">\n<li>Vacunas e inmunizaciones<\/li>\n<\/ul>\n<\/li>\n<\/ul>\n<p><!-- \/wp:list-item --><!-- wp:list-item --><\/p>\n<ul class=\"wp-block-list\">\n<li style=\"list-style-type: none;\">\n<ul class=\"wp-block-list\">\n<li>Atenci\u00f3n preventiva y ex\u00e1menes de detecci\u00f3n<\/li>\n<\/ul>\n<\/li>\n<\/ul>\n<p><!-- \/wp:list-item --><!-- wp:list-item --><\/p>\n<ul class=\"wp-block-list\">\n<li style=\"list-style-type: none;\">\n<ul class=\"wp-block-list\">\n<li>Apoyo para la salud mental: derivaci\u00f3n a especialistas<\/li>\n<\/ul>\n<\/li>\n<\/ul>\n<p><!-- \/wp:list-item --><\/p>\n<p><!-- \/wp:list --><!-- wp:heading {\"level\":3} --><\/p>\n<h3 class=\"wp-block-heading\">Criterios de elegibilidad:<\/h3>\n<p><!-- \/wp:heading --><!-- wp:list --><\/p>\n<ul class=\"wp-block-list\">\n<li style=\"list-style-type: none;\">\n<ul class=\"wp-block-list\"><!-- wp:list-item --><\/ul>\n<\/li>\n<\/ul>\n<ul class=\"wp-block-list\">\n<li style=\"list-style-type: none;\">\n<ul class=\"wp-block-list\">\n<li>Vivir en la ciudad de Ottawa<\/li>\n<\/ul>\n<\/li>\n<\/ul>\n<p><!-- \/wp:list-item --><!-- wp:list-item --><\/p>\n<ul class=\"wp-block-list\">\n<li style=\"list-style-type: none;\">\n<ul class=\"wp-block-list\">\n<li>Necesita cuidados ocasionales<\/li>\n<\/ul>\n<\/li>\n<\/ul>\n<p><!-- \/wp:list-item --><!-- wp:list-item --><\/p>\n<ul class=\"wp-block-list\">\n<li style=\"list-style-type: none;\">\n<ul class=\"wp-block-list\">\n<li>No tener un proveedor de atenci\u00f3n primaria (enfermero o m\u00e9dico).<\/li>\n<\/ul>\n<\/li>\n<\/ul>\n<p><!-- \/wp:list-item --><!-- wp:list-item --><\/p>\n<ul class=\"wp-block-list\">\n<li style=\"list-style-type: none;\">\n<ul class=\"wp-block-list\">\n<li>Miembro de una poblaci\u00f3n prioritaria (africana, caribe\u00f1a, negra, de bajos ingresos, LGBTQ+, reci\u00e9n llegados, refugiados, etc.)<\/li>\n<\/ul>\n<\/li>\n<\/ul>\n<p><!-- \/wp:list-item --><!-- wp:list-item --><\/p>\n<ul class=\"wp-block-list\">\n<li style=\"list-style-type: none;\">\n<ul class=\"wp-block-list\">\n<li>Barreras para acceder a la atenci\u00f3n m\u00e9dica<\/li>\n<\/ul>\n<\/li>\n<\/ul>\n<p><!-- \/wp:list-item --><\/p>\n<p><!-- \/wp:list --><!-- wp:paragraph --><\/p>\n<p><strong>Horario de atenci\u00f3n y ubicaciones:<\/strong><\/p>\n<ul>\n<li>Calle Bank, 1355, 6<sup>th<\/sup> piso\n<ul>\n<li>Martes de 12:00 a 19:00, mi\u00e9rcoles y jueves de 9:00 a 16:00<\/li>\n<\/ul>\n<\/li>\n<li>1495 Heatherington Rd.\n<ul>\n<li>Jueves de 12:30 p. m. a 7:00 p. m. y viernes de 12:30 p. m. a 4:00 p. m.<\/li>\n<\/ul>\n<\/li>\n<li>Calle Donald, 255.\u00a0<strong>(solo para los residentes de los n\u00fameros 251 y 255 de la calle Donald)<\/strong>\u00a0\n<ul>\n<li>Los martes, de 9:30 a. m. a 3:30 p. m.<\/li>\n<\/ul>\n<\/li>\n<\/ul>\n<p><!-- \/wp:paragraph --><\/p>\t\t\t\t\t\t\t\t<\/div>\n\t\t\t\t<\/div>\n\t\t\t\t<div class=\"elementor-element elementor-element-bca06fb elementor-widget elementor-widget-image\" data-id=\"bca06fb\" data-element_type=\"widget\" data-e-type=\"widget\" data-widget_type=\"image.default\">\n\t\t\t\t<div class=\"elementor-widget-container\">\n\t\t\t\t\t\t\t\t\t\t\t\t\t\t\t<img fetchpriority=\"high\" decoding=\"async\" width=\"1024\" height=\"768\" src=\"https:\/\/www.seochc.on.ca\/wp-content\/uploads\/2026\/03\/preventative-care-image.jpg\" class=\"attachment-large size-large wp-image-10100\" alt=\"four medical professionals standing in medical examination room\" srcset=\"https:\/\/www.seochc.on.ca\/wp-content\/uploads\/2026\/03\/preventative-care-image.jpg 1024w, https:\/\/www.seochc.on.ca\/wp-content\/uploads\/2026\/03\/preventative-care-image-300x225.jpg 300w, https:\/\/www.seochc.on.ca\/wp-content\/uploads\/2026\/03\/preventative-care-image-768x576.jpg 768w, https:\/\/www.seochc.on.ca\/wp-content\/uploads\/2026\/03\/preventative-care-image-16x12.jpg 16w\" sizes=\"(max-width: 1024px) 100vw, 1024px\" \/>\t\t\t\t\t\t\t\t\t\t\t\t\t\t\t<\/div>\n\t\t\t\t<\/div>\n\t\t\t\t\t<\/div>\n\t\t<\/div>\n\t\t\t\t\t<\/div>\n\t\t<\/section>\n\t\t\t\t<\/div>","protected":false},"excerpt":{"rendered":"<p>Nurse Practitioner Led Walk-in Clinic SEOCHC is excited to introduce our new Nurse Practitioner-led Walk-In Clinic, a new initiative dedicated to providing accessible, culturally responsive and compassionate care for priority populations. Whether you&#8217;re seeking care for acute symptoms,\u00a0 or dealing with a minor illness or injury, or need support with your overall health, our staff [&hellip;]<\/p>\n","protected":false},"author":2,"featured_media":0,"parent":0,"menu_order":0,"comment_status":"closed","ping_status":"closed","template":"","meta":{"_monsterinsights_skip_tracking":false,"_monsterinsights_sitenote_active":false,"_monsterinsights_sitenote_note":"","_monsterinsights_sitenote_category":0,"footnotes":"","_links_to":"","_links_to_target":""},"class_list":["post-8916","page","type-page","status-publish","hentry"],"aioseo_notices":[],"publishpress_future_workflow_manual_trigger":{"enabledWorkflows":[]},"rttpg_featured_image_url":null,"rttpg_author":{"display_name":"Susan Murphy","author_link":"https:\/\/www.seochc.on.ca\/es\/author\/suzemuse\/"},"rttpg_comment":0,"rttpg_category":null,"rttpg_excerpt":"Nurse Practitioner Led Walk-in Clinic SEOCHC is excited to introduce our new Nurse Practitioner-led Walk-In Clinic, a new initiative dedicated to providing accessible, culturally responsive and compassionate care for priority populations. Whether you&#8217;re seeking care for acute symptoms,\u00a0 or dealing with a minor illness or injury, or need support with your overall health, our staff&hellip;","_links":{"self":[{"href":"https:\/\/www.seochc.on.ca\/es\/wp-json\/wp\/v2\/pages\/8916","targetHints":{"allow":["GET"]}}],"collection":[{"href":"https:\/\/www.seochc.on.ca\/es\/wp-json\/wp\/v2\/pages"}],"about":[{"href":"https:\/\/www.seochc.on.ca\/es\/wp-json\/wp\/v2\/types\/page"}],"author":[{"embeddable":true,"href":"https:\/\/www.seochc.on.ca\/es\/wp-json\/wp\/v2\/users\/2"}],"replies":[{"embeddable":true,"href":"https:\/\/www.seochc.on.ca\/es\/wp-json\/wp\/v2\/comments?post=8916"}],"version-history":[{"count":25,"href":"https:\/\/www.seochc.on.ca\/es\/wp-json\/wp\/v2\/pages\/8916\/revisions"}],"predecessor-version":[{"id":10103,"href":"https:\/\/www.seochc.on.ca\/es\/wp-json\/wp\/v2\/pages\/8916\/revisions\/10103"}],"wp:attachment":[{"href":"https:\/\/www.seochc.on.ca\/es\/wp-json\/wp\/v2\/media?parent=8916"}],"curies":[{"name":"wp","href":"https:\/\/api.w.org\/{rel}","templated":true}]}}