{"id":8924,"date":"2025-06-04T16:17:59","date_gmt":"2025-06-04T20:17:59","guid":{"rendered":"https:\/\/www.seochc.on.ca\/?page_id=8924"},"modified":"2025-09-10T11:14:31","modified_gmt":"2025-09-10T15:14:31","slug":"ways-to-give","status":"publish","type":"page","link":"https:\/\/www.seochc.on.ca\/es\/ways-to-give\/","title":{"rendered":"Formas de donar"},"content":{"rendered":"<div data-elementor-type=\"wp-page\" data-elementor-id=\"8924\" class=\"elementor elementor-8924\">\n\t\t\t\t\t\t<section class=\"elementor-section elementor-top-section elementor-element elementor-element-47a8bfa elementor-section-boxed elementor-section-height-default elementor-section-height-default\" data-id=\"47a8bfa\" data-element_type=\"section\" data-e-type=\"section\">\n\t\t\t\t\t\t<div class=\"elementor-container elementor-column-gap-default\">\n\t\t\t\t\t<div class=\"elementor-column elementor-col-100 elementor-top-column elementor-element elementor-element-0c63c05\" data-id=\"0c63c05\" data-element_type=\"column\" data-e-type=\"column\">\n\t\t\t<div class=\"elementor-widget-wrap elementor-element-populated\">\n\t\t\t\t\t\t<div class=\"elementor-element elementor-element-de1be83 elementor-widget elementor-widget-text-editor\" data-id=\"de1be83\" data-element_type=\"widget\" data-e-type=\"widget\" data-widget_type=\"text-editor.default\">\n\t\t\t\t<div class=\"elementor-widget-container\">\n\t\t\t\t\t\t\t\t\t<p class=\"cvGsUA direction-ltr align-start para-style-body\">SEOCHC no solo trata enfermedades, sino que aborda las causas fundamentales de las desigualdades en materia de salud. A diferencia de los sistemas tradicionales, que a menudo tratan los s\u00edntomas de forma aislada, entendemos que factores como la pobreza, la inseguridad alimentaria y la inestabilidad en la vivienda tienen un impacto significativo en los resultados de salud. Nuestro modelo integrado, que re\u00fane a m\u00e9dicos, enfermeros, trabajadores sociales, promotores de salud y otro personal comunitario aliado, aborda estos problemas subyacentes, promoviendo el bienestar a largo plazo y previniendo costosas crisis sanitarias.<\/p>\n<p class=\"cvGsUA direction-ltr align-start para-style-body\">A pesar de nuestro \u00e9xito, la financiaci\u00f3n restrictiva del gobierno dificulta nuestra capacidad para satisfacer plenamente las crecientes necesidades del sureste de Ottawa. \u00a1Tu donaci\u00f3n sin restricciones puede marcar la diferencia!<\/p>\n<p class=\"cvGsUA direction-ltr align-start para-style-body\">Las donaciones de $10 o m\u00e1s dan derecho a un recibo fiscal y se destinan a apoyar el bienestar de todos los miembros de la comunidad.<\/p>\n<p class=\"cvGsUA direction-ltr align-start para-style-body\">Donar a SEOCHC solo lleva unos minutos. Cada donaci\u00f3n, sin importar su cuant\u00eda, es importante y valiosa.<\/p>\n<p class=\"cvGsUA direction-ltr align-start para-style-body\"><button class=\"keela-simple-button\" style=\"background: #0686d7; border: 1px solid #0686d7; color: #fff; border-radius: 80px; font-family: inherit; font-size: 1rem; padding: 0.5rem 1rem; text-decoration: none; box-shadow: none;\"><a style=\"color: #fff;\" href=\"https:\/\/give-can.keela.co\/seochc-general-fund-donation-form\" target=\"_blank\" rel=\"nofollow noopener\">Donar ahora<\/a><\/button><\/p>\nTambi\u00e9n puede hacer su donaci\u00f3n por correo postal o llamarnos al (613) 737-5115.\n<p class=\"cvGsUA direction-ltr align-start para-style-body\"><a href=\"mailto: donations@seochc.on.ca\"><span class=\"OYPEnA font-feature-liga-off font-feature-clig-off font-feature-calt-off text-decoration-none text-strikethrough-none\">Con\u00e9ctese con nuestro equipo<\/span><\/a><\/p>\n<p class=\"cvGsUA direction-ltr align-start para-style-body\"><span class=\"OYPEnA font-feature-liga-off font-feature-clig-off font-feature-calt-off text-decoration-none text-strikethrough-none\">Direcci\u00f3n postal:\n<\/span><span class=\"OYPEnA font-feature-liga-off font-feature-clig-off font-feature-calt-off text-decoration-none text-strikethrough-none\">1355 Bank Street, Suite 600\n<\/span><span class=\"OYPEnA font-feature-liga-off font-feature-clig-off font-feature-calt-off text-decoration-none text-strikethrough-none\">Ottawa, Ontario,\u00a0<\/span><span class=\"OYPEnA font-feature-liga-off font-feature-clig-off font-feature-calt-off text-decoration-none text-strikethrough-none\">K1H 8K7<\/span><\/p>\t\t\t\t\t\t\t\t<\/div>\n\t\t\t\t<\/div>\n\t\t\t\t\t<\/div>\n\t\t<\/div>\n\t\t\t\t\t<\/div>\n\t\t<\/section>\n\t\t\t\t<section class=\"elementor-section elementor-top-section elementor-element elementor-element-d2ee067 elementor-section-boxed elementor-section-height-default elementor-section-height-default\" data-id=\"d2ee067\" data-element_type=\"section\" data-e-type=\"section\">\n\t\t\t\t\t\t<div class=\"elementor-container elementor-column-gap-default\">\n\t\t\t\t\t<div class=\"elementor-column elementor-col-66 elementor-top-column elementor-element elementor-element-076b504\" data-id=\"076b504\" data-element_type=\"column\" data-e-type=\"column\">\n\t\t\t<div class=\"elementor-widget-wrap elementor-element-populated\">\n\t\t\t\t\t\t<div class=\"elementor-element elementor-element-d67bc9f elementor-widget elementor-widget-text-editor\" data-id=\"d67bc9f\" data-element_type=\"widget\" data-e-type=\"widget\" data-widget_type=\"text-editor.default\">\n\t\t\t\t<div class=\"elementor-widget-container\">\n\t\t\t\t\t\t\t\t\t<p style=\"text-align: center;\"><strong><span class=\"OYPEnA font-feature-liga-off font-feature-clig-off font-feature-calt-off text-decoration-none text-strikethrough-none\">Haga clic en la imagen para ver nuestro caso de apoyo y conocer lo que su apoyo puede ayudar a lograr.<\/span> <\/strong><\/p>\t\t\t\t\t\t\t\t<\/div>\n\t\t\t\t<\/div>\n\t\t\t\t\t<\/div>\n\t\t<\/div>\n\t\t\t\t<div class=\"elementor-column elementor-col-33 elementor-top-column elementor-element elementor-element-8dc91c7\" data-id=\"8dc91c7\" data-element_type=\"column\" data-e-type=\"column\">\n\t\t\t<div class=\"elementor-widget-wrap elementor-element-populated\">\n\t\t\t\t\t\t<div class=\"elementor-element elementor-element-4f2401d elementor-widget__width-initial elementor-widget elementor-widget-image\" data-id=\"4f2401d\" data-element_type=\"widget\" data-e-type=\"widget\" data-widget_type=\"image.default\">\n\t\t\t\t<div class=\"elementor-widget-container\">\n\t\t\t\t\t\t\t\t\t\t\t\t\t\t\t\t<a href=\"https:\/\/www.seochc.on.ca\/wp-content\/uploads\/2025\/05\/SEOCHC-Case-For-Support-Final.pdf\">\n\t\t\t\t\t\t\t<img fetchpriority=\"high\" decoding=\"async\" width=\"1545\" height=\"2000\" src=\"https:\/\/www.seochc.on.ca\/wp-content\/uploads\/2025\/05\/SEOCHC-Case-for-Support-Short-Form-1.png\" class=\"attachment-full size-full wp-image-8926\" alt=\"\" srcset=\"https:\/\/www.seochc.on.ca\/wp-content\/uploads\/2025\/05\/SEOCHC-Case-for-Support-Short-Form-1.png 1545w, https:\/\/www.seochc.on.ca\/wp-content\/uploads\/2025\/05\/SEOCHC-Case-for-Support-Short-Form-1-232x300.png 232w, https:\/\/www.seochc.on.ca\/wp-content\/uploads\/2025\/05\/SEOCHC-Case-for-Support-Short-Form-1-791x1024.png 791w, https:\/\/www.seochc.on.ca\/wp-content\/uploads\/2025\/05\/SEOCHC-Case-for-Support-Short-Form-1-768x994.png 768w, https:\/\/www.seochc.on.ca\/wp-content\/uploads\/2025\/05\/SEOCHC-Case-for-Support-Short-Form-1-1187x1536.png 1187w, https:\/\/www.seochc.on.ca\/wp-content\/uploads\/2025\/05\/SEOCHC-Case-for-Support-Short-Form-1-9x12.png 9w\" sizes=\"(max-width: 1545px) 100vw, 1545px\" \/>\t\t\t\t\t\t\t\t<\/a>\n\t\t\t\t\t\t\t\t\t\t\t\t\t\t\t<\/div>\n\t\t\t\t<\/div>\n\t\t\t\t\t<\/div>\n\t\t<\/div>\n\t\t\t\t\t<\/div>\n\t\t<\/section>\n\t\t\t\t<section class=\"elementor-section elementor-top-section elementor-element elementor-element-3a0b4ea homepage-tile-nav elementor-section-boxed elementor-section-height-default elementor-section-height-default\" data-id=\"3a0b4ea\" data-element_type=\"section\" data-e-type=\"section\">\n\t\t\t\t\t\t<div class=\"elementor-container elementor-column-gap-narrow\">\n\t\t\t\t\t<div class=\"elementor-column elementor-col-50 elementor-top-column elementor-element elementor-element-228438c\" data-id=\"228438c\" data-element_type=\"column\" data-e-type=\"column\">\n\t\t\t<div class=\"elementor-widget-wrap elementor-element-populated\">\n\t\t\t\t\t\t<div class=\"elementor-element elementor-element-c5fd18c wtg-flipboxes elementor-widget elementor-widget-fancy-elementor-flipbox\" data-id=\"c5fd18c\" data-element_type=\"widget\" data-e-type=\"widget\" data-widget_type=\"fancy-elementor-flipbox.default\">\n\t\t\t\t<div class=\"elementor-widget-container\">\n\t\t\t\t\t<!-- Start Of Flipbox --><div id=\"flip-demo-0\" class=\"tp-flipbox side-left-style tp-flipbox--\"><div class=\"tp-flipbox__holder\"><div class=\"tp-flipbox__front\"><div class=\"tp-flipbox__content\"><div class=\"tp-flipbox__icon-front\"><\/div><h2 class=\"tp-flipbox__title-front\">Donaciones individuales<\/h2><div class=\"tp-flipbox__desc-back\"><\/div><\/div><\/div><div class=\"tp-flipbox__back\" ><div class=\"tp-flipbox__content\"><div class=\"tp-flipbox__icon-back\">                <\/div><h2 class=\"tp-flipbox__title-back\"><\/h2><div class=\"tp-flipbox__desc-back\">Las donaciones mensuales son muy importantes para la financiaci\u00f3n sostenible de las organizaciones ben\u00e9ficas. Los donantes mensuales pueden aportar cantidades m\u00e1s peque\u00f1as de forma regular sin afectar su presupuesto y establecer donaciones recurrentes que garantizan un apoyo constante sin tener que acordarse de donar cada mes. Este m\u00e9todo de donaci\u00f3n tambi\u00e9n permite a SEOCHC planificar el futuro. Tambi\u00e9n puede optar por hacer una donaci\u00f3n \u00fanica en homenaje a un ser querido.<\/div><div class=\"tp-flipbox__action\"><a   href=\"https:\/\/www.seochc.on.ca\/es\/ways-to-give\/individual-giving\/\" class=\"tp-flipbox__btn\">M\u00e1s informaci\u00f3n<\/a><\/div><\/div><\/div><\/div><\/div><!-- End Of Flipbox -->\t\t\t\t<\/div>\n\t\t\t\t<\/div>\n\t\t\t\t\t<\/div>\n\t\t<\/div>\n\t\t\t\t<div class=\"elementor-column elementor-col-50 elementor-top-column elementor-element elementor-element-6426edf\" data-id=\"6426edf\" data-element_type=\"column\" data-e-type=\"column\">\n\t\t\t<div class=\"elementor-widget-wrap elementor-element-populated\">\n\t\t\t\t\t\t<div class=\"elementor-element elementor-element-bf6ae74 wtg-flipboxes elementor-widget elementor-widget-fancy-elementor-flipbox\" data-id=\"bf6ae74\" data-element_type=\"widget\" data-e-type=\"widget\" data-widget_type=\"fancy-elementor-flipbox.default\">\n\t\t\t\t<div class=\"elementor-widget-container\">\n\t\t\t\t\t<!-- Start Of Flipbox --><div id=\"flip-demo-0\" class=\"tp-flipbox side-left-style tp-flipbox--\"><div class=\"tp-flipbox__holder\"><div class=\"tp-flipbox__front\"><div class=\"tp-flipbox__content\"><div class=\"tp-flipbox__icon-front\"><\/div><h2 class=\"tp-flipbox__title-front\">Donaciones testamentarias<\/h2><div class=\"tp-flipbox__desc-back\"><\/div><\/div><\/div><div class=\"tp-flipbox__back\" ><div class=\"tp-flipbox__content\"><div class=\"tp-flipbox__icon-back\">                <\/div><h2 class=\"tp-flipbox__title-back\"><\/h2><div class=\"tp-flipbox__desc-back\">Al dejar una donaci\u00f3n en su testamento, usted deja un legado como l\u00edder comunitario y defensor de la mejora sist\u00e9mica de los servicios de salud. Una donaci\u00f3n en su testamento puede proporcionarle importantes y \u00fatiles beneficios fiscales, y su donaci\u00f3n puede tener un impacto incre\u00edble en la salud y el bienestar de las personas en Ottawa.<\/div><div class=\"tp-flipbox__action\"><a   href=\"https:\/\/www.seochc.on.ca\/es\/ways-to-give\/legacy-giving\/\" class=\"tp-flipbox__btn\">M\u00e1s informaci\u00f3n<\/a><\/div><\/div><\/div><\/div><\/div><!-- End Of Flipbox -->\t\t\t\t<\/div>\n\t\t\t\t<\/div>\n\t\t\t\t\t<\/div>\n\t\t<\/div>\n\t\t\t\t\t<\/div>\n\t\t<\/section>\n\t\t\t\t<section class=\"elementor-section elementor-top-section elementor-element elementor-element-3740928 homepage-tile-nav elementor-section-boxed elementor-section-height-default elementor-section-height-default\" data-id=\"3740928\" data-element_type=\"section\" data-e-type=\"section\">\n\t\t\t\t\t\t<div class=\"elementor-container elementor-column-gap-narrow\">\n\t\t\t\t\t<div class=\"elementor-column elementor-col-50 elementor-top-column elementor-element elementor-element-0a634de\" data-id=\"0a634de\" data-element_type=\"column\" data-e-type=\"column\">\n\t\t\t<div class=\"elementor-widget-wrap elementor-element-populated\">\n\t\t\t\t\t\t<div class=\"elementor-element elementor-element-b5d22f1 wtg-flipboxes elementor-widget elementor-widget-fancy-elementor-flipbox\" data-id=\"b5d22f1\" data-element_type=\"widget\" data-e-type=\"widget\" data-widget_type=\"fancy-elementor-flipbox.default\">\n\t\t\t\t<div class=\"elementor-widget-container\">\n\t\t\t\t\t<!-- Start Of Flipbox --><div id=\"flip-demo-0\" class=\"tp-flipbox side-left-style tp-flipbox--\"><div class=\"tp-flipbox__holder\"><div class=\"tp-flipbox__front\"><div class=\"tp-flipbox__content\"><div class=\"tp-flipbox__icon-front\"><\/div><h2 class=\"tp-flipbox__title-front\">Donaci\u00f3n en valores<\/h2><div class=\"tp-flipbox__desc-back\"><\/div><\/div><\/div><div class=\"tp-flipbox__back\" ><div class=\"tp-flipbox__content\"><div class=\"tp-flipbox__icon-back\">                <\/div><h2 class=\"tp-flipbox__title-back\"><\/h2><div class=\"tp-flipbox__desc-back\">Su donaci\u00f3n de valores (acciones, bonos o fondos de inversi\u00f3n) puede ser una forma eficaz y asequible de ayudar a abordar los factores subyacentes que contribuyen a las desigualdades en materia de salud en Ottawa. Consulte con su asesor o corredor de bolsa sobre su intenci\u00f3n de donar valores, que pueden incluir acciones, fondos de inversi\u00f3n, fondos segregados, bonos, acciones transferibles y opciones sobre acciones para empleados. <\/div><div class=\"tp-flipbox__action\"><a   href=\"https:\/\/www.seochc.on.ca\/es\/ways-to-give\/giving-securities\/\" class=\"tp-flipbox__btn\">Cont\u00e1ctenos para obtener m\u00e1s informaci\u00f3n<\/a><\/div><\/div><\/div><\/div><\/div><!-- End Of Flipbox -->\t\t\t\t<\/div>\n\t\t\t\t<\/div>\n\t\t\t\t\t<\/div>\n\t\t<\/div>\n\t\t\t\t<div class=\"elementor-column elementor-col-50 elementor-top-column elementor-element elementor-element-46d6e3f\" data-id=\"46d6e3f\" data-element_type=\"column\" data-e-type=\"column\">\n\t\t\t<div class=\"elementor-widget-wrap elementor-element-populated\">\n\t\t\t\t\t\t<div class=\"elementor-element elementor-element-6068c52 wtg-flipboxes elementor-widget elementor-widget-fancy-elementor-flipbox\" data-id=\"6068c52\" data-element_type=\"widget\" data-e-type=\"widget\" data-widget_type=\"fancy-elementor-flipbox.default\">\n\t\t\t\t<div class=\"elementor-widget-container\">\n\t\t\t\t\t<!-- Start Of Flipbox --><div id=\"flip-demo-0\" class=\"tp-flipbox side-left-style tp-flipbox--\"><div class=\"tp-flipbox__holder\"><div class=\"tp-flipbox__front\"><div class=\"tp-flipbox__content\"><div class=\"tp-flipbox__icon-front\"><\/div><h2 class=\"tp-flipbox__title-front\">Organiza un evento para recaudar fondos<\/h2><div class=\"tp-flipbox__desc-back\"><\/div><\/div><\/div><div class=\"tp-flipbox__back\" ><div class=\"tp-flipbox__content\"><div class=\"tp-flipbox__icon-back\">                <\/div><h2 class=\"tp-flipbox__title-back\"><\/h2><div class=\"tp-flipbox__desc-back\">Organice su propio evento de recaudaci\u00f3n de fondos para ayudar a proporcionar salud y bienestar social accesibles a la comunidad. Ya sea que elija organizar un evento presencial, una recaudaci\u00f3n de fondos en l\u00ednea o donar parte de los ingresos de su evento o campa\u00f1a, sepa que est\u00e1 marcando una diferencia positiva.<\/div><div class=\"tp-flipbox__action\"><a   href=\"https:\/\/www.seochc.on.ca\/es\/ways-to-give\/host-a-fundraising-event\/\" class=\"tp-flipbox__btn\">Aprenda c\u00f3mo empezar<\/a><\/div><\/div><\/div><\/div><\/div><!-- End Of Flipbox -->\t\t\t\t<\/div>\n\t\t\t\t<\/div>\n\t\t\t\t\t<\/div>\n\t\t<\/div>\n\t\t\t\t\t<\/div>\n\t\t<\/section>\n\t\t\t\t<section class=\"elementor-section elementor-top-section elementor-element elementor-element-228eef8 homepage-tile-nav elementor-section-boxed elementor-section-height-default elementor-section-height-default\" data-id=\"228eef8\" data-element_type=\"section\" data-e-type=\"section\">\n\t\t\t\t\t\t<div class=\"elementor-container elementor-column-gap-narrow\">\n\t\t\t\t\t<div class=\"elementor-column elementor-col-50 elementor-top-column elementor-element elementor-element-708a33e\" data-id=\"708a33e\" data-element_type=\"column\" data-e-type=\"column\">\n\t\t\t<div class=\"elementor-widget-wrap elementor-element-populated\">\n\t\t\t\t\t\t<div class=\"elementor-element elementor-element-039e1ca wtg-flipboxes elementor-widget elementor-widget-fancy-elementor-flipbox\" data-id=\"039e1ca\" data-element_type=\"widget\" data-e-type=\"widget\" data-widget_type=\"fancy-elementor-flipbox.default\">\n\t\t\t\t<div class=\"elementor-widget-container\">\n\t\t\t\t\t<!-- Start Of Flipbox --><div id=\"flip-demo-0\" class=\"tp-flipbox side-left-style tp-flipbox--\"><div class=\"tp-flipbox__holder\"><div class=\"tp-flipbox__front\"><div class=\"tp-flipbox__content\"><div class=\"tp-flipbox__icon-front\"><\/div><h2 class=\"tp-flipbox__title-front\">Donaciones en el lugar de trabajo<\/h2><div class=\"tp-flipbox__desc-back\"><\/div><\/div><\/div><div class=\"tp-flipbox__back\" ><div class=\"tp-flipbox__content\"><div class=\"tp-flipbox__icon-back\">                <\/div><h2 class=\"tp-flipbox__title-back\"><\/h2><div class=\"tp-flipbox__desc-back\">Tu empresa, ya sea grande o peque\u00f1a, puede generar un impacto invirtiendo en una comunidad m\u00e1s fuerte y din\u00e1mica. Puedes participar mediante donaciones, alianzas, patrocinios o eventos para recaudar fondos.<\/div><div class=\"tp-flipbox__action\"><a   href=\"https:\/\/www.seochc.on.ca\/es\/ways-to-give\/workplace-giving\/\" class=\"tp-flipbox__btn\">M\u00e1s informaci\u00f3n<\/a><\/div><\/div><\/div><\/div><\/div><!-- End Of Flipbox -->\t\t\t\t<\/div>\n\t\t\t\t<\/div>\n\t\t\t\t\t<\/div>\n\t\t<\/div>\n\t\t\t\t<div class=\"elementor-column elementor-col-50 elementor-top-column elementor-element elementor-element-b4d3538\" data-id=\"b4d3538\" data-element_type=\"column\" data-e-type=\"column\">\n\t\t\t<div class=\"elementor-widget-wrap\">\n\t\t\t\t\t\t\t<\/div>\n\t\t<\/div>\n\t\t\t\t\t<\/div>\n\t\t<\/section>\n\t\t\t\t<\/div>","protected":false},"excerpt":{"rendered":"<p>SEOCHC doesn&#8217;t just treat illnesses; we address the root causes of health inequities. Unlike traditional systems that often treat symptoms in isolation, we understand that factors like poverty, food insecurity, and unstable housing significantly impact health outcomes. Our integrated model\u2014 bringing together physicians, nurses, social workers, health promoters and other allied community staff\u2014 tackles these [&hellip;]<\/p>\n","protected":false},"author":3,"featured_media":0,"parent":0,"menu_order":0,"comment_status":"closed","ping_status":"closed","template":"","meta":{"_monsterinsights_skip_tracking":false,"_monsterinsights_sitenote_active":false,"_monsterinsights_sitenote_note":"","_monsterinsights_sitenote_category":0,"footnotes":"","_links_to":"","_links_to_target":""},"class_list":["post-8924","page","type-page","status-publish","hentry"],"aioseo_notices":[],"publishpress_future_workflow_manual_trigger":{"enabledWorkflows":[]},"rttpg_featured_image_url":null,"rttpg_author":{"display_name":"Ganise Clermont","author_link":"https:\/\/www.seochc.on.ca\/es\/author\/ganise\/"},"rttpg_comment":0,"rttpg_category":null,"rttpg_excerpt":"SEOCHC doesn&#8217;t just treat illnesses; we address the root causes of health inequities. Unlike traditional systems that often treat symptoms in isolation, we understand that factors like poverty, food insecurity, and unstable housing significantly impact health outcomes. Our integrated model\u2014 bringing together physicians, nurses, social workers, health promoters and other allied community staff\u2014 tackles these&hellip;","_links":{"self":[{"href":"https:\/\/www.seochc.on.ca\/es\/wp-json\/wp\/v2\/pages\/8924","targetHints":{"allow":["GET"]}}],"collection":[{"href":"https:\/\/www.seochc.on.ca\/es\/wp-json\/wp\/v2\/pages"}],"about":[{"href":"https:\/\/www.seochc.on.ca\/es\/wp-json\/wp\/v2\/types\/page"}],"author":[{"embeddable":true,"href":"https:\/\/www.seochc.on.ca\/es\/wp-json\/wp\/v2\/users\/3"}],"replies":[{"embeddable":true,"href":"https:\/\/www.seochc.on.ca\/es\/wp-json\/wp\/v2\/comments?post=8924"}],"version-history":[{"count":60,"href":"https:\/\/www.seochc.on.ca\/es\/wp-json\/wp\/v2\/pages\/8924\/revisions"}],"predecessor-version":[{"id":9476,"href":"https:\/\/www.seochc.on.ca\/es\/wp-json\/wp\/v2\/pages\/8924\/revisions\/9476"}],"wp:attachment":[{"href":"https:\/\/www.seochc.on.ca\/es\/wp-json\/wp\/v2\/media?parent=8924"}],"curies":[{"name":"wp","href":"https:\/\/api.w.org\/{rel}","templated":true}]}}