{"id":9056,"date":"2025-06-04T15:08:22","date_gmt":"2025-06-04T19:08:22","guid":{"rendered":"https:\/\/www.seochc.on.ca\/?page_id=9046"},"modified":"2025-09-10T13:28:00","modified_gmt":"2025-09-10T17:28:00","slug":"individual-giving","status":"publish","type":"page","link":"https:\/\/www.seochc.on.ca\/es\/ways-to-give\/individual-giving\/","title":{"rendered":"Donaciones individuales"},"content":{"rendered":"<div data-elementor-type=\"wp-page\" data-elementor-id=\"9056\" class=\"elementor elementor-9056\">\n\t\t\t\t\t\t<section class=\"elementor-section elementor-top-section elementor-element elementor-element-507585c elementor-section-boxed elementor-section-height-default elementor-section-height-default\" data-id=\"507585c\" data-element_type=\"section\" data-e-type=\"section\">\n\t\t\t\t\t\t<div class=\"elementor-container elementor-column-gap-default\">\n\t\t\t\t\t<div class=\"elementor-column elementor-col-100 elementor-top-column elementor-element elementor-element-2796986\" data-id=\"2796986\" data-element_type=\"column\" data-e-type=\"column\">\n\t\t\t<div class=\"elementor-widget-wrap elementor-element-populated\">\n\t\t\t\t\t\t<div class=\"elementor-element elementor-element-00a1ad3 elementor-widget elementor-widget-spacer\" data-id=\"00a1ad3\" data-element_type=\"widget\" data-e-type=\"widget\" data-widget_type=\"spacer.default\">\n\t\t\t\t<div class=\"elementor-widget-container\">\n\t\t\t\t\t\t\t<div class=\"elementor-spacer\">\n\t\t\t<div class=\"elementor-spacer-inner\"><\/div>\n\t\t<\/div>\n\t\t\t\t\t\t<\/div>\n\t\t\t\t<\/div>\n\t\t\t\t<div class=\"elementor-element elementor-element-e7d3f72 elementor-widget elementor-widget-heading\" data-id=\"e7d3f72\" data-element_type=\"widget\" data-e-type=\"widget\" data-widget_type=\"heading.default\">\n\t\t\t\t<div class=\"elementor-widget-container\">\n\t\t\t\t\t<h2 class=\"elementor-heading-title elementor-size-default\">Regalo \u00fanico<\/h2>\t\t\t\t<\/div>\n\t\t\t\t<\/div>\n\t\t\t\t<div class=\"elementor-element elementor-element-6aae895 elementor-widget elementor-widget-text-editor\" data-id=\"6aae895\" data-element_type=\"widget\" data-e-type=\"widget\" data-widget_type=\"text-editor.default\">\n\t\t\t\t<div class=\"elementor-widget-container\">\n\t\t\t\t\t\t\t\t\t<p>Su generosidad ayudar\u00e1 a marcar una diferencia positiva al proporcionar servicios sociales y de salud comunitarios accesibles y trabajar en colaboraci\u00f3n para fomentar comunidades m\u00e1s saludables. Una donaci\u00f3n mensual le garantizar\u00e1 un impacto duradero.<\/p><p>Donar a SEOCHC solo lleva unos minutos. Cada donaci\u00f3n, sin importar su cuant\u00eda, es importante y valiosa.<\/p>\t\t\t\t\t\t\t\t<\/div>\n\t\t\t\t<\/div>\n\t\t\t\t<div class=\"elementor-element elementor-element-231e176 elementor-widget elementor-widget-ova_button\" data-id=\"231e176\" data-element_type=\"widget\" data-e-type=\"widget\" data-widget_type=\"ova_button.default\">\n\t\t\t\t<div class=\"elementor-widget-container\">\n\t\t\t\t\t\t\t<div class=\"ova-btn\">\n\t\t\t\t\t<a href=\"https:\/\/give-can.keela.co\/seochc-general-fund-donation-form\" class=\"btn\" target=\"_blank\">\n\t\t\t\t\t\t\t\t\t\t\t<i class=\"fas fa-heart\" ><\/i>\n\t\t\t\t\n\t\t\t\tDonar ahora\n\t\t\t\t\t\t\t<\/a>\n\t\t<\/div>\n\t\t\t\t\t\t<\/div>\n\t\t\t\t<\/div>\n\t\t\t\t\t<\/div>\n\t\t<\/div>\n\t\t\t\t\t<\/div>\n\t\t<\/section>\n\t\t\t\t<section class=\"elementor-section elementor-top-section elementor-element elementor-element-15ffae7 elementor-section-boxed elementor-section-height-default elementor-section-height-default\" data-id=\"15ffae7\" data-element_type=\"section\" data-e-type=\"section\">\n\t\t\t\t\t\t<div class=\"elementor-container elementor-column-gap-default\">\n\t\t\t\t\t<div class=\"elementor-column elementor-col-100 elementor-top-column elementor-element elementor-element-74ac63b\" data-id=\"74ac63b\" data-element_type=\"column\" data-e-type=\"column\">\n\t\t\t<div class=\"elementor-widget-wrap elementor-element-populated\">\n\t\t\t\t\t\t<div class=\"elementor-element elementor-element-f9737e8 elementor-widget elementor-widget-heading\" data-id=\"f9737e8\" data-element_type=\"widget\" data-e-type=\"widget\" data-widget_type=\"heading.default\">\n\t\t\t\t<div class=\"elementor-widget-container\">\n\t\t\t\t\t<h2 class=\"elementor-heading-title elementor-size-default\">Donaciones mensuales<\/h2>\t\t\t\t<\/div>\n\t\t\t\t<\/div>\n\t\t\t\t<div class=\"elementor-element elementor-element-f767512 elementor-widget elementor-widget-text-editor\" data-id=\"f767512\" data-element_type=\"widget\" data-e-type=\"widget\" data-widget_type=\"text-editor.default\">\n\t\t\t\t<div class=\"elementor-widget-container\">\n\t\t\t\t\t\t\t\t\t<p>Las donaciones mensuales son muy importantes para proporcionar una financiaci\u00f3n sostenible a las organizaciones ben\u00e9ficas. Los donantes mensuales pueden aportar cantidades m\u00e1s peque\u00f1as de forma regular sin afectar a su presupuesto y establecer donaciones peri\u00f3dicas que garantizan un apoyo constante sin tener que acordarse de donar cada mes. Este m\u00e9todo de donaci\u00f3n tambi\u00e9n reduce la administraci\u00f3n y permite a SEOCHC planificar el futuro.<\/p><p>\u00a1Los donantes mensuales marcan una diferencia duradera al invertir en una comunidad m\u00e1s fuerte y din\u00e1mica hoy y en el futuro!<\/p><p>Tu donaci\u00f3n peri\u00f3dica ayudar\u00e1 a:<\/p><ul><li>Ampliar los servicios: Reducir los tiempos de espera y aumentar el acceso a la atenci\u00f3n m\u00e9dica esencial para todos los residentes.<\/li><li>Atraer y retener a los mejores talentos: Garantizar una atenci\u00f3n de alta calidad de forma constante ofreciendo salarios y prestaciones competitivos a nuestros dedicados profesionales sanitarios.<\/li><li>Invertir en tecnolog\u00eda e instalaciones modernas: crear un entorno sanitario m\u00e1s acogedor, eficiente y eficaz.<\/li><li>Desarrollar programas innovadores: abordar los nuevos retos sanitarios y seguir adaptando nuestros servicios para satisfacer las necesidades cambiantes de nuestra comunidad.<\/li><\/ul><p><a href=\"https:\/\/give-can.keela.co\/seochc-general-fund-donation-form\" target=\"_blank\" rel=\"nofollow noopener\">\u00a1Empieza hoy mismo a hacer una donaci\u00f3n mensual!<\/a><\/p>\t\t\t\t\t\t\t\t<\/div>\n\t\t\t\t<\/div>\n\t\t\t\t\t<\/div>\n\t\t<\/div>\n\t\t\t\t\t<\/div>\n\t\t<\/section>\n\t\t\t\t<section class=\"elementor-section elementor-top-section elementor-element elementor-element-abd8d3f elementor-section-boxed elementor-section-height-default elementor-section-height-default\" data-id=\"abd8d3f\" data-element_type=\"section\" data-e-type=\"section\">\n\t\t\t\t\t\t<div class=\"elementor-container elementor-column-gap-default\">\n\t\t\t\t\t<div class=\"elementor-column elementor-col-100 elementor-top-column elementor-element elementor-element-2959b45\" data-id=\"2959b45\" data-element_type=\"column\" data-e-type=\"column\">\n\t\t\t<div class=\"elementor-widget-wrap elementor-element-populated\">\n\t\t\t\t\t\t<div class=\"elementor-element elementor-element-23da094 elementor-widget elementor-widget-heading\" data-id=\"23da094\" data-element_type=\"widget\" data-e-type=\"widget\" data-widget_type=\"heading.default\">\n\t\t\t\t<div class=\"elementor-widget-container\">\n\t\t\t\t\t<h2 class=\"elementor-heading-title elementor-size-default\">Regalos conmemorativos<\/h2>\t\t\t\t<\/div>\n\t\t\t\t<\/div>\n\t\t\t\t<div class=\"elementor-element elementor-element-f0a09ff elementor-widget elementor-widget-text-editor\" data-id=\"f0a09ff\" data-element_type=\"widget\" data-e-type=\"widget\" data-widget_type=\"text-editor.default\">\n\t\t\t\t<div class=\"elementor-widget-container\">\n\t\t\t\t\t\t\t\t\t<p>\u00a1Rinda homenaje a un ser querido o conmemore un d\u00eda especial y, al mismo tiempo, apoye los servicios sociales y de salud comunitarios de alta calidad!<\/p><p>Haz una donaci\u00f3n y promueve la transformaci\u00f3n sist\u00e9mica en memoria de un ser querido o rinde homenaje a un colega, amigo o familiar haciendo una donaci\u00f3n en su honor.<\/p><p><a href=\"https:\/\/give-can.keela.co\/seochc-general-fund-donation-form\" target=\"_blank\" rel=\"nofollow noopener\">Haz una donaci\u00f3n conmemorativa hoy mismo.<\/a>\u00a0 seleccionando \u00abMe gustar\u00eda dedicar este regalo\u00bb.<\/p>\t\t\t\t\t\t\t\t<\/div>\n\t\t\t\t<\/div>\n\t\t\t\t\t<\/div>\n\t\t<\/div>\n\t\t\t\t\t<\/div>\n\t\t<\/section>\n\t\t\t\t<\/div>","protected":false},"excerpt":{"rendered":"<p>Single Gift Your generosity will help make a positive difference in providing accessible community health and social services and working collaboratively to foster healthier communities. A monthly gift would ensure you have a lasting impact. Donating to SEOCHC takes minutes. Every single gift, no matter the size, is important and valued. Donate Now Monthly Gifts [&hellip;]<\/p>\n","protected":false},"author":1,"featured_media":0,"parent":8924,"menu_order":0,"comment_status":"closed","ping_status":"closed","template":"","meta":{"_monsterinsights_skip_tracking":false,"_monsterinsights_sitenote_active":false,"_monsterinsights_sitenote_note":"","_monsterinsights_sitenote_category":0,"footnotes":"","_links_to":"","_links_to_target":""},"class_list":["post-9056","page","type-page","status-publish","hentry"],"aioseo_notices":[],"publishpress_future_workflow_manual_trigger":{"enabledWorkflows":[]},"rttpg_featured_image_url":null,"rttpg_author":{"display_name":"mastercontroller","author_link":"https:\/\/www.seochc.on.ca\/es\/author\/mastercontroller\/"},"rttpg_comment":0,"rttpg_category":null,"rttpg_excerpt":"Single Gift Your generosity will help make a positive difference in providing accessible community health and social services and working collaboratively to foster healthier communities. A monthly gift would ensure you have a lasting impact. Donating to SEOCHC takes minutes. Every single gift, no matter the size, is important and valued. Donate Now Monthly Gifts&hellip;","_links":{"self":[{"href":"https:\/\/www.seochc.on.ca\/es\/wp-json\/wp\/v2\/pages\/9056","targetHints":{"allow":["GET"]}}],"collection":[{"href":"https:\/\/www.seochc.on.ca\/es\/wp-json\/wp\/v2\/pages"}],"about":[{"href":"https:\/\/www.seochc.on.ca\/es\/wp-json\/wp\/v2\/types\/page"}],"author":[{"embeddable":true,"href":"https:\/\/www.seochc.on.ca\/es\/wp-json\/wp\/v2\/users\/1"}],"replies":[{"embeddable":true,"href":"https:\/\/www.seochc.on.ca\/es\/wp-json\/wp\/v2\/comments?post=9056"}],"version-history":[{"count":26,"href":"https:\/\/www.seochc.on.ca\/es\/wp-json\/wp\/v2\/pages\/9056\/revisions"}],"predecessor-version":[{"id":9482,"href":"https:\/\/www.seochc.on.ca\/es\/wp-json\/wp\/v2\/pages\/9056\/revisions\/9482"}],"up":[{"embeddable":true,"href":"https:\/\/www.seochc.on.ca\/es\/wp-json\/wp\/v2\/pages\/8924"}],"wp:attachment":[{"href":"https:\/\/www.seochc.on.ca\/es\/wp-json\/wp\/v2\/media?parent=9056"}],"curies":[{"name":"wp","href":"https:\/\/api.w.org\/{rel}","templated":true}]}}