{"id":9057,"date":"2025-06-04T15:17:05","date_gmt":"2025-06-04T19:17:05","guid":{"rendered":"https:\/\/www.seochc.on.ca\/?page_id=9053"},"modified":"2025-09-05T09:52:23","modified_gmt":"2025-09-05T13:52:23","slug":"legacy-giving","status":"publish","type":"page","link":"https:\/\/www.seochc.on.ca\/es\/ways-to-give\/legacy-giving\/","title":{"rendered":"Donaciones testamentarias"},"content":{"rendered":"<div data-elementor-type=\"wp-page\" data-elementor-id=\"9057\" class=\"elementor elementor-9057\">\n\t\t\t\t\t\t<section class=\"elementor-section elementor-top-section elementor-element elementor-element-311d115 elementor-section-boxed elementor-section-height-default elementor-section-height-default\" data-id=\"311d115\" data-element_type=\"section\" data-e-type=\"section\">\n\t\t\t\t\t\t<div class=\"elementor-container elementor-column-gap-default\">\n\t\t\t\t\t<div class=\"elementor-column elementor-col-100 elementor-top-column elementor-element elementor-element-08745f0\" data-id=\"08745f0\" data-element_type=\"column\" data-e-type=\"column\">\n\t\t\t<div class=\"elementor-widget-wrap elementor-element-populated\">\n\t\t\t\t\t\t<div class=\"elementor-element elementor-element-d9cfd7c elementor-widget elementor-widget-text-editor\" data-id=\"d9cfd7c\" data-element_type=\"widget\" data-e-type=\"widget\" data-widget_type=\"text-editor.default\">\n\t\t\t\t<div class=\"elementor-widget-container\">\n\t\t\t\t\t\t\t\t\t<p>Al dejar una donaci\u00f3n en su testamento, usted deja un legado como l\u00edder comunitario y defensor de la mejora sist\u00e9mica de los servicios de salud. Una donaci\u00f3n en su testamento puede proporcionarle importantes y \u00fatiles beneficios fiscales, y su donaci\u00f3n puede tener un impacto incre\u00edble en la salud y el bienestar de las personas en Ottawa. Su donaci\u00f3n marcar\u00e1 una gran diferencia para las generaciones venideras.<\/p><p>Al apoyar a SEOCHC, est\u00e1s invirtiendo en un futuro m\u00e1s prometedor para el sureste de Ottawa.<\/p><p>Tu apoyo heredado:<\/p><ul><li><strong>Aumentar el acceso a la atenci\u00f3n m\u00e9dica<\/strong> \u2013 Ampliar los servicios existentes para satisfacer la creciente demanda, aumentar el n\u00famero de personas atendidas y reducir los tiempos de espera para recibir apoyo crucial.<\/li><li><strong>Apoye a nuestro personal esencial<\/strong> \u2013 Atraer y retener a los profesionales sanitarios altamente cualificados que son esenciales para nuestra misi\u00f3n, ofreciendo salarios competitivos que reflejen los est\u00e1ndares provinciales. Invertir en nuestro personal es invertir en la calidad de la atenci\u00f3n que prestamos.<\/li><li><strong>Invertir en el futuro de nuestra comunidad<\/strong> \u2013 Mejorar nuestras instalaciones y tecnolog\u00eda para optimizar la prestaci\u00f3n de servicios y crear un entorno acogedor y solidario. Esto tambi\u00e9n nos permite desarrollar de manera proactiva programas innovadores que aborden las necesidades emergentes de la comunidad.<\/li><\/ul><p>Nos encantar\u00eda conversar sobre las \u00e1reas de nuestro trabajo que m\u00e1s le interesen, para asegurarnos de que su donaci\u00f3n tenga el mayor impacto posible y est\u00e9 en consonancia con sus valores.<\/p><p>Hay varias opciones de donaciones que pueden estar disponibles para usted durante la planificaci\u00f3n de su sucesi\u00f3n. Tenga en cuenta que le recomendamos y esperamos que consulte a un asesor profesional para determinar la mejor opci\u00f3n para usted.<\/p><p><strong><a href=\"mailto:donations@seochc.on.ca\">Para obtener m\u00e1s informaci\u00f3n, p\u00f3ngase en contacto con donations@seochc.on.ca.<\/a><\/strong><\/p>\t\t\t\t\t\t\t\t<\/div>\n\t\t\t\t<\/div>\n\t\t\t\t\t<\/div>\n\t\t<\/div>\n\t\t\t\t\t<\/div>\n\t\t<\/section>\n\t\t\t\t<\/div>","protected":false},"excerpt":{"rendered":"<p>By leaving a gift in your Will, you are leaving a legacy as a community leader and advocate of systemic improvement in health services. A gift in your Will can provide you with important and helpful tax benefits, and your donation can go further to have an incredible impact on the health and well-being of [&hellip;]<\/p>\n","protected":false},"author":1,"featured_media":0,"parent":8924,"menu_order":0,"comment_status":"closed","ping_status":"closed","template":"","meta":{"_monsterinsights_skip_tracking":false,"_monsterinsights_sitenote_active":false,"_monsterinsights_sitenote_note":"","_monsterinsights_sitenote_category":0,"footnotes":"","_links_to":"","_links_to_target":""},"class_list":["post-9057","page","type-page","status-publish","hentry"],"aioseo_notices":[],"publishpress_future_workflow_manual_trigger":{"enabledWorkflows":[]},"rttpg_featured_image_url":null,"rttpg_author":{"display_name":"mastercontroller","author_link":"https:\/\/www.seochc.on.ca\/es\/author\/mastercontroller\/"},"rttpg_comment":0,"rttpg_category":null,"rttpg_excerpt":"By leaving a gift in your Will, you are leaving a legacy as a community leader and advocate of systemic improvement in health services. A gift in your Will can provide you with important and helpful tax benefits, and your donation can go further to have an incredible impact on the health and well-being of&hellip;","_links":{"self":[{"href":"https:\/\/www.seochc.on.ca\/es\/wp-json\/wp\/v2\/pages\/9057","targetHints":{"allow":["GET"]}}],"collection":[{"href":"https:\/\/www.seochc.on.ca\/es\/wp-json\/wp\/v2\/pages"}],"about":[{"href":"https:\/\/www.seochc.on.ca\/es\/wp-json\/wp\/v2\/types\/page"}],"author":[{"embeddable":true,"href":"https:\/\/www.seochc.on.ca\/es\/wp-json\/wp\/v2\/users\/1"}],"replies":[{"embeddable":true,"href":"https:\/\/www.seochc.on.ca\/es\/wp-json\/wp\/v2\/comments?post=9057"}],"version-history":[{"count":10,"href":"https:\/\/www.seochc.on.ca\/es\/wp-json\/wp\/v2\/pages\/9057\/revisions"}],"predecessor-version":[{"id":9390,"href":"https:\/\/www.seochc.on.ca\/es\/wp-json\/wp\/v2\/pages\/9057\/revisions\/9390"}],"up":[{"embeddable":true,"href":"https:\/\/www.seochc.on.ca\/es\/wp-json\/wp\/v2\/pages\/8924"}],"wp:attachment":[{"href":"https:\/\/www.seochc.on.ca\/es\/wp-json\/wp\/v2\/media?parent=9057"}],"curies":[{"name":"wp","href":"https:\/\/api.w.org\/{rel}","templated":true}]}}