{"id":9059,"date":"2025-06-04T15:22:02","date_gmt":"2025-06-04T19:22:02","guid":{"rendered":"https:\/\/www.seochc.on.ca\/?page_id=9059"},"modified":"2025-09-05T09:52:56","modified_gmt":"2025-09-05T13:52:56","slug":"giving-securities","status":"publish","type":"page","link":"https:\/\/www.seochc.on.ca\/es\/ways-to-give\/giving-securities\/","title":{"rendered":"Donaci\u00f3n de valores"},"content":{"rendered":"<div data-elementor-type=\"wp-page\" data-elementor-id=\"9059\" class=\"elementor elementor-9059\">\n\t\t\t\t\t\t<section class=\"elementor-section elementor-top-section elementor-element elementor-element-46e623d elementor-section-boxed elementor-section-height-default elementor-section-height-default\" data-id=\"46e623d\" data-element_type=\"section\" data-e-type=\"section\">\n\t\t\t\t\t\t<div class=\"elementor-container elementor-column-gap-default\">\n\t\t\t\t\t<div class=\"elementor-column elementor-col-100 elementor-top-column elementor-element elementor-element-4b1bc0d\" data-id=\"4b1bc0d\" data-element_type=\"column\" data-e-type=\"column\">\n\t\t\t<div class=\"elementor-widget-wrap elementor-element-populated\">\n\t\t\t\t\t\t<div class=\"elementor-element elementor-element-e12e161 elementor-widget elementor-widget-spacer\" data-id=\"e12e161\" data-element_type=\"widget\" data-e-type=\"widget\" data-widget_type=\"spacer.default\">\n\t\t\t\t<div class=\"elementor-widget-container\">\n\t\t\t\t\t\t\t<div class=\"elementor-spacer\">\n\t\t\t<div class=\"elementor-spacer-inner\"><\/div>\n\t\t<\/div>\n\t\t\t\t\t\t<\/div>\n\t\t\t\t<\/div>\n\t\t\t\t<div class=\"elementor-element elementor-element-64df24f elementor-widget elementor-widget-heading\" data-id=\"64df24f\" data-element_type=\"widget\" data-e-type=\"widget\" data-widget_type=\"heading.default\">\n\t\t\t\t<div class=\"elementor-widget-container\">\n\t\t\t\t\t<h2 class=\"elementor-heading-title elementor-size-default\">Donaci\u00f3n en valores<\/h2>\t\t\t\t<\/div>\n\t\t\t\t<\/div>\n\t\t\t\t<div class=\"elementor-element elementor-element-6fc120c elementor-widget elementor-widget-text-editor\" data-id=\"6fc120c\" data-element_type=\"widget\" data-e-type=\"widget\" data-widget_type=\"text-editor.default\">\n\t\t\t\t<div class=\"elementor-widget-container\">\n\t\t\t\t\t\t\t\t\t<p>Su donaci\u00f3n de valores (acciones, bonos o fondos de inversi\u00f3n) puede ser una forma eficaz y asequible de ayudar a abordar los factores subyacentes que contribuyen a las desigualdades en materia de salud en Ottawa.<\/p><p>Consulte con su asesor o corredor de bolsa sobre su intenci\u00f3n de donar valores, que pueden incluir acciones, fondos mutuos, fondos segregados, bonos, acciones transferibles y opciones sobre acciones para empleados.<\/p><p><a href=\"mailto:donations@seochc.on.ca\">Para obtener m\u00e1s informaci\u00f3n, p\u00f3ngase en contacto con donations@seochc.on.ca. <\/a><\/p>\t\t\t\t\t\t\t\t<\/div>\n\t\t\t\t<\/div>\n\t\t\t\t\t<\/div>\n\t\t<\/div>\n\t\t\t\t\t<\/div>\n\t\t<\/section>\n\t\t\t\t<\/div>","protected":false},"excerpt":{"rendered":"<p>Gift in Securities Your donation of securities \u2013 shares, bonds or mutual funds \u2013 can be an effective and affordable way to help address the underlying factors that contribute to health disparities in Ottawa. Consult with your advisor or broker about your intentions to donate Gifts of Securities which can include stocks, mutual funds, segregated [&hellip;]<\/p>\n","protected":false},"author":1,"featured_media":0,"parent":8924,"menu_order":0,"comment_status":"closed","ping_status":"closed","template":"","meta":{"_monsterinsights_skip_tracking":false,"_monsterinsights_sitenote_active":false,"_monsterinsights_sitenote_note":"","_monsterinsights_sitenote_category":0,"footnotes":"","_links_to":"","_links_to_target":""},"class_list":["post-9059","page","type-page","status-publish","hentry"],"aioseo_notices":[],"publishpress_future_workflow_manual_trigger":{"enabledWorkflows":[]},"rttpg_featured_image_url":null,"rttpg_author":{"display_name":"mastercontroller","author_link":"https:\/\/www.seochc.on.ca\/es\/author\/mastercontroller\/"},"rttpg_comment":0,"rttpg_category":null,"rttpg_excerpt":"Gift in Securities Your donation of securities \u2013 shares, bonds or mutual funds \u2013 can be an effective and affordable way to help address the underlying factors that contribute to health disparities in Ottawa. Consult with your advisor or broker about your intentions to donate Gifts of Securities which can include stocks, mutual funds, segregated&hellip;","_links":{"self":[{"href":"https:\/\/www.seochc.on.ca\/es\/wp-json\/wp\/v2\/pages\/9059","targetHints":{"allow":["GET"]}}],"collection":[{"href":"https:\/\/www.seochc.on.ca\/es\/wp-json\/wp\/v2\/pages"}],"about":[{"href":"https:\/\/www.seochc.on.ca\/es\/wp-json\/wp\/v2\/types\/page"}],"author":[{"embeddable":true,"href":"https:\/\/www.seochc.on.ca\/es\/wp-json\/wp\/v2\/users\/1"}],"replies":[{"embeddable":true,"href":"https:\/\/www.seochc.on.ca\/es\/wp-json\/wp\/v2\/comments?post=9059"}],"version-history":[{"count":10,"href":"https:\/\/www.seochc.on.ca\/es\/wp-json\/wp\/v2\/pages\/9059\/revisions"}],"predecessor-version":[{"id":9393,"href":"https:\/\/www.seochc.on.ca\/es\/wp-json\/wp\/v2\/pages\/9059\/revisions\/9393"}],"up":[{"embeddable":true,"href":"https:\/\/www.seochc.on.ca\/es\/wp-json\/wp\/v2\/pages\/8924"}],"wp:attachment":[{"href":"https:\/\/www.seochc.on.ca\/es\/wp-json\/wp\/v2\/media?parent=9059"}],"curies":[{"name":"wp","href":"https:\/\/api.w.org\/{rel}","templated":true}]}}