{"id":9065,"date":"2025-06-04T15:24:11","date_gmt":"2025-06-04T19:24:11","guid":{"rendered":"https:\/\/www.seochc.on.ca\/?page_id=9065"},"modified":"2025-09-05T09:53:38","modified_gmt":"2025-09-05T13:53:38","slug":"host-a-fundraising-event","status":"publish","type":"page","link":"https:\/\/www.seochc.on.ca\/es\/ways-to-give\/host-a-fundraising-event\/","title":{"rendered":"Organiza un evento para recaudar fondos"},"content":{"rendered":"<div data-elementor-type=\"wp-page\" data-elementor-id=\"9065\" class=\"elementor elementor-9065\">\n\t\t\t\t\t\t<section class=\"elementor-section elementor-top-section elementor-element elementor-element-5f2cf3e elementor-section-boxed elementor-section-height-default elementor-section-height-default\" data-id=\"5f2cf3e\" data-element_type=\"section\" data-e-type=\"section\">\n\t\t\t\t\t\t<div class=\"elementor-container elementor-column-gap-default\">\n\t\t\t\t\t<div class=\"elementor-column elementor-col-100 elementor-top-column elementor-element elementor-element-db64812\" data-id=\"db64812\" data-element_type=\"column\" data-e-type=\"column\">\n\t\t\t<div class=\"elementor-widget-wrap elementor-element-populated\">\n\t\t\t\t\t\t<div class=\"elementor-element elementor-element-7bf6e5f elementor-widget elementor-widget-text-editor\" data-id=\"7bf6e5f\" data-element_type=\"widget\" data-e-type=\"widget\" data-widget_type=\"text-editor.default\">\n\t\t\t\t<div class=\"elementor-widget-container\">\n\t\t\t\t\t\t\t\t\t<p>Juntos podemos recaudar fondos para fomentar comunidades m\u00e1s saludables.<\/p><p>Organice su propio evento de recaudaci\u00f3n de fondos para ayudar a proporcionar salud y bienestar social accesibles a la comunidad.<\/p><p>Agradecemos a todas las personas, organizaciones y empresas locales que deciden ayudar a eliminar las barreras que impiden el bienestar, apoyar los servicios accesibles y receptivos, y la atenci\u00f3n comunitaria en Ottawa.<\/p><p>Ya sea que elijas organizar un evento presencial, una recaudaci\u00f3n de fondos en l\u00ednea o donar parte de los ingresos de tu evento o campa\u00f1a, ten en cuenta que est\u00e1s marcando una diferencia positiva.<\/p><p><strong>Aqu\u00ed tienes algunas ideas para empezar:\u00a0<\/strong><\/p><ul><li><strong>Cumplea\u00f1os<\/strong> \u2013 Pide a tus amigos, familiares o compa\u00f1eros de trabajo que hagan una donaci\u00f3n a la organizaci\u00f3n ben\u00e9fica que elijas, en lugar de hacerte regalos.<\/li><li><strong>Boda<\/strong> \u2013 Elige apoyar una causa ben\u00e9fica que te interese en lugar de ofrecer obsequios a los invitados.<\/li><li><strong>Hitos<\/strong> \u2013 Celebre su aniversario, sus a\u00f1os de servicio u otros momentos memorables con una donaci\u00f3n a SEOCHC.<\/li><li><strong>Eventos<\/strong> \u2013 Puedes organizar una caminata, una excursi\u00f3n, una salida en bicicleta, un bioblitz, un desaf\u00edo, un espect\u00e1culo musical o un concurso de talentos para recaudar fondos destinados a mejorar los resultados en materia de salud.<\/li><li><strong>Ventas y subastas<\/strong> \u2013 Involucre a sus oficinas o escuelas organizando una venta de pasteles, una subasta, exposiciones o instalaciones art\u00edsticas, y destine los ingresos a apoyar una causa que una a las personas para invertir en una comunidad saludable y resiliente.<\/li><\/ul><p><strong><a href=\"mailto:donations@seochc.on.ca\">Para obtener m\u00e1s informaci\u00f3n sobre c\u00f3mo su organizaci\u00f3n puede participar y marcar la diferencia, p\u00f3ngase en contacto con nosotros y facil\u00edtenos los detalles de su campa\u00f1a o evento de recaudaci\u00f3n de fondos.<\/a><\/strong><\/p>\t\t\t\t\t\t\t\t<\/div>\n\t\t\t\t<\/div>\n\t\t\t\t\t<\/div>\n\t\t<\/div>\n\t\t\t\t\t<\/div>\n\t\t<\/section>\n\t\t\t\t<\/div>","protected":false},"excerpt":{"rendered":"<p>Together we can raise funds to foster healthier communities. Host your own fundraising event to help provide accessible community health and social wellbeing. We are grateful for every individual, organization, and local business that chooses to help tackle barriers to well-being, support accessible, responsive services, and community-based care for Ottawa. Whether you choose to host [&hellip;]<\/p>\n","protected":false},"author":1,"featured_media":0,"parent":8924,"menu_order":0,"comment_status":"closed","ping_status":"closed","template":"","meta":{"_monsterinsights_skip_tracking":false,"_monsterinsights_sitenote_active":false,"_monsterinsights_sitenote_note":"","_monsterinsights_sitenote_category":0,"footnotes":"","_links_to":"","_links_to_target":""},"class_list":["post-9065","page","type-page","status-publish","hentry"],"aioseo_notices":[],"publishpress_future_workflow_manual_trigger":{"enabledWorkflows":[]},"rttpg_featured_image_url":null,"rttpg_author":{"display_name":"mastercontroller","author_link":"https:\/\/www.seochc.on.ca\/es\/author\/mastercontroller\/"},"rttpg_comment":0,"rttpg_category":null,"rttpg_excerpt":"Together we can raise funds to foster healthier communities. Host your own fundraising event to help provide accessible community health and social wellbeing. We are grateful for every individual, organization, and local business that chooses to help tackle barriers to well-being, support accessible, responsive services, and community-based care for Ottawa. Whether you choose to host&hellip;","_links":{"self":[{"href":"https:\/\/www.seochc.on.ca\/es\/wp-json\/wp\/v2\/pages\/9065","targetHints":{"allow":["GET"]}}],"collection":[{"href":"https:\/\/www.seochc.on.ca\/es\/wp-json\/wp\/v2\/pages"}],"about":[{"href":"https:\/\/www.seochc.on.ca\/es\/wp-json\/wp\/v2\/types\/page"}],"author":[{"embeddable":true,"href":"https:\/\/www.seochc.on.ca\/es\/wp-json\/wp\/v2\/users\/1"}],"replies":[{"embeddable":true,"href":"https:\/\/www.seochc.on.ca\/es\/wp-json\/wp\/v2\/comments?post=9065"}],"version-history":[{"count":7,"href":"https:\/\/www.seochc.on.ca\/es\/wp-json\/wp\/v2\/pages\/9065\/revisions"}],"predecessor-version":[{"id":9396,"href":"https:\/\/www.seochc.on.ca\/es\/wp-json\/wp\/v2\/pages\/9065\/revisions\/9396"}],"up":[{"embeddable":true,"href":"https:\/\/www.seochc.on.ca\/es\/wp-json\/wp\/v2\/pages\/8924"}],"wp:attachment":[{"href":"https:\/\/www.seochc.on.ca\/es\/wp-json\/wp\/v2\/media?parent=9065"}],"curies":[{"name":"wp","href":"https:\/\/api.w.org\/{rel}","templated":true}]}}