{"id":9071,"date":"2025-06-04T15:28:05","date_gmt":"2025-06-04T19:28:05","guid":{"rendered":"https:\/\/www.seochc.on.ca\/?page_id=9071"},"modified":"2025-09-05T09:54:28","modified_gmt":"2025-09-05T13:54:28","slug":"workplace-giving","status":"publish","type":"page","link":"https:\/\/www.seochc.on.ca\/es\/ways-to-give\/workplace-giving\/","title":{"rendered":"Donaciones en el lugar de trabajo"},"content":{"rendered":"<div data-elementor-type=\"wp-page\" data-elementor-id=\"9071\" class=\"elementor elementor-9071\">\n\t\t\t\t\t\t<section class=\"elementor-section elementor-top-section elementor-element elementor-element-3e0ae53 elementor-section-boxed elementor-section-height-default elementor-section-height-default\" data-id=\"3e0ae53\" data-element_type=\"section\" data-e-type=\"section\">\n\t\t\t\t\t\t<div class=\"elementor-container elementor-column-gap-default\">\n\t\t\t\t\t<div class=\"elementor-column elementor-col-100 elementor-top-column elementor-element elementor-element-bde34d7\" data-id=\"bde34d7\" data-element_type=\"column\" data-e-type=\"column\">\n\t\t\t<div class=\"elementor-widget-wrap elementor-element-populated\">\n\t\t\t\t\t\t<div class=\"elementor-element elementor-element-0b4cdd1 elementor-widget elementor-widget-text-editor\" data-id=\"0b4cdd1\" data-element_type=\"widget\" data-e-type=\"widget\" data-widget_type=\"text-editor.default\">\n\t\t\t\t<div class=\"elementor-widget-container\">\n\t\t\t\t\t\t\t\t\t<p>Tu empresa, sea grande o peque\u00f1a, puede generar un impacto positivo invirtiendo en una comunidad m\u00e1s fuerte y din\u00e1mica.<\/p><p>Juntos, podemos hacer que los servicios de salud sean m\u00e1s accesibles y equitativos, y proporcionar una atenci\u00f3n que vaya m\u00e1s all\u00e1 del tratamiento de las enfermedades, abordando las causas fundamentales de las desigualdades en materia de salud.<\/p><p>Las empresas de cualquier tama\u00f1o pueden beneficiarse, ya que contribuyen a crear comunidades m\u00e1s fuertes y din\u00e1micas. \u00a1La tuya tambi\u00e9n puede hacerlo!<\/p><p>As\u00ed es como su empresa puede generar cambios en Ottawa:<\/p><ul><li><strong>Donaciones empresariales<\/strong> \u2013 Realice hoy mismo una donaci\u00f3n en nombre de su empresa. (enlace al formulario de donaci\u00f3n)<\/li><li><strong>Asociaciones comerciales<\/strong> \u2013 Cont\u00e1ctenos si desea ampliar nuestra colaboraci\u00f3n.<\/li><li><strong>Eventos y campa\u00f1as de recaudaci\u00f3n de fondos para empresas<\/strong> \u2013 Involucre a sus empleados y clientes.<\/li><li><strong>Patrocinios corporativos<\/strong> \u2013 Ser reconocidos como un importante impulsor de una comunidad m\u00e1s saludable, equitativa y resiliente para todos.<\/li><\/ul><p><a href=\"mailto:donations@seochc.on.ca\">P\u00f3ngase en contacto hoy mismo para obtener m\u00e1s informaci\u00f3n sobre c\u00f3mo convertirse en socio de SEOCHC.<\/a><\/p>\t\t\t\t\t\t\t\t<\/div>\n\t\t\t\t<\/div>\n\t\t\t\t\t<\/div>\n\t\t<\/div>\n\t\t\t\t\t<\/div>\n\t\t<\/section>\n\t\t\t\t<\/div>","protected":false},"excerpt":{"rendered":"<p>Your business, large or small, can create impact by investing in a stronger, more vibrant community. Together, we can make health services more accessible and equitable and provide care that goes beyond treating illness by addressing the root causes of health disparities. Any size business can benefit as they support stronger, and more vibrant communities. [&hellip;]<\/p>\n","protected":false},"author":1,"featured_media":0,"parent":8924,"menu_order":0,"comment_status":"closed","ping_status":"closed","template":"","meta":{"_monsterinsights_skip_tracking":false,"_monsterinsights_sitenote_active":false,"_monsterinsights_sitenote_note":"","_monsterinsights_sitenote_category":0,"footnotes":"","_links_to":"","_links_to_target":""},"class_list":["post-9071","page","type-page","status-publish","hentry"],"aioseo_notices":[],"publishpress_future_workflow_manual_trigger":{"enabledWorkflows":[]},"rttpg_featured_image_url":null,"rttpg_author":{"display_name":"mastercontroller","author_link":"https:\/\/www.seochc.on.ca\/es\/author\/mastercontroller\/"},"rttpg_comment":0,"rttpg_category":null,"rttpg_excerpt":"Your business, large or small, can create impact by investing in a stronger, more vibrant community. Together, we can make health services more accessible and equitable and provide care that goes beyond treating illness by addressing the root causes of health disparities. Any size business can benefit as they support stronger, and more vibrant communities.&hellip;","_links":{"self":[{"href":"https:\/\/www.seochc.on.ca\/es\/wp-json\/wp\/v2\/pages\/9071","targetHints":{"allow":["GET"]}}],"collection":[{"href":"https:\/\/www.seochc.on.ca\/es\/wp-json\/wp\/v2\/pages"}],"about":[{"href":"https:\/\/www.seochc.on.ca\/es\/wp-json\/wp\/v2\/types\/page"}],"author":[{"embeddable":true,"href":"https:\/\/www.seochc.on.ca\/es\/wp-json\/wp\/v2\/users\/1"}],"replies":[{"embeddable":true,"href":"https:\/\/www.seochc.on.ca\/es\/wp-json\/wp\/v2\/comments?post=9071"}],"version-history":[{"count":10,"href":"https:\/\/www.seochc.on.ca\/es\/wp-json\/wp\/v2\/pages\/9071\/revisions"}],"predecessor-version":[{"id":9399,"href":"https:\/\/www.seochc.on.ca\/es\/wp-json\/wp\/v2\/pages\/9071\/revisions\/9399"}],"up":[{"embeddable":true,"href":"https:\/\/www.seochc.on.ca\/es\/wp-json\/wp\/v2\/pages\/8924"}],"wp:attachment":[{"href":"https:\/\/www.seochc.on.ca\/es\/wp-json\/wp\/v2\/media?parent=9071"}],"curies":[{"name":"wp","href":"https:\/\/api.w.org\/{rel}","templated":true}]}}