{"id":9578,"date":"2025-10-14T16:38:46","date_gmt":"2025-10-14T20:38:46","guid":{"rendered":"https:\/\/www.seochc.on.ca\/?page_id=9578"},"modified":"2025-10-14T16:45:59","modified_gmt":"2025-10-14T20:45:59","slug":"preventative-care-wellness-clinic-midwifery-services","status":"publish","type":"page","link":"https:\/\/www.seochc.on.ca\/es\/programs-and-services\/primary-care\/preventative-care-wellness-clinic-midwifery-services\/","title":{"rendered":"Cl\u00ednica de atenci\u00f3n preventiva y bienestar: servicios de parter\u00eda"},"content":{"rendered":"<div data-elementor-type=\"wp-page\" data-elementor-id=\"9578\" class=\"elementor elementor-9578\">\n\t\t\t\t\t\t<section class=\"elementor-section elementor-top-section elementor-element elementor-element-340ca4c elementor-section-boxed elementor-section-height-default elementor-section-height-default\" data-id=\"340ca4c\" data-element_type=\"section\" data-e-type=\"section\">\n\t\t\t\t\t\t<div class=\"elementor-container elementor-column-gap-default\">\n\t\t\t\t\t<div class=\"elementor-column elementor-col-100 elementor-top-column elementor-element elementor-element-f316865\" data-id=\"f316865\" data-element_type=\"column\" data-e-type=\"column\">\n\t\t\t<div class=\"elementor-widget-wrap elementor-element-populated\">\n\t\t\t\t\t\t<div class=\"elementor-element elementor-element-1d1e11e elementor-widget elementor-widget-text-editor\" data-id=\"1d1e11e\" data-element_type=\"widget\" data-e-type=\"widget\" data-widget_type=\"text-editor.default\">\n\t\t\t\t<div class=\"elementor-widget-container\">\n\t\t\t\t\t\t\t\t\t<div class=\"wp-block-columns\">\n<figure class=\"wp-block-image size-full\"><\/figure>\n<p><!-- \/wp:image --><\/p>\n<p><!-- \/wp:column --><!-- wp:column {\"width\":\"75%\"} --><\/p>\n<div class=\"wp-block-column\" style=\"flex-basis: 75%;\">\n<p><!-- wp:paragraph --><\/p>\n<p>La Cl\u00ednica de Parter\u00eda se dedica a brindar atenci\u00f3n accesible, culturalmente sensible y compasiva a las personas embarazadas y en posparto, as\u00ed como a sus familias. Ya sea que est\u00e9s reci\u00e9n embarazada, en proceso de recuperaci\u00f3n posparto o tengas preguntas sobre el cuidado infantil, \u00a1nuestro experimentado equipo de parteras est\u00e1 aqu\u00ed para apoyarte!<\/p>\n<p><strong>Servicios ofrecidos:<\/strong><\/p>\n<ul>\n<li>Preocupaciones agudas durante el embarazo o el posparto\u00a0<\/li>\n<li>An\u00e1lisis de sangre rutinarios durante el embarazo, pruebas de detecci\u00f3n, vacunas, citas para ecograf\u00edas.\u00a0<\/li>\n<li>P\u00e9rdida temprana del embarazo\u00a0<\/li>\n<li>Preocupaciones sobre el estado de \u00e1nimo perinatal<\/li>\n<li>Apoyo para un embarazo saludable y planificaci\u00f3n del parto.\u00a0<\/li>\n<li>Cuidados rutinarios del reci\u00e9n nacido<\/li>\n<li>Apoyo alimentario<\/li>\n<li>Navegaci\u00f3n por el sistema\u00a0<\/li>\n<li>Planificaci\u00f3n familiar, anticoncepci\u00f3n, detecci\u00f3n del VPH\u00a0<\/li>\n<li>\u00a1Y mucho m\u00e1s!\u00a0<\/li>\n<\/ul>\n<p><!-- \/wp:paragraph --><\/p>\n<\/div>\n<p><!-- \/wp:column --><\/p>\n<\/div>\n<p><!-- \/wp:columns --><!-- wp:heading {\"style\":{\"color\":{\"background\":\"#10a1ea\"}},\"textColor\":\"white\",\"fontSize\":\"medium\"} --><\/p>\n<h2 class=\"wp-block-heading has-white-color has-text-color has-background has-medium-font-size\" style=\"background-color: #10a1ea;\">Elegibilidad del programa<\/h2>\n<ul class=\"wp-block-list\">\n<li>Personas embarazadas o en posparto (0-6 semanas) que viven en Ottawa.\u00a0<\/li>\n<li><strong>Personas sin un proveedor de atenci\u00f3n primaria\u00a0<\/strong><\/li>\n<li>Las personas que no tienen OHIP son bienvenidas.\u00a0<\/li>\n<li>Personas que enfrentan obst\u00e1culos para acceder a servicios de parter\u00eda\/perinatales<\/li>\n<li style=\"list-style-type: none;\">\u00a0<\/li>\n<\/ul>\n<p><!-- \/wp:paragraph --><!-- wp:heading {\"style\":{\"color\":{\"background\":\"#10a1ea\"}},\"textColor\":\"white\",\"fontSize\":\"medium\"} --><\/p>\n<h2 class=\"wp-block-heading has-white-color has-text-color has-background has-medium-font-size\" style=\"background-color: #10a1ea;\">Horario de atenci\u00f3n<\/h2>\n<p><!-- \/wp:heading --><!-- wp:image {\"id\":5494,\"sizeSlug\":\"medium\",\"linkDestination\":\"none\",\"align\":\"right\"} --><\/p>\n<p><!-- \/wp:image --><!-- wp:list --><\/p>\n<ul class=\"wp-block-list\">\n<li style=\"list-style-type: none;\">\n<ul class=\"wp-block-list\"><!-- wp:list-item --><\/ul>\n<\/li>\n<\/ul>\n<p>Lunes de 9:00 a. m. a 4:00 p. m., mi\u00e9rcoles de 1:00 p. m. a 7:00 p. m. y viernes de 9:00 a. m. a 4:00 p. m.\u00a0<\/p>\n<p>Llame al 613-212-9667, env\u00ede un fax al 1-833-664-8803<\/p>\n<p>Correo electr\u00f3nico\u00a0<a href=\"mailto:PCWclinic@seochc.on.ca\">PCWclinic@seochc.on.ca<\/a>\u00a0para reservar una cita.<\/p>\n<h2 class=\"wp-block-heading has-white-color has-text-color has-background has-medium-font-size\" style=\"background-color: #10a1ea;\">Ubicaci\u00f3n<\/h2>\n<p>1355 Bank Street, Suite 600<\/p>\n<p><!-- \/wp:paragraph --><\/p>\t\t\t\t\t\t\t\t<\/div>\n\t\t\t\t<\/div>\n\t\t\t\t\t<\/div>\n\t\t<\/div>\n\t\t\t\t\t<\/div>\n\t\t<\/section>\n\t\t\t\t<section class=\"elementor-section elementor-top-section elementor-element elementor-element-c76684a elementor-section-boxed elementor-section-height-default elementor-section-height-default\" data-id=\"c76684a\" data-element_type=\"section\" data-e-type=\"section\">\n\t\t\t\t\t\t<div class=\"elementor-container elementor-column-gap-default\">\n\t\t\t\t\t<div class=\"elementor-column elementor-col-100 elementor-top-column elementor-element elementor-element-26c4a77\" data-id=\"26c4a77\" data-element_type=\"column\" data-e-type=\"column\">\n\t\t\t<div class=\"elementor-widget-wrap\">\n\t\t\t\t\t\t\t<\/div>\n\t\t<\/div>\n\t\t\t\t\t<\/div>\n\t\t<\/section>\n\t\t\t\t<\/div>","protected":false},"excerpt":{"rendered":"<p>The Midwifery Clinic is dedicated to providing accessible, culturally responsive and compassionate care for pregnant and postpartum individuals and their families. Whether you\u2019re newly pregnant, navigating postpartum recovery, or have questions about infant care, our experienced midwifery team is here to support you! Services offered: Acute concerns in pregnancy or postpartum\u00a0 Routine pregnancy bloodwork, screening, [&hellip;]<\/p>\n","protected":false},"author":9,"featured_media":0,"parent":4526,"menu_order":0,"comment_status":"closed","ping_status":"closed","template":"","meta":{"_monsterinsights_skip_tracking":false,"_monsterinsights_sitenote_active":false,"_monsterinsights_sitenote_note":"","_monsterinsights_sitenote_category":0,"footnotes":"","_links_to":"","_links_to_target":""},"class_list":["post-9578","page","type-page","status-publish","hentry"],"aioseo_notices":[],"publishpress_future_workflow_manual_trigger":{"enabledWorkflows":[]},"rttpg_featured_image_url":null,"rttpg_author":{"display_name":"Stacey Simpson","author_link":"https:\/\/www.seochc.on.ca\/es\/author\/staceys\/"},"rttpg_comment":0,"rttpg_category":null,"rttpg_excerpt":"The Midwifery Clinic is dedicated to providing accessible, culturally responsive and compassionate care for pregnant and postpartum individuals and their families. Whether you\u2019re newly pregnant, navigating postpartum recovery, or have questions about infant care, our experienced midwifery team is here to support you! Services offered: Acute concerns in pregnancy or postpartum\u00a0 Routine pregnancy bloodwork, screening,&hellip;","_links":{"self":[{"href":"https:\/\/www.seochc.on.ca\/es\/wp-json\/wp\/v2\/pages\/9578","targetHints":{"allow":["GET"]}}],"collection":[{"href":"https:\/\/www.seochc.on.ca\/es\/wp-json\/wp\/v2\/pages"}],"about":[{"href":"https:\/\/www.seochc.on.ca\/es\/wp-json\/wp\/v2\/types\/page"}],"author":[{"embeddable":true,"href":"https:\/\/www.seochc.on.ca\/es\/wp-json\/wp\/v2\/users\/9"}],"replies":[{"embeddable":true,"href":"https:\/\/www.seochc.on.ca\/es\/wp-json\/wp\/v2\/comments?post=9578"}],"version-history":[{"count":8,"href":"https:\/\/www.seochc.on.ca\/es\/wp-json\/wp\/v2\/pages\/9578\/revisions"}],"predecessor-version":[{"id":9587,"href":"https:\/\/www.seochc.on.ca\/es\/wp-json\/wp\/v2\/pages\/9578\/revisions\/9587"}],"up":[{"embeddable":true,"href":"https:\/\/www.seochc.on.ca\/es\/wp-json\/wp\/v2\/pages\/4526"}],"wp:attachment":[{"href":"https:\/\/www.seochc.on.ca\/es\/wp-json\/wp\/v2\/media?parent=9578"}],"curies":[{"name":"wp","href":"https:\/\/api.w.org\/{rel}","templated":true}]}}