{"id":9720,"date":"2025-12-02T08:21:10","date_gmt":"2025-12-02T13:21:10","guid":{"rendered":"https:\/\/www.seochc.on.ca\/?page_id=9720"},"modified":"2025-12-09T11:09:50","modified_gmt":"2025-12-09T16:09:50","slug":"acb-mental-health","status":"publish","type":"page","link":"https:\/\/www.seochc.on.ca\/es\/acb-mental-health\/","title":{"rendered":"Bienestar juvenil de ACB"},"content":{"rendered":"<div data-elementor-type=\"wp-page\" data-elementor-id=\"9720\" class=\"elementor elementor-9720\">\n\t\t\t\t\t\t<section class=\"elementor-section elementor-top-section elementor-element elementor-element-32d0862b elementor-section-boxed elementor-section-height-default elementor-section-height-default\" data-id=\"32d0862b\" data-element_type=\"section\" data-e-type=\"section\">\n\t\t\t\t\t\t<div class=\"elementor-container elementor-column-gap-default\">\n\t\t\t\t\t<div class=\"elementor-column elementor-col-100 elementor-top-column elementor-element elementor-element-29b6e7fa\" data-id=\"29b6e7fa\" data-element_type=\"column\" data-e-type=\"column\">\n\t\t\t<div class=\"elementor-widget-wrap elementor-element-populated\">\n\t\t\t\t\t\t<div class=\"elementor-element elementor-element-3342de21 elementor-widget elementor-widget-text-editor\" data-id=\"3342de21\" data-element_type=\"widget\" data-e-type=\"widget\" data-widget_type=\"text-editor.default\">\n\t\t\t\t<div class=\"elementor-widget-container\">\n\t\t\t\t\t\t\t\t\t<p>El Programa de Bienestar Juvenil de la ACB tiene como objetivo proporcionar apoyo culturalmente sensible y basado en el trauma a los ni\u00f1os y j\u00f3venes africanos, caribe\u00f1os y negros. Nuestros programas est\u00e1n dise\u00f1ados para ser accesibles y atraer a los ni\u00f1os y j\u00f3venes m\u00e1s vulnerables que viven en nuestra zona de influencia de Ottawa.<\/p>\n<p>Este programa es nuevo y est\u00e1 en constante evoluci\u00f3n.\u00a0<\/p>\n<p class=\"cvGsUA direction-ltr align-start para-style-body\"><strong><span class=\"a_GcMg font-feature-liga-off font-feature-clig-off font-feature-calt-off text-decoration-none text-strikethrough-none\">A corto plazo<\/span> <span class=\"a_GcMg font-feature-liga-off font-feature-clig-off font-feature-calt-off text-decoration-none text-strikethrough-none\">Asesoramiento: <\/span><\/strong><span class=\"a_GcMg font-feature-liga-off font-feature-clig-off font-feature-calt-off text-decoration-none text-strikethrough-none\">Sesiones individuales con un trabajador social (con cita previa) 12-18 a\u00f1os\u00a0 <strong>*Ya disponible<\/strong><\/span><\/p>\n<p class=\"cvGsUA direction-ltr align-start para-style-body\"><strong><span class=\"a_GcMg font-feature-liga-off font-feature-clig-off font-feature-calt-off text-decoration-none text-strikethrough-none\">Visitas sin cita previa para el bienestar: <\/span><\/strong><span class=\"a_GcMg font-feature-liga-off font-feature-clig-off font-feature-calt-off text-decoration-none text-strikethrough-none\">Con\u00e9ctate con nuestro trabajador social en un espacio de apoyo.<\/span><\/p>\n<p class=\"cvGsUA direction-ltr align-start para-style-body\"><strong><span class=\"a_GcMg font-feature-liga-off font-feature-clig-off font-feature-calt-off text-decoration-none text-strikethrough-none\">Programas para grupos reducidos: <\/span><\/strong><span class=\"a_GcMg font-feature-liga-off font-feature-clig-off font-feature-calt-off text-decoration-none text-strikethrough-none\">Sesiones grupales dirigidas por nuestro equipo en entornos comunitarios.<\/span><\/p>\n<p class=\"cvGsUA direction-ltr align-start para-style-body\"><strong><span class=\"a_GcMg font-feature-liga-off font-feature-clig-off font-feature-calt-off text-decoration-none text-strikethrough-none\">Presentaciones y divulgaci\u00f3n sobre bienestar: <\/span><\/strong><span class=\"a_GcMg font-feature-liga-off font-feature-clig-off font-feature-calt-off text-decoration-none text-strikethrough-none\">Apoyando el bienestar y la resiliencia en nuestra comunidad <strong>*Ya disponible<\/strong><\/span><\/p>\n<p><!-- \/wp:paragraph --><!-- wp:heading --><\/p>\n<h2 class=\"wp-block-heading\">Criterios de elegibilidad<\/h2>\n<p><!-- \/wp:heading --><!-- wp:paragraph --><\/p>\n<ul>\n<li class=\"cvGsUA direction-ltr align-start para-style-body\"><span class=\"a_GcMg font-feature-liga-off font-feature-clig-off font-feature-calt-off text-decoration-none text-strikethrough-none\"><strong>Edades:<\/strong> Ni\u00f1os y j\u00f3venes de 6 a 18 a\u00f1os<\/span><\/li>\n<li class=\"cvGsUA direction-ltr align-start para-style-body\"><span class=\"a_GcMg font-feature-liga-off font-feature-clig-off font-feature-calt-off text-decoration-none text-strikethrough-none\"><strong>Ubicaci\u00f3n:<\/strong> Ottawa<\/span><\/li>\n<li class=\"cvGsUA direction-ltr align-start para-style-body\"><span class=\"a_GcMg font-feature-liga-off font-feature-clig-off font-feature-calt-off text-decoration-none text-strikethrough-none\"><strong>Identidad:<\/strong> Africano, caribe\u00f1o o negro<\/span><\/li>\n<\/ul>\n<div>\n<div>\n<div>\n<p>Referencias:<\/p>\n<ul>\n<li>Correo electr\u00f3nico: ACBMentalhealth@seochc.on.ca<\/li>\n<li>Tel\u00e9fono: +1 (613)-737-7195, ext. 1913<\/li>\n<\/ul>\n<\/div>\n<div>\u00a0<\/div>\n<\/div>\n<\/div>\n<p><!-- \/wp:paragraph --><!-- wp:paragraph --><\/p>\n<p><!-- \/wp:paragraph --><!-- wp:heading --><\/p>\n<p><!-- \/wp:paragraph --><!-- wp:heading --><\/p>\n<h2 class=\"wp-block-heading\">Ubicaci\u00f3n<\/h2>\n<p><!-- \/wp:heading --><!-- wp:paragraph --><\/p>\n<div>\n<div>\n<div>\n<ul>\n<li>Centro de Recursos de Bienestar ACB: 610 Donald Street\u00a0<\/li>\n<li>Centro recreativo Hunt Club: 3320 Paul Anka Drive<\/li>\n<li>Casa comunitaria Early ON: 22-1485 Heatherington Rd<\/li>\n<li>Sede principal: 6.\u00ba piso, 1355 Bank Street\u00a0<\/li>\n<li>En las comunidades<\/li>\n<\/ul>\n<\/div>\n<div>\u00a0<\/div>\n<div>\u00a0<\/div>\n<div>\u00a0<\/div>\n<\/div>\n<\/div>\n<p><!-- \/wp:paragraph --><!-- wp:paragraph --><\/p>\n<p><!-- \/wp:paragraph --><\/p>\t\t\t\t\t\t\t\t<\/div>\n\t\t\t\t<\/div>\n\t\t\t\t\t<\/div>\n\t\t<\/div>\n\t\t\t\t\t<\/div>\n\t\t<\/section>\n\t\t\t\t<\/div>","protected":false},"excerpt":{"rendered":"<p>The ACB Youth Wellness Program aims to provide culturally responsive, trauma informed support for African, Caribbean, and Black children and youth. Our programs are designed to be barrier free and engage more vulnerable children and youth living within our Ottawa catchment. This program is new and evolving.\u00a0 Short-Term Counselling: One-on-one sessions with a Social Worker [&hellip;]<\/p>\n","protected":false},"author":9,"featured_media":9725,"parent":0,"menu_order":0,"comment_status":"closed","ping_status":"closed","template":"","meta":{"_monsterinsights_skip_tracking":false,"_monsterinsights_sitenote_active":false,"_monsterinsights_sitenote_note":"","_monsterinsights_sitenote_category":0,"footnotes":"","_links_to":"","_links_to_target":""},"class_list":["post-9720","page","type-page","status-publish","has-post-thumbnail","hentry"],"aioseo_notices":[],"publishpress_future_workflow_manual_trigger":{"enabledWorkflows":[]},"rttpg_featured_image_url":{"full":["https:\/\/www.seochc.on.ca\/wp-content\/uploads\/2025\/12\/English.png",1728,2304,false],"landscape":["https:\/\/www.seochc.on.ca\/wp-content\/uploads\/2025\/12\/English.png",1728,2304,false],"portraits":["https:\/\/www.seochc.on.ca\/wp-content\/uploads\/2025\/12\/English.png",1728,2304,false],"thumbnail":["https:\/\/www.seochc.on.ca\/wp-content\/uploads\/2025\/12\/English-150x150.png",150,150,true],"medium":["https:\/\/www.seochc.on.ca\/wp-content\/uploads\/2025\/12\/English-225x300.png",225,300,true],"large":["https:\/\/www.seochc.on.ca\/wp-content\/uploads\/2025\/12\/English-768x1024.png",768,1024,true],"1536x1536":["https:\/\/www.seochc.on.ca\/wp-content\/uploads\/2025\/12\/English-1152x1536.png",1152,1536,true],"2048x2048":["https:\/\/www.seochc.on.ca\/wp-content\/uploads\/2025\/12\/English-1536x2048.png",1536,2048,true],"trp-custom-language-flag":["https:\/\/www.seochc.on.ca\/wp-content\/uploads\/2025\/12\/English-9x12.png",9,12,true],"rt_custom":["https:\/\/www.seochc.on.ca\/wp-content\/uploads\/2025\/12\/English.png",1728,2304,false]},"rttpg_author":{"display_name":"Stacey Simpson","author_link":"https:\/\/www.seochc.on.ca\/es\/author\/staceys\/"},"rttpg_comment":0,"rttpg_category":null,"rttpg_excerpt":"The ACB Youth Wellness Program aims to provide culturally responsive, trauma informed support for African, Caribbean, and Black children and youth. Our programs are designed to be barrier free and engage more vulnerable children and youth living within our Ottawa catchment. This program is new and evolving.\u00a0 Short-Term Counselling: One-on-one sessions with a Social Worker&hellip;","_links":{"self":[{"href":"https:\/\/www.seochc.on.ca\/es\/wp-json\/wp\/v2\/pages\/9720","targetHints":{"allow":["GET"]}}],"collection":[{"href":"https:\/\/www.seochc.on.ca\/es\/wp-json\/wp\/v2\/pages"}],"about":[{"href":"https:\/\/www.seochc.on.ca\/es\/wp-json\/wp\/v2\/types\/page"}],"author":[{"embeddable":true,"href":"https:\/\/www.seochc.on.ca\/es\/wp-json\/wp\/v2\/users\/9"}],"replies":[{"embeddable":true,"href":"https:\/\/www.seochc.on.ca\/es\/wp-json\/wp\/v2\/comments?post=9720"}],"version-history":[{"count":11,"href":"https:\/\/www.seochc.on.ca\/es\/wp-json\/wp\/v2\/pages\/9720\/revisions"}],"predecessor-version":[{"id":9751,"href":"https:\/\/www.seochc.on.ca\/es\/wp-json\/wp\/v2\/pages\/9720\/revisions\/9751"}],"wp:featuredmedia":[{"embeddable":true,"href":"https:\/\/www.seochc.on.ca\/es\/wp-json\/wp\/v2\/media\/9725"}],"wp:attachment":[{"href":"https:\/\/www.seochc.on.ca\/es\/wp-json\/wp\/v2\/media?parent=9720"}],"curies":[{"name":"wp","href":"https:\/\/api.w.org\/{rel}","templated":true}]}}