{"id":4510,"date":"2022-02-11T18:36:02","date_gmt":"2022-02-11T18:36:02","guid":{"rendered":"https:\/\/www.seochc.on.ca\/?page_id=4510"},"modified":"2025-09-16T17:54:05","modified_gmt":"2025-09-16T21:54:05","slug":"about-early-years-and-earlyon-services","status":"publish","type":"page","link":"https:\/\/www.seochc.on.ca\/fr\/programs-and-services\/children-and-family\/about-early-years-and-earlyon-services\/","title":{"rendered":"\u00c0 propos de la petite enfance et des services EarlyON"},"content":{"rendered":"<div data-elementor-type=\"wp-page\" data-elementor-id=\"4510\" class=\"elementor elementor-4510\">\n\t\t\t\t\t\t<section class=\"elementor-section elementor-top-section elementor-element elementor-element-5eff96c4 elementor-section-boxed elementor-section-height-default elementor-section-height-default\" data-id=\"5eff96c4\" data-element_type=\"section\" data-e-type=\"section\">\n\t\t\t\t\t\t<div class=\"elementor-container elementor-column-gap-default\">\n\t\t\t\t\t<div class=\"elementor-column elementor-col-100 elementor-top-column elementor-element elementor-element-1610bd53\" data-id=\"1610bd53\" data-element_type=\"column\" data-e-type=\"column\">\n\t\t\t<div class=\"elementor-widget-wrap elementor-element-populated\">\n\t\t\t\t\t\t<div class=\"elementor-element elementor-element-30fc78a4 elementor-widget elementor-widget-text-editor\" data-id=\"30fc78a4\" data-element_type=\"widget\" data-e-type=\"widget\" data-widget_type=\"text-editor.default\">\n\t\t\t\t<div class=\"elementor-widget-container\">\n\t\t\t\t\t\t\t\t\t<p><img fetchpriority=\"high\" decoding=\"async\" width=\"300\" height=\"200\" class=\"wp-image-5492\" src=\"https:\/\/www.seochc.on.ca\/wp-content\/uploads\/2022\/04\/early-years_inset-image-1-300x200.jpg\" alt=\"Early years education facilitator with three young pupils.\" srcset=\"https:\/\/www.seochc.on.ca\/wp-content\/uploads\/2022\/04\/early-years_inset-image-1-300x200.jpg 300w, https:\/\/www.seochc.on.ca\/wp-content\/uploads\/2022\/04\/early-years_inset-image-1-768x512.jpg 768w, https:\/\/www.seochc.on.ca\/wp-content\/uploads\/2022\/04\/early-years_inset-image-1.jpg 800w\" sizes=\"(max-width: 300px) 100vw, 300px\" \/><\/p>\n<p><!-- \/wp:image --><!-- wp:paragraph --><\/p>\n<p>Nos services de la petite enfance et de la petite enfance sont offerts aux femmes enceintes et aux familles ayant des enfants \u00e2g\u00e9s de 0 \u00e0 6 ans dans le bassin versant du sud-est d'Ottawa. Veuillez appeler le 613-737-5115, poste 2003.<\/p>\n<p><!-- \/wp:paragraph --><!-- wp:paragraph --><\/p>\n<p><!-- \/wp:paragraph --><!-- wp:heading {\"style\":{\"color\":{\"background\":\"#10a1ea\"}},\"textColor\":\"white\",\"fontSize\":\"medium\"} --><\/p>\n<h2 class=\"wp-block-heading has-white-color has-text-color has-background has-medium-font-size\" style=\"background-color: #10a1ea;\">\u00c9ducateurs de jeunes enfants agr\u00e9\u00e9s Poste 3112<\/h2>\n<p><!-- \/wp:heading --><!-- wp:spacer {\"height\":\"20px\"} --><\/p>\n<ul>\n<li style=\"list-style-type: none;\">\n<ul>\n<li class=\"wp-block-spacer\" style=\"height: 20px;\" aria-hidden=\"true\">\u00a0<span style=\"text-align: -webkit-match-parent; letter-spacing: 0px;\">Fournir des informations sur le d\u00e9veloppement de la petite enfance<\/span><\/li>\n<\/ul>\n<\/li>\n<\/ul>\n<p><!-- \/wp:list-item --><!-- wp:list-item --><\/p>\n<ul class=\"wp-block-list\">\n<li style=\"list-style-type: none;\">\n<ul class=\"wp-block-list\">\n<li>Fournir des informations et des ressources sur la parentalit\u00e9<\/li>\n<\/ul>\n<\/li>\n<\/ul>\n<p><!-- \/wp:list-item --><!-- wp:list-item --><\/p>\n<ul class=\"wp-block-list\">\n<li style=\"list-style-type: none;\">\n<ul class=\"wp-block-list\">\n<li>Fournir des informations sur les services et les programmes qui r\u00e9pondent aux besoins des familles<\/li>\n<\/ul>\n<\/li>\n<\/ul>\n<p><!-- \/wp:list-item --><!-- wp:list-item --><\/p>\n<ul class=\"wp-block-list\">\n<li style=\"list-style-type: none;\">\n<ul class=\"wp-block-list\">\n<li>Fournir un soutien individuel<\/li>\n<\/ul>\n<\/li>\n<\/ul>\n<p><!-- \/wp:list-item --><\/p>\n<p><!-- \/wp:list --><!-- wp:columns --><\/p>\n<div class=\"wp-block-columns\">\n<p><!-- wp:column {\"width\":\"25%\"} --><\/p>\n<div class=\"wp-block-column\" style=\"flex-basis: 75%;\">\n<p><strong>Les programmes :<\/strong><br \/>Programmation de groupe en personne. Voir les calendriers<br \/>Programmation virtuelle - Bulletins d'information, id\u00e9es d'activit\u00e9s, ressources, vid\u00e9os du cercle, etc.<br \/>D\u00e9pistage du d\u00e9veloppement de l'enfant<\/p>\n<p><!-- \/wp:paragraph --><\/p>\n<\/div>\n<p><!-- \/wp:column --><\/p>\n<\/div>\n<p><!-- \/wp:columns --><!-- wp:heading {\"style\":{\"color\":{\"background\":\"#10a1ea\"}},\"textColor\":\"white\",\"fontSize\":\"medium\"} --><\/p>\n<h2 class=\"wp-block-heading has-white-color has-text-color has-background has-medium-font-size\" style=\"background-color: #10a1ea;\">Travailleur des ressources familiales Poste 3133<\/h2>\n<p><!-- \/wp:heading --><!-- wp:image {\"id\":5493,\"sizeSlug\":\"medium\",\"linkDestination\":\"none\",\"align\":\"right\"} --><\/p>\n<figure class=\"wp-block-image alignright size-medium\"><img decoding=\"async\" width=\"200\" height=\"300\" class=\"wp-image-5493\" src=\"https:\/\/www.seochc.on.ca\/wp-content\/uploads\/2022\/04\/early-years_inset-image-2-200x300.jpg\" alt=\"Man in white shirt with baby riding on shoulders.\" srcset=\"https:\/\/www.seochc.on.ca\/wp-content\/uploads\/2022\/04\/early-years_inset-image-2-200x300.jpg 200w, https:\/\/www.seochc.on.ca\/wp-content\/uploads\/2022\/04\/early-years_inset-image-2-683x1024.jpg 683w, https:\/\/www.seochc.on.ca\/wp-content\/uploads\/2022\/04\/early-years_inset-image-2-768x1152.jpg 768w, https:\/\/www.seochc.on.ca\/wp-content\/uploads\/2022\/04\/early-years_inset-image-2.jpg 800w\" sizes=\"(max-width: 200px) 100vw, 200px\" \/><\/figure>\n<p><!-- \/wp:image --><!-- wp:list --><\/p>\n<ul class=\"wp-block-list\">\n<li style=\"list-style-type: none;\">\n<ul class=\"wp-block-list\"><!-- wp:list-item --><\/ul>\n<\/li>\n<\/ul>\n<ul class=\"wp-block-list\">\n<li style=\"list-style-type: none;\">\n<ul class=\"wp-block-list\">\n<li>Aide \u00e0 la navigation dans les syst\u00e8mes et services destin\u00e9s aux familles et aux enfants, y compris : Enregistrement des naissances, enregistrement des gardes d'enfants, demandes de subventions, inscriptions \u00e0 l'\u00e9cole, etc.<\/li>\n<\/ul>\n<\/li>\n<\/ul>\n<p><!-- \/wp:list-item --><!-- wp:list-item --><\/p>\n<ul class=\"wp-block-list\">\n<li style=\"list-style-type: none;\">\n<ul class=\"wp-block-list\">\n<li>Orientations vers des programmes et des services, en interne et en externe\u00a0<\/li>\n<\/ul>\n<\/li>\n<\/ul>\n<p><!-- \/wp:list-item --><\/p>\n<p><!-- \/wp:list --><!-- wp:paragraph --><\/p>\n<p><strong>Les programmes :<\/strong><br \/>Programmes de soutien \u00e0 la parentalit\u00e9<br \/>Renvois au programme saisonnier<\/p>\n<p><!-- \/wp:paragraph --><!-- wp:paragraph --><\/p>\n<p>Armoire d'urgence pour b\u00e9b\u00e9s Heatherington<br \/>Inscription au programme de nutrition pr\u00e9natale - lait et \u0153ufs.<br \/>- Crit\u00e8res d'\u00e9ligibilit\u00e9 : Enceinte ou allaitant un b\u00e9b\u00e9 jusqu'\u00e0 6 mois au moment de l'inscription.<\/p>\n<p><!-- \/wp:paragraph --><!-- wp:heading {\"style\":{\"color\":{\"background\":\"#10a1ea\"}},\"textColor\":\"white\",\"fontSize\":\"medium\"} --><\/p>\n<h2 class=\"wp-block-heading has-white-color has-text-color has-background has-medium-font-size\" style=\"background-color: #10a1ea;\">Infirmi\u00e8res communautaires de la petite enfance Poste 2379<\/h2>\n<p><!-- \/wp:heading --><!-- wp:image {\"id\":5494,\"sizeSlug\":\"medium\",\"linkDestination\":\"none\",\"align\":\"right\"} --><\/p>\n<figure class=\"wp-block-image alignright size-medium\"><img decoding=\"async\" width=\"300\" height=\"200\" class=\"wp-image-5494\" src=\"https:\/\/www.seochc.on.ca\/wp-content\/uploads\/2022\/04\/early-years_inset-image-3-300x200.jpg\" alt=\"Smiling infant with yellow hair band laying on adult bed.\" srcset=\"https:\/\/www.seochc.on.ca\/wp-content\/uploads\/2022\/04\/early-years_inset-image-3-300x200.jpg 300w, https:\/\/www.seochc.on.ca\/wp-content\/uploads\/2022\/04\/early-years_inset-image-3-768x512.jpg 768w, https:\/\/www.seochc.on.ca\/wp-content\/uploads\/2022\/04\/early-years_inset-image-3.jpg 800w\" sizes=\"(max-width: 300px) 100vw, 300px\" \/><\/figure>\n<p><!-- \/wp:image --><!-- wp:list --><\/p>\n<ul class=\"wp-block-list\">\n<li style=\"list-style-type: none;\">\n<ul class=\"wp-block-list\"><!-- wp:list-item --><\/ul>\n<\/li>\n<\/ul>\n<ul class=\"wp-block-list\">\n<li style=\"list-style-type: none;\">\n<ul class=\"wp-block-list\">\n<li>Soutien pr\u00e9natal et postnatal<\/li>\n<\/ul>\n<\/li>\n<\/ul>\n<p><!-- \/wp:list-item --><!-- wp:list-item --><\/p>\n<ul class=\"wp-block-list\">\n<li style=\"list-style-type: none;\">\n<ul class=\"wp-block-list\">\n<li>V\u00e9rification de l'\u00e9tat de sant\u00e9 du b\u00e9b\u00e9<\/li>\n<\/ul>\n<\/li>\n<\/ul>\n<p><!-- \/wp:list-item --><!-- wp:list-item --><\/p>\n<ul class=\"wp-block-list\">\n<li style=\"list-style-type: none;\">\n<ul class=\"wp-block-list\">\n<li>Acc\u00e8s \u00e0 un soutien pratique pr\u00e9natal<\/li>\n<\/ul>\n<\/li>\n<\/ul>\n<p><!-- \/wp:list-item --><!-- wp:list-item --><\/p>\n<ul class=\"wp-block-list\">\n<li style=\"list-style-type: none;\">\n<ul class=\"wp-block-list\">\n<li>Recommandations d'une consultante en lactation et d'une di\u00e9t\u00e9ticienne<\/li>\n<\/ul>\n<\/li>\n<\/ul>\n<p><!-- \/wp:list-item --><!-- wp:list-item --><\/p>\n<ul class=\"wp-block-list\">\n<li style=\"list-style-type: none;\">\n<ul class=\"wp-block-list\">\n<li>Orientations vers des programmes et des services, en interne et en externe<\/li>\n<\/ul>\n<\/li>\n<\/ul>\n<p><!-- \/wp:list-item --><\/p>\n<p><!-- \/wp:list --><!-- wp:paragraph --><\/p>\n<p><strong>Les programmes :<\/strong><br \/>Groupe de connexion des parents<br \/>Groupe B\u00e9b\u00e9 et moi - Programme canadien de nutrition pr\u00e9natale (PCNP)<br \/>- Admissibilit\u00e9 : \u00catre enceinte au moment de l'inscription<\/p>\n<h2 class=\"wp-block-heading has-white-color has-text-color has-background has-medium-font-size\" style=\"background-color: #10a1ea;\">Di\u00e9t\u00e9ticienne communautaire Poste 2339<\/h2>\n<p><!-- \/wp:heading --><!-- wp:image {\"id\":5494,\"sizeSlug\":\"medium\",\"linkDestination\":\"none\",\"align\":\"right\"} --><\/p>\n<ul class=\"wp-block-list\">\n<li>Fournir aux familles des informations et des ressources sur l'alimentation saine.<\/li>\n<li>Mettre les clients en contact avec les ressources communautaires pour qu'ils aient acc\u00e8s \u00e0 une alimentation saine.<\/li>\n<\/ul>\n<p><strong>Les programmes :<\/strong><\/p>\n<p>L'alimentation de votre b\u00e9b\u00e9<br \/>Mangeurs difficiles<br \/>Groupe B\u00e9b\u00e9 et moi - Programme canadien de nutrition pr\u00e9natale (PCNP)<br \/>- Admissibilit\u00e9 : \u00catre enceinte au moment de l'inscription<\/p>\n<p><span style=\"text-align: -webkit-match-parent; letter-spacing: 0px;\">Veuillez consulter le calendrier des \u00e9v\u00e9nements pour conna\u00eetre les horaires et les lieux de programmation des groupes.<\/span><\/p>\n<p><!-- \/wp:paragraph --><!-- wp:paragraph --><\/p>\n<p>Le SEOCHC peut annuler ou reprogrammer des programmes si n\u00e9cessaire. Les annulations de programmes sont affich\u00e9es sur le site web de la <a title=\"Groupe de jeu SEOCHC-EarlyON Facebook\" href=\"https:\/\/www.facebook.com\/groups\/169746887645012\">Groupe de jeu SEOCHC-EarlyON Facebook<\/a> page.<\/p>\n<p><!-- \/wp:paragraph --><\/p>\t\t\t\t\t\t\t\t<\/div>\n\t\t\t\t<\/div>\n\t\t\t\t\t<\/div>\n\t\t<\/div>\n\t\t\t\t\t<\/div>\n\t\t<\/section>\n\t\t\t\t<\/div>","protected":false},"excerpt":{"rendered":"<p>Our Early Years and Early ON services are available to pregnant people and families with children birth to 6 years of age within the South-East Ottawa Catchment area. Please call 613-737-5115 ext 2003. Registered Early Childhood Educators Ext. 3112 \u00a0Provide information about early childhood development Provide parenting information and resources Provide information on services and [&hellip;]<\/p>\n","protected":false},"author":1,"featured_media":5496,"parent":4506,"menu_order":0,"comment_status":"closed","ping_status":"closed","template":"","meta":{"_monsterinsights_skip_tracking":false,"_monsterinsights_sitenote_active":false,"_monsterinsights_sitenote_note":"","_monsterinsights_sitenote_category":0,"footnotes":"","_links_to":"","_links_to_target":""},"class_list":["post-4510","page","type-page","status-publish","has-post-thumbnail","hentry"],"aioseo_notices":[],"publishpress_future_workflow_manual_trigger":{"enabledWorkflows":[]},"rttpg_featured_image_url":{"full":["https:\/\/www.seochc.on.ca\/wp-content\/uploads\/2022\/04\/early-years-and-earlyon_featured-image.jpg",1200,630,false],"landscape":["https:\/\/www.seochc.on.ca\/wp-content\/uploads\/2022\/04\/early-years-and-earlyon_featured-image.jpg",1200,630,false],"portraits":["https:\/\/www.seochc.on.ca\/wp-content\/uploads\/2022\/04\/early-years-and-earlyon_featured-image.jpg",1200,630,false],"thumbnail":["https:\/\/www.seochc.on.ca\/wp-content\/uploads\/2022\/04\/early-years-and-earlyon_featured-image-150x150.jpg",150,150,true],"medium":["https:\/\/www.seochc.on.ca\/wp-content\/uploads\/2022\/04\/early-years-and-earlyon_featured-image-300x158.jpg",300,158,true],"large":["https:\/\/www.seochc.on.ca\/wp-content\/uploads\/2022\/04\/early-years-and-earlyon_featured-image-1024x538.jpg",1024,538,true],"1536x1536":["https:\/\/www.seochc.on.ca\/wp-content\/uploads\/2022\/04\/early-years-and-earlyon_featured-image.jpg",1200,630,false],"2048x2048":["https:\/\/www.seochc.on.ca\/wp-content\/uploads\/2022\/04\/early-years-and-earlyon_featured-image.jpg",1200,630,false],"trp-custom-language-flag":["https:\/\/www.seochc.on.ca\/wp-content\/uploads\/2022\/04\/early-years-and-earlyon_featured-image.jpg",18,9,false],"rt_custom":["https:\/\/www.seochc.on.ca\/wp-content\/uploads\/2022\/04\/early-years-and-earlyon_featured-image.jpg",1200,630,false]},"rttpg_author":{"display_name":"mastercontroller","author_link":"https:\/\/www.seochc.on.ca\/fr\/author\/mastercontroller\/"},"rttpg_comment":0,"rttpg_category":null,"rttpg_excerpt":"Our Early Years and Early ON services are available to pregnant people and families with children birth to 6 years of age within the South-East Ottawa Catchment area. Please call 613-737-5115 ext 2003. Registered Early Childhood Educators Ext. 3112 \u00a0Provide information about early childhood development Provide parenting information and resources Provide information on services and&hellip;","_links":{"self":[{"href":"https:\/\/www.seochc.on.ca\/fr\/wp-json\/wp\/v2\/pages\/4510","targetHints":{"allow":["GET"]}}],"collection":[{"href":"https:\/\/www.seochc.on.ca\/fr\/wp-json\/wp\/v2\/pages"}],"about":[{"href":"https:\/\/www.seochc.on.ca\/fr\/wp-json\/wp\/v2\/types\/page"}],"author":[{"embeddable":true,"href":"https:\/\/www.seochc.on.ca\/fr\/wp-json\/wp\/v2\/users\/1"}],"replies":[{"embeddable":true,"href":"https:\/\/www.seochc.on.ca\/fr\/wp-json\/wp\/v2\/comments?post=4510"}],"version-history":[{"count":27,"href":"https:\/\/www.seochc.on.ca\/fr\/wp-json\/wp\/v2\/pages\/4510\/revisions"}],"predecessor-version":[{"id":9512,"href":"https:\/\/www.seochc.on.ca\/fr\/wp-json\/wp\/v2\/pages\/4510\/revisions\/9512"}],"up":[{"embeddable":true,"href":"https:\/\/www.seochc.on.ca\/fr\/wp-json\/wp\/v2\/pages\/4506"}],"wp:featuredmedia":[{"embeddable":true,"href":"https:\/\/www.seochc.on.ca\/fr\/wp-json\/wp\/v2\/media\/5496"}],"wp:attachment":[{"href":"https:\/\/www.seochc.on.ca\/fr\/wp-json\/wp\/v2\/media?parent=4510"}],"curies":[{"name":"wp","href":"https:\/\/api.w.org\/{rel}","templated":true}]}}