{"id":4512,"date":"2022-02-11T18:36:38","date_gmt":"2022-02-11T18:36:38","guid":{"rendered":"https:\/\/www.seochc.on.ca\/?page_id=4512"},"modified":"2025-09-16T19:46:26","modified_gmt":"2025-09-16T23:46:26","slug":"baby-and-me","status":"publish","type":"page","link":"https:\/\/www.seochc.on.ca\/fr\/programs-and-services\/children-and-family\/baby-and-me\/","title":{"rendered":"Groupe pr\u00e9natal Baby and Me"},"content":{"rendered":"<div class=\"wp-block-image\">\n<figure class=\"alignright size-full\"><img decoding=\"async\" width=\"250\" height=\"163\" src=\"https:\/\/www.seochc.on.ca\/wp-content\/uploads\/2023\/05\/Baby-and-me.jpg\" alt=\"Pregnant Mom on a computer\" class=\"wp-image-7476\" srcset=\"https:\/\/www.seochc.on.ca\/wp-content\/uploads\/2023\/05\/Baby-and-me.jpg 250w, https:\/\/www.seochc.on.ca\/wp-content\/uploads\/2023\/05\/Baby-and-me-18x12.jpg 18w\" sizes=\"(max-width: 250px) 100vw, 250px\" \/><\/figure>\n<\/div>\n\n\n<p>Notre programme Baby and Me est un programme canadien de nutrition pr\u00e9natale qui soutient la sant\u00e9 des femmes enceintes, des m\u00e8res et des b\u00e9b\u00e9s \u00e0 Ottawa. Dans le cadre de ce programme, les parents apprendront \u00e0 s'occuper de leur b\u00e9b\u00e9, \u00e0 manger sainement, \u00e0 vivre une grossesse saine et \u00e0 rencontrer d'autres personnes qui allaitent. Ce programme est anim\u00e9 par une di\u00e9t\u00e9ticienne agr\u00e9\u00e9e, une infirmi\u00e8re agr\u00e9\u00e9e et une consultante en lactation certifi\u00e9e par l'International Board.<\/p>\n\n\n\n<h2 class=\"wp-block-heading has-white-color has-text-color has-background has-medium-font-size\" style=\"background-color:#10a1ea\">Crit\u00e8res d'\u00e9ligibilit\u00e9<\/h2>\n\n\n\n<p>Il faut habiter dans notre zone de recrutement et \u00eatre enceinte au moment de l'inscription.<\/p>\n\n\n\n<p>Les nouveaux clients sont prioritaires<\/p>\n\n\n\n<p>Pour vous inscrire, appelez notre infirmi\u00e8re dipl\u00f4m\u00e9e de la petite enfance au (613) 737-7195, poste 2379.<\/p>\n\n\n\n<h2 class=\"wp-block-heading has-white-color has-text-color has-background has-medium-font-size\" style=\"background-color:#10a1ea\">Heures d'ouverture<\/h2>\n\n\n\n<p>Mercredi 10h00-12h00<\/p>\n\n\n\n<h2 class=\"wp-block-heading has-white-color has-text-color has-background has-medium-font-size\" style=\"background-color:#10a1ea\">Localisation<\/h2>\n\n\n\n<p>1560 Heatherington Rd, Ottawa, ON K1V 9P5<\/p>\n\n\n\n<p><\/p>","protected":false},"excerpt":{"rendered":"<p>Our Baby and Me program is a Canada Prenatal Nutrition Program that supports the health of pregnant women, mothers and babies in Ottawa. In this program, parents will learn about baby care, healthy eating, healthy pregnancy and meet other people who are breast-feeding. This program is facilitated by a Registered Dietician, Registered Nurse and International [&hellip;]<\/p>\n","protected":false},"author":1,"featured_media":7476,"parent":4506,"menu_order":0,"comment_status":"closed","ping_status":"closed","template":"template_program-page_caf.php","meta":{"_monsterinsights_skip_tracking":false,"_monsterinsights_sitenote_active":false,"_monsterinsights_sitenote_note":"","_monsterinsights_sitenote_category":0,"footnotes":"","_links_to":"","_links_to_target":""},"class_list":["post-4512","page","type-page","status-publish","has-post-thumbnail","hentry"],"aioseo_notices":[],"publishpress_future_workflow_manual_trigger":{"enabledWorkflows":[]},"rttpg_featured_image_url":{"full":["https:\/\/www.seochc.on.ca\/wp-content\/uploads\/2023\/05\/Baby-and-me.jpg",250,163,false],"landscape":["https:\/\/www.seochc.on.ca\/wp-content\/uploads\/2023\/05\/Baby-and-me.jpg",250,163,false],"portraits":["https:\/\/www.seochc.on.ca\/wp-content\/uploads\/2023\/05\/Baby-and-me.jpg",250,163,false],"thumbnail":["https:\/\/www.seochc.on.ca\/wp-content\/uploads\/2023\/05\/Baby-and-me-150x150.jpg",150,150,true],"medium":["https:\/\/www.seochc.on.ca\/wp-content\/uploads\/2023\/05\/Baby-and-me.jpg",250,163,false],"large":["https:\/\/www.seochc.on.ca\/wp-content\/uploads\/2023\/05\/Baby-and-me.jpg",250,163,false],"1536x1536":["https:\/\/www.seochc.on.ca\/wp-content\/uploads\/2023\/05\/Baby-and-me.jpg",250,163,false],"2048x2048":["https:\/\/www.seochc.on.ca\/wp-content\/uploads\/2023\/05\/Baby-and-me.jpg",250,163,false],"trp-custom-language-flag":["https:\/\/www.seochc.on.ca\/wp-content\/uploads\/2023\/05\/Baby-and-me-18x12.jpg",18,12,true],"rt_custom":["https:\/\/www.seochc.on.ca\/wp-content\/uploads\/2023\/05\/Baby-and-me.jpg",250,163,false]},"rttpg_author":{"display_name":"mastercontroller","author_link":"https:\/\/www.seochc.on.ca\/fr\/author\/mastercontroller\/"},"rttpg_comment":0,"rttpg_category":null,"rttpg_excerpt":"Our Baby and Me program is a Canada Prenatal Nutrition Program that supports the health of pregnant women, mothers and babies in Ottawa. In this program, parents will learn about baby care, healthy eating, healthy pregnancy and meet other people who are breast-feeding. This program is facilitated by a Registered Dietician, Registered Nurse and International&hellip;","_links":{"self":[{"href":"https:\/\/www.seochc.on.ca\/fr\/wp-json\/wp\/v2\/pages\/4512","targetHints":{"allow":["GET"]}}],"collection":[{"href":"https:\/\/www.seochc.on.ca\/fr\/wp-json\/wp\/v2\/pages"}],"about":[{"href":"https:\/\/www.seochc.on.ca\/fr\/wp-json\/wp\/v2\/types\/page"}],"author":[{"embeddable":true,"href":"https:\/\/www.seochc.on.ca\/fr\/wp-json\/wp\/v2\/users\/1"}],"replies":[{"embeddable":true,"href":"https:\/\/www.seochc.on.ca\/fr\/wp-json\/wp\/v2\/comments?post=4512"}],"version-history":[{"count":13,"href":"https:\/\/www.seochc.on.ca\/fr\/wp-json\/wp\/v2\/pages\/4512\/revisions"}],"predecessor-version":[{"id":9515,"href":"https:\/\/www.seochc.on.ca\/fr\/wp-json\/wp\/v2\/pages\/4512\/revisions\/9515"}],"up":[{"embeddable":true,"href":"https:\/\/www.seochc.on.ca\/fr\/wp-json\/wp\/v2\/pages\/4506"}],"wp:featuredmedia":[{"embeddable":true,"href":"https:\/\/www.seochc.on.ca\/fr\/wp-json\/wp\/v2\/media\/7476"}],"wp:attachment":[{"href":"https:\/\/www.seochc.on.ca\/fr\/wp-json\/wp\/v2\/media?parent=4512"}],"curies":[{"name":"wp","href":"https:\/\/api.w.org\/{rel}","templated":true}]}}