{"id":4514,"date":"2022-02-11T18:36:59","date_gmt":"2022-02-11T18:36:59","guid":{"rendered":"https:\/\/www.seochc.on.ca\/?page_id=4514"},"modified":"2025-11-28T13:28:36","modified_gmt":"2025-11-28T18:28:36","slug":"breastfeeding-support","status":"publish","type":"page","link":"https:\/\/www.seochc.on.ca\/fr\/programs-and-services\/children-and-family\/breastfeeding-support\/","title":{"rendered":"Soutien \u00e0 l'allaitement"},"content":{"rendered":"<div class=\"wp-block-image\">\n<figure class=\"alignright size-medium\"><img fetchpriority=\"high\" decoding=\"async\" width=\"300\" height=\"200\" src=\"https:\/\/www.seochc.on.ca\/wp-content\/uploads\/2022\/05\/breastfeeding-support_inset-image-300x200.jpg\" alt=\"Woman breastfeeding in hospital bed.\" class=\"wp-image-5557\" srcset=\"https:\/\/www.seochc.on.ca\/wp-content\/uploads\/2022\/05\/breastfeeding-support_inset-image-300x200.jpg 300w, https:\/\/www.seochc.on.ca\/wp-content\/uploads\/2022\/05\/breastfeeding-support_inset-image-768x512.jpg 768w, https:\/\/www.seochc.on.ca\/wp-content\/uploads\/2022\/05\/breastfeeding-support_inset-image.jpg 800w\" sizes=\"(max-width: 300px) 100vw, 300px\" \/><\/figure>\n<\/div>\n\n\n<p>Le programme de soutien \u00e0 l'allaitement offre un soutien individualis\u00e9 aux familles pour les aider \u00e0 mettre en place et \u00e0 poursuivre avec succ\u00e8s l'allaitement. Notre consultante en lactation, certifi\u00e9e par le conseil d'administration, propose une formation fond\u00e9e sur des donn\u00e9es probantes et une assistance pratique pour r\u00e9pondre \u00e0 toute une s\u00e9rie de questions sur l'allaitement.<\/p>\n\n\n\n<h2 class=\"wp-block-heading has-white-color has-text-color has-background has-medium-font-size\" style=\"background-color:#10a1ea\">Crit\u00e8res d'\u00e9ligibilit\u00e9<\/h2>\n\n\n\n<p>Les parents doivent habiter dans la zone de recrutement. Pas de limite d'\u00e2ge.<\/p>\n\n\n\n<p><\/p>\n\n\n\n<h2 class=\"wp-block-heading has-white-color has-text-color has-background has-medium-font-size\" style=\"background-color:#10a1ea\">Heures d'ouverture<\/h2>\n\n\n\n<p>Les lundis de 9h \u00e0 16h et les jeudis de 9h \u00e0 16h <\/p>\n\n\n\n<p>Tel : 613-737-5115 ext 2327 Email :&nbsp;<a href=\"mailto:breastfeedinghelp@seochc.on.ca\" target=\"_blank\" rel=\"noreferrer noopener\">breastfeedinghelp@seochc.on.ca<\/a><\/p>\n\n\n\n<h2 class=\"wp-block-heading has-white-color has-text-color has-background has-medium-font-size\" style=\"background-color:#10a1ea\">Localisation<\/h2>\n\n\n\n<p>1495 Heatherington Rd- les lundis et le 1er mercredi, en apr\u00e8s-midi seulement<\/p>\n\n\n\n<p>1355 Bank Street, 7<sup>th<\/sup> Plancher - jeudi, 3\u00e8me mercredi<\/p>\n\n\n\n<p><\/p>","protected":false},"excerpt":{"rendered":"<p>The Breastfeeding Support Program provides individualized support to families to help successfully initiate and continue breastfeeding. Our board-certified lactation consultant offers evidence-based education and hands-on assistance to address a range of breastfeeding inquires. Eligibility Criteria Parents living within catchment. No age limit. Hours of Operation Mondays 9am-4pm &amp; Thursdays 9am-4pm Tel: 613-737-5115 ext 2327&nbsp;&nbsp;&nbsp;&nbsp;&nbsp;&nbsp;&nbsp;&nbsp;&nbsp;&nbsp;&nbsp;&nbsp;&nbsp;&nbsp; Email:&nbsp;breastfeedinghelp@seochc.on.ca [&hellip;]<\/p>\n","protected":false},"author":1,"featured_media":5558,"parent":4506,"menu_order":0,"comment_status":"closed","ping_status":"closed","template":"template_program-page_caf.php","meta":{"_monsterinsights_skip_tracking":false,"_monsterinsights_sitenote_active":false,"_monsterinsights_sitenote_note":"","_monsterinsights_sitenote_category":0,"footnotes":"","_links_to":"","_links_to_target":""},"class_list":["post-4514","page","type-page","status-publish","has-post-thumbnail","hentry"],"aioseo_notices":[],"publishpress_future_workflow_manual_trigger":{"enabledWorkflows":[]},"rttpg_featured_image_url":{"full":["https:\/\/www.seochc.on.ca\/wp-content\/uploads\/2022\/05\/breastfeeding-support_featured-image.jpg",1200,630,false],"landscape":["https:\/\/www.seochc.on.ca\/wp-content\/uploads\/2022\/05\/breastfeeding-support_featured-image.jpg",1200,630,false],"portraits":["https:\/\/www.seochc.on.ca\/wp-content\/uploads\/2022\/05\/breastfeeding-support_featured-image.jpg",1200,630,false],"thumbnail":["https:\/\/www.seochc.on.ca\/wp-content\/uploads\/2022\/05\/breastfeeding-support_featured-image-150x150.jpg",150,150,true],"medium":["https:\/\/www.seochc.on.ca\/wp-content\/uploads\/2022\/05\/breastfeeding-support_featured-image-300x158.jpg",300,158,true],"large":["https:\/\/www.seochc.on.ca\/wp-content\/uploads\/2022\/05\/breastfeeding-support_featured-image-1024x538.jpg",1024,538,true],"1536x1536":["https:\/\/www.seochc.on.ca\/wp-content\/uploads\/2022\/05\/breastfeeding-support_featured-image.jpg",1200,630,false],"2048x2048":["https:\/\/www.seochc.on.ca\/wp-content\/uploads\/2022\/05\/breastfeeding-support_featured-image.jpg",1200,630,false],"trp-custom-language-flag":["https:\/\/www.seochc.on.ca\/wp-content\/uploads\/2022\/05\/breastfeeding-support_featured-image.jpg",18,9,false],"rt_custom":["https:\/\/www.seochc.on.ca\/wp-content\/uploads\/2022\/05\/breastfeeding-support_featured-image.jpg",1200,630,false]},"rttpg_author":{"display_name":"mastercontroller","author_link":"https:\/\/www.seochc.on.ca\/fr\/author\/mastercontroller\/"},"rttpg_comment":0,"rttpg_category":null,"rttpg_excerpt":"The Breastfeeding Support Program provides individualized support to families to help successfully initiate and continue breastfeeding. Our board-certified lactation consultant offers evidence-based education and hands-on assistance to address a range of breastfeeding inquires. Eligibility Criteria Parents living within catchment. No age limit. Hours of Operation Mondays 9am-4pm &amp; Thursdays 9am-4pm Tel: 613-737-5115 ext 2327&nbsp;&nbsp;&nbsp;&nbsp;&nbsp;&nbsp;&nbsp;&nbsp;&nbsp;&nbsp;&nbsp;&nbsp;&nbsp;&nbsp; Email:&nbsp;breastfeedinghelp@seochc.on.ca&hellip;","_links":{"self":[{"href":"https:\/\/www.seochc.on.ca\/fr\/wp-json\/wp\/v2\/pages\/4514","targetHints":{"allow":["GET"]}}],"collection":[{"href":"https:\/\/www.seochc.on.ca\/fr\/wp-json\/wp\/v2\/pages"}],"about":[{"href":"https:\/\/www.seochc.on.ca\/fr\/wp-json\/wp\/v2\/types\/page"}],"author":[{"embeddable":true,"href":"https:\/\/www.seochc.on.ca\/fr\/wp-json\/wp\/v2\/users\/1"}],"replies":[{"embeddable":true,"href":"https:\/\/www.seochc.on.ca\/fr\/wp-json\/wp\/v2\/comments?post=4514"}],"version-history":[{"count":8,"href":"https:\/\/www.seochc.on.ca\/fr\/wp-json\/wp\/v2\/pages\/4514\/revisions"}],"predecessor-version":[{"id":9715,"href":"https:\/\/www.seochc.on.ca\/fr\/wp-json\/wp\/v2\/pages\/4514\/revisions\/9715"}],"up":[{"embeddable":true,"href":"https:\/\/www.seochc.on.ca\/fr\/wp-json\/wp\/v2\/pages\/4506"}],"wp:featuredmedia":[{"embeddable":true,"href":"https:\/\/www.seochc.on.ca\/fr\/wp-json\/wp\/v2\/media\/5558"}],"wp:attachment":[{"href":"https:\/\/www.seochc.on.ca\/fr\/wp-json\/wp\/v2\/media?parent=4514"}],"curies":[{"name":"wp","href":"https:\/\/api.w.org\/{rel}","templated":true}]}}