{"id":4524,"date":"2022-02-11T18:38:48","date_gmt":"2022-02-11T18:38:48","guid":{"rendered":"https:\/\/www.seochc.on.ca\/?page_id=4524"},"modified":"2025-10-15T11:12:15","modified_gmt":"2025-10-15T15:12:15","slug":"parent-connection-group","status":"publish","type":"page","link":"https:\/\/www.seochc.on.ca\/fr\/programs-and-services\/children-and-family\/parent-connection-group\/","title":{"rendered":"Groupe de connexion des parents"},"content":{"rendered":"<div class=\"wp-block-image\">\n<figure class=\"alignright size-medium\"><img fetchpriority=\"high\" decoding=\"async\" width=\"300\" height=\"200\" src=\"https:\/\/www.seochc.on.ca\/wp-content\/uploads\/2022\/03\/fimage_parent-connection-group-300x200.jpg\" alt=\"Parents and toddlers sitting together on the floor.\" class=\"wp-image-4924\" srcset=\"https:\/\/www.seochc.on.ca\/wp-content\/uploads\/2022\/03\/fimage_parent-connection-group-300x200.jpg 300w, https:\/\/www.seochc.on.ca\/wp-content\/uploads\/2022\/03\/fimage_parent-connection-group-768x512.jpg 768w, https:\/\/www.seochc.on.ca\/wp-content\/uploads\/2022\/03\/fimage_parent-connection-group.jpg 800w\" sizes=\"(max-width: 300px) 100vw, 300px\" \/><\/figure>\n<\/div>\n\n\n<p>Notre Parent Connection Group est un programme EarlyON et Early Years destin\u00e9 aux femmes enceintes et aux parents d'enfants de 0 \u00e0 24 mois. Ce programme offre l'opportunit\u00e9 d'entrer en contact les uns avec les autres et de poser vos questions \u00e0 notre infirmi\u00e8re dipl\u00f4m\u00e9e et au personnel de la petite enfance.&nbsp;<\/p>\n\n\n\n<ul class=\"wp-block-list\">\n<li>Activit\u00e9s amusantes : Jouer avec le b\u00e9b\u00e9 et moi, chansons et histoires<\/li>\n\n\n\n<li>Obtenir des conseils de professionnels form\u00e9s aux soins pr\u00e9nataux et au d\u00e9veloppement de la petite enfance<\/li>\n\n\n\n<li>Renseignez-vous sur les autres services destin\u00e9s aux familles dans votre communaut\u00e9<\/li>\n\n\n\n<li>Rencontrer d'autres familles avec de jeunes enfants<\/li>\n<\/ul>\n\n\n\n<h2 class=\"wp-block-heading has-white-color has-text-color has-background has-medium-font-size\" style=\"background-color:#10a1ea\">Crit\u00e8res d'\u00e9ligibilit\u00e9<\/h2>\n\n\n\n<p>Pour vous inscrire, appelez notre infirmi\u00e8re dipl\u00f4m\u00e9e de la petite enfance au (613) 737-7195, poste 2379.<\/p>\n\n\n\n<h2 class=\"wp-block-heading has-white-color has-text-color has-background has-medium-font-size\" style=\"background-color:#10a1ea\">Heures d'ouverture<\/h2>\n\n\n\n<p>Tous les mardis apr\u00e8s-midi de 13h00 \u00e0 14h30<\/p>\n\n\n\n<h2 class=\"wp-block-heading has-white-color has-text-color has-background has-medium-font-size\" style=\"background-color:#10a1ea\">Localisation<\/h2>\n\n\n\n<p>Centre familial Heatherington, 1495 Heatherington Road, Ottawa, ON<\/p>","protected":false},"excerpt":{"rendered":"<p>Our Parent Connection Group is an EarlyON and Early Years program for pregnant people and parents with children 0-24 months. This program offers an opportunity to connect with each other and have a chance to ask our Registered Nurse and Early Years Staff your questions.&nbsp; Eligibility Criteria To register call our Early Years Registered Nurse [&hellip;]<\/p>\n","protected":false},"author":1,"featured_media":5349,"parent":4506,"menu_order":0,"comment_status":"closed","ping_status":"closed","template":"template_program-page_caf.php","meta":{"_monsterinsights_skip_tracking":false,"_monsterinsights_sitenote_active":false,"_monsterinsights_sitenote_note":"","_monsterinsights_sitenote_category":0,"footnotes":"","_links_to":"","_links_to_target":""},"class_list":["post-4524","page","type-page","status-publish","has-post-thumbnail","hentry"],"aioseo_notices":[],"publishpress_future_workflow_manual_trigger":{"enabledWorkflows":[]},"rttpg_featured_image_url":{"full":["https:\/\/www.seochc.on.ca\/wp-content\/uploads\/2022\/03\/parent-connection-group_featured-image.jpg",1200,630,false],"landscape":["https:\/\/www.seochc.on.ca\/wp-content\/uploads\/2022\/03\/parent-connection-group_featured-image.jpg",1200,630,false],"portraits":["https:\/\/www.seochc.on.ca\/wp-content\/uploads\/2022\/03\/parent-connection-group_featured-image.jpg",1200,630,false],"thumbnail":["https:\/\/www.seochc.on.ca\/wp-content\/uploads\/2022\/03\/parent-connection-group_featured-image-150x150.jpg",150,150,true],"medium":["https:\/\/www.seochc.on.ca\/wp-content\/uploads\/2022\/03\/parent-connection-group_featured-image-300x158.jpg",300,158,true],"large":["https:\/\/www.seochc.on.ca\/wp-content\/uploads\/2022\/03\/parent-connection-group_featured-image-1024x538.jpg",1024,538,true],"1536x1536":["https:\/\/www.seochc.on.ca\/wp-content\/uploads\/2022\/03\/parent-connection-group_featured-image.jpg",1200,630,false],"2048x2048":["https:\/\/www.seochc.on.ca\/wp-content\/uploads\/2022\/03\/parent-connection-group_featured-image.jpg",1200,630,false],"trp-custom-language-flag":["https:\/\/www.seochc.on.ca\/wp-content\/uploads\/2022\/03\/parent-connection-group_featured-image.jpg",18,9,false],"rt_custom":["https:\/\/www.seochc.on.ca\/wp-content\/uploads\/2022\/03\/parent-connection-group_featured-image.jpg",1200,630,false]},"rttpg_author":{"display_name":"mastercontroller","author_link":"https:\/\/www.seochc.on.ca\/fr\/author\/mastercontroller\/"},"rttpg_comment":0,"rttpg_category":null,"rttpg_excerpt":"Our Parent Connection Group is an EarlyON and Early Years program for pregnant people and parents with children 0-24 months. This program offers an opportunity to connect with each other and have a chance to ask our Registered Nurse and Early Years Staff your questions.&nbsp; Eligibility Criteria To register call our Early Years Registered Nurse&hellip;","_links":{"self":[{"href":"https:\/\/www.seochc.on.ca\/fr\/wp-json\/wp\/v2\/pages\/4524","targetHints":{"allow":["GET"]}}],"collection":[{"href":"https:\/\/www.seochc.on.ca\/fr\/wp-json\/wp\/v2\/pages"}],"about":[{"href":"https:\/\/www.seochc.on.ca\/fr\/wp-json\/wp\/v2\/types\/page"}],"author":[{"embeddable":true,"href":"https:\/\/www.seochc.on.ca\/fr\/wp-json\/wp\/v2\/users\/1"}],"replies":[{"embeddable":true,"href":"https:\/\/www.seochc.on.ca\/fr\/wp-json\/wp\/v2\/comments?post=4524"}],"version-history":[{"count":7,"href":"https:\/\/www.seochc.on.ca\/fr\/wp-json\/wp\/v2\/pages\/4524\/revisions"}],"predecessor-version":[{"id":9594,"href":"https:\/\/www.seochc.on.ca\/fr\/wp-json\/wp\/v2\/pages\/4524\/revisions\/9594"}],"up":[{"embeddable":true,"href":"https:\/\/www.seochc.on.ca\/fr\/wp-json\/wp\/v2\/pages\/4506"}],"wp:featuredmedia":[{"embeddable":true,"href":"https:\/\/www.seochc.on.ca\/fr\/wp-json\/wp\/v2\/media\/5349"}],"wp:attachment":[{"href":"https:\/\/www.seochc.on.ca\/fr\/wp-json\/wp\/v2\/media?parent=4524"}],"curies":[{"name":"wp","href":"https:\/\/api.w.org\/{rel}","templated":true}]}}