{"id":4532,"date":"2022-02-11T18:40:08","date_gmt":"2022-02-11T18:40:08","guid":{"rendered":"https:\/\/www.seochc.on.ca\/?page_id=4532"},"modified":"2026-03-04T13:33:32","modified_gmt":"2026-03-04T18:33:32","slug":"prenatal-drop-in","status":"publish","type":"page","link":"https:\/\/www.seochc.on.ca\/fr\/programs-and-services\/primary-care\/prenatal-drop-in\/","title":{"rendered":"Consultations pr\u00e9natales"},"content":{"rendered":"<div data-elementor-type=\"wp-page\" data-elementor-id=\"4532\" class=\"elementor elementor-4532\">\n\t\t\t\t\t\t<section class=\"elementor-section elementor-top-section elementor-element elementor-element-4458ea4d elementor-section-boxed elementor-section-height-default elementor-section-height-default\" data-id=\"4458ea4d\" data-element_type=\"section\" data-e-type=\"section\">\n\t\t\t\t\t\t<div class=\"elementor-container elementor-column-gap-default\">\n\t\t\t\t\t<div class=\"elementor-column elementor-col-100 elementor-top-column elementor-element elementor-element-7f54bd86\" data-id=\"7f54bd86\" data-element_type=\"column\" data-e-type=\"column\">\n\t\t\t<div class=\"elementor-widget-wrap elementor-element-populated\">\n\t\t\t\t\t\t<div class=\"elementor-element elementor-element-c650676 elementor-widget elementor-widget-text-editor\" data-id=\"c650676\" data-element_type=\"widget\" data-e-type=\"widget\" data-widget_type=\"text-editor.default\">\n\t\t\t\t<div class=\"elementor-widget-container\">\n\t\t\t\t\t\t\t\t\t<figure class=\"wp-block-image alignright size-medium\"><img decoding=\"async\" width=\"300\" height=\"158\" class=\"wp-image-5015\" src=\"https:\/\/www.seochc.on.ca\/wp-content\/uploads\/2022\/03\/prenatal-breastfeeding-information-sessions_featured-image-300x158.jpg\" alt=\"Woman breastfeeding infant wearing striped onesie.\" srcset=\"https:\/\/www.seochc.on.ca\/wp-content\/uploads\/2022\/03\/prenatal-breastfeeding-information-sessions_featured-image-300x158.jpg 300w, https:\/\/www.seochc.on.ca\/wp-content\/uploads\/2022\/03\/prenatal-breastfeeding-information-sessions_featured-image-1024x538.jpg 1024w, https:\/\/www.seochc.on.ca\/wp-content\/uploads\/2022\/03\/prenatal-breastfeeding-information-sessions_featured-image-768x403.jpg 768w, https:\/\/www.seochc.on.ca\/wp-content\/uploads\/2022\/03\/prenatal-breastfeeding-information-sessions_featured-image.jpg 1200w\" sizes=\"(max-width: 300px) 100vw, 300px\" \/><\/figure>\n<p><!-- \/wp:image --><!-- wp:paragraph --><\/p>\n<p>Le programme d'accueil pr\u00e9natal de SEO est un espace accueillant qui permet aux femmes enceintes et \u00e0 leurs partenaires de se rencontrer, d'apprendre et de se pr\u00e9parer \u00e0 la naissance et \u00e0 l'\u00e9ducation des enfants.\u00a0<\/p>\n<p><!-- \/wp:paragraph --><!-- wp:paragraph --><\/p>\n<p>Dirig\u00e9es par une sage-femme exp\u00e9riment\u00e9e, ces s\u00e9ances offrent :<\/p>\n<p><!-- \/wp:paragraph --><!-- wp:paragraph --><\/p>\n<ul>\n<li>Soutien 1:1 avec une sage-femme<\/li>\n<li>Informations sur la grossesse, l'accouchement et les soins au nouveau-n\u00e9<\/li>\n<li>Conseils sur le plan de naissance<\/li>\n<li>Connexion aux ressources communautaires<\/li>\n<li>Connexion entre pairs et discussions de groupe<\/li>\n<li>Et plus encore.<\/li>\n<\/ul>\n<p><!-- \/wp:paragraph --><!-- wp:paragraph --><\/p>\n<p><!-- \/wp:paragraph --><!-- wp:paragraph --><\/p>\n<p><!-- \/wp:paragraph --><!-- wp:paragraph --><\/p>\n<p><!-- \/wp:paragraph --><!-- wp:paragraph --><\/p>\n<p><!-- \/wp:paragraph --><!-- wp:heading {\"style\":{\"color\":{\"background\":\"#10a1ea\"}},\"textColor\":\"white\",\"fontSize\":\"medium\"} --><\/p>\n<h2 class=\"wp-block-heading has-white-color has-text-color has-background has-medium-font-size\" style=\"background-color: #10a1ea;\">Crit\u00e8res d'\u00e9ligibilit\u00e9<\/h2>\n<p><!-- \/wp:heading --><!-- wp:paragraph --><\/p>\n<p>Toutes les personnes enceintes et en post-partum<\/p>\n<p><!-- \/wp:paragraph --><!-- wp:paragraph --><\/p>\n<p>Aucune inscription ou recommandation n'est n\u00e9cessaire<\/p>\n<p><!-- \/wp:paragraph --><!-- wp:heading {\"style\":{\"color\":{\"background\":\"#10a1ea\"}},\"textColor\":\"white\",\"fontSize\":\"medium\"} --><\/p>\n<h2 class=\"wp-block-heading has-white-color has-text-color has-background has-medium-font-size\" style=\"background-color: #10a1ea;\">Heures d'ouverture<\/h2>\n<p><!-- \/wp:heading --><!-- wp:paragraph --><\/p>\n<p>Les jeudis de 10h \u00e0 12h<br \/>Appeler le 613-212-9667 | Faxer le 1-833-664-8803<br \/>Courrier \u00e9lectronique <a href=\"mailto:PCWclinic@seochc.on.ca\">PCWclinic@seochc.on.ca<\/a><\/p>\n<p><!-- \/wp:paragraph --><!-- wp:heading {\"style\":{\"color\":{\"background\":\"#10a1ea\"}},\"textColor\":\"white\",\"fontSize\":\"medium\"} --><\/p>\n<h2 class=\"wp-block-heading has-white-color has-text-color has-background has-medium-font-size\" style=\"background-color: #10a1ea;\">Localisation<\/h2>\n<p><!-- \/wp:heading --><!-- wp:paragraph --><\/p>\n<p>Virtuel sur <a href=\"https:\/\/www.zoom.com\/\" target=\"_blank\" rel=\"noopener\">Zoom<\/a><br \/><img fetchpriority=\"high\" decoding=\"async\" class=\"alignnone size-medium wp-image-10083\" src=\"https:\/\/www.seochc.on.ca\/wp-content\/uploads\/2026\/03\/prenatal-virtual-drop-in-QR-code-294x300.png\" alt=\"prenatal virtual drop-in qr code\" width=\"294\" height=\"300\" srcset=\"https:\/\/www.seochc.on.ca\/wp-content\/uploads\/2026\/03\/prenatal-virtual-drop-in-QR-code-294x300.png 294w, https:\/\/www.seochc.on.ca\/wp-content\/uploads\/2026\/03\/prenatal-virtual-drop-in-QR-code-12x12.png 12w, https:\/\/www.seochc.on.ca\/wp-content\/uploads\/2026\/03\/prenatal-virtual-drop-in-QR-code.png 543w\" sizes=\"(max-width: 294px) 100vw, 294px\" \/><\/p>\n<p><!-- \/wp:paragraph --><!-- wp:paragraph --><\/p>\n<p><!-- \/wp:paragraph --><\/p>\t\t\t\t\t\t\t\t<\/div>\n\t\t\t\t<\/div>\n\t\t\t\t\t<\/div>\n\t\t<\/div>\n\t\t\t\t\t<\/div>\n\t\t<\/section>\n\t\t\t\t<\/div>","protected":false},"excerpt":{"rendered":"<p>SEO\u2019s Prenatal Drop-In Program is a welcoming space for pregnant individuals and their support partners to connect, learn and prepare for birth and parenting.\u00a0 Led by an experienced midwife, these sessions offer: 1:1 support with a midwife Information about pregnancy, birth, and newborn care Birth plan guidance Connection to community resources Peer connection and group [&hellip;]<\/p>\n","protected":false},"author":1,"featured_media":5073,"parent":4526,"menu_order":0,"comment_status":"closed","ping_status":"closed","template":"template_program-page_pc.php","meta":{"_monsterinsights_skip_tracking":false,"_monsterinsights_sitenote_active":false,"_monsterinsights_sitenote_note":"","_monsterinsights_sitenote_category":0,"footnotes":"","_links_to":"","_links_to_target":""},"class_list":["post-4532","page","type-page","status-publish","has-post-thumbnail","hentry"],"aioseo_notices":[],"publishpress_future_workflow_manual_trigger":{"enabledWorkflows":[]},"rttpg_featured_image_url":{"full":["https:\/\/www.seochc.on.ca\/wp-content\/uploads\/2022\/03\/nutrition-nav-tile_prenatal-breastfeeding-information-sessions.jpg",377,504,false],"landscape":["https:\/\/www.seochc.on.ca\/wp-content\/uploads\/2022\/03\/nutrition-nav-tile_prenatal-breastfeeding-information-sessions.jpg",377,504,false],"portraits":["https:\/\/www.seochc.on.ca\/wp-content\/uploads\/2022\/03\/nutrition-nav-tile_prenatal-breastfeeding-information-sessions.jpg",377,504,false],"thumbnail":["https:\/\/www.seochc.on.ca\/wp-content\/uploads\/2022\/03\/nutrition-nav-tile_prenatal-breastfeeding-information-sessions-150x150.jpg",150,150,true],"medium":["https:\/\/www.seochc.on.ca\/wp-content\/uploads\/2022\/03\/nutrition-nav-tile_prenatal-breastfeeding-information-sessions-224x300.jpg",224,300,true],"large":["https:\/\/www.seochc.on.ca\/wp-content\/uploads\/2022\/03\/nutrition-nav-tile_prenatal-breastfeeding-information-sessions.jpg",377,504,false],"1536x1536":["https:\/\/www.seochc.on.ca\/wp-content\/uploads\/2022\/03\/nutrition-nav-tile_prenatal-breastfeeding-information-sessions.jpg",377,504,false],"2048x2048":["https:\/\/www.seochc.on.ca\/wp-content\/uploads\/2022\/03\/nutrition-nav-tile_prenatal-breastfeeding-information-sessions.jpg",377,504,false],"trp-custom-language-flag":["https:\/\/www.seochc.on.ca\/wp-content\/uploads\/2022\/03\/nutrition-nav-tile_prenatal-breastfeeding-information-sessions.jpg",9,12,false],"rt_custom":["https:\/\/www.seochc.on.ca\/wp-content\/uploads\/2022\/03\/nutrition-nav-tile_prenatal-breastfeeding-information-sessions.jpg",377,504,false]},"rttpg_author":{"display_name":"mastercontroller","author_link":"https:\/\/www.seochc.on.ca\/fr\/author\/mastercontroller\/"},"rttpg_comment":0,"rttpg_category":null,"rttpg_excerpt":"SEO\u2019s Prenatal Drop-In Program is a welcoming space for pregnant individuals and their support partners to connect, learn and prepare for birth and parenting.\u00a0 Led by an experienced midwife, these sessions offer: 1:1 support with a midwife Information about pregnancy, birth, and newborn care Birth plan guidance Connection to community resources Peer connection and group&hellip;","_links":{"self":[{"href":"https:\/\/www.seochc.on.ca\/fr\/wp-json\/wp\/v2\/pages\/4532","targetHints":{"allow":["GET"]}}],"collection":[{"href":"https:\/\/www.seochc.on.ca\/fr\/wp-json\/wp\/v2\/pages"}],"about":[{"href":"https:\/\/www.seochc.on.ca\/fr\/wp-json\/wp\/v2\/types\/page"}],"author":[{"embeddable":true,"href":"https:\/\/www.seochc.on.ca\/fr\/wp-json\/wp\/v2\/users\/1"}],"replies":[{"embeddable":true,"href":"https:\/\/www.seochc.on.ca\/fr\/wp-json\/wp\/v2\/comments?post=4532"}],"version-history":[{"count":15,"href":"https:\/\/www.seochc.on.ca\/fr\/wp-json\/wp\/v2\/pages\/4532\/revisions"}],"predecessor-version":[{"id":10087,"href":"https:\/\/www.seochc.on.ca\/fr\/wp-json\/wp\/v2\/pages\/4532\/revisions\/10087"}],"up":[{"embeddable":true,"href":"https:\/\/www.seochc.on.ca\/fr\/wp-json\/wp\/v2\/pages\/4526"}],"wp:featuredmedia":[{"embeddable":true,"href":"https:\/\/www.seochc.on.ca\/fr\/wp-json\/wp\/v2\/media\/5073"}],"wp:attachment":[{"href":"https:\/\/www.seochc.on.ca\/fr\/wp-json\/wp\/v2\/media?parent=4532"}],"curies":[{"name":"wp","href":"https:\/\/api.w.org\/{rel}","templated":true}]}}