{"id":4542,"date":"2022-02-11T18:42:40","date_gmt":"2022-02-11T18:42:40","guid":{"rendered":"https:\/\/www.seochc.on.ca\/?page_id=4542"},"modified":"2024-03-27T08:21:28","modified_gmt":"2024-03-27T12:21:28","slug":"practical-support-and-counselling","status":"publish","type":"page","link":"https:\/\/www.seochc.on.ca\/fr\/programs-and-services\/practical-support-and-counselling\/","title":{"rendered":"Soutien pratique et conseils"},"content":{"rendered":"<div data-elementor-type=\"wp-page\" data-elementor-id=\"4542\" class=\"elementor elementor-4542\">\n\t\t\t\t\t\t<section class=\"elementor-section elementor-top-section elementor-element elementor-element-fc93e1c elementor-section-boxed elementor-section-height-default elementor-section-height-default\" data-id=\"fc93e1c\" data-element_type=\"section\" data-e-type=\"section\">\n\t\t\t\t\t\t<div class=\"elementor-container elementor-column-gap-default\">\n\t\t\t\t\t<div class=\"elementor-column elementor-col-100 elementor-top-column elementor-element elementor-element-7f4ff77\" data-id=\"7f4ff77\" data-element_type=\"column\" data-e-type=\"column\">\n\t\t\t<div class=\"elementor-widget-wrap elementor-element-populated\">\n\t\t\t\t\t\t<div class=\"elementor-element elementor-element-47a97b8 parent-page-title elementor-widget__width-auto elementor-widget elementor-widget-heading\" data-id=\"47a97b8\" data-element_type=\"widget\" data-e-type=\"widget\" data-widget_type=\"heading.default\">\n\t\t\t\t<div class=\"elementor-widget-container\">\n\t\t\t\t\t<h1 class=\"elementor-heading-title elementor-size-default\">Soutien pratique et conseils<\/h1>\t\t\t\t<\/div>\n\t\t\t\t<\/div>\n\t\t\t\t\t<\/div>\n\t\t<\/div>\n\t\t\t\t\t<\/div>\n\t\t<\/section>\n\t\t\t\t<section class=\"elementor-section elementor-top-section elementor-element elementor-element-edd10f5 elementor-section-boxed elementor-section-height-default elementor-section-height-default\" data-id=\"edd10f5\" data-element_type=\"section\" data-e-type=\"section\">\n\t\t\t\t\t\t<div class=\"elementor-container elementor-column-gap-default\">\n\t\t\t\t\t<div class=\"elementor-column elementor-col-25 elementor-top-column elementor-element elementor-element-4c8e7b4\" data-id=\"4c8e7b4\" data-element_type=\"column\" data-e-type=\"column\">\n\t\t\t<div class=\"elementor-widget-wrap elementor-element-populated\">\n\t\t\t\t\t\t<div class=\"elementor-element elementor-element-fdf494b parent-page-nav-tile e-transform elementor-position-top elementor-invisible elementor-widget elementor-widget-image-box\" data-id=\"fdf494b\" data-element_type=\"widget\" data-e-type=\"widget\" data-settings=\"{&quot;_animation&quot;:&quot;fadeInDown&quot;,&quot;_transform_scale_effect_hover&quot;:{&quot;unit&quot;:&quot;px&quot;,&quot;size&quot;:1.0500000000000000444089209850062616169452667236328125,&quot;sizes&quot;:[]},&quot;_transform_scale_effect_hover_tablet&quot;:{&quot;unit&quot;:&quot;px&quot;,&quot;size&quot;:&quot;&quot;,&quot;sizes&quot;:[]},&quot;_transform_scale_effect_hover_mobile&quot;:{&quot;unit&quot;:&quot;px&quot;,&quot;size&quot;:&quot;&quot;,&quot;sizes&quot;:[]}}\" data-widget_type=\"image-box.default\">\n\t\t\t\t<div class=\"elementor-widget-container\">\n\t\t\t\t\t<div class=\"elementor-image-box-wrapper\"><figure class=\"elementor-image-box-img\"><a href=\"https:\/\/www.seochc.on.ca\/fr\/programs-and-services\/practical-support-and-counselling\/intake-and-counselling-services\/\" tabindex=\"-1\"><img fetchpriority=\"high\" decoding=\"async\" width=\"377\" height=\"504\" src=\"https:\/\/www.seochc.on.ca\/wp-content\/uploads\/2022\/03\/counselling-practical-supports-nav-tile_intake-and-counselling-services.jpg\" class=\"attachment-full size-full wp-image-5241\" alt=\"Closeup of outstretched hand ready to catch falling paper cutout people.\" srcset=\"https:\/\/www.seochc.on.ca\/wp-content\/uploads\/2022\/03\/counselling-practical-supports-nav-tile_intake-and-counselling-services.jpg 377w, https:\/\/www.seochc.on.ca\/wp-content\/uploads\/2022\/03\/counselling-practical-supports-nav-tile_intake-and-counselling-services-224x300.jpg 224w\" sizes=\"(max-width: 377px) 100vw, 377px\" \/><\/a><\/figure><div class=\"elementor-image-box-content\"><h2 class=\"elementor-image-box-title\"><a href=\"https:\/\/www.seochc.on.ca\/fr\/programs-and-services\/practical-support-and-counselling\/intake-and-counselling-services\/\">Services d'accueil et de conseil<\/a><\/h2><\/div><\/div>\t\t\t\t<\/div>\n\t\t\t\t<\/div>\n\t\t\t\t\t<\/div>\n\t\t<\/div>\n\t\t\t\t<div class=\"elementor-column elementor-col-25 elementor-top-column elementor-element elementor-element-2c06813\" data-id=\"2c06813\" data-element_type=\"column\" data-e-type=\"column\">\n\t\t\t<div class=\"elementor-widget-wrap elementor-element-populated\">\n\t\t\t\t\t\t<div class=\"elementor-element elementor-element-6453376 parent-page-nav-tile e-transform elementor-position-top elementor-invisible elementor-widget elementor-widget-image-box\" data-id=\"6453376\" data-element_type=\"widget\" data-e-type=\"widget\" data-settings=\"{&quot;_animation&quot;:&quot;fadeInDown&quot;,&quot;_transform_scale_effect_hover&quot;:{&quot;unit&quot;:&quot;px&quot;,&quot;size&quot;:1.0500000000000000444089209850062616169452667236328125,&quot;sizes&quot;:[]},&quot;_transform_scale_effect_hover_tablet&quot;:{&quot;unit&quot;:&quot;px&quot;,&quot;size&quot;:&quot;&quot;,&quot;sizes&quot;:[]},&quot;_transform_scale_effect_hover_mobile&quot;:{&quot;unit&quot;:&quot;px&quot;,&quot;size&quot;:&quot;&quot;,&quot;sizes&quot;:[]}}\" data-widget_type=\"image-box.default\">\n\t\t\t\t<div class=\"elementor-widget-container\">\n\t\t\t\t\t<div class=\"elementor-image-box-wrapper\"><figure class=\"elementor-image-box-img\"><a href=\"https:\/\/www.seochc.on.ca\/fr\/programs-and-services\/practical-support-and-counselling\/food-navigation-and-supports\/\" tabindex=\"-1\"><img decoding=\"async\" width=\"377\" height=\"504\" src=\"https:\/\/www.seochc.on.ca\/wp-content\/uploads\/2022\/03\/counselling-practical-supports-nav-tile_food-support.jpg\" class=\"attachment-full size-full wp-image-5244\" alt=\"Assortment of perishable and non-perishable food items.\" srcset=\"https:\/\/www.seochc.on.ca\/wp-content\/uploads\/2022\/03\/counselling-practical-supports-nav-tile_food-support.jpg 377w, https:\/\/www.seochc.on.ca\/wp-content\/uploads\/2022\/03\/counselling-practical-supports-nav-tile_food-support-224x300.jpg 224w\" sizes=\"(max-width: 377px) 100vw, 377px\" \/><\/a><\/figure><div class=\"elementor-image-box-content\"><h2 class=\"elementor-image-box-title\"><a href=\"https:\/\/www.seochc.on.ca\/fr\/programs-and-services\/practical-support-and-counselling\/food-navigation-and-supports\/\">Navigation alimentaire et soutien<\/a><\/h2><\/div><\/div>\t\t\t\t<\/div>\n\t\t\t\t<\/div>\n\t\t\t\t\t<\/div>\n\t\t<\/div>\n\t\t\t\t<div class=\"elementor-column elementor-col-25 elementor-top-column elementor-element elementor-element-6b4b904\" data-id=\"6b4b904\" data-element_type=\"column\" data-e-type=\"column\">\n\t\t\t<div class=\"elementor-widget-wrap elementor-element-populated\">\n\t\t\t\t\t\t<div class=\"elementor-element elementor-element-d7a2e40 parent-page-nav-tile e-transform elementor-position-top elementor-invisible elementor-widget elementor-widget-image-box\" data-id=\"d7a2e40\" data-element_type=\"widget\" data-e-type=\"widget\" data-settings=\"{&quot;_animation&quot;:&quot;fadeInDown&quot;,&quot;_transform_scale_effect_hover&quot;:{&quot;unit&quot;:&quot;px&quot;,&quot;size&quot;:1.0500000000000000444089209850062616169452667236328125,&quot;sizes&quot;:[]},&quot;_transform_scale_effect_hover_tablet&quot;:{&quot;unit&quot;:&quot;px&quot;,&quot;size&quot;:&quot;&quot;,&quot;sizes&quot;:[]},&quot;_transform_scale_effect_hover_mobile&quot;:{&quot;unit&quot;:&quot;px&quot;,&quot;size&quot;:&quot;&quot;,&quot;sizes&quot;:[]}}\" data-widget_type=\"image-box.default\">\n\t\t\t\t<div class=\"elementor-widget-container\">\n\t\t\t\t\t<div class=\"elementor-image-box-wrapper\"><figure class=\"elementor-image-box-img\"><a href=\"https:\/\/www.seochc.on.ca\/fr\/programs-and-services\/practical-support-and-counselling\/income-support-and-advocacy\/\" tabindex=\"-1\"><img decoding=\"async\" width=\"377\" height=\"504\" src=\"https:\/\/www.seochc.on.ca\/wp-content\/uploads\/2022\/03\/counselling-practical-supports-nav-tile_income-support-and-advocacy-1.jpg\" class=\"attachment-full size-full wp-image-5242\" alt=\"A tiny house sitting on a table next to a calculator.\" srcset=\"https:\/\/www.seochc.on.ca\/wp-content\/uploads\/2022\/03\/counselling-practical-supports-nav-tile_income-support-and-advocacy-1.jpg 377w, https:\/\/www.seochc.on.ca\/wp-content\/uploads\/2022\/03\/counselling-practical-supports-nav-tile_income-support-and-advocacy-1-224x300.jpg 224w\" sizes=\"(max-width: 377px) 100vw, 377px\" \/><\/a><\/figure><div class=\"elementor-image-box-content\"><h2 class=\"elementor-image-box-title\"><a href=\"https:\/\/www.seochc.on.ca\/fr\/programs-and-services\/practical-support-and-counselling\/income-support-and-advocacy\/\">Aide au revenu et d\u00e9fense des int\u00e9r\u00eats<\/a><\/h2><\/div><\/div>\t\t\t\t<\/div>\n\t\t\t\t<\/div>\n\t\t\t\t\t<\/div>\n\t\t<\/div>\n\t\t\t\t<div class=\"elementor-column elementor-col-25 elementor-top-column elementor-element elementor-element-e1e8e57\" data-id=\"e1e8e57\" data-element_type=\"column\" data-e-type=\"column\">\n\t\t\t<div class=\"elementor-widget-wrap elementor-element-populated\">\n\t\t\t\t\t\t<div class=\"elementor-element elementor-element-78f8038 parent-page-nav-tile e-transform elementor-position-top elementor-invisible elementor-widget elementor-widget-image-box\" data-id=\"78f8038\" data-element_type=\"widget\" data-e-type=\"widget\" data-settings=\"{&quot;_animation&quot;:&quot;fadeInDown&quot;,&quot;_transform_scale_effect_hover&quot;:{&quot;unit&quot;:&quot;px&quot;,&quot;size&quot;:1.0500000000000000444089209850062616169452667236328125,&quot;sizes&quot;:[]},&quot;_transform_scale_effect_hover_tablet&quot;:{&quot;unit&quot;:&quot;px&quot;,&quot;size&quot;:&quot;&quot;,&quot;sizes&quot;:[]},&quot;_transform_scale_effect_hover_mobile&quot;:{&quot;unit&quot;:&quot;px&quot;,&quot;size&quot;:&quot;&quot;,&quot;sizes&quot;:[]}}\" data-widget_type=\"image-box.default\">\n\t\t\t\t<div class=\"elementor-widget-container\">\n\t\t\t\t\t<div class=\"elementor-image-box-wrapper\"><figure class=\"elementor-image-box-img\"><a href=\"https:\/\/www.seochc.on.ca\/fr\/programs-and-services\/practical-support-and-counselling\/counselling\/\" tabindex=\"-1\"><img loading=\"lazy\" decoding=\"async\" width=\"377\" height=\"504\" src=\"https:\/\/www.seochc.on.ca\/wp-content\/uploads\/2022\/03\/counselling-practical-supports-nav-tile_counselling-1.jpg\" class=\"attachment-full size-full wp-image-5245\" alt=\"\" srcset=\"https:\/\/www.seochc.on.ca\/wp-content\/uploads\/2022\/03\/counselling-practical-supports-nav-tile_counselling-1.jpg 377w, https:\/\/www.seochc.on.ca\/wp-content\/uploads\/2022\/03\/counselling-practical-supports-nav-tile_counselling-1-224x300.jpg 224w\" sizes=\"(max-width: 377px) 100vw, 377px\" \/><\/a><\/figure><div class=\"elementor-image-box-content\"><h2 class=\"elementor-image-box-title\"><a href=\"https:\/\/www.seochc.on.ca\/fr\/programs-and-services\/practical-support-and-counselling\/counselling\/\">Conseils<\/a><\/h2><\/div><\/div>\t\t\t\t<\/div>\n\t\t\t\t<\/div>\n\t\t\t\t\t<\/div>\n\t\t<\/div>\n\t\t\t\t\t<\/div>\n\t\t<\/section>\n\t\t\t\t<section class=\"elementor-section elementor-top-section elementor-element elementor-element-2dcb187 elementor-section-boxed elementor-section-height-default elementor-section-height-default\" data-id=\"2dcb187\" data-element_type=\"section\" data-e-type=\"section\">\n\t\t\t\t\t\t<div class=\"elementor-container elementor-column-gap-default\">\n\t\t\t\t\t<div class=\"elementor-column elementor-col-25 elementor-top-column elementor-element elementor-element-668be84\" data-id=\"668be84\" data-element_type=\"column\" data-e-type=\"column\">\n\t\t\t<div class=\"elementor-widget-wrap elementor-element-populated\">\n\t\t\t\t\t\t<div class=\"elementor-element elementor-element-18c88e9 parent-page-nav-tile e-transform elementor-position-top elementor-invisible elementor-widget elementor-widget-image-box\" data-id=\"18c88e9\" data-element_type=\"widget\" data-e-type=\"widget\" data-settings=\"{&quot;_animation&quot;:&quot;fadeInDown&quot;,&quot;_transform_scale_effect_hover&quot;:{&quot;unit&quot;:&quot;px&quot;,&quot;size&quot;:1.0500000000000000444089209850062616169452667236328125,&quot;sizes&quot;:[]},&quot;_transform_scale_effect_hover_tablet&quot;:{&quot;unit&quot;:&quot;px&quot;,&quot;size&quot;:&quot;&quot;,&quot;sizes&quot;:[]},&quot;_transform_scale_effect_hover_mobile&quot;:{&quot;unit&quot;:&quot;px&quot;,&quot;size&quot;:&quot;&quot;,&quot;sizes&quot;:[]}}\" data-widget_type=\"image-box.default\">\n\t\t\t\t<div class=\"elementor-widget-container\">\n\t\t\t\t\t<div class=\"elementor-image-box-wrapper\"><figure class=\"elementor-image-box-img\"><a href=\"https:\/\/www.seochc.on.ca\/fr\/programs-and-services\/practical-support-and-counselling\/anonymous-hiv-testing\/\" tabindex=\"-1\"><img loading=\"lazy\" decoding=\"async\" width=\"377\" height=\"504\" src=\"https:\/\/www.seochc.on.ca\/wp-content\/uploads\/2022\/03\/counselling-practical-supports-nav-tile_anonymous-hiv-testing-1.jpg\" class=\"attachment-full size-full wp-image-5247\" alt=\"\" srcset=\"https:\/\/www.seochc.on.ca\/wp-content\/uploads\/2022\/03\/counselling-practical-supports-nav-tile_anonymous-hiv-testing-1.jpg 377w, https:\/\/www.seochc.on.ca\/wp-content\/uploads\/2022\/03\/counselling-practical-supports-nav-tile_anonymous-hiv-testing-1-224x300.jpg 224w\" sizes=\"(max-width: 377px) 100vw, 377px\" \/><\/a><\/figure><div class=\"elementor-image-box-content\"><h2 class=\"elementor-image-box-title\"><a href=\"https:\/\/www.seochc.on.ca\/fr\/programs-and-services\/practical-support-and-counselling\/anonymous-hiv-testing\/\">D\u00e9pistage anonyme du VIH<\/a><\/h2><\/div><\/div>\t\t\t\t<\/div>\n\t\t\t\t<\/div>\n\t\t\t\t\t<\/div>\n\t\t<\/div>\n\t\t\t\t<div class=\"elementor-column elementor-col-25 elementor-top-column elementor-element elementor-element-6294f2f\" data-id=\"6294f2f\" data-element_type=\"column\" data-e-type=\"column\">\n\t\t\t<div class=\"elementor-widget-wrap elementor-element-populated\">\n\t\t\t\t\t\t<div class=\"elementor-element elementor-element-fe49a3a parent-page-nav-tile e-transform elementor-position-top elementor-invisible elementor-widget elementor-widget-image-box\" data-id=\"fe49a3a\" data-element_type=\"widget\" data-e-type=\"widget\" data-settings=\"{&quot;_animation&quot;:&quot;fadeInDown&quot;,&quot;_transform_scale_effect_hover&quot;:{&quot;unit&quot;:&quot;px&quot;,&quot;size&quot;:1.0500000000000000444089209850062616169452667236328125,&quot;sizes&quot;:[]},&quot;_transform_scale_effect_hover_tablet&quot;:{&quot;unit&quot;:&quot;px&quot;,&quot;size&quot;:&quot;&quot;,&quot;sizes&quot;:[]},&quot;_transform_scale_effect_hover_mobile&quot;:{&quot;unit&quot;:&quot;px&quot;,&quot;size&quot;:&quot;&quot;,&quot;sizes&quot;:[]}}\" data-widget_type=\"image-box.default\">\n\t\t\t\t<div class=\"elementor-widget-container\">\n\t\t\t\t\t<div class=\"elementor-image-box-wrapper\"><figure class=\"elementor-image-box-img\"><a href=\"https:\/\/www.seochc.on.ca\/fr\/programs-and-services\/practical-support-and-counselling\/harm-reduction-supplies\/\" tabindex=\"-1\"><img loading=\"lazy\" decoding=\"async\" width=\"377\" height=\"504\" src=\"https:\/\/www.seochc.on.ca\/wp-content\/uploads\/2022\/03\/counselling-practical-supports-nav-tile_harm-reduction-supplies-1.jpg\" class=\"attachment-full size-full wp-image-5243\" alt=\"Closeup of a hand passing a loaded syringe to another hand.\" srcset=\"https:\/\/www.seochc.on.ca\/wp-content\/uploads\/2022\/03\/counselling-practical-supports-nav-tile_harm-reduction-supplies-1.jpg 377w, https:\/\/www.seochc.on.ca\/wp-content\/uploads\/2022\/03\/counselling-practical-supports-nav-tile_harm-reduction-supplies-1-224x300.jpg 224w\" sizes=\"(max-width: 377px) 100vw, 377px\" \/><\/a><\/figure><div class=\"elementor-image-box-content\"><h2 class=\"elementor-image-box-title\"><a href=\"https:\/\/www.seochc.on.ca\/fr\/programs-and-services\/practical-support-and-counselling\/harm-reduction-supplies\/\">Fournitures pour la r\u00e9duction des risques<\/a><\/h2><\/div><\/div>\t\t\t\t<\/div>\n\t\t\t\t<\/div>\n\t\t\t\t\t<\/div>\n\t\t<\/div>\n\t\t\t\t<div class=\"elementor-column elementor-col-25 elementor-top-column elementor-element elementor-element-d6c18a6\" data-id=\"d6c18a6\" data-element_type=\"column\" data-e-type=\"column\">\n\t\t\t<div class=\"elementor-widget-wrap elementor-element-populated\">\n\t\t\t\t\t\t<div class=\"elementor-element elementor-element-b785bff parent-page-nav-tile e-transform elementor-position-top elementor-invisible elementor-widget elementor-widget-image-box\" data-id=\"b785bff\" data-element_type=\"widget\" data-e-type=\"widget\" data-settings=\"{&quot;_animation&quot;:&quot;fadeInDown&quot;,&quot;_transform_scale_effect_hover&quot;:{&quot;unit&quot;:&quot;px&quot;,&quot;size&quot;:1.0500000000000000444089209850062616169452667236328125,&quot;sizes&quot;:[]},&quot;_transform_scale_effect_hover_tablet&quot;:{&quot;unit&quot;:&quot;px&quot;,&quot;size&quot;:&quot;&quot;,&quot;sizes&quot;:[]},&quot;_transform_scale_effect_hover_mobile&quot;:{&quot;unit&quot;:&quot;px&quot;,&quot;size&quot;:&quot;&quot;,&quot;sizes&quot;:[]}}\" data-widget_type=\"image-box.default\">\n\t\t\t\t<div class=\"elementor-widget-container\">\n\t\t\t\t\t<div class=\"elementor-image-box-wrapper\"><figure class=\"elementor-image-box-img\"><a href=\"https:\/\/www.seochc.on.ca\/fr\/programs-and-services\/practical-support-and-counselling\/clothing-cupboard\/\" tabindex=\"-1\"><img loading=\"lazy\" decoding=\"async\" width=\"377\" height=\"504\" src=\"https:\/\/www.seochc.on.ca\/wp-content\/uploads\/2022\/04\/counselling-practical-supports-nav-tile_clothing-cupboard.jpg\" class=\"attachment-full size-full wp-image-5532\" alt=\"Person in blue sweater handing box full of clothing donations to person in white sweater.\" srcset=\"https:\/\/www.seochc.on.ca\/wp-content\/uploads\/2022\/04\/counselling-practical-supports-nav-tile_clothing-cupboard.jpg 377w, https:\/\/www.seochc.on.ca\/wp-content\/uploads\/2022\/04\/counselling-practical-supports-nav-tile_clothing-cupboard-224x300.jpg 224w\" sizes=\"(max-width: 377px) 100vw, 377px\" \/><\/a><\/figure><div class=\"elementor-image-box-content\"><h2 class=\"elementor-image-box-title\"><a href=\"https:\/\/www.seochc.on.ca\/fr\/programs-and-services\/practical-support-and-counselling\/clothing-cupboard\/\">Armoire \u00e0 v\u00eatements<\/a><\/h2><\/div><\/div>\t\t\t\t<\/div>\n\t\t\t\t<\/div>\n\t\t\t\t\t<\/div>\n\t\t<\/div>\n\t\t\t\t<div class=\"elementor-column elementor-col-25 elementor-top-column elementor-element elementor-element-311829f\" data-id=\"311829f\" data-element_type=\"column\" data-e-type=\"column\">\n\t\t\t<div class=\"elementor-widget-wrap elementor-element-populated\">\n\t\t\t\t\t\t<div class=\"elementor-element elementor-element-5dc33e3 parent-page-nav-tile e-transform elementor-position-top elementor-invisible elementor-widget elementor-widget-image-box\" data-id=\"5dc33e3\" data-element_type=\"widget\" data-e-type=\"widget\" data-settings=\"{&quot;_animation&quot;:&quot;fadeInDown&quot;,&quot;_transform_scale_effect_hover&quot;:{&quot;unit&quot;:&quot;px&quot;,&quot;size&quot;:1.0500000000000000444089209850062616169452667236328125,&quot;sizes&quot;:[]},&quot;_transform_scale_effect_hover_tablet&quot;:{&quot;unit&quot;:&quot;px&quot;,&quot;size&quot;:&quot;&quot;,&quot;sizes&quot;:[]},&quot;_transform_scale_effect_hover_mobile&quot;:{&quot;unit&quot;:&quot;px&quot;,&quot;size&quot;:&quot;&quot;,&quot;sizes&quot;:[]}}\" data-widget_type=\"image-box.default\">\n\t\t\t\t<div class=\"elementor-widget-container\">\n\t\t\t\t\t<div class=\"elementor-image-box-wrapper\"><figure class=\"elementor-image-box-img\"><a href=\"https:\/\/www.seochc.on.ca\/fr\/programs-and-services\/practical-support-and-counselling\/housing\/\" tabindex=\"-1\"><img loading=\"lazy\" decoding=\"async\" width=\"377\" height=\"504\" src=\"https:\/\/www.seochc.on.ca\/wp-content\/uploads\/2022\/04\/counselling-practical-supports-nav-tile_housing.jpg\" class=\"attachment-full size-full wp-image-5521\" alt=\"Hand holding tiny wooden house in foreground\" srcset=\"https:\/\/www.seochc.on.ca\/wp-content\/uploads\/2022\/04\/counselling-practical-supports-nav-tile_housing.jpg 377w, https:\/\/www.seochc.on.ca\/wp-content\/uploads\/2022\/04\/counselling-practical-supports-nav-tile_housing-224x300.jpg 224w\" sizes=\"(max-width: 377px) 100vw, 377px\" \/><\/a><\/figure><div class=\"elementor-image-box-content\"><h2 class=\"elementor-image-box-title\"><a href=\"https:\/\/www.seochc.on.ca\/fr\/programs-and-services\/practical-support-and-counselling\/housing\/\">Logement<\/a><\/h2><\/div><\/div>\t\t\t\t<\/div>\n\t\t\t\t<\/div>\n\t\t\t\t\t<\/div>\n\t\t<\/div>\n\t\t\t\t\t<\/div>\n\t\t<\/section>\n\t\t\t\t<section class=\"elementor-section elementor-top-section elementor-element elementor-element-dfc8173 elementor-section-boxed elementor-section-height-default elementor-section-height-default\" data-id=\"dfc8173\" data-element_type=\"section\" data-e-type=\"section\">\n\t\t\t\t\t\t<div class=\"elementor-container elementor-column-gap-default\">\n\t\t\t\t\t<div class=\"elementor-column elementor-col-100 elementor-top-column elementor-element elementor-element-b2cfaec\" data-id=\"b2cfaec\" data-element_type=\"column\" data-e-type=\"column\">\n\t\t\t<div class=\"elementor-widget-wrap elementor-element-populated\">\n\t\t\t\t\t\t<div class=\"elementor-element elementor-element-2d1fc28 elementor-widget elementor-widget-spacer\" data-id=\"2d1fc28\" data-element_type=\"widget\" data-e-type=\"widget\" data-widget_type=\"spacer.default\">\n\t\t\t\t<div class=\"elementor-widget-container\">\n\t\t\t\t\t\t\t<div class=\"elementor-spacer\">\n\t\t\t<div class=\"elementor-spacer-inner\"><\/div>\n\t\t<\/div>\n\t\t\t\t\t\t<\/div>\n\t\t\t\t<\/div>\n\t\t\t\t\t<\/div>\n\t\t<\/div>\n\t\t\t\t\t<\/div>\n\t\t<\/section>\n\t\t\t\t<\/div>","protected":false},"excerpt":{"rendered":"<p>Soutien pratique et conseils Services d'accueil et de conseil Navigation alimentaire et soutien Soutien et d\u00e9fense des revenus Conseils anonymes Test VIH Fournitures pour la r\u00e9duction des risques Armoire \u00e0 v\u00eatements Logement<\/p>","protected":false},"author":1,"featured_media":0,"parent":4508,"menu_order":0,"comment_status":"closed","ping_status":"closed","template":"elementor_header_footer","meta":{"_monsterinsights_skip_tracking":false,"_monsterinsights_sitenote_active":false,"_monsterinsights_sitenote_note":"","_monsterinsights_sitenote_category":0,"footnotes":"","_links_to":"","_links_to_target":""},"class_list":["post-4542","page","type-page","status-publish","hentry"],"aioseo_notices":[],"publishpress_future_workflow_manual_trigger":{"enabledWorkflows":[]},"rttpg_featured_image_url":null,"rttpg_author":{"display_name":"mastercontroller","author_link":"https:\/\/www.seochc.on.ca\/fr\/author\/mastercontroller\/"},"rttpg_comment":0,"rttpg_category":null,"rttpg_excerpt":"Practical Support &amp; Counselling Intake &#038; Counselling Services Food Navigation &#038; Support Income Support &#038; Advocacy Counselling Anonymous HIV Testing Harm Reduction Supplies Clothing Cupboard Housing","_links":{"self":[{"href":"https:\/\/www.seochc.on.ca\/fr\/wp-json\/wp\/v2\/pages\/4542","targetHints":{"allow":["GET"]}}],"collection":[{"href":"https:\/\/www.seochc.on.ca\/fr\/wp-json\/wp\/v2\/pages"}],"about":[{"href":"https:\/\/www.seochc.on.ca\/fr\/wp-json\/wp\/v2\/types\/page"}],"author":[{"embeddable":true,"href":"https:\/\/www.seochc.on.ca\/fr\/wp-json\/wp\/v2\/users\/1"}],"replies":[{"embeddable":true,"href":"https:\/\/www.seochc.on.ca\/fr\/wp-json\/wp\/v2\/comments?post=4542"}],"version-history":[{"count":25,"href":"https:\/\/www.seochc.on.ca\/fr\/wp-json\/wp\/v2\/pages\/4542\/revisions"}],"predecessor-version":[{"id":8201,"href":"https:\/\/www.seochc.on.ca\/fr\/wp-json\/wp\/v2\/pages\/4542\/revisions\/8201"}],"up":[{"embeddable":true,"href":"https:\/\/www.seochc.on.ca\/fr\/wp-json\/wp\/v2\/pages\/4508"}],"wp:attachment":[{"href":"https:\/\/www.seochc.on.ca\/fr\/wp-json\/wp\/v2\/media?parent=4542"}],"curies":[{"name":"wp","href":"https:\/\/api.w.org\/{rel}","templated":true}]}}