{"id":4544,"date":"2022-02-11T18:43:03","date_gmt":"2022-02-11T18:43:03","guid":{"rendered":"https:\/\/www.seochc.on.ca\/?page_id=4544"},"modified":"2025-10-22T15:39:12","modified_gmt":"2025-10-22T19:39:12","slug":"intake-and-counselling-services","status":"publish","type":"page","link":"https:\/\/www.seochc.on.ca\/fr\/programs-and-services\/practical-support-and-counselling\/intake-and-counselling-services\/","title":{"rendered":"Services d'accueil et de conseil"},"content":{"rendered":"<div class=\"wp-block-image\">\n<figure class=\"alignright size-medium\"><img fetchpriority=\"high\" decoding=\"async\" width=\"300\" height=\"212\" src=\"https:\/\/www.seochc.on.ca\/wp-content\/uploads\/2022\/03\/intake-and-counselling-services_inset-image-300x212.jpg\" alt=\"Closeup of outstretched hand ready to catch falling paper cutout people.\" class=\"wp-image-5238\" srcset=\"https:\/\/www.seochc.on.ca\/wp-content\/uploads\/2022\/03\/intake-and-counselling-services_inset-image-300x212.jpg 300w, https:\/\/www.seochc.on.ca\/wp-content\/uploads\/2022\/03\/intake-and-counselling-services_inset-image-768x543.jpg 768w, https:\/\/www.seochc.on.ca\/wp-content\/uploads\/2022\/03\/intake-and-counselling-services_inset-image.jpg 800w\" sizes=\"(max-width: 300px) 100vw, 300px\" \/><\/figure>\n<\/div>\n\n\n<p>Les services d'accueil et de conseil offrent un soutien fond\u00e9 sur la force et les traumatismes aux personnes et aux familles qui cherchent \u00e0 apporter des changements positifs dans leur vie.<\/p>\n\n\n\n<p>Nos services de conseil sont disponibles en t\u00eate-\u00e0-t\u00eate, en personne, virtuellement ou par t\u00e9l\u00e9phone. Ensemble, vous explorerez ce qui vous convient le mieux. Notre \u00e9quipe utilise diff\u00e9rentes approches - comme la th\u00e9rapie cognitivo-comportementale, la th\u00e9rapie narrative, la pleine conscience, l'entretien motivationnel et la th\u00e9rapie centr\u00e9e sur la solution - pour vous aider \u00e0 trouver la bonne voie \u00e0 suivre.<\/p>\n\n\n\n<p>Au-del\u00e0 du soutien individuel, nous nous effor\u00e7ons \u00e9galement d'aborder les facteurs sociaux et structurels plus larges qui contribuent aux in\u00e9galit\u00e9s dans notre communaut\u00e9 - par l'\u00e9ducation, l'autonomisation et la d\u00e9fense des droits.<\/p>\n\n\n\n<p>Pour prendre contact avec un conseiller, veuillez contacter notre service d'accueil<\/p>\n\n\n\n<p><strong>Services d'accueil<\/strong> (rendez-vous de 20 minutes sans rendez-vous - peut n\u00e9cessiter un rendez-vous de suivi)<\/p>\n\n\n\n<ul class=\"wp-block-list\">\n<li>Programmes de r\u00e9duction des risques : D\u00e9pistage du VIH, fourniture de produits d'inhalation et d'injection plus s\u00fbrs et orientation vers des services sp\u00e9cialis\u00e9s <\/li>\n\n\n\n<li>Renvois en mati\u00e8re de sant\u00e9 mentale<\/li>\n\n\n\n<li>Soutien aux nouveaux arrivants et navigation dans le syst\u00e8me <\/li>\n\n\n\n<li>D\u00e9fense des int\u00e9r\u00eats de l'ARC et orientation vers une clinique d'imp\u00f4t sur le revenu annuelle organis\u00e9e par des b\u00e9n\u00e9voles de la communaut\u00e9 <\/li>\n\n\n\n<li>Informations sur les prestations gouvernementales et les ressources des services sociaux, par exemple LEAP, ODSB, l'allocation dentaire canadienne, Trillium et plus encore.<\/li>\n<\/ul>\n\n\n\n<p><strong>Sur rendez-vous uniquement<\/strong><\/p>\n\n\n\n<ul class=\"wp-block-list\">\n<li>Assistance pour les formulaires : LEAP, ODSB, Trillium et autres<\/li>\n\n\n\n<li>Soutien \u00e0 la sant\u00e9 mentale<\/li>\n\n\n\n<li>Aide \u00e0 la navigation dans le syst\u00e8me<\/li>\n<\/ul>\n\n\n\n<h2 class=\"wp-block-heading has-white-color has-text-color has-background has-medium-font-size\" style=\"background-color:#10a1ea\">Crit\u00e8res d'\u00e9ligibilit\u00e9<\/h2>\n\n\n\n<p>Ce programme est accessible \u00e0 tous les habitants de notre zone de chalandise.<\/p>\n\n\n\n<h2 class=\"wp-block-heading has-white-color has-text-color has-background has-medium-font-size\" style=\"background-color:#10a1ea\">Heures d'ouverture<\/h2>\n\n\n\n<p><strong>Services d'accueil<\/strong>- Mardi, mercredi et vendredi de 13h00 \u00e0 16h00<\/p>\n\n\n\n<p><strong>Sur rendez-vous uniquement- <\/strong>Du lundi au vendredi de 8h30 \u00e0 16h30, appelez : 613-737-5115, poste 2386<\/p>\n\n\n\n<h2 class=\"wp-block-heading has-white-color has-text-color has-background has-medium-font-size\" style=\"background-color:#10a1ea\">Localisation<\/h2>\n\n\n\n<p>1355 Bank St, Suite 600, et par t\u00e9l\u00e9phone : 613-737-5115, poste 2386<\/p>","protected":false},"excerpt":{"rendered":"<p>Intake and Counselling Services provide strength-based, trauma informed support to individuals and families seeking to make positive changes in their lives. Our counselling is available one-on-one in person, virtually or by phone. Together, you\u2019ll explore what works best for you. Our team uses different approaches \u2013 like cognitive behavioural therapy, narrative therapy, mindfulness, motivational interviewing [&hellip;]<\/p>\n","protected":false},"author":1,"featured_media":5239,"parent":4542,"menu_order":0,"comment_status":"closed","ping_status":"closed","template":"template_program-page_psac.php","meta":{"_monsterinsights_skip_tracking":false,"_monsterinsights_sitenote_active":false,"_monsterinsights_sitenote_note":"","_monsterinsights_sitenote_category":0,"footnotes":"","_links_to":"","_links_to_target":""},"class_list":["post-4544","page","type-page","status-publish","has-post-thumbnail","hentry"],"aioseo_notices":[],"publishpress_future_workflow_manual_trigger":{"enabledWorkflows":[]},"rttpg_featured_image_url":{"full":["https:\/\/www.seochc.on.ca\/wp-content\/uploads\/2022\/03\/intake-and-counselling-services_featured-image.jpg",1200,630,false],"landscape":["https:\/\/www.seochc.on.ca\/wp-content\/uploads\/2022\/03\/intake-and-counselling-services_featured-image.jpg",1200,630,false],"portraits":["https:\/\/www.seochc.on.ca\/wp-content\/uploads\/2022\/03\/intake-and-counselling-services_featured-image.jpg",1200,630,false],"thumbnail":["https:\/\/www.seochc.on.ca\/wp-content\/uploads\/2022\/03\/intake-and-counselling-services_featured-image-150x150.jpg",150,150,true],"medium":["https:\/\/www.seochc.on.ca\/wp-content\/uploads\/2022\/03\/intake-and-counselling-services_featured-image-300x158.jpg",300,158,true],"large":["https:\/\/www.seochc.on.ca\/wp-content\/uploads\/2022\/03\/intake-and-counselling-services_featured-image-1024x538.jpg",1024,538,true],"1536x1536":["https:\/\/www.seochc.on.ca\/wp-content\/uploads\/2022\/03\/intake-and-counselling-services_featured-image.jpg",1200,630,false],"2048x2048":["https:\/\/www.seochc.on.ca\/wp-content\/uploads\/2022\/03\/intake-and-counselling-services_featured-image.jpg",1200,630,false],"trp-custom-language-flag":["https:\/\/www.seochc.on.ca\/wp-content\/uploads\/2022\/03\/intake-and-counselling-services_featured-image.jpg",18,9,false],"rt_custom":["https:\/\/www.seochc.on.ca\/wp-content\/uploads\/2022\/03\/intake-and-counselling-services_featured-image.jpg",1200,630,false]},"rttpg_author":{"display_name":"mastercontroller","author_link":"https:\/\/www.seochc.on.ca\/fr\/author\/mastercontroller\/"},"rttpg_comment":0,"rttpg_category":null,"rttpg_excerpt":"Intake and Counselling Services provide strength-based, trauma informed support to individuals and families seeking to make positive changes in their lives. Our counselling is available one-on-one in person, virtually or by phone. Together, you\u2019ll explore what works best for you. Our team uses different approaches \u2013 like cognitive behavioural therapy, narrative therapy, mindfulness, motivational interviewing&hellip;","_links":{"self":[{"href":"https:\/\/www.seochc.on.ca\/fr\/wp-json\/wp\/v2\/pages\/4544","targetHints":{"allow":["GET"]}}],"collection":[{"href":"https:\/\/www.seochc.on.ca\/fr\/wp-json\/wp\/v2\/pages"}],"about":[{"href":"https:\/\/www.seochc.on.ca\/fr\/wp-json\/wp\/v2\/types\/page"}],"author":[{"embeddable":true,"href":"https:\/\/www.seochc.on.ca\/fr\/wp-json\/wp\/v2\/users\/1"}],"replies":[{"embeddable":true,"href":"https:\/\/www.seochc.on.ca\/fr\/wp-json\/wp\/v2\/comments?post=4544"}],"version-history":[{"count":10,"href":"https:\/\/www.seochc.on.ca\/fr\/wp-json\/wp\/v2\/pages\/4544\/revisions"}],"predecessor-version":[{"id":10026,"href":"https:\/\/www.seochc.on.ca\/fr\/wp-json\/wp\/v2\/pages\/4544\/revisions\/10026"}],"up":[{"embeddable":true,"href":"https:\/\/www.seochc.on.ca\/fr\/wp-json\/wp\/v2\/pages\/4542"}],"wp:featuredmedia":[{"embeddable":true,"href":"https:\/\/www.seochc.on.ca\/fr\/wp-json\/wp\/v2\/media\/5239"}],"wp:attachment":[{"href":"https:\/\/www.seochc.on.ca\/fr\/wp-json\/wp\/v2\/media?parent=4544"}],"curies":[{"name":"wp","href":"https:\/\/api.w.org\/{rel}","templated":true}]}}