{"id":4550,"date":"2022-02-11T18:43:53","date_gmt":"2022-02-11T18:43:53","guid":{"rendered":"https:\/\/www.seochc.on.ca\/?page_id=4550"},"modified":"2025-10-21T10:23:41","modified_gmt":"2025-10-21T14:23:41","slug":"income-support-and-advocacy","status":"publish","type":"page","link":"https:\/\/www.seochc.on.ca\/fr\/programs-and-services\/practical-support-and-counselling\/income-support-and-advocacy\/","title":{"rendered":"Aide au revenu et d\u00e9fense des int\u00e9r\u00eats"},"content":{"rendered":"<div class=\"wp-block-image\">\n<figure class=\"alignright size-medium\"><img fetchpriority=\"high\" decoding=\"async\" width=\"300\" height=\"200\" src=\"https:\/\/www.seochc.on.ca\/wp-content\/uploads\/2022\/03\/income-support-and-advocacy_inset-image-300x200.jpg\" alt=\"A lightbulb and a tiny house sitting on a table next to a calculator.\" class=\"wp-image-5234\" srcset=\"https:\/\/www.seochc.on.ca\/wp-content\/uploads\/2022\/03\/income-support-and-advocacy_inset-image-300x200.jpg 300w, https:\/\/www.seochc.on.ca\/wp-content\/uploads\/2022\/03\/income-support-and-advocacy_inset-image-768x512.jpg 768w, https:\/\/www.seochc.on.ca\/wp-content\/uploads\/2022\/03\/income-support-and-advocacy_inset-image.jpg 800w\" sizes=\"(max-width: 300px) 100vw, 300px\" \/><\/figure>\n<\/div>\n\n\n<p>Les agents d'accueil fournissent des informations sur les ressources communautaires et les programmes gouvernementaux.<\/p>\n\n\n\n<p>Les membres de la communaut\u00e9 sont invit\u00e9s \u00e0 chercher du soutien et des r\u00e9f\u00e9rences dans des centres d'information sur les traumatismes et centr\u00e9s sur le client.<\/p>\n\n\n\n<p>Les services comprennent la d\u00e9fense des droits, la navigation dans le syst\u00e8me, l'aide \u00e0 remplir des formulaires et \u00e0 demander des subventions et des prestations gouvernementales, et l'orientation vers des services de sant\u00e9 mentale. Intake offre deux remises sur l'\u00e9nergie (OESP et LEAP), des programmes saisonniers, l'Emergency Food Cupboard et Gift of Sight.<\/p>\n\n\n\n<p>Nous aidons les m\u00e9nages \u00e0 effectuer leur examen annuel de revenu aupr\u00e8s de Logement communautaire d'Ottawa (REMARQUE : pas de travailleurs du secteur du logement. Toutes les autres demandes de logement seront adress\u00e9es \u00e0 des agences partenaires telles que Housing Help, Action lodgment, la Ville d'Ottawa et le Registre du logement).<\/p>\n\n\n\n<p>Services disponibles en anglais, fran\u00e7ais, arabe et espagnol.<\/p>\n\n\n\n<h2 class=\"wp-block-heading has-white-color has-text-color has-background has-medium-font-size\" style=\"background-color:#10a1ea\">Crit\u00e8res d'\u00e9ligibilit\u00e9<\/h2>\n\n\n\n<p>Tous les habitants du bassin versant.<\/p>\n\n\n\n<p>Certains programmes ont des exigences et des crit\u00e8res d'\u00e9ligibilit\u00e9 suppl\u00e9mentaires, par exemple des pi\u00e8ces justificatives prouvant l'identit\u00e9, le revenu et la r\u00e9sidence. Aucun frais n'est jamais appliqu\u00e9.<\/p>\n\n\n\n<h2 class=\"wp-block-heading has-white-color has-text-color has-background has-medium-font-size\" style=\"background-color:#10a1ea\">Heures d'ouverture<\/h2>\n\n\n\n<p>Heures d'ouverture : Mardi, mercredi et vendredi de 13h00 \u00e0 16h00<\/p>\n\n\n\n<p>Sur rendez-vous : Du lundi au vendredi de 8h30 \u00e0 16h30<\/p>\n\n\n\n<p>Rendez-vous en personne, virtuels et t\u00e9l\u00e9phoniques disponibles. Appelez le (613) 737-5115, poste 2386, pendant les heures d'ouverture, du lundi au vendredi.<\/p>\n\n\n\n<h2 class=\"wp-block-heading has-white-color has-text-color has-background has-medium-font-size\" style=\"background-color:#10a1ea\">Localisation<\/h2>\n\n\n\n<p>Service offert virtuellement ou en personne.<\/p>\n\n\n\n<p>Appeler : (613)737-5115 ext.2386 pour prendre un rendez-vous<\/p>\n\n\n\n<p>Heures d'ouverture au 1355 Bank St, suite 600<\/p>","protected":false},"excerpt":{"rendered":"<p>Intake workers provide information on community resources and government programs. Community members invited to seek support and referrals in trauma-informed, client-centric Services include advocacy, system navigation, help with forms and applying for government subsidies and benefits, and mental health referrals. Intake offers two energy rebates (OESP and LEAP), seasonal programs, Emergency Food Cupboard and Gift [&hellip;]<\/p>\n","protected":false},"author":1,"featured_media":5235,"parent":4542,"menu_order":0,"comment_status":"closed","ping_status":"closed","template":"template_program-page_psac.php","meta":{"_monsterinsights_skip_tracking":false,"_monsterinsights_sitenote_active":false,"_monsterinsights_sitenote_note":"","_monsterinsights_sitenote_category":0,"footnotes":"","_links_to":"","_links_to_target":""},"class_list":["post-4550","page","type-page","status-publish","has-post-thumbnail","hentry"],"aioseo_notices":[],"publishpress_future_workflow_manual_trigger":{"enabledWorkflows":[]},"rttpg_featured_image_url":{"full":["https:\/\/www.seochc.on.ca\/wp-content\/uploads\/2022\/03\/income-support-and-advocacy_featured-image.jpg",1200,630,false],"landscape":["https:\/\/www.seochc.on.ca\/wp-content\/uploads\/2022\/03\/income-support-and-advocacy_featured-image.jpg",1200,630,false],"portraits":["https:\/\/www.seochc.on.ca\/wp-content\/uploads\/2022\/03\/income-support-and-advocacy_featured-image.jpg",1200,630,false],"thumbnail":["https:\/\/www.seochc.on.ca\/wp-content\/uploads\/2022\/03\/income-support-and-advocacy_featured-image-150x150.jpg",150,150,true],"medium":["https:\/\/www.seochc.on.ca\/wp-content\/uploads\/2022\/03\/income-support-and-advocacy_featured-image-300x158.jpg",300,158,true],"large":["https:\/\/www.seochc.on.ca\/wp-content\/uploads\/2022\/03\/income-support-and-advocacy_featured-image-1024x538.jpg",1024,538,true],"1536x1536":["https:\/\/www.seochc.on.ca\/wp-content\/uploads\/2022\/03\/income-support-and-advocacy_featured-image.jpg",1200,630,false],"2048x2048":["https:\/\/www.seochc.on.ca\/wp-content\/uploads\/2022\/03\/income-support-and-advocacy_featured-image.jpg",1200,630,false],"trp-custom-language-flag":["https:\/\/www.seochc.on.ca\/wp-content\/uploads\/2022\/03\/income-support-and-advocacy_featured-image.jpg",18,9,false],"rt_custom":["https:\/\/www.seochc.on.ca\/wp-content\/uploads\/2022\/03\/income-support-and-advocacy_featured-image.jpg",1200,630,false]},"rttpg_author":{"display_name":"mastercontroller","author_link":"https:\/\/www.seochc.on.ca\/fr\/author\/mastercontroller\/"},"rttpg_comment":0,"rttpg_category":null,"rttpg_excerpt":"Intake workers provide information on community resources and government programs. Community members invited to seek support and referrals in trauma-informed, client-centric Services include advocacy, system navigation, help with forms and applying for government subsidies and benefits, and mental health referrals. Intake offers two energy rebates (OESP and LEAP), seasonal programs, Emergency Food Cupboard and Gift&hellip;","_links":{"self":[{"href":"https:\/\/www.seochc.on.ca\/fr\/wp-json\/wp\/v2\/pages\/4550","targetHints":{"allow":["GET"]}}],"collection":[{"href":"https:\/\/www.seochc.on.ca\/fr\/wp-json\/wp\/v2\/pages"}],"about":[{"href":"https:\/\/www.seochc.on.ca\/fr\/wp-json\/wp\/v2\/types\/page"}],"author":[{"embeddable":true,"href":"https:\/\/www.seochc.on.ca\/fr\/wp-json\/wp\/v2\/users\/1"}],"replies":[{"embeddable":true,"href":"https:\/\/www.seochc.on.ca\/fr\/wp-json\/wp\/v2\/comments?post=4550"}],"version-history":[{"count":5,"href":"https:\/\/www.seochc.on.ca\/fr\/wp-json\/wp\/v2\/pages\/4550\/revisions"}],"predecessor-version":[{"id":9657,"href":"https:\/\/www.seochc.on.ca\/fr\/wp-json\/wp\/v2\/pages\/4550\/revisions\/9657"}],"up":[{"embeddable":true,"href":"https:\/\/www.seochc.on.ca\/fr\/wp-json\/wp\/v2\/pages\/4542"}],"wp:featuredmedia":[{"embeddable":true,"href":"https:\/\/www.seochc.on.ca\/fr\/wp-json\/wp\/v2\/media\/5235"}],"wp:attachment":[{"href":"https:\/\/www.seochc.on.ca\/fr\/wp-json\/wp\/v2\/media?parent=4550"}],"curies":[{"name":"wp","href":"https:\/\/api.w.org\/{rel}","templated":true}]}}