{"id":4552,"date":"2022-02-11T18:44:08","date_gmt":"2022-02-11T18:44:08","guid":{"rendered":"https:\/\/www.seochc.on.ca\/?page_id=4552"},"modified":"2025-08-19T13:24:00","modified_gmt":"2025-08-19T17:24:00","slug":"counselling-services","status":"publish","type":"page","link":"https:\/\/www.seochc.on.ca\/fr\/programs-and-services\/practical-support-and-counselling\/counselling-services\/","title":{"rendered":"Services de conseil"},"content":{"rendered":"<div data-elementor-type=\"wp-page\" data-elementor-id=\"4552\" class=\"elementor elementor-4552\">\n\t\t\t\t\t\t<section class=\"elementor-section elementor-top-section elementor-element elementor-element-7744e3ea elementor-section-boxed elementor-section-height-default elementor-section-height-default\" data-id=\"7744e3ea\" data-element_type=\"section\" data-e-type=\"section\">\n\t\t\t\t\t\t<div class=\"elementor-container elementor-column-gap-default\">\n\t\t\t\t\t<div class=\"elementor-column elementor-col-100 elementor-top-column elementor-element elementor-element-28e2322f\" data-id=\"28e2322f\" data-element_type=\"column\" data-e-type=\"column\">\n\t\t\t<div class=\"elementor-widget-wrap elementor-element-populated\">\n\t\t\t\t\t\t<div class=\"elementor-element elementor-element-5e4d56be elementor-widget elementor-widget-text-editor\" data-id=\"5e4d56be\" data-element_type=\"widget\" data-e-type=\"widget\" data-widget_type=\"text-editor.default\">\n\t\t\t\t<div class=\"elementor-widget-container\">\n\t\t\t\t\t\t\t\t\t\n<div class=\"wp-block-image\">\n<figure class=\"alignright size-medium\"><img fetchpriority=\"high\" decoding=\"async\" width=\"300\" height=\"200\" class=\"wp-image-5222\" src=\"https:\/\/www.seochc.on.ca\/wp-content\/uploads\/2022\/03\/counselling-services_inset-image-300x200.jpg\" alt=\"Young man meeting with a counsellor.\" srcset=\"https:\/\/www.seochc.on.ca\/wp-content\/uploads\/2022\/03\/counselling-services_inset-image-300x200.jpg 300w, https:\/\/www.seochc.on.ca\/wp-content\/uploads\/2022\/03\/counselling-services_inset-image-768x512.jpg 768w, https:\/\/www.seochc.on.ca\/wp-content\/uploads\/2022\/03\/counselling-services_inset-image.jpg 800w\" sizes=\"(max-width: 300px) 100vw, 300px\" \/><\/figure>\n<\/div>\n\n<p>Le Service de counseling du sud-est d'Ottawa offre jusqu'\u00e0 12 s\u00e9ances ; notre pratique utilise une approche fond\u00e9e sur les forces et les traumatismes. Des services de soutien sont offerts aux personnes, aux couples et aux familles aux prises avec des probl\u00e8mes de sant\u00e9 mentale. Les probl\u00e8mes de sant\u00e9 mentale peuvent concerner des personnes souffrant d'anxi\u00e9t\u00e9, de d\u00e9pression ou de traumatismes, des personnes confront\u00e9es aux difficult\u00e9s de la vie ou \u00e0 l'isolement.<\/p>\n\n<h2 class=\"has-white-color has-text-color has-background has-medium-font-size wp-block-heading\" style=\"background-color: #10a1ea;\">Crit\u00e8res d'\u00e9ligibilit\u00e9<\/h2>\n\n<p>Contactez-nous pour explorer les possibilit\u00e9s de services de conseil.<\/p>\n<p>Les services sont propos\u00e9s en anglais, fran\u00e7ais, arabe et espagnol.<\/p>\n\n<h2 class=\"has-white-color has-text-color has-background has-medium-font-size wp-block-heading\" style=\"background-color: #10a1ea;\">Heures d'ouverture<\/h2>\n\n<p>Du lundi au vendredi de 8h30 \u00e0 16h30.<\/p>\n<p>Appelez le 613-737-5115, poste 2386, pour une \u00e9valuation.<\/p>\n\n<h2 class=\"has-white-color has-text-color has-background has-medium-font-size wp-block-heading\" style=\"background-color: #10a1ea;\">Localisation<\/h2>\n\n<p>Les rendez-vous peuvent \u00eatre propos\u00e9s virtuellement ou en personne.<\/p>\n<p>Site principal : 1355 Bank St, suite 600<\/p>\n<h2 class=\"has-white-color has-text-color has-background has-medium-font-size\" style=\"background-color: #10a1ea;\">Clinique sans rendez-vous<\/h2>\n<div>\u00a0<\/div>\n<div class=\"x_x_x_elementToProof\"><span data-olk-copy-source=\"MessageBody\">La clinique de conseil sans rendez-vous\u00a0\u00a0<\/span><\/div>\n<div class=\"x_x_x_elementToProof\">Les mardis de 12h00 \u00e0 18h30 (derni\u00e8re s\u00e9ance sans rendez-vous \u00e0 17h00)<\/div>\n<div>\u00a0<\/div>\n<div class=\"x_x_x_elementToProof\">Ce que nous offrons :<\/div>\n<ul>\n<li class=\"x_x_x_elementToProof\">Soutien pour les d\u00e9fis de la vie<\/li>\n<li class=\"x_x_x_elementToProof\">Conseillers professionnels form\u00e9s<\/li>\n<li class=\"x_x_x_elementToProof\">Sans rendez-vous<\/li>\n<li class=\"x_x_x_elementToProof\">Services de conseil gratuits\u00a0<\/li>\n<li class=\"x_x_x_elementToProof\">Conseils aux individus, aux couples et aux familles\u00a0<\/li>\n<li class=\"x_x_x_elementToProof\">Session en personne ou virtuelle.<\/li>\n<\/ul>\n\t\t\t\t\t\t\t\t<\/div>\n\t\t\t\t<\/div>\n\t\t\t\t\t<\/div>\n\t\t<\/div>\n\t\t\t\t\t<\/div>\n\t\t<\/section>\n\t\t\t\t<section class=\"elementor-section elementor-top-section elementor-element elementor-element-2c0571c elementor-section-boxed elementor-section-height-default elementor-section-height-default\" data-id=\"2c0571c\" data-element_type=\"section\" data-e-type=\"section\">\n\t\t\t\t\t\t<div class=\"elementor-container elementor-column-gap-default\">\n\t\t\t\t\t<div class=\"elementor-column elementor-col-100 elementor-top-column elementor-element elementor-element-907b471\" data-id=\"907b471\" data-element_type=\"column\" data-e-type=\"column\">\n\t\t\t<div class=\"elementor-widget-wrap elementor-element-populated\">\n\t\t\t\t\t\t<div class=\"elementor-element elementor-element-2603a12 elementor-widget elementor-widget-image\" data-id=\"2603a12\" data-element_type=\"widget\" data-e-type=\"widget\" data-widget_type=\"image.default\">\n\t\t\t\t<div class=\"elementor-widget-container\">\n\t\t\t\t\t\t\t\t\t\t\t\t\t\t\t<img decoding=\"async\" width=\"768\" height=\"1024\" src=\"https:\/\/www.seochc.on.ca\/wp-content\/uploads\/2025\/08\/TREES-AND-FORESTS-OF-LIFE-\u2013-A-CREATIVE-SUPPORT-GROUP-FOR-WOMEN-WHO-EXPERIENCED-MIGRATION-3-768x1024.jpeg\" class=\"attachment-large size-large wp-image-9327\" alt=\"\" srcset=\"https:\/\/www.seochc.on.ca\/wp-content\/uploads\/2025\/08\/TREES-AND-FORESTS-OF-LIFE-\u2013-A-CREATIVE-SUPPORT-GROUP-FOR-WOMEN-WHO-EXPERIENCED-MIGRATION-3-768x1024.jpeg 768w, https:\/\/www.seochc.on.ca\/wp-content\/uploads\/2025\/08\/TREES-AND-FORESTS-OF-LIFE-\u2013-A-CREATIVE-SUPPORT-GROUP-FOR-WOMEN-WHO-EXPERIENCED-MIGRATION-3-225x300.jpeg 225w, https:\/\/www.seochc.on.ca\/wp-content\/uploads\/2025\/08\/TREES-AND-FORESTS-OF-LIFE-\u2013-A-CREATIVE-SUPPORT-GROUP-FOR-WOMEN-WHO-EXPERIENCED-MIGRATION-3-1152x1536.jpeg 1152w, https:\/\/www.seochc.on.ca\/wp-content\/uploads\/2025\/08\/TREES-AND-FORESTS-OF-LIFE-\u2013-A-CREATIVE-SUPPORT-GROUP-FOR-WOMEN-WHO-EXPERIENCED-MIGRATION-3-1536x2048.jpeg 1536w, https:\/\/www.seochc.on.ca\/wp-content\/uploads\/2025\/08\/TREES-AND-FORESTS-OF-LIFE-\u2013-A-CREATIVE-SUPPORT-GROUP-FOR-WOMEN-WHO-EXPERIENCED-MIGRATION-3-9x12.jpeg 9w, https:\/\/www.seochc.on.ca\/wp-content\/uploads\/2025\/08\/TREES-AND-FORESTS-OF-LIFE-\u2013-A-CREATIVE-SUPPORT-GROUP-FOR-WOMEN-WHO-EXPERIENCED-MIGRATION-3.jpeg 1728w\" sizes=\"(max-width: 768px) 100vw, 768px\" \/>\t\t\t\t\t\t\t\t\t\t\t\t\t\t\t<\/div>\n\t\t\t\t<\/div>\n\t\t\t\t\t<\/div>\n\t\t<\/div>\n\t\t\t\t\t<\/div>\n\t\t<\/section>\n\t\t\t\t<section class=\"elementor-section elementor-top-section elementor-element elementor-element-7fbfa55 elementor-section-boxed elementor-section-height-default elementor-section-height-default\" data-id=\"7fbfa55\" data-element_type=\"section\" data-e-type=\"section\">\n\t\t\t\t\t\t<div class=\"elementor-container elementor-column-gap-default\">\n\t\t\t\t\t<div class=\"elementor-column elementor-col-100 elementor-top-column elementor-element elementor-element-6e76d27\" data-id=\"6e76d27\" data-element_type=\"column\" data-e-type=\"column\">\n\t\t\t<div class=\"elementor-widget-wrap elementor-element-populated\">\n\t\t\t\t\t\t<div class=\"elementor-element elementor-element-2c2effb elementor-widget elementor-widget-text-editor\" data-id=\"2c2effb\" data-element_type=\"widget\" data-e-type=\"widget\" data-widget_type=\"text-editor.default\">\n\t\t\t\t<div class=\"elementor-widget-container\">\n\t\t\t\t\t\t\t\t\t<div class=\"xdj266r x14z9mp xat24cr x1lziwak x1vvkbs x126k92a\">\n<div dir=\"auto\"><strong>Arbres et for\u00eats de la vie : Un groupe de soutien \u00e0 l'art-th\u00e9rapie cr\u00e9ative pour les femmes<\/strong><\/div>\n<\/div>\n<div class=\"x14z9mp xat24cr x1lziwak x1vvkbs xtlvy1s x126k92a\">\n<div dir=\"auto\">Rejoignez-nous pour un moment de d\u00e9tente. Un service de garde d'enfants est disponible si n\u00e9cessaire.<\/div>\n<\/div>\n<div class=\"x14z9mp xat24cr x1lziwak x1vvkbs xtlvy1s x126k92a\">\n<div dir=\"auto\">Les jeudis du 25 septembre au 3 octobre, de 10h00 \u00e0 12h30.<\/div>\n<\/div>\n<div class=\"x14z9mp xat24cr x1lziwak x1vvkbs xtlvy1s x126k92a\">\n<div dir=\"auto\">Pour vous inscrire, envoyez un SMS au 613-315-2864 ou un courriel \u00e0 stephanieru@seochc.on.ca.<\/div>\n<\/div>\n<div class=\"x14z9mp xat24cr x1lziwak x1vvkbs xtlvy1s x126k92a\">\u00a0<\/div>\t\t\t\t\t\t\t\t<\/div>\n\t\t\t\t<\/div>\n\t\t\t\t\t<\/div>\n\t\t<\/div>\n\t\t\t\t\t<\/div>\n\t\t<\/section>\n\t\t\t\t<\/div>","protected":false},"excerpt":{"rendered":"<p>South-East Ottawa Counselling Service offers up to 12 sessions; our practice uses a strengths-based and trauma-informed approach. Supports are available to individuals, couples &amp; families dealing with Mental Health challenges. Mental health challenges can include people dealing with anxiety, depression or trauma, people experiencing life\u2019s challenges or those facing isolation. Eligibility Criteria Contact us to [&hellip;]<\/p>\n","protected":false},"author":1,"featured_media":5223,"parent":4542,"menu_order":0,"comment_status":"closed","ping_status":"closed","template":"template_program-page_psac.php","meta":{"_monsterinsights_skip_tracking":false,"_monsterinsights_sitenote_active":false,"_monsterinsights_sitenote_note":"","_monsterinsights_sitenote_category":0,"footnotes":"","_links_to":"","_links_to_target":""},"class_list":["post-4552","page","type-page","status-publish","has-post-thumbnail","hentry"],"aioseo_notices":[],"publishpress_future_workflow_manual_trigger":{"enabledWorkflows":[]},"rttpg_featured_image_url":{"full":["https:\/\/www.seochc.on.ca\/wp-content\/uploads\/2022\/03\/counselling-services_featured-image.jpg",1200,630,false],"landscape":["https:\/\/www.seochc.on.ca\/wp-content\/uploads\/2022\/03\/counselling-services_featured-image.jpg",1200,630,false],"portraits":["https:\/\/www.seochc.on.ca\/wp-content\/uploads\/2022\/03\/counselling-services_featured-image.jpg",1200,630,false],"thumbnail":["https:\/\/www.seochc.on.ca\/wp-content\/uploads\/2022\/03\/counselling-services_featured-image-150x150.jpg",150,150,true],"medium":["https:\/\/www.seochc.on.ca\/wp-content\/uploads\/2022\/03\/counselling-services_featured-image-300x158.jpg",300,158,true],"large":["https:\/\/www.seochc.on.ca\/wp-content\/uploads\/2022\/03\/counselling-services_featured-image-1024x538.jpg",1024,538,true],"1536x1536":["https:\/\/www.seochc.on.ca\/wp-content\/uploads\/2022\/03\/counselling-services_featured-image.jpg",1200,630,false],"2048x2048":["https:\/\/www.seochc.on.ca\/wp-content\/uploads\/2022\/03\/counselling-services_featured-image.jpg",1200,630,false],"trp-custom-language-flag":["https:\/\/www.seochc.on.ca\/wp-content\/uploads\/2022\/03\/counselling-services_featured-image.jpg",18,9,false],"rt_custom":["https:\/\/www.seochc.on.ca\/wp-content\/uploads\/2022\/03\/counselling-services_featured-image.jpg",1200,630,false]},"rttpg_author":{"display_name":"mastercontroller","author_link":"https:\/\/www.seochc.on.ca\/fr\/author\/mastercontroller\/"},"rttpg_comment":0,"rttpg_category":null,"rttpg_excerpt":"South-East Ottawa Counselling Service offers up to 12 sessions; our practice uses a strengths-based and trauma-informed approach. Supports are available to individuals, couples &amp; families dealing with Mental Health challenges. Mental health challenges can include people dealing with anxiety, depression or trauma, people experiencing life\u2019s challenges or those facing isolation. Eligibility Criteria Contact us to&hellip;","_links":{"self":[{"href":"https:\/\/www.seochc.on.ca\/fr\/wp-json\/wp\/v2\/pages\/4552","targetHints":{"allow":["GET"]}}],"collection":[{"href":"https:\/\/www.seochc.on.ca\/fr\/wp-json\/wp\/v2\/pages"}],"about":[{"href":"https:\/\/www.seochc.on.ca\/fr\/wp-json\/wp\/v2\/types\/page"}],"author":[{"embeddable":true,"href":"https:\/\/www.seochc.on.ca\/fr\/wp-json\/wp\/v2\/users\/1"}],"replies":[{"embeddable":true,"href":"https:\/\/www.seochc.on.ca\/fr\/wp-json\/wp\/v2\/comments?post=4552"}],"version-history":[{"count":16,"href":"https:\/\/www.seochc.on.ca\/fr\/wp-json\/wp\/v2\/pages\/4552\/revisions"}],"predecessor-version":[{"id":9691,"href":"https:\/\/www.seochc.on.ca\/fr\/wp-json\/wp\/v2\/pages\/4552\/revisions\/9691"}],"up":[{"embeddable":true,"href":"https:\/\/www.seochc.on.ca\/fr\/wp-json\/wp\/v2\/pages\/4542"}],"wp:featuredmedia":[{"embeddable":true,"href":"https:\/\/www.seochc.on.ca\/fr\/wp-json\/wp\/v2\/media\/5223"}],"wp:attachment":[{"href":"https:\/\/www.seochc.on.ca\/fr\/wp-json\/wp\/v2\/media?parent=4552"}],"curies":[{"name":"wp","href":"https:\/\/api.w.org\/{rel}","templated":true}]}}